{"id":6197,"date":"2018-03-25T01:20:42","date_gmt":"2018-03-25T01:20:42","guid":{"rendered":"https:\/\/www.biocabaz.pt\/web\/?post_type=product&#038;p=6197"},"modified":"2022-03-11T11:34:30","modified_gmt":"2022-03-11T11:34:30","slug":"biomit-amendoa-coco","status":"publish","type":"product","link":"https:\/\/biocabaz.pt\/web\/produto\/biomit-amendoa-coco\/","title":{"rendered":"MANTEIGA DE AM\u00caNDOA + COCO BIOMIT 230G"},"content":{"rendered":"<p><strong>Descri\u00e7\u00e3o <\/strong><br \/>\nIngredientes: Am\u00eandoa torrada* 50%, coco seco* 50% (* de origem biol\u00f3gica). Sem organismos geneticamente modificados. Alerg\u00e9nios: Am\u00eandoa. Pode conter vest\u00edgios de amendoim e frutos de casca rija.<\/p>\n<p><strong>Dados Nutricionais<\/strong><br \/>\nDeclara\u00e7\u00e3o Nutricional por 100g:<br \/>\nEnergia: 665 kcal \/ 2782 Kj;<br \/>\nL\u00edpidos totais: 62,3gr;<br \/>\nHidratos de carbono: 9,7gr &#8211; dos quais a\u00e7\u00facares: 4,6gr;<br \/>\nProte\u00ednas: 15,2gr;<br \/>\nFibras: 11,9gr;<br \/>\nSal: 0,04 gr.<\/p>\n<p><strong>Modo Utiliza\u00e7\u00e3o<\/strong><br \/>\nConservar em local fresco, seco e ao abrigo da luz. Poder haver separa\u00e7\u00e3o do \u00f3leo. Mexer antes de servir. Depois de aberto consumir dentro de 45 dias.<\/p>\n","protected":false},"excerpt":{"rendered":"<p><b>Manteiga de am\u00eandoa + coco | Biol\u00f3gico | 230gr | Artesanal | Vegan<\/b><\/p>\n<p>Esta manteiga \u00e9 feita com am\u00eandoa torrada \u00e0 qual adicionamos do\u00e7ura do coco seco.<br \/>\n\u00c9 \u00f3tima para barrar mas tamb\u00e9m para juntar a frutas, batidos e compor receitas. Arrisque!<\/p>\n","protected":false},"featured_media":74193,"comment_status":"closed","ping_status":"closed","template":"","meta":[],"product_cat":[35],"product_tag":[],"class_list":["post-6197","product","type-product","status-publish","has-post-thumbnail","hentry","product_cat-manteigas-cremes-para-barrar"],"bundle_layout":"","bundled_by":[],"bundled_items":[],"yoast_head":"<!-- This site is optimized with the Yoast SEO plugin v26.3 - https:\/\/yoast.com\/wordpress\/plugins\/seo\/ -->\n<title>MANTEIGA DE AM\u00caNDOA + COCO BIOMIT 230G<\/title>\n<meta name=\"robots\" content=\"index, follow, max-snippet:-1, max-image-preview:large, max-video-preview:-1\" \/>\n<link rel=\"canonical\" href=\"https:\/\/biocabaz.pt\/web\/produto\/biomit-amendoa-coco\/\" \/>\n<meta property=\"og:locale\" content=\"pt_PT\" \/>\n<meta property=\"og:locale:alternate\" content=\"en_US\" \/>\n<meta property=\"og:type\" content=\"article\" \/>\n<meta property=\"og:title\" content=\"MANTEIGA DE AM\u00caNDOA + COCO BIOMIT 230G\" \/>\n<meta property=\"og:description\" content=\"Manteiga de am\u00eandoa + coco | Biol\u00f3gico | 230gr | Artesanal | Vegan  Esta manteiga \u00e9 feita com am\u00eandoa torrada \u00e0 qual adicionamos do\u00e7ura do coco seco. \u00c9 \u00f3tima para barrar mas tamb\u00e9m para juntar a frutas, batidos e compor receitas. Arrisque!\" \/>\n<meta property=\"og:url\" content=\"https:\/\/biocabaz.pt\/web\/produto\/biomit-amendoa-coco\/\" \/>\n<meta property=\"og:site_name\" content=\"BIOCABAZ - CABAZES BIOL\u00d3GICOS\" \/>\n<meta property=\"article:modified_time\" content=\"2022-03-11T11:34:30+00:00\" \/>\n<meta property=\"og:image\" content=\"https:\/\/www.biocabaz.pt\/web\/wp-conteudos\/uploads\/2018\/03\/manteiga-de-amendoa-e-coco-biomit.png\" \/>\n\t<meta property=\"og:image:width\" content=\"550\" \/>\n\t<meta property=\"og:image:height\" content=\"550\" \/>\n\t<meta property=\"og:image:type\" content=\"image\/png\" \/>\n<meta name=\"twitter:card\" content=\"summary_large_image\" \/>\n<meta name=\"twitter:label1\" content=\"Est. reading time\" \/>\n\t<meta name=\"twitter:data1\" content=\"1 minuto\" \/>\n<script type=\"application\/ld+json\" class=\"yoast-schema-graph\">{\"@context\":\"https:\/\/schema.org\",\"@graph\":[{\"@type\":\"WebPage\",\"@id\":\"https:\/\/biocabaz.pt\/web\/en\/produto\/biomit-amendoa-coco\/\",\"url\":\"https:\/\/biocabaz.pt\/web\/en\/produto\/biomit-amendoa-coco\/\",\"name\":\"MANTEIGA DE AM\u00caNDOA + COCO BIOMIT 230G\",\"isPartOf\":{\"@id\":\"https:\/\/www.biocabaz.pt\/web\/en\/#website\"},\"primaryImageOfPage\":{\"@id\":\"https:\/\/biocabaz.pt\/web\/en\/produto\/biomit-amendoa-coco\/#primaryimage\"},\"image\":{\"@id\":\"https:\/\/biocabaz.pt\/web\/en\/produto\/biomit-amendoa-coco\/#primaryimage\"},\"thumbnailUrl\":\"https:\/\/www.biocabaz.pt\/web\/wp-conteudos\/uploads\/2018\/03\/manteiga-de-amendoa-e-coco-biomit.png\",\"datePublished\":\"2018-03-25T01:20:42+00:00\",\"dateModified\":\"2022-03-11T11:34:30+00:00\",\"breadcrumb\":{\"@id\":\"https:\/\/biocabaz.pt\/web\/en\/produto\/biomit-amendoa-coco\/#breadcrumb\"},\"inLanguage\":\"pt-PT\",\"potentialAction\":[{\"@type\":\"ReadAction\",\"target\":[\"https:\/\/biocabaz.pt\/web\/en\/produto\/biomit-amendoa-coco\/\"]}]},{\"@type\":\"ImageObject\",\"inLanguage\":\"pt-PT\",\"@id\":\"https:\/\/biocabaz.pt\/web\/en\/produto\/biomit-amendoa-coco\/#primaryimage\",\"url\":\"https:\/\/www.biocabaz.pt\/web\/wp-conteudos\/uploads\/2018\/03\/manteiga-de-amendoa-e-coco-biomit.png\",\"contentUrl\":\"https:\/\/www.biocabaz.pt\/web\/wp-conteudos\/uploads\/2018\/03\/manteiga-de-amendoa-e-coco-biomit.png\",\"width\":550,\"height\":550,\"caption\":\"manteiga-de-amendoa-e-coco-biomit\"},{\"@type\":\"BreadcrumbList\",\"@id\":\"https:\/\/biocabaz.pt\/web\/en\/produto\/biomit-amendoa-coco\/#breadcrumb\",\"itemListElement\":[{\"@type\":\"ListItem\",\"position\":1,\"name\":\"Home\",\"item\":\"https:\/\/www.biocabaz.pt\/web\/en\/\"},{\"@type\":\"ListItem\",\"position\":2,\"name\":\"Shop\",\"item\":\"https:\/\/www.biocabaz.pt\/web\/en\/shop\/\"},{\"@type\":\"ListItem\",\"position\":3,\"name\":\"BIOMIT ALMOND AND COCONUT BUTTER 230GR\"}]},{\"@type\":\"WebSite\",\"@id\":\"https:\/\/www.biocabaz.pt\/web\/en\/#website\",\"url\":\"https:\/\/www.biocabaz.pt\/web\/en\/\",\"name\":\"BIOCABAZ - CABAZES BIOL\u00d3GICOS\",\"description\":\"O melhor que a terra d\u00e1 \u00e9 para si\",\"potentialAction\":[{\"@type\":\"SearchAction\",\"target\":{\"@type\":\"EntryPoint\",\"urlTemplate\":\"https:\/\/www.biocabaz.pt\/web\/en\/?s={search_term_string}\"},\"query-input\":{\"@type\":\"PropertyValueSpecification\",\"valueRequired\":true,\"valueName\":\"search_term_string\"}}],\"inLanguage\":\"pt-PT\"}]}<\/script>\n<!-- \/ Yoast SEO plugin. -->","yoast_head_json":{"title":"MANTEIGA DE AM\u00caNDOA + COCO BIOMIT 230G","robots":{"index":"index","follow":"follow","max-snippet":"max-snippet:-1","max-image-preview":"max-image-preview:large","max-video-preview":"max-video-preview:-1"},"canonical":"https:\/\/biocabaz.pt\/web\/produto\/biomit-amendoa-coco\/","og_locale":"pt_PT","og_type":"article","og_title":"[:en]BIOMIT ALMOND AND COCONUT BUTTER 230GR[:pt]MANTEIGA DE AM\u00caNDOA + COCO BIOMIT 230G[:] - BIOCABAZ - CABAZES BIOL\u00d3GICOS","og_description":"Manteiga de am\u00eandoa + coco | Biol\u00f3gico | 230gr | Artesanal | Vegan  Esta manteiga \u00e9 feita com am\u00eandoa torrada \u00e0 qual adicionamos do\u00e7ura do coco seco. \u00c9 \u00f3tima para barrar mas tamb\u00e9m para juntar a frutas, batidos e compor receitas. Arrisque!","og_url":"https:\/\/biocabaz.pt\/web\/produto\/biomit-amendoa-coco\/","og_site_name":"BIOCABAZ - CABAZES BIOL\u00d3GICOS","article_modified_time":"2022-03-11T11:34:30+00:00","og_image":[{"width":550,"height":550,"url":"https:\/\/www.biocabaz.pt\/web\/wp-conteudos\/uploads\/2018\/03\/manteiga-de-amendoa-e-coco-biomit.png","type":"image\/png"}],"twitter_card":"summary_large_image","twitter_misc":{"Est. reading time":"1 minuto"},"schema":{"@context":"https:\/\/schema.org","@graph":[{"@type":"WebPage","@id":"https:\/\/biocabaz.pt\/web\/en\/produto\/biomit-amendoa-coco\/","url":"https:\/\/biocabaz.pt\/web\/en\/produto\/biomit-amendoa-coco\/","name":"MANTEIGA DE AM\u00caNDOA + COCO BIOMIT 230G","isPartOf":{"@id":"https:\/\/www.biocabaz.pt\/web\/en\/#website"},"primaryImageOfPage":{"@id":"https:\/\/biocabaz.pt\/web\/en\/produto\/biomit-amendoa-coco\/#primaryimage"},"image":{"@id":"https:\/\/biocabaz.pt\/web\/en\/produto\/biomit-amendoa-coco\/#primaryimage"},"thumbnailUrl":"https:\/\/www.biocabaz.pt\/web\/wp-conteudos\/uploads\/2018\/03\/manteiga-de-amendoa-e-coco-biomit.png","datePublished":"2018-03-25T01:20:42+00:00","dateModified":"2022-03-11T11:34:30+00:00","breadcrumb":{"@id":"https:\/\/biocabaz.pt\/web\/en\/produto\/biomit-amendoa-coco\/#breadcrumb"},"inLanguage":"pt-PT","potentialAction":[{"@type":"ReadAction","target":["https:\/\/biocabaz.pt\/web\/en\/produto\/biomit-amendoa-coco\/"]}]},{"@type":"ImageObject","inLanguage":"pt-PT","@id":"https:\/\/biocabaz.pt\/web\/en\/produto\/biomit-amendoa-coco\/#primaryimage","url":"https:\/\/www.biocabaz.pt\/web\/wp-conteudos\/uploads\/2018\/03\/manteiga-de-amendoa-e-coco-biomit.png","contentUrl":"https:\/\/www.biocabaz.pt\/web\/wp-conteudos\/uploads\/2018\/03\/manteiga-de-amendoa-e-coco-biomit.png","width":550,"height":550,"caption":"manteiga-de-amendoa-e-coco-biomit"},{"@type":"BreadcrumbList","@id":"https:\/\/biocabaz.pt\/web\/en\/produto\/biomit-amendoa-coco\/#breadcrumb","itemListElement":[{"@type":"ListItem","position":1,"name":"Home","item":"https:\/\/www.biocabaz.pt\/web\/en\/"},{"@type":"ListItem","position":2,"name":"Shop","item":"https:\/\/www.biocabaz.pt\/web\/en\/shop\/"},{"@type":"ListItem","position":3,"name":"BIOMIT ALMOND AND COCONUT BUTTER 230GR"}]},{"@type":"WebSite","@id":"https:\/\/www.biocabaz.pt\/web\/en\/#website","url":"https:\/\/www.biocabaz.pt\/web\/en\/","name":"BIOCABAZ - CABAZES BIOL\u00d3GICOS","description":"O melhor que a terra d\u00e1 \u00e9 para si","potentialAction":[{"@type":"SearchAction","target":{"@type":"EntryPoint","urlTemplate":"https:\/\/www.biocabaz.pt\/web\/en\/?s={search_term_string}"},"query-input":{"@type":"PropertyValueSpecification","valueRequired":true,"valueName":"search_term_string"}}],"inLanguage":"pt-PT"}]}},"_links":{"self":[{"href":"https:\/\/biocabaz.pt\/web\/wp-json\/wp\/v2\/product\/6197","targetHints":{"allow":["GET"]}}],"collection":[{"href":"https:\/\/biocabaz.pt\/web\/wp-json\/wp\/v2\/product"}],"about":[{"href":"https:\/\/biocabaz.pt\/web\/wp-json\/wp\/v2\/types\/product"}],"replies":[{"embeddable":true,"href":"https:\/\/biocabaz.pt\/web\/wp-json\/wp\/v2\/comments?post=6197"}],"wp:featuredmedia":[{"embeddable":true,"href":"https:\/\/biocabaz.pt\/web\/wp-json\/wp\/v2\/media\/74193"}],"wp:attachment":[{"href":"https:\/\/biocabaz.pt\/web\/wp-json\/wp\/v2\/media?parent=6197"}],"wp:term":[{"taxonomy":"product_cat","embeddable":true,"href":"https:\/\/biocabaz.pt\/web\/wp-json\/wp\/v2\/product_cat?post=6197"},{"taxonomy":"product_tag","embeddable":true,"href":"https:\/\/biocabaz.pt\/web\/wp-json\/wp\/v2\/product_tag?post=6197"}],"curies":[{"name":"wp","href":"https:\/\/api.w.org\/{rel}","templated":true}]}}