{"id":6193,"date":"2018-03-25T01:13:08","date_gmt":"2018-03-25T01:13:08","guid":{"rendered":"https:\/\/www.biocabaz.pt\/web\/?post_type=product&#038;p=6193"},"modified":"2022-10-03T11:32:34","modified_gmt":"2022-10-03T11:32:34","slug":"biomit-amendoa","status":"publish","type":"product","link":"https:\/\/biocabaz.pt\/web\/produto\/biomit-amendoa\/","title":{"rendered":"MANTEIGA DE AM\u00caNDOA BIOMIT 230G"},"content":{"rendered":"<p><strong>Descri\u00e7\u00e3o <\/strong><br \/>\nIngredientes: Am\u00eandoa torrada* 100% (* de origem biol\u00f3gica). Sem organismos geneticamente modificados. Alerg\u00e9nios: Am\u00eandoa. Pode conter vest\u00edgios de amendoim e frutos de casca rija.<\/p>\n<p><strong>Dados Nutricionais<\/strong><br \/>\nDeclara\u00e7\u00e3o Nutricional por 100g:<br \/>\nEnergia: 673 kcal\/2816 kj;<br \/>\nL\u00edpidos totais: 60,2gr;<br \/>\nHidratos de carbono: 12,1gr &#8211; dos quais a\u00e7\u00facares: 1,9gr;<br \/>\nProte\u00ednas: 23,6gr;<br \/>\nFibras: 7,6gr;<br \/>\nSal: 0,007gr.<\/p>\n<p><strong>Modo Utiliza\u00e7\u00e3o<\/strong><br \/>\nConservar em local fresco, seco e ao abrigo da luz. Poder haver separa\u00e7\u00e3o do \u00f3leo. Mexer antes de servir. Depois de aberto consumir dentro de 45 dias.<\/p>\n","protected":false},"excerpt":{"rendered":"<p><b>Manteiga de am\u00eandoa | Biol\u00f3gico | 230gr | Artesanal | Vegan | Sem Gl\u00faten<\/b><\/p>\n<p>Esta manteiga \u00e9 composta apenas por am\u00eandoa torrada. Simplesmente deliciosa!<\/p>\n","protected":false},"featured_media":74195,"comment_status":"closed","ping_status":"closed","template":"","meta":[],"product_cat":[35],"product_tag":[],"class_list":["post-6193","product","type-product","status-publish","has-post-thumbnail","hentry","product_cat-manteigas-cremes-para-barrar"],"bundle_layout":"","bundled_by":[],"bundled_items":[],"yoast_head":"<!-- This site is optimized with the Yoast SEO plugin v26.3 - https:\/\/yoast.com\/wordpress\/plugins\/seo\/ -->\n<title>MANTEIGA DE AM\u00caNDOA BIOMIT 230G<\/title>\n<meta name=\"robots\" content=\"index, follow, max-snippet:-1, max-image-preview:large, max-video-preview:-1\" \/>\n<link rel=\"canonical\" href=\"https:\/\/biocabaz.pt\/web\/produto\/biomit-amendoa\/\" \/>\n<meta property=\"og:locale\" content=\"pt_PT\" \/>\n<meta property=\"og:locale:alternate\" content=\"en_US\" \/>\n<meta property=\"og:type\" content=\"article\" \/>\n<meta property=\"og:title\" content=\"MANTEIGA DE AM\u00caNDOA BIOMIT 230G\" \/>\n<meta property=\"og:description\" content=\"Manteiga de am\u00eandoa | Biol\u00f3gico | 230gr | Artesanal | Vegan | Sem Gl\u00faten  Esta manteiga \u00e9 composta apenas por am\u00eandoa torrada. Simplesmente deliciosa!\" \/>\n<meta property=\"og:url\" content=\"https:\/\/biocabaz.pt\/web\/produto\/biomit-amendoa\/\" \/>\n<meta property=\"og:site_name\" content=\"BIOCABAZ - CABAZES BIOL\u00d3GICOS\" \/>\n<meta property=\"article:modified_time\" content=\"2022-10-03T11:32:34+00:00\" \/>\n<meta property=\"og:image\" content=\"https:\/\/www.biocabaz.pt\/web\/wp-conteudos\/uploads\/2018\/03\/manteiga-de-amendoa-biomit.png\" \/>\n\t<meta property=\"og:image:width\" content=\"550\" \/>\n\t<meta property=\"og:image:height\" content=\"550\" \/>\n\t<meta property=\"og:image:type\" content=\"image\/png\" \/>\n<meta name=\"twitter:card\" content=\"summary_large_image\" \/>\n<meta name=\"twitter:label1\" content=\"Est. reading time\" \/>\n\t<meta name=\"twitter:data1\" content=\"1 minuto\" \/>\n<script type=\"application\/ld+json\" class=\"yoast-schema-graph\">{\"@context\":\"https:\/\/schema.org\",\"@graph\":[{\"@type\":\"WebPage\",\"@id\":\"https:\/\/biocabaz.pt\/web\/en\/produto\/biomit-amendoa\/\",\"url\":\"https:\/\/biocabaz.pt\/web\/en\/produto\/biomit-amendoa\/\",\"name\":\"MANTEIGA DE AM\u00caNDOA BIOMIT 230G\",\"isPartOf\":{\"@id\":\"https:\/\/www.biocabaz.pt\/web\/en\/#website\"},\"primaryImageOfPage\":{\"@id\":\"https:\/\/biocabaz.pt\/web\/en\/produto\/biomit-amendoa\/#primaryimage\"},\"image\":{\"@id\":\"https:\/\/biocabaz.pt\/web\/en\/produto\/biomit-amendoa\/#primaryimage\"},\"thumbnailUrl\":\"https:\/\/www.biocabaz.pt\/web\/wp-conteudos\/uploads\/2018\/03\/manteiga-de-amendoa-biomit.png\",\"datePublished\":\"2018-03-25T01:13:08+00:00\",\"dateModified\":\"2022-10-03T11:32:34+00:00\",\"breadcrumb\":{\"@id\":\"https:\/\/biocabaz.pt\/web\/en\/produto\/biomit-amendoa\/#breadcrumb\"},\"inLanguage\":\"pt-PT\",\"potentialAction\":[{\"@type\":\"ReadAction\",\"target\":[\"https:\/\/biocabaz.pt\/web\/en\/produto\/biomit-amendoa\/\"]}]},{\"@type\":\"ImageObject\",\"inLanguage\":\"pt-PT\",\"@id\":\"https:\/\/biocabaz.pt\/web\/en\/produto\/biomit-amendoa\/#primaryimage\",\"url\":\"https:\/\/www.biocabaz.pt\/web\/wp-conteudos\/uploads\/2018\/03\/manteiga-de-amendoa-biomit.png\",\"contentUrl\":\"https:\/\/www.biocabaz.pt\/web\/wp-conteudos\/uploads\/2018\/03\/manteiga-de-amendoa-biomit.png\",\"width\":550,\"height\":550,\"caption\":\"manteiga-de-amendoa-biomit\"},{\"@type\":\"BreadcrumbList\",\"@id\":\"https:\/\/biocabaz.pt\/web\/en\/produto\/biomit-amendoa\/#breadcrumb\",\"itemListElement\":[{\"@type\":\"ListItem\",\"position\":1,\"name\":\"Home\",\"item\":\"https:\/\/www.biocabaz.pt\/web\/en\/\"},{\"@type\":\"ListItem\",\"position\":2,\"name\":\"Shop\",\"item\":\"https:\/\/www.biocabaz.pt\/web\/en\/shop\/\"},{\"@type\":\"ListItem\",\"position\":3,\"name\":\"BIOMIT ALMOND BUTTER 230GR\"}]},{\"@type\":\"WebSite\",\"@id\":\"https:\/\/www.biocabaz.pt\/web\/en\/#website\",\"url\":\"https:\/\/www.biocabaz.pt\/web\/en\/\",\"name\":\"BIOCABAZ - CABAZES BIOL\u00d3GICOS\",\"description\":\"O melhor que a terra d\u00e1 \u00e9 para si\",\"potentialAction\":[{\"@type\":\"SearchAction\",\"target\":{\"@type\":\"EntryPoint\",\"urlTemplate\":\"https:\/\/www.biocabaz.pt\/web\/en\/?s={search_term_string}\"},\"query-input\":{\"@type\":\"PropertyValueSpecification\",\"valueRequired\":true,\"valueName\":\"search_term_string\"}}],\"inLanguage\":\"pt-PT\"}]}<\/script>\n<!-- \/ Yoast SEO plugin. -->","yoast_head_json":{"title":"MANTEIGA DE AM\u00caNDOA BIOMIT 230G","robots":{"index":"index","follow":"follow","max-snippet":"max-snippet:-1","max-image-preview":"max-image-preview:large","max-video-preview":"max-video-preview:-1"},"canonical":"https:\/\/biocabaz.pt\/web\/produto\/biomit-amendoa\/","og_locale":"pt_PT","og_type":"article","og_title":"[:en]BIOMIT ALMOND BUTTER 230GR[:pt]MANTEIGA DE AM\u00caNDOA BIOMIT 230G[:] - BIOCABAZ - CABAZES BIOL\u00d3GICOS","og_description":"Manteiga de am\u00eandoa | Biol\u00f3gico | 230gr | Artesanal | Vegan | Sem Gl\u00faten  Esta manteiga \u00e9 composta apenas por am\u00eandoa torrada. Simplesmente deliciosa!","og_url":"https:\/\/biocabaz.pt\/web\/produto\/biomit-amendoa\/","og_site_name":"BIOCABAZ - CABAZES BIOL\u00d3GICOS","article_modified_time":"2022-10-03T11:32:34+00:00","og_image":[{"width":550,"height":550,"url":"https:\/\/www.biocabaz.pt\/web\/wp-conteudos\/uploads\/2018\/03\/manteiga-de-amendoa-biomit.png","type":"image\/png"}],"twitter_card":"summary_large_image","twitter_misc":{"Est. reading time":"1 minuto"},"schema":{"@context":"https:\/\/schema.org","@graph":[{"@type":"WebPage","@id":"https:\/\/biocabaz.pt\/web\/en\/produto\/biomit-amendoa\/","url":"https:\/\/biocabaz.pt\/web\/en\/produto\/biomit-amendoa\/","name":"MANTEIGA DE AM\u00caNDOA BIOMIT 230G","isPartOf":{"@id":"https:\/\/www.biocabaz.pt\/web\/en\/#website"},"primaryImageOfPage":{"@id":"https:\/\/biocabaz.pt\/web\/en\/produto\/biomit-amendoa\/#primaryimage"},"image":{"@id":"https:\/\/biocabaz.pt\/web\/en\/produto\/biomit-amendoa\/#primaryimage"},"thumbnailUrl":"https:\/\/www.biocabaz.pt\/web\/wp-conteudos\/uploads\/2018\/03\/manteiga-de-amendoa-biomit.png","datePublished":"2018-03-25T01:13:08+00:00","dateModified":"2022-10-03T11:32:34+00:00","breadcrumb":{"@id":"https:\/\/biocabaz.pt\/web\/en\/produto\/biomit-amendoa\/#breadcrumb"},"inLanguage":"pt-PT","potentialAction":[{"@type":"ReadAction","target":["https:\/\/biocabaz.pt\/web\/en\/produto\/biomit-amendoa\/"]}]},{"@type":"ImageObject","inLanguage":"pt-PT","@id":"https:\/\/biocabaz.pt\/web\/en\/produto\/biomit-amendoa\/#primaryimage","url":"https:\/\/www.biocabaz.pt\/web\/wp-conteudos\/uploads\/2018\/03\/manteiga-de-amendoa-biomit.png","contentUrl":"https:\/\/www.biocabaz.pt\/web\/wp-conteudos\/uploads\/2018\/03\/manteiga-de-amendoa-biomit.png","width":550,"height":550,"caption":"manteiga-de-amendoa-biomit"},{"@type":"BreadcrumbList","@id":"https:\/\/biocabaz.pt\/web\/en\/produto\/biomit-amendoa\/#breadcrumb","itemListElement":[{"@type":"ListItem","position":1,"name":"Home","item":"https:\/\/www.biocabaz.pt\/web\/en\/"},{"@type":"ListItem","position":2,"name":"Shop","item":"https:\/\/www.biocabaz.pt\/web\/en\/shop\/"},{"@type":"ListItem","position":3,"name":"BIOMIT ALMOND BUTTER 230GR"}]},{"@type":"WebSite","@id":"https:\/\/www.biocabaz.pt\/web\/en\/#website","url":"https:\/\/www.biocabaz.pt\/web\/en\/","name":"BIOCABAZ - CABAZES BIOL\u00d3GICOS","description":"O melhor que a terra d\u00e1 \u00e9 para si","potentialAction":[{"@type":"SearchAction","target":{"@type":"EntryPoint","urlTemplate":"https:\/\/www.biocabaz.pt\/web\/en\/?s={search_term_string}"},"query-input":{"@type":"PropertyValueSpecification","valueRequired":true,"valueName":"search_term_string"}}],"inLanguage":"pt-PT"}]}},"_links":{"self":[{"href":"https:\/\/biocabaz.pt\/web\/wp-json\/wp\/v2\/product\/6193","targetHints":{"allow":["GET"]}}],"collection":[{"href":"https:\/\/biocabaz.pt\/web\/wp-json\/wp\/v2\/product"}],"about":[{"href":"https:\/\/biocabaz.pt\/web\/wp-json\/wp\/v2\/types\/product"}],"replies":[{"embeddable":true,"href":"https:\/\/biocabaz.pt\/web\/wp-json\/wp\/v2\/comments?post=6193"}],"wp:featuredmedia":[{"embeddable":true,"href":"https:\/\/biocabaz.pt\/web\/wp-json\/wp\/v2\/media\/74195"}],"wp:attachment":[{"href":"https:\/\/biocabaz.pt\/web\/wp-json\/wp\/v2\/media?parent=6193"}],"wp:term":[{"taxonomy":"product_cat","embeddable":true,"href":"https:\/\/biocabaz.pt\/web\/wp-json\/wp\/v2\/product_cat?post=6193"},{"taxonomy":"product_tag","embeddable":true,"href":"https:\/\/biocabaz.pt\/web\/wp-json\/wp\/v2\/product_tag?post=6193"}],"curies":[{"name":"wp","href":"https:\/\/api.w.org\/{rel}","templated":true}]}}