{"id":6181,"date":"2018-03-23T23:29:10","date_gmt":"2018-03-23T23:29:10","guid":{"rendered":"https:\/\/www.biocabaz.pt\/web\/?post_type=product&#038;p=6181"},"modified":"2022-01-13T22:47:00","modified_gmt":"2022-01-13T22:47:00","slug":"granola-original-bio","status":"publish","type":"product","link":"https:\/\/biocabaz.pt\/web\/produto\/granola-original-bio\/","title":{"rendered":"GRANOLA ORIGINAL EATTITUDE BIO 450G"},"content":{"rendered":"<p><strong>Descri\u00e7\u00e3o <\/strong><br \/>\n\t\t\t\tIngredientes: Aveia sem gl\u00faten* 58%, Mel*, Sementes* (linha\u00e7a*, s\u00e9samo*, girassol, ab\u00f3bora e chia), frutos secos* 9% (avel\u00e3s*, nozes*, am\u00eandoas*), \u00f3leo de coco neutro*, canela* 0,8%, Gengibre* 0,4%. * de agricultura biol\u00f3gica. Pode conter vest\u00edgios de amendoim. Alerg\u00e9nios: Cont\u00e9m sementes de s\u00e9samo e noz, pode conter vest\u00edgios de soja, sulfitos, frutos de casca rija ou leite.<\/p>\n<p><strong>Dados Nutricionais<\/strong><br \/>\n\t\t\t\tDeclara\u00e7\u00e3o Nutricional por 100g:<br \/> Energia: 1892,2 kJ \/ 452 kcal;<br \/> L\u00edpidos: 49,6g &#8211; dos quais saturados: 4,4g;<br \/> Hidratos de carbono: 53,2g &#8211; dos quais a\u00e7\u00facares: 11,3g;<br \/> Fibra: 8,6g;<br \/> Prote\u00ednas: 11,4g;<br \/> Sal: 0,02g.<\/p>\n<p><strong>Modo Utiliza\u00e7\u00e3o<\/strong><br \/>Consumir com iogurte, leite ou diretamente da embalagem. Juntar fruta fresca e uma boa dose de imagina\u00e7\u00e3o. Consumir com iogurte, leite ou diretamente da embalagem. Juntar fruta fresca e uma boa dose de imagina\u00e7\u00e3o.<\/p>\n","protected":false},"excerpt":{"rendered":"<p>Granola de Frutos secos<\/p>\n<p>Consumir com iogurte, leite, bebidas vegetais ou ao natural. Juntar fruta fresca e uma boa dose de imagina\u00e7\u00e3o.<\/p>\n<p>Conservar em local fresco, seco e ao abrigo da luz solar.<\/p>\n","protected":false},"featured_media":6182,"comment_status":"closed","ping_status":"closed","template":"","meta":[],"product_cat":[54],"product_tag":[],"class_list":["post-6181","product","type-product","status-publish","has-post-thumbnail","hentry","product_cat-alimentos-sem-gluten"],"bundle_layout":"","bundled_by":[],"bundled_items":[],"yoast_head":"<!-- This site is optimized with the Yoast SEO plugin v26.3 - https:\/\/yoast.com\/wordpress\/plugins\/seo\/ -->\n<title>GRANOLA ORIGINAL EATTITUDE BIO 450G<\/title>\n<meta name=\"robots\" content=\"index, follow, max-snippet:-1, max-image-preview:large, max-video-preview:-1\" \/>\n<link rel=\"canonical\" href=\"https:\/\/biocabaz.pt\/web\/produto\/granola-original-bio\/\" \/>\n<meta property=\"og:locale\" content=\"pt_PT\" \/>\n<meta property=\"og:locale:alternate\" content=\"en_US\" \/>\n<meta property=\"og:type\" content=\"article\" \/>\n<meta property=\"og:title\" content=\"GRANOLA ORIGINAL EATTITUDE BIO 450G\" \/>\n<meta property=\"og:description\" content=\"Granola de Frutos secos  Consumir com iogurte, leite, bebidas vegetais ou ao natural. Juntar fruta fresca e uma boa dose de imagina\u00e7\u00e3o.  Conservar em local fresco, seco e ao abrigo da luz solar.\" \/>\n<meta property=\"og:url\" content=\"https:\/\/biocabaz.pt\/web\/produto\/granola-original-bio\/\" \/>\n<meta property=\"og:site_name\" content=\"BIOCABAZ - CABAZES BIOL\u00d3GICOS\" \/>\n<meta property=\"article:modified_time\" content=\"2022-01-13T22:47:00+00:00\" \/>\n<meta property=\"og:image\" content=\"https:\/\/www.biocabaz.pt\/web\/wp-conteudos\/uploads\/2018\/03\/granola_original.jpg\" \/>\n\t<meta property=\"og:image:width\" content=\"240\" \/>\n\t<meta property=\"og:image:height\" content=\"456\" \/>\n\t<meta property=\"og:image:type\" content=\"image\/jpeg\" \/>\n<meta name=\"twitter:card\" content=\"summary_large_image\" \/>\n<meta name=\"twitter:label1\" content=\"Est. reading time\" \/>\n\t<meta name=\"twitter:data1\" content=\"1 minuto\" \/>\n<script type=\"application\/ld+json\" class=\"yoast-schema-graph\">{\"@context\":\"https:\/\/schema.org\",\"@graph\":[{\"@type\":\"WebPage\",\"@id\":\"https:\/\/biocabaz.pt\/web\/produto\/granola-original-bio\/\",\"url\":\"https:\/\/biocabaz.pt\/web\/produto\/granola-original-bio\/\",\"name\":\"GRANOLA ORIGINAL EATTITUDE BIO 450G\",\"isPartOf\":{\"@id\":\"https:\/\/biocabaz.pt\/web\/#website\"},\"primaryImageOfPage\":{\"@id\":\"https:\/\/biocabaz.pt\/web\/produto\/granola-original-bio\/#primaryimage\"},\"image\":{\"@id\":\"https:\/\/biocabaz.pt\/web\/produto\/granola-original-bio\/#primaryimage\"},\"thumbnailUrl\":\"https:\/\/www.biocabaz.pt\/web\/wp-conteudos\/uploads\/2018\/03\/granola_original.jpg\",\"datePublished\":\"2018-03-23T23:29:10+00:00\",\"dateModified\":\"2022-01-13T22:47:00+00:00\",\"breadcrumb\":{\"@id\":\"https:\/\/biocabaz.pt\/web\/produto\/granola-original-bio\/#breadcrumb\"},\"inLanguage\":\"pt-PT\",\"potentialAction\":[{\"@type\":\"ReadAction\",\"target\":[\"https:\/\/biocabaz.pt\/web\/produto\/granola-original-bio\/\"]}]},{\"@type\":\"ImageObject\",\"inLanguage\":\"pt-PT\",\"@id\":\"https:\/\/biocabaz.pt\/web\/produto\/granola-original-bio\/#primaryimage\",\"url\":\"https:\/\/www.biocabaz.pt\/web\/wp-conteudos\/uploads\/2018\/03\/granola_original.jpg\",\"contentUrl\":\"https:\/\/www.biocabaz.pt\/web\/wp-conteudos\/uploads\/2018\/03\/granola_original.jpg\",\"width\":240,\"height\":456,\"caption\":\"granola original bio\"},{\"@type\":\"BreadcrumbList\",\"@id\":\"https:\/\/biocabaz.pt\/web\/produto\/granola-original-bio\/#breadcrumb\",\"itemListElement\":[{\"@type\":\"ListItem\",\"position\":1,\"name\":\"Home\",\"item\":\"https:\/\/biocabaz.pt\/web\/\"},{\"@type\":\"ListItem\",\"position\":2,\"name\":\"Shop\",\"item\":\"https:\/\/biocabaz.pt\/web\/en\/shop\/\"},{\"@type\":\"ListItem\",\"position\":3,\"name\":\"GRANOLA ORIGINAL EATTITUDE BIO 450G\"}]},{\"@type\":\"WebSite\",\"@id\":\"https:\/\/biocabaz.pt\/web\/#website\",\"url\":\"https:\/\/biocabaz.pt\/web\/\",\"name\":\"BIOCABAZ - CABAZES BIOL\u00d3GICOS\",\"description\":\"O melhor que a terra d\u00e1 \u00e9 para si\",\"potentialAction\":[{\"@type\":\"SearchAction\",\"target\":{\"@type\":\"EntryPoint\",\"urlTemplate\":\"https:\/\/biocabaz.pt\/web\/?s={search_term_string}\"},\"query-input\":{\"@type\":\"PropertyValueSpecification\",\"valueRequired\":true,\"valueName\":\"search_term_string\"}}],\"inLanguage\":\"pt-PT\"}]}<\/script>\n<!-- \/ Yoast SEO plugin. -->","yoast_head_json":{"title":"GRANOLA ORIGINAL EATTITUDE BIO 450G","robots":{"index":"index","follow":"follow","max-snippet":"max-snippet:-1","max-image-preview":"max-image-preview:large","max-video-preview":"max-video-preview:-1"},"canonical":"https:\/\/biocabaz.pt\/web\/produto\/granola-original-bio\/","og_locale":"pt_PT","og_type":"article","og_title":"[:en]EATTITUDE ORGANIC GRANOLA \u0093ORIGINAL\u0094 450GR[:pt]GRANOLA ORIGINAL EATTITUDE BIO 450G[:] - BIOCABAZ - CABAZES BIOL\u00d3GICOS","og_description":"Granola de Frutos secos  Consumir com iogurte, leite, bebidas vegetais ou ao natural. Juntar fruta fresca e uma boa dose de imagina\u00e7\u00e3o.  Conservar em local fresco, seco e ao abrigo da luz solar.","og_url":"https:\/\/biocabaz.pt\/web\/produto\/granola-original-bio\/","og_site_name":"BIOCABAZ - CABAZES BIOL\u00d3GICOS","article_modified_time":"2022-01-13T22:47:00+00:00","og_image":[{"width":240,"height":456,"url":"https:\/\/www.biocabaz.pt\/web\/wp-conteudos\/uploads\/2018\/03\/granola_original.jpg","type":"image\/jpeg"}],"twitter_card":"summary_large_image","twitter_misc":{"Est. reading time":"1 minuto"},"schema":{"@context":"https:\/\/schema.org","@graph":[{"@type":"WebPage","@id":"https:\/\/biocabaz.pt\/web\/produto\/granola-original-bio\/","url":"https:\/\/biocabaz.pt\/web\/produto\/granola-original-bio\/","name":"GRANOLA ORIGINAL EATTITUDE BIO 450G","isPartOf":{"@id":"https:\/\/biocabaz.pt\/web\/#website"},"primaryImageOfPage":{"@id":"https:\/\/biocabaz.pt\/web\/produto\/granola-original-bio\/#primaryimage"},"image":{"@id":"https:\/\/biocabaz.pt\/web\/produto\/granola-original-bio\/#primaryimage"},"thumbnailUrl":"https:\/\/www.biocabaz.pt\/web\/wp-conteudos\/uploads\/2018\/03\/granola_original.jpg","datePublished":"2018-03-23T23:29:10+00:00","dateModified":"2022-01-13T22:47:00+00:00","breadcrumb":{"@id":"https:\/\/biocabaz.pt\/web\/produto\/granola-original-bio\/#breadcrumb"},"inLanguage":"pt-PT","potentialAction":[{"@type":"ReadAction","target":["https:\/\/biocabaz.pt\/web\/produto\/granola-original-bio\/"]}]},{"@type":"ImageObject","inLanguage":"pt-PT","@id":"https:\/\/biocabaz.pt\/web\/produto\/granola-original-bio\/#primaryimage","url":"https:\/\/www.biocabaz.pt\/web\/wp-conteudos\/uploads\/2018\/03\/granola_original.jpg","contentUrl":"https:\/\/www.biocabaz.pt\/web\/wp-conteudos\/uploads\/2018\/03\/granola_original.jpg","width":240,"height":456,"caption":"granola original bio"},{"@type":"BreadcrumbList","@id":"https:\/\/biocabaz.pt\/web\/produto\/granola-original-bio\/#breadcrumb","itemListElement":[{"@type":"ListItem","position":1,"name":"Home","item":"https:\/\/biocabaz.pt\/web\/"},{"@type":"ListItem","position":2,"name":"Shop","item":"https:\/\/biocabaz.pt\/web\/en\/shop\/"},{"@type":"ListItem","position":3,"name":"GRANOLA ORIGINAL EATTITUDE BIO 450G"}]},{"@type":"WebSite","@id":"https:\/\/biocabaz.pt\/web\/#website","url":"https:\/\/biocabaz.pt\/web\/","name":"BIOCABAZ - CABAZES BIOL\u00d3GICOS","description":"O melhor que a terra d\u00e1 \u00e9 para si","potentialAction":[{"@type":"SearchAction","target":{"@type":"EntryPoint","urlTemplate":"https:\/\/biocabaz.pt\/web\/?s={search_term_string}"},"query-input":{"@type":"PropertyValueSpecification","valueRequired":true,"valueName":"search_term_string"}}],"inLanguage":"pt-PT"}]}},"_links":{"self":[{"href":"https:\/\/biocabaz.pt\/web\/wp-json\/wp\/v2\/product\/6181","targetHints":{"allow":["GET"]}}],"collection":[{"href":"https:\/\/biocabaz.pt\/web\/wp-json\/wp\/v2\/product"}],"about":[{"href":"https:\/\/biocabaz.pt\/web\/wp-json\/wp\/v2\/types\/product"}],"replies":[{"embeddable":true,"href":"https:\/\/biocabaz.pt\/web\/wp-json\/wp\/v2\/comments?post=6181"}],"wp:featuredmedia":[{"embeddable":true,"href":"https:\/\/biocabaz.pt\/web\/wp-json\/wp\/v2\/media\/6182"}],"wp:attachment":[{"href":"https:\/\/biocabaz.pt\/web\/wp-json\/wp\/v2\/media?parent=6181"}],"wp:term":[{"taxonomy":"product_cat","embeddable":true,"href":"https:\/\/biocabaz.pt\/web\/wp-json\/wp\/v2\/product_cat?post=6181"},{"taxonomy":"product_tag","embeddable":true,"href":"https:\/\/biocabaz.pt\/web\/wp-json\/wp\/v2\/product_tag?post=6181"}],"curies":[{"name":"wp","href":"https:\/\/api.w.org\/{rel}","templated":true}]}}