{"id":61779,"date":"2021-01-31T12:41:49","date_gmt":"2021-01-31T12:41:49","guid":{"rendered":"https:\/\/www.biocabaz.pt\/web\/?post_type=product&#038;p=61779"},"modified":"2021-02-06T08:35:07","modified_gmt":"2021-02-06T08:35:07","slug":"lombo-de-porco-fatiado-bio-nacional-250g-2","status":"publish","type":"product","link":"https:\/\/biocabaz.pt\/web\/produto\/lombo-de-porco-fatiado-bio-nacional-250g-2\/","title":{"rendered":"ROJ\u00d5ES BIO NACIONAL 250G"},"content":{"rendered":"<p>Origem Portugal<\/p>\n","protected":false},"excerpt":{"rendered":"<p>Origem Portugal<\/p>\n","protected":false},"featured_media":61780,"comment_status":"closed","ping_status":"closed","template":"","meta":[],"product_cat":[14],"product_tag":[],"class_list":["post-61779","product","type-product","status-publish","has-post-thumbnail","hentry","product_cat-talho-biologico"],"bundle_layout":"","bundled_by":[],"bundled_items":[],"yoast_head":"<!-- This site is optimized with the Yoast SEO plugin v26.3 - https:\/\/yoast.com\/wordpress\/plugins\/seo\/ -->\n<title>ROJ\u00d5ES BIO NACIONAL 250G<\/title>\n<meta name=\"description\" content=\"ROJ\u00d5ES BIO NACIONAL 250G\" \/>\n<meta name=\"robots\" content=\"index, follow, max-snippet:-1, max-image-preview:large, max-video-preview:-1\" \/>\n<link rel=\"canonical\" href=\"https:\/\/www.biocabaz.pt\/web\/en\/produto\/lombo-de-porco-fatiado-bio-nacional-250g-2\/\" \/>\n<meta property=\"og:locale\" content=\"pt_PT\" \/>\n<meta property=\"og:locale:alternate\" content=\"en_US\" \/>\n<meta property=\"og:type\" content=\"article\" \/>\n<meta property=\"og:title\" content=\"ROJ\u00d5ES BIO NACIONAL 250G\" \/>\n<meta property=\"og:description\" content=\"ROJ\u00d5ES BIO NACIONAL 250G\" \/>\n<meta property=\"og:url\" content=\"https:\/\/biocabaz.pt\/web\/produto\/lombo-de-porco-fatiado-bio-nacional-250g-2\/\" \/>\n<meta property=\"og:site_name\" content=\"BIOCABAZ - CABAZES BIOL\u00d3GICOS\" \/>\n<meta property=\"article:modified_time\" content=\"2021-02-06T08:35:07+00:00\" \/>\n<meta property=\"og:image\" content=\"https:\/\/www.biocabaz.pt\/web\/wp-conteudos\/uploads\/2021\/01\/rojoes-de-porco-bio.jpg\" \/>\n\t<meta property=\"og:image:width\" content=\"600\" \/>\n\t<meta property=\"og:image:height\" content=\"600\" \/>\n\t<meta property=\"og:image:type\" content=\"image\/jpeg\" \/>\n<meta name=\"twitter:card\" content=\"summary_large_image\" \/>\n<script type=\"application\/ld+json\" class=\"yoast-schema-graph\">{\"@context\":\"https:\/\/schema.org\",\"@graph\":[{\"@type\":\"WebPage\",\"@id\":\"https:\/\/www.biocabaz.pt\/web\/en\/produto\/lombo-de-porco-fatiado-bio-nacional-250g-2\/\",\"url\":\"https:\/\/www.biocabaz.pt\/web\/en\/produto\/lombo-de-porco-fatiado-bio-nacional-250g-2\/\",\"name\":\"ROJ\u00d5ES BIO NACIONAL 250G\",\"isPartOf\":{\"@id\":\"https:\/\/www.biocabaz.pt\/web\/en\/#website\"},\"primaryImageOfPage\":{\"@id\":\"https:\/\/www.biocabaz.pt\/web\/en\/produto\/lombo-de-porco-fatiado-bio-nacional-250g-2\/#primaryimage\"},\"image\":{\"@id\":\"https:\/\/www.biocabaz.pt\/web\/en\/produto\/lombo-de-porco-fatiado-bio-nacional-250g-2\/#primaryimage\"},\"thumbnailUrl\":\"https:\/\/www.biocabaz.pt\/web\/wp-conteudos\/uploads\/2021\/01\/rojoes-de-porco-bio.jpg\",\"datePublished\":\"2021-01-31T12:41:49+00:00\",\"dateModified\":\"2021-02-06T08:35:07+00:00\",\"description\":\"ROJ\u00d5ES BIO NACIONAL 250G\",\"breadcrumb\":{\"@id\":\"https:\/\/www.biocabaz.pt\/web\/en\/produto\/lombo-de-porco-fatiado-bio-nacional-250g-2\/#breadcrumb\"},\"inLanguage\":\"pt-PT\",\"potentialAction\":[{\"@type\":\"ReadAction\",\"target\":[\"https:\/\/www.biocabaz.pt\/web\/en\/produto\/lombo-de-porco-fatiado-bio-nacional-250g-2\/\"]}]},{\"@type\":\"ImageObject\",\"inLanguage\":\"pt-PT\",\"@id\":\"https:\/\/www.biocabaz.pt\/web\/en\/produto\/lombo-de-porco-fatiado-bio-nacional-250g-2\/#primaryimage\",\"url\":\"https:\/\/www.biocabaz.pt\/web\/wp-conteudos\/uploads\/2021\/01\/rojoes-de-porco-bio.jpg\",\"contentUrl\":\"https:\/\/www.biocabaz.pt\/web\/wp-conteudos\/uploads\/2021\/01\/rojoes-de-porco-bio.jpg\",\"width\":600,\"height\":600,\"caption\":\"ROJ\u00d5ES BIO NACIONAL 250G\"},{\"@type\":\"BreadcrumbList\",\"@id\":\"https:\/\/www.biocabaz.pt\/web\/en\/produto\/lombo-de-porco-fatiado-bio-nacional-250g-2\/#breadcrumb\",\"itemListElement\":[{\"@type\":\"ListItem\",\"position\":1,\"name\":\"Home\",\"item\":\"https:\/\/www.biocabaz.pt\/web\/en\/\"},{\"@type\":\"ListItem\",\"position\":2,\"name\":\"Shop\",\"item\":\"https:\/\/www.biocabaz.pt\/web\/en\/shop\/\"},{\"@type\":\"ListItem\",\"position\":3,\"name\":\"ROJ\u00d5ES BIO NACIONAL 250G\"}]},{\"@type\":\"WebSite\",\"@id\":\"https:\/\/www.biocabaz.pt\/web\/en\/#website\",\"url\":\"https:\/\/www.biocabaz.pt\/web\/en\/\",\"name\":\"BIOCABAZ - CABAZES BIOL\u00d3GICOS\",\"description\":\"O melhor que a terra d\u00e1 \u00e9 para si\",\"potentialAction\":[{\"@type\":\"SearchAction\",\"target\":{\"@type\":\"EntryPoint\",\"urlTemplate\":\"https:\/\/www.biocabaz.pt\/web\/en\/?s={search_term_string}\"},\"query-input\":{\"@type\":\"PropertyValueSpecification\",\"valueRequired\":true,\"valueName\":\"search_term_string\"}}],\"inLanguage\":\"pt-PT\"}]}<\/script>\n<!-- \/ Yoast SEO plugin. -->","yoast_head_json":{"title":"ROJ\u00d5ES BIO NACIONAL 250G","description":"ROJ\u00d5ES BIO NACIONAL 250G","robots":{"index":"index","follow":"follow","max-snippet":"max-snippet:-1","max-image-preview":"max-image-preview:large","max-video-preview":"max-video-preview:-1"},"canonical":"https:\/\/www.biocabaz.pt\/web\/en\/produto\/lombo-de-porco-fatiado-bio-nacional-250g-2\/","og_locale":"pt_PT","og_type":"article","og_title":"[:pt]ROJ\u00d5ES BIO NACIONAL 250G[:] - BIOCABAZ - CABAZES BIOL\u00d3GICOS","og_description":"ROJ\u00d5ES BIO NACIONAL 250G","og_url":"https:\/\/biocabaz.pt\/web\/produto\/lombo-de-porco-fatiado-bio-nacional-250g-2\/","og_site_name":"BIOCABAZ - CABAZES BIOL\u00d3GICOS","article_modified_time":"2021-02-06T08:35:07+00:00","og_image":[{"width":600,"height":600,"url":"https:\/\/www.biocabaz.pt\/web\/wp-conteudos\/uploads\/2021\/01\/rojoes-de-porco-bio.jpg","type":"image\/jpeg"}],"twitter_card":"summary_large_image","schema":{"@context":"https:\/\/schema.org","@graph":[{"@type":"WebPage","@id":"https:\/\/www.biocabaz.pt\/web\/en\/produto\/lombo-de-porco-fatiado-bio-nacional-250g-2\/","url":"https:\/\/www.biocabaz.pt\/web\/en\/produto\/lombo-de-porco-fatiado-bio-nacional-250g-2\/","name":"ROJ\u00d5ES BIO NACIONAL 250G","isPartOf":{"@id":"https:\/\/www.biocabaz.pt\/web\/en\/#website"},"primaryImageOfPage":{"@id":"https:\/\/www.biocabaz.pt\/web\/en\/produto\/lombo-de-porco-fatiado-bio-nacional-250g-2\/#primaryimage"},"image":{"@id":"https:\/\/www.biocabaz.pt\/web\/en\/produto\/lombo-de-porco-fatiado-bio-nacional-250g-2\/#primaryimage"},"thumbnailUrl":"https:\/\/www.biocabaz.pt\/web\/wp-conteudos\/uploads\/2021\/01\/rojoes-de-porco-bio.jpg","datePublished":"2021-01-31T12:41:49+00:00","dateModified":"2021-02-06T08:35:07+00:00","description":"ROJ\u00d5ES BIO NACIONAL 250G","breadcrumb":{"@id":"https:\/\/www.biocabaz.pt\/web\/en\/produto\/lombo-de-porco-fatiado-bio-nacional-250g-2\/#breadcrumb"},"inLanguage":"pt-PT","potentialAction":[{"@type":"ReadAction","target":["https:\/\/www.biocabaz.pt\/web\/en\/produto\/lombo-de-porco-fatiado-bio-nacional-250g-2\/"]}]},{"@type":"ImageObject","inLanguage":"pt-PT","@id":"https:\/\/www.biocabaz.pt\/web\/en\/produto\/lombo-de-porco-fatiado-bio-nacional-250g-2\/#primaryimage","url":"https:\/\/www.biocabaz.pt\/web\/wp-conteudos\/uploads\/2021\/01\/rojoes-de-porco-bio.jpg","contentUrl":"https:\/\/www.biocabaz.pt\/web\/wp-conteudos\/uploads\/2021\/01\/rojoes-de-porco-bio.jpg","width":600,"height":600,"caption":"ROJ\u00d5ES BIO NACIONAL 250G"},{"@type":"BreadcrumbList","@id":"https:\/\/www.biocabaz.pt\/web\/en\/produto\/lombo-de-porco-fatiado-bio-nacional-250g-2\/#breadcrumb","itemListElement":[{"@type":"ListItem","position":1,"name":"Home","item":"https:\/\/www.biocabaz.pt\/web\/en\/"},{"@type":"ListItem","position":2,"name":"Shop","item":"https:\/\/www.biocabaz.pt\/web\/en\/shop\/"},{"@type":"ListItem","position":3,"name":"ROJ\u00d5ES BIO NACIONAL 250G"}]},{"@type":"WebSite","@id":"https:\/\/www.biocabaz.pt\/web\/en\/#website","url":"https:\/\/www.biocabaz.pt\/web\/en\/","name":"BIOCABAZ - CABAZES BIOL\u00d3GICOS","description":"O melhor que a terra d\u00e1 \u00e9 para si","potentialAction":[{"@type":"SearchAction","target":{"@type":"EntryPoint","urlTemplate":"https:\/\/www.biocabaz.pt\/web\/en\/?s={search_term_string}"},"query-input":{"@type":"PropertyValueSpecification","valueRequired":true,"valueName":"search_term_string"}}],"inLanguage":"pt-PT"}]}},"_links":{"self":[{"href":"https:\/\/biocabaz.pt\/web\/wp-json\/wp\/v2\/product\/61779","targetHints":{"allow":["GET"]}}],"collection":[{"href":"https:\/\/biocabaz.pt\/web\/wp-json\/wp\/v2\/product"}],"about":[{"href":"https:\/\/biocabaz.pt\/web\/wp-json\/wp\/v2\/types\/product"}],"replies":[{"embeddable":true,"href":"https:\/\/biocabaz.pt\/web\/wp-json\/wp\/v2\/comments?post=61779"}],"wp:featuredmedia":[{"embeddable":true,"href":"https:\/\/biocabaz.pt\/web\/wp-json\/wp\/v2\/media\/61780"}],"wp:attachment":[{"href":"https:\/\/biocabaz.pt\/web\/wp-json\/wp\/v2\/media?parent=61779"}],"wp:term":[{"taxonomy":"product_cat","embeddable":true,"href":"https:\/\/biocabaz.pt\/web\/wp-json\/wp\/v2\/product_cat?post=61779"},{"taxonomy":"product_tag","embeddable":true,"href":"https:\/\/biocabaz.pt\/web\/wp-json\/wp\/v2\/product_tag?post=61779"}],"curies":[{"name":"wp","href":"https:\/\/api.w.org\/{rel}","templated":true}]}}