{"id":6177,"date":"2018-03-23T22:52:36","date_gmt":"2018-03-23T22:52:36","guid":{"rendered":"https:\/\/www.biocabaz.pt\/web\/?post_type=product&#038;p=6177"},"modified":"2022-03-11T11:14:39","modified_gmt":"2022-03-11T11:14:39","slug":"salada-aromatica-bio","status":"publish","type":"product","link":"https:\/\/biocabaz.pt\/web\/produto\/salada-aromatica-bio\/","title":{"rendered":"SALADA AROM\u00c1TICA BIO VITACRESS 100G"},"content":{"rendered":"","protected":false},"excerpt":{"rendered":"<p>Ingredientes: alface verde (50%); alface roxa (45%); coentros (5%).<br \/><b>Modo de Utiliza\u00e7\u00e3o:<\/b> Conservar a +1\u00baC a +5\u00baC<br \/><b>Dados Nutricionais:<\/b> Declara\u00e7\u00e3o Nutricional por 100g: Energia: 85 KJ\/20Kcal; L\u00edpidos: <0,5g; dos quais saturados: <0,1g; Hidratos de carbono: 1,5g; dos quais a\u00e7\u00facares: <0,5g; Fibra: 1,6g; Prote\u00ednas: 2,0g; Sal*: 0,11g; Pot\u00e1ssio: 400mg; Vitamina K: 88,3\u00b5g; Folato: 87,5\u00b5g *o teor de sal deve-se exclusivamente \u00e0 presen\u00e7a de s\u00f3dio naturalmente presente.\n<\/p>\n","protected":false},"featured_media":6178,"comment_status":"closed","ping_status":"closed","template":"","meta":[],"product_cat":[11],"product_tag":[],"class_list":["post-6177","product","type-product","status-publish","has-post-thumbnail","hentry","product_cat-legumes"],"bundle_layout":"","bundled_by":[],"bundled_items":[],"yoast_head":"<!-- This site is optimized with the Yoast SEO plugin v26.3 - https:\/\/yoast.com\/wordpress\/plugins\/seo\/ -->\n<title>SALADA AROM\u00c1TICA BIO VITACRESS 100G<\/title>\n<meta name=\"robots\" content=\"index, follow, max-snippet:-1, max-image-preview:large, max-video-preview:-1\" \/>\n<link rel=\"canonical\" href=\"https:\/\/www.biocabaz.pt\/web\/en\/produto\/salada-aromatica-bio\/\" \/>\n<meta property=\"og:locale\" content=\"pt_PT\" \/>\n<meta property=\"og:locale:alternate\" content=\"en_US\" \/>\n<meta property=\"og:type\" content=\"article\" \/>\n<meta property=\"og:title\" content=\"SALADA AROM\u00c1TICA BIO VITACRESS 100G\" \/>\n<meta property=\"og:description\" content=\"Ingredientes: alface verde (50%); alface roxa (45%); coentros (5%).Modo de Utiliza\u00e7\u00e3o: Conservar a +1\u00baC a +5\u00baCDados Nutricionais: Declara\u00e7\u00e3o Nutricional por 100g: Energia: 85 KJ\/20Kcal; L\u00edpidos:\" \/>\n<meta property=\"og:url\" content=\"https:\/\/biocabaz.pt\/web\/produto\/salada-aromatica-bio\/\" \/>\n<meta property=\"og:site_name\" content=\"BIOCABAZ - CABAZES BIOL\u00d3GICOS\" \/>\n<meta property=\"article:modified_time\" content=\"2022-03-11T11:14:39+00:00\" \/>\n<meta property=\"og:image\" content=\"https:\/\/www.biocabaz.pt\/web\/wp-conteudos\/uploads\/2018\/03\/1458313676.png\" \/>\n\t<meta property=\"og:image:width\" content=\"1149\" \/>\n\t<meta property=\"og:image:height\" content=\"1024\" \/>\n\t<meta property=\"og:image:type\" content=\"image\/png\" \/>\n<meta name=\"twitter:card\" content=\"summary_large_image\" \/>\n<script type=\"application\/ld+json\" class=\"yoast-schema-graph\">{\"@context\":\"https:\/\/schema.org\",\"@graph\":[{\"@type\":\"WebPage\",\"@id\":\"https:\/\/www.biocabaz.pt\/web\/en\/produto\/salada-aromatica-bio\/\",\"url\":\"https:\/\/www.biocabaz.pt\/web\/en\/produto\/salada-aromatica-bio\/\",\"name\":\"SALADA AROM\u00c1TICA BIO VITACRESS 100G\",\"isPartOf\":{\"@id\":\"https:\/\/biocabaz.pt\/web\/#website\"},\"primaryImageOfPage\":{\"@id\":\"https:\/\/www.biocabaz.pt\/web\/en\/produto\/salada-aromatica-bio\/#primaryimage\"},\"image\":{\"@id\":\"https:\/\/www.biocabaz.pt\/web\/en\/produto\/salada-aromatica-bio\/#primaryimage\"},\"thumbnailUrl\":\"https:\/\/www.biocabaz.pt\/web\/wp-conteudos\/uploads\/2018\/03\/1458313676.png\",\"datePublished\":\"2018-03-23T22:52:36+00:00\",\"dateModified\":\"2022-03-11T11:14:39+00:00\",\"breadcrumb\":{\"@id\":\"https:\/\/www.biocabaz.pt\/web\/en\/produto\/salada-aromatica-bio\/#breadcrumb\"},\"inLanguage\":\"pt-PT\",\"potentialAction\":[{\"@type\":\"ReadAction\",\"target\":[\"https:\/\/www.biocabaz.pt\/web\/en\/produto\/salada-aromatica-bio\/\"]}]},{\"@type\":\"ImageObject\",\"inLanguage\":\"pt-PT\",\"@id\":\"https:\/\/www.biocabaz.pt\/web\/en\/produto\/salada-aromatica-bio\/#primaryimage\",\"url\":\"https:\/\/www.biocabaz.pt\/web\/wp-conteudos\/uploads\/2018\/03\/1458313676.png\",\"contentUrl\":\"https:\/\/www.biocabaz.pt\/web\/wp-conteudos\/uploads\/2018\/03\/1458313676.png\",\"width\":1149,\"height\":1024,\"caption\":\"salada arom\u00e1tica bio\"},{\"@type\":\"BreadcrumbList\",\"@id\":\"https:\/\/www.biocabaz.pt\/web\/en\/produto\/salada-aromatica-bio\/#breadcrumb\",\"itemListElement\":[{\"@type\":\"ListItem\",\"position\":1,\"name\":\"Home\",\"item\":\"https:\/\/biocabaz.pt\/web\/\"},{\"@type\":\"ListItem\",\"position\":2,\"name\":\"Shop\",\"item\":\"https:\/\/www.biocabaz.pt\/web\/en\/shop\/\"},{\"@type\":\"ListItem\",\"position\":3,\"name\":\"VITACRESS AROMATIC SALAD 150G\"}]},{\"@type\":\"WebSite\",\"@id\":\"https:\/\/biocabaz.pt\/web\/#website\",\"url\":\"https:\/\/biocabaz.pt\/web\/\",\"name\":\"BIOCABAZ - CABAZES BIOL\u00d3GICOS\",\"description\":\"O melhor que a terra d\u00e1 \u00e9 para si\",\"potentialAction\":[{\"@type\":\"SearchAction\",\"target\":{\"@type\":\"EntryPoint\",\"urlTemplate\":\"https:\/\/biocabaz.pt\/web\/?s={search_term_string}\"},\"query-input\":{\"@type\":\"PropertyValueSpecification\",\"valueRequired\":true,\"valueName\":\"search_term_string\"}}],\"inLanguage\":\"pt-PT\"}]}<\/script>\n<!-- \/ Yoast SEO plugin. -->","yoast_head_json":{"title":"SALADA AROM\u00c1TICA BIO VITACRESS 100G","robots":{"index":"index","follow":"follow","max-snippet":"max-snippet:-1","max-image-preview":"max-image-preview:large","max-video-preview":"max-video-preview:-1"},"canonical":"https:\/\/www.biocabaz.pt\/web\/en\/produto\/salada-aromatica-bio\/","og_locale":"pt_PT","og_type":"article","og_title":"[:en]VITACRESS AROMATIC SALAD 150G[:pt]SALADA AROM\u00c1TICA BIO VITACRESS 100G[:] - BIOCABAZ - CABAZES BIOL\u00d3GICOS","og_description":"Ingredientes: alface verde (50%); alface roxa (45%); coentros (5%).Modo de Utiliza\u00e7\u00e3o: Conservar a +1\u00baC a +5\u00baCDados Nutricionais: Declara\u00e7\u00e3o Nutricional por 100g: Energia: 85 KJ\/20Kcal; L\u00edpidos:","og_url":"https:\/\/biocabaz.pt\/web\/produto\/salada-aromatica-bio\/","og_site_name":"BIOCABAZ - CABAZES BIOL\u00d3GICOS","article_modified_time":"2022-03-11T11:14:39+00:00","og_image":[{"width":1149,"height":1024,"url":"https:\/\/www.biocabaz.pt\/web\/wp-conteudos\/uploads\/2018\/03\/1458313676.png","type":"image\/png"}],"twitter_card":"summary_large_image","schema":{"@context":"https:\/\/schema.org","@graph":[{"@type":"WebPage","@id":"https:\/\/www.biocabaz.pt\/web\/en\/produto\/salada-aromatica-bio\/","url":"https:\/\/www.biocabaz.pt\/web\/en\/produto\/salada-aromatica-bio\/","name":"SALADA AROM\u00c1TICA BIO VITACRESS 100G","isPartOf":{"@id":"https:\/\/biocabaz.pt\/web\/#website"},"primaryImageOfPage":{"@id":"https:\/\/www.biocabaz.pt\/web\/en\/produto\/salada-aromatica-bio\/#primaryimage"},"image":{"@id":"https:\/\/www.biocabaz.pt\/web\/en\/produto\/salada-aromatica-bio\/#primaryimage"},"thumbnailUrl":"https:\/\/www.biocabaz.pt\/web\/wp-conteudos\/uploads\/2018\/03\/1458313676.png","datePublished":"2018-03-23T22:52:36+00:00","dateModified":"2022-03-11T11:14:39+00:00","breadcrumb":{"@id":"https:\/\/www.biocabaz.pt\/web\/en\/produto\/salada-aromatica-bio\/#breadcrumb"},"inLanguage":"pt-PT","potentialAction":[{"@type":"ReadAction","target":["https:\/\/www.biocabaz.pt\/web\/en\/produto\/salada-aromatica-bio\/"]}]},{"@type":"ImageObject","inLanguage":"pt-PT","@id":"https:\/\/www.biocabaz.pt\/web\/en\/produto\/salada-aromatica-bio\/#primaryimage","url":"https:\/\/www.biocabaz.pt\/web\/wp-conteudos\/uploads\/2018\/03\/1458313676.png","contentUrl":"https:\/\/www.biocabaz.pt\/web\/wp-conteudos\/uploads\/2018\/03\/1458313676.png","width":1149,"height":1024,"caption":"salada arom\u00e1tica bio"},{"@type":"BreadcrumbList","@id":"https:\/\/www.biocabaz.pt\/web\/en\/produto\/salada-aromatica-bio\/#breadcrumb","itemListElement":[{"@type":"ListItem","position":1,"name":"Home","item":"https:\/\/biocabaz.pt\/web\/"},{"@type":"ListItem","position":2,"name":"Shop","item":"https:\/\/www.biocabaz.pt\/web\/en\/shop\/"},{"@type":"ListItem","position":3,"name":"VITACRESS AROMATIC SALAD 150G"}]},{"@type":"WebSite","@id":"https:\/\/biocabaz.pt\/web\/#website","url":"https:\/\/biocabaz.pt\/web\/","name":"BIOCABAZ - CABAZES BIOL\u00d3GICOS","description":"O melhor que a terra d\u00e1 \u00e9 para si","potentialAction":[{"@type":"SearchAction","target":{"@type":"EntryPoint","urlTemplate":"https:\/\/biocabaz.pt\/web\/?s={search_term_string}"},"query-input":{"@type":"PropertyValueSpecification","valueRequired":true,"valueName":"search_term_string"}}],"inLanguage":"pt-PT"}]}},"_links":{"self":[{"href":"https:\/\/biocabaz.pt\/web\/wp-json\/wp\/v2\/product\/6177","targetHints":{"allow":["GET"]}}],"collection":[{"href":"https:\/\/biocabaz.pt\/web\/wp-json\/wp\/v2\/product"}],"about":[{"href":"https:\/\/biocabaz.pt\/web\/wp-json\/wp\/v2\/types\/product"}],"replies":[{"embeddable":true,"href":"https:\/\/biocabaz.pt\/web\/wp-json\/wp\/v2\/comments?post=6177"}],"wp:featuredmedia":[{"embeddable":true,"href":"https:\/\/biocabaz.pt\/web\/wp-json\/wp\/v2\/media\/6178"}],"wp:attachment":[{"href":"https:\/\/biocabaz.pt\/web\/wp-json\/wp\/v2\/media?parent=6177"}],"wp:term":[{"taxonomy":"product_cat","embeddable":true,"href":"https:\/\/biocabaz.pt\/web\/wp-json\/wp\/v2\/product_cat?post=6177"},{"taxonomy":"product_tag","embeddable":true,"href":"https:\/\/biocabaz.pt\/web\/wp-json\/wp\/v2\/product_tag?post=6177"}],"curies":[{"name":"wp","href":"https:\/\/api.w.org\/{rel}","templated":true}]}}