{"id":60274,"date":"2021-01-15T15:17:02","date_gmt":"2021-01-15T15:17:02","guid":{"rendered":"https:\/\/www.biocabaz.pt\/web\/?post_type=product&#038;p=60274"},"modified":"2023-04-15T15:04:45","modified_gmt":"2023-04-15T15:04:45","slug":"creme-de-soja-s-gluten-isola-bio-200ml","status":"publish","type":"product","link":"https:\/\/biocabaz.pt\/web\/produto\/creme-de-soja-s-gluten-isola-bio-200ml\/","title":{"rendered":"CREME DE SOJA (S\/GL\u00daTEN) ISOLA BIO 200ML"},"content":{"rendered":"<h3><strong>DADOS NUTRICIONAIS<\/strong><\/h3>\n<p>&nbsp;<\/p>\n<table border=\"1\" cellspacing=\"1\" cellpadding=\"1\">\n<caption>Declara\u00e7\u00e3o Nutricional por 100ml:<\/caption>\n<tbody>\n<tr>\n<td>Energia<\/td>\n<td>677 kJ\/163 kcal<\/td>\n<\/tr>\n<tr>\n<td>L\u00edpidos<\/td>\n<td>14 g<\/td>\n<\/tr>\n<tr>\n<td>dos quais saturados<\/td>\n<td>1.5 g<\/td>\n<\/tr>\n<tr>\n<td>Hidratos de carbono<\/td>\n<td>6.1 g<\/td>\n<\/tr>\n<tr>\n<td>dos quais a\u00e7\u00facares<\/td>\n<td>1.5 g<\/td>\n<\/tr>\n<tr>\n<td>Fibra<\/td>\n<td>0,5 g<\/td>\n<\/tr>\n<tr>\n<td>Prote\u00ednas<\/td>\n<td>3 g<\/td>\n<\/tr>\n<tr>\n<td>Sal<\/td>\n<td>0,15 g<\/td>\n<\/tr>\n<\/tbody>\n<\/table>\n","protected":false},"excerpt":{"rendered":"<p>Ingredientes: \u00c1gua, SOJA* italiana (7%), \u00f3leo de girassol prensado a frio*, xarope de arroz*, maltodextrina de milho*, espessantes: goma guar, emulsionante: lecitina de girassol*, sal marinho. *de produ\u00e7\u00e3o biol\u00f3gica. Cont\u00e9m soja. IT-BIO-007. Origem: UE\/n\u00e3o UE.<br \/><b>Modo de Utiliza\u00e7\u00e3o:<\/b> Substituto da nata para cozinhar (gratinados, sopas, condimento entre outros). Agitar bem antes de usar. Conservar em local fresco e seco. Ap\u00f3s abertura conservar em refrigera\u00e7\u00e3o (<5\u00baC) e consumir at\u00e9 3 a 4 dias.<br \/><b>Dados Nutricionais:<\/b> Declara\u00e7\u00e3o Nutricional por 100g: Energia: 757kJ\/183kcal; L\u00edpidos \u2013 17g, dos quais saturados \u2013 1,6g; Hidratos de Carbono \u2013 4,2g, dos quais a\u00e7\u00facares \u2013 1,7g; Fibra \u2013 1g; Prote\u00ednas \u2013 3,5g; Sal \u2013 0,23g.<\/p>\n","protected":false},"featured_media":60275,"comment_status":"closed","ping_status":"closed","template":"","meta":[],"product_cat":[37],"product_tag":[],"class_list":["post-60274","product","type-product","status-publish","has-post-thumbnail","hentry","product_cat-queijos-e-natas"],"bundle_layout":"","bundled_by":[],"bundled_items":[],"yoast_head":"<!-- This site is optimized with the Yoast SEO plugin v26.3 - https:\/\/yoast.com\/wordpress\/plugins\/seo\/ -->\n<title>CREME DE SOJA (S\/GL\u00daTEN) ISOLA BIO 200ML<\/title>\n<meta name=\"description\" content=\"Creme de Soja (s\/gl\u00faten) ISOLA BIO 200ml\" \/>\n<meta name=\"robots\" content=\"index, follow, max-snippet:-1, max-image-preview:large, max-video-preview:-1\" \/>\n<link rel=\"canonical\" href=\"https:\/\/biocabaz.pt\/web\/produto\/creme-de-soja-s-gluten-isola-bio-200ml\/\" \/>\n<meta property=\"og:locale\" content=\"pt_PT\" \/>\n<meta property=\"og:locale:alternate\" content=\"en_US\" \/>\n<meta property=\"og:type\" content=\"article\" \/>\n<meta property=\"og:title\" content=\"CREME DE SOJA (S\/GL\u00daTEN) ISOLA BIO 200ML\" \/>\n<meta property=\"og:description\" content=\"Creme de Soja (s\/gl\u00faten) ISOLA BIO 200ml\" \/>\n<meta property=\"og:url\" content=\"https:\/\/biocabaz.pt\/web\/produto\/creme-de-soja-s-gluten-isola-bio-200ml\/\" \/>\n<meta property=\"og:site_name\" content=\"BIOCABAZ - CABAZES BIOL\u00d3GICOS\" \/>\n<meta property=\"article:modified_time\" content=\"2023-04-15T15:04:45+00:00\" \/>\n<meta property=\"og:image\" content=\"https:\/\/www.biocabaz.pt\/web\/wp-conteudos\/uploads\/2021\/01\/creme-de-coco-isola-.jpg\" \/>\n\t<meta property=\"og:image:width\" content=\"768\" \/>\n\t<meta property=\"og:image:height\" content=\"768\" \/>\n\t<meta property=\"og:image:type\" content=\"image\/jpeg\" \/>\n<meta name=\"twitter:card\" content=\"summary_large_image\" \/>\n<script type=\"application\/ld+json\" class=\"yoast-schema-graph\">{\"@context\":\"https:\/\/schema.org\",\"@graph\":[{\"@type\":\"WebPage\",\"@id\":\"https:\/\/biocabaz.pt\/web\/produto\/creme-de-soja-s-gluten-isola-bio-200ml\/\",\"url\":\"https:\/\/biocabaz.pt\/web\/produto\/creme-de-soja-s-gluten-isola-bio-200ml\/\",\"name\":\"CREME DE SOJA (S\/GL\u00daTEN) ISOLA BIO 200ML\",\"isPartOf\":{\"@id\":\"https:\/\/www.biocabaz.pt\/web\/en\/#website\"},\"primaryImageOfPage\":{\"@id\":\"https:\/\/biocabaz.pt\/web\/produto\/creme-de-soja-s-gluten-isola-bio-200ml\/#primaryimage\"},\"image\":{\"@id\":\"https:\/\/biocabaz.pt\/web\/produto\/creme-de-soja-s-gluten-isola-bio-200ml\/#primaryimage\"},\"thumbnailUrl\":\"https:\/\/www.biocabaz.pt\/web\/wp-conteudos\/uploads\/2021\/01\/creme-de-coco-isola-.jpg\",\"datePublished\":\"2021-01-15T15:17:02+00:00\",\"dateModified\":\"2023-04-15T15:04:45+00:00\",\"description\":\"Creme de Soja (s\/gl\u00faten) ISOLA BIO 200ml\",\"breadcrumb\":{\"@id\":\"https:\/\/biocabaz.pt\/web\/produto\/creme-de-soja-s-gluten-isola-bio-200ml\/#breadcrumb\"},\"inLanguage\":\"pt-PT\",\"potentialAction\":[{\"@type\":\"ReadAction\",\"target\":[\"https:\/\/biocabaz.pt\/web\/produto\/creme-de-soja-s-gluten-isola-bio-200ml\/\"]}]},{\"@type\":\"ImageObject\",\"inLanguage\":\"pt-PT\",\"@id\":\"https:\/\/biocabaz.pt\/web\/produto\/creme-de-soja-s-gluten-isola-bio-200ml\/#primaryimage\",\"url\":\"https:\/\/www.biocabaz.pt\/web\/wp-conteudos\/uploads\/2021\/01\/creme-de-coco-isola-.jpg\",\"contentUrl\":\"https:\/\/www.biocabaz.pt\/web\/wp-conteudos\/uploads\/2021\/01\/creme-de-coco-isola-.jpg\",\"width\":768,\"height\":768,\"caption\":\"Creme de Soja (s\/gl\u00faten) ISOLA BIO 200ml\"},{\"@type\":\"BreadcrumbList\",\"@id\":\"https:\/\/biocabaz.pt\/web\/produto\/creme-de-soja-s-gluten-isola-bio-200ml\/#breadcrumb\",\"itemListElement\":[{\"@type\":\"ListItem\",\"position\":1,\"name\":\"Home\",\"item\":\"https:\/\/www.biocabaz.pt\/web\/en\/\"},{\"@type\":\"ListItem\",\"position\":2,\"name\":\"Shop\",\"item\":\"https:\/\/www.biocabaz.pt\/web\/en\/shop\/\"},{\"@type\":\"ListItem\",\"position\":3,\"name\":\"CREME DE SOJA (S\/GL\u00daTEN) ISOLA BIO 200ML\"}]},{\"@type\":\"WebSite\",\"@id\":\"https:\/\/www.biocabaz.pt\/web\/en\/#website\",\"url\":\"https:\/\/www.biocabaz.pt\/web\/en\/\",\"name\":\"BIOCABAZ - CABAZES BIOL\u00d3GICOS\",\"description\":\"O melhor que a terra d\u00e1 \u00e9 para si\",\"potentialAction\":[{\"@type\":\"SearchAction\",\"target\":{\"@type\":\"EntryPoint\",\"urlTemplate\":\"https:\/\/www.biocabaz.pt\/web\/en\/?s={search_term_string}\"},\"query-input\":{\"@type\":\"PropertyValueSpecification\",\"valueRequired\":true,\"valueName\":\"search_term_string\"}}],\"inLanguage\":\"pt-PT\"}]}<\/script>\n<!-- \/ Yoast SEO plugin. -->","yoast_head_json":{"title":"CREME DE SOJA (S\/GL\u00daTEN) ISOLA BIO 200ML","description":"Creme de Soja (s\/gl\u00faten) ISOLA BIO 200ml","robots":{"index":"index","follow":"follow","max-snippet":"max-snippet:-1","max-image-preview":"max-image-preview:large","max-video-preview":"max-video-preview:-1"},"canonical":"https:\/\/biocabaz.pt\/web\/produto\/creme-de-soja-s-gluten-isola-bio-200ml\/","og_locale":"pt_PT","og_type":"article","og_title":"[:en]ISOLA SOY (GLUTEN FREE) CREAM 200ML[:pt]CREME DE SOJA (S\/GL\u00daTEN) ISOLA BIO 200ML[:] - BIOCABAZ - CABAZES BIOL\u00d3GICOS","og_description":"Creme de Soja (s\/gl\u00faten) ISOLA BIO 200ml","og_url":"https:\/\/biocabaz.pt\/web\/produto\/creme-de-soja-s-gluten-isola-bio-200ml\/","og_site_name":"BIOCABAZ - CABAZES BIOL\u00d3GICOS","article_modified_time":"2023-04-15T15:04:45+00:00","og_image":[{"width":768,"height":768,"url":"https:\/\/www.biocabaz.pt\/web\/wp-conteudos\/uploads\/2021\/01\/creme-de-coco-isola-.jpg","type":"image\/jpeg"}],"twitter_card":"summary_large_image","schema":{"@context":"https:\/\/schema.org","@graph":[{"@type":"WebPage","@id":"https:\/\/biocabaz.pt\/web\/produto\/creme-de-soja-s-gluten-isola-bio-200ml\/","url":"https:\/\/biocabaz.pt\/web\/produto\/creme-de-soja-s-gluten-isola-bio-200ml\/","name":"CREME DE SOJA (S\/GL\u00daTEN) ISOLA BIO 200ML","isPartOf":{"@id":"https:\/\/www.biocabaz.pt\/web\/en\/#website"},"primaryImageOfPage":{"@id":"https:\/\/biocabaz.pt\/web\/produto\/creme-de-soja-s-gluten-isola-bio-200ml\/#primaryimage"},"image":{"@id":"https:\/\/biocabaz.pt\/web\/produto\/creme-de-soja-s-gluten-isola-bio-200ml\/#primaryimage"},"thumbnailUrl":"https:\/\/www.biocabaz.pt\/web\/wp-conteudos\/uploads\/2021\/01\/creme-de-coco-isola-.jpg","datePublished":"2021-01-15T15:17:02+00:00","dateModified":"2023-04-15T15:04:45+00:00","description":"Creme de Soja (s\/gl\u00faten) ISOLA BIO 200ml","breadcrumb":{"@id":"https:\/\/biocabaz.pt\/web\/produto\/creme-de-soja-s-gluten-isola-bio-200ml\/#breadcrumb"},"inLanguage":"pt-PT","potentialAction":[{"@type":"ReadAction","target":["https:\/\/biocabaz.pt\/web\/produto\/creme-de-soja-s-gluten-isola-bio-200ml\/"]}]},{"@type":"ImageObject","inLanguage":"pt-PT","@id":"https:\/\/biocabaz.pt\/web\/produto\/creme-de-soja-s-gluten-isola-bio-200ml\/#primaryimage","url":"https:\/\/www.biocabaz.pt\/web\/wp-conteudos\/uploads\/2021\/01\/creme-de-coco-isola-.jpg","contentUrl":"https:\/\/www.biocabaz.pt\/web\/wp-conteudos\/uploads\/2021\/01\/creme-de-coco-isola-.jpg","width":768,"height":768,"caption":"Creme de Soja (s\/gl\u00faten) ISOLA BIO 200ml"},{"@type":"BreadcrumbList","@id":"https:\/\/biocabaz.pt\/web\/produto\/creme-de-soja-s-gluten-isola-bio-200ml\/#breadcrumb","itemListElement":[{"@type":"ListItem","position":1,"name":"Home","item":"https:\/\/www.biocabaz.pt\/web\/en\/"},{"@type":"ListItem","position":2,"name":"Shop","item":"https:\/\/www.biocabaz.pt\/web\/en\/shop\/"},{"@type":"ListItem","position":3,"name":"CREME DE SOJA (S\/GL\u00daTEN) ISOLA BIO 200ML"}]},{"@type":"WebSite","@id":"https:\/\/www.biocabaz.pt\/web\/en\/#website","url":"https:\/\/www.biocabaz.pt\/web\/en\/","name":"BIOCABAZ - CABAZES BIOL\u00d3GICOS","description":"O melhor que a terra d\u00e1 \u00e9 para si","potentialAction":[{"@type":"SearchAction","target":{"@type":"EntryPoint","urlTemplate":"https:\/\/www.biocabaz.pt\/web\/en\/?s={search_term_string}"},"query-input":{"@type":"PropertyValueSpecification","valueRequired":true,"valueName":"search_term_string"}}],"inLanguage":"pt-PT"}]}},"_links":{"self":[{"href":"https:\/\/biocabaz.pt\/web\/wp-json\/wp\/v2\/product\/60274","targetHints":{"allow":["GET"]}}],"collection":[{"href":"https:\/\/biocabaz.pt\/web\/wp-json\/wp\/v2\/product"}],"about":[{"href":"https:\/\/biocabaz.pt\/web\/wp-json\/wp\/v2\/types\/product"}],"replies":[{"embeddable":true,"href":"https:\/\/biocabaz.pt\/web\/wp-json\/wp\/v2\/comments?post=60274"}],"wp:featuredmedia":[{"embeddable":true,"href":"https:\/\/biocabaz.pt\/web\/wp-json\/wp\/v2\/media\/60275"}],"wp:attachment":[{"href":"https:\/\/biocabaz.pt\/web\/wp-json\/wp\/v2\/media?parent=60274"}],"wp:term":[{"taxonomy":"product_cat","embeddable":true,"href":"https:\/\/biocabaz.pt\/web\/wp-json\/wp\/v2\/product_cat?post=60274"},{"taxonomy":"product_tag","embeddable":true,"href":"https:\/\/biocabaz.pt\/web\/wp-json\/wp\/v2\/product_tag?post=60274"}],"curies":[{"name":"wp","href":"https:\/\/api.w.org\/{rel}","templated":true}]}}