{"id":5954,"date":"2018-03-04T22:30:18","date_gmt":"2018-03-04T22:30:18","guid":{"rendered":"https:\/\/www.biocabaz.pt\/web\/produto\/mini-crackers-de-espelta-sabor-pizza-2\/"},"modified":"2023-04-15T13:43:13","modified_gmt":"2023-04-15T13:43:13","slug":"mini-crackers-de-espelta-sabor-pizza-2","status":"publish","type":"product","link":"https:\/\/biocabaz.pt\/web\/produto\/mini-crackers-de-espelta-sabor-pizza-2\/","title":{"rendered":"MINI CRACKERS DE ESPELTA SABOR PIZZA"},"content":{"rendered":"<p><strong>Descri\u00e7\u00e3o <\/strong><br \/>\n\t\t\t\tIngredientes: Farinha de espelta (81%), \u00f3leo de milho *, xarope de milho *, sal, levedura de cerveja, tomate desidratado * (1,2%), manjeric\u00e3o * (0,3%), or\u00e9g\u00e3os * (0,3%). * agricultura biol\u00f3gica.  Alerg\u00e9nios: Pode conter vest\u00edgios de leite, soja e gergelim.<\/p>\n<p><strong>Dados Nutricionais<\/strong><br \/>\n\t\t\t\tDeclara\u00e7\u00e3o Nutricional por 100g:<br \/> Energia: 1774 kj\/421kcal;<br \/> Gordura: 11g \u2013 das quais saturadas: 2g;<br \/> Hidratos de carbono: 68g \u2013 dos quais a\u00e7\u00facares: 3g;<br \/> Fibras: 3g;<br \/> Prote\u00edna: 11,4g;<br \/> Sal: 2,3g.<\/p>\n<p><strong>Modo Utiliza\u00e7\u00e3o<\/strong><br \/>Conservar em local seco e fresco.<\/p>\n","protected":false},"excerpt":{"rendered":"<p>Descri\u00e7\u00e3o Ingredientes: Farinha de espelta (81%), \u00f3leo de milho *, xarope de milho *, sal, levedura de cerveja, tomate desidratado * (1,2%), manjeric\u00e3o * (0,3%), or\u00e9g\u00e3os * (0,3%). * agricultura biol\u00f3gica. Alerg\u00e9nios: Pode conter vest\u00edgios de leite, soja e gergelim. Dados Nutricionais Declara\u00e7\u00e3o Nutricional por 100g: Energia: 1774 kj\/421kcal; Gordura: 11g \u2013 das quais saturadas: [&hellip;]<\/p>\n","protected":false},"featured_media":5955,"comment_status":"closed","ping_status":"closed","template":"","meta":[],"product_cat":[29],"product_tag":[],"class_list":["post-5954","product","type-product","status-publish","has-post-thumbnail","hentry","product_cat-bolachas_e_snacks"],"bundle_layout":"","bundled_by":[],"bundled_items":[],"yoast_head":"<!-- This site is optimized with the Yoast SEO plugin v26.3 - https:\/\/yoast.com\/wordpress\/plugins\/seo\/ -->\n<title>MINI CRACKERS DE ESPELTA SABOR PIZZA<\/title>\n<meta name=\"description\" content=\"Mini crackers de espelta sabor pizza\" \/>\n<meta name=\"robots\" content=\"index, follow, max-snippet:-1, max-image-preview:large, max-video-preview:-1\" \/>\n<link rel=\"canonical\" href=\"https:\/\/biocabaz.pt\/web\/produto\/mini-crackers-de-espelta-sabor-pizza-2\/\" \/>\n<meta property=\"og:locale\" content=\"pt_PT\" \/>\n<meta property=\"og:locale:alternate\" content=\"en_US\" \/>\n<meta property=\"og:type\" content=\"article\" \/>\n<meta property=\"og:title\" content=\"MINI CRACKERS DE ESPELTA SABOR PIZZA\" \/>\n<meta property=\"og:description\" content=\"Mini crackers de espelta sabor pizza\" \/>\n<meta property=\"og:url\" content=\"https:\/\/biocabaz.pt\/web\/produto\/mini-crackers-de-espelta-sabor-pizza-2\/\" \/>\n<meta property=\"og:site_name\" content=\"BIOCABAZ - CABAZES BIOL\u00d3GICOS\" \/>\n<meta property=\"article:modified_time\" content=\"2023-04-15T13:43:13+00:00\" \/>\n<meta property=\"og:image\" content=\"https:\/\/www.biocabaz.pt\/web\/wp-conteudos\/uploads\/2018\/03\/pizza.jpg\" \/>\n\t<meta property=\"og:image:width\" content=\"600\" \/>\n\t<meta property=\"og:image:height\" content=\"800\" \/>\n\t<meta property=\"og:image:type\" content=\"image\/jpeg\" \/>\n<meta name=\"twitter:card\" content=\"summary_large_image\" \/>\n<meta name=\"twitter:label1\" content=\"Est. reading time\" \/>\n\t<meta name=\"twitter:data1\" content=\"1 minuto\" \/>\n<script type=\"application\/ld+json\" class=\"yoast-schema-graph\">{\"@context\":\"https:\/\/schema.org\",\"@graph\":[{\"@type\":\"WebPage\",\"@id\":\"https:\/\/biocabaz.pt\/web\/en\/produto\/mini-crackers-de-espelta-sabor-pizza-2\/\",\"url\":\"https:\/\/biocabaz.pt\/web\/en\/produto\/mini-crackers-de-espelta-sabor-pizza-2\/\",\"name\":\"MINI CRACKERS DE ESPELTA SABOR PIZZA\",\"isPartOf\":{\"@id\":\"https:\/\/www.biocabaz.pt\/web\/en\/#website\"},\"primaryImageOfPage\":{\"@id\":\"https:\/\/biocabaz.pt\/web\/en\/produto\/mini-crackers-de-espelta-sabor-pizza-2\/#primaryimage\"},\"image\":{\"@id\":\"https:\/\/biocabaz.pt\/web\/en\/produto\/mini-crackers-de-espelta-sabor-pizza-2\/#primaryimage\"},\"thumbnailUrl\":\"https:\/\/www.biocabaz.pt\/web\/wp-conteudos\/uploads\/2018\/03\/pizza.jpg\",\"datePublished\":\"2018-03-04T22:30:18+00:00\",\"dateModified\":\"2023-04-15T13:43:13+00:00\",\"description\":\"Mini crackers de espelta sabor pizza\",\"breadcrumb\":{\"@id\":\"https:\/\/biocabaz.pt\/web\/en\/produto\/mini-crackers-de-espelta-sabor-pizza-2\/#breadcrumb\"},\"inLanguage\":\"pt-PT\",\"potentialAction\":[{\"@type\":\"ReadAction\",\"target\":[\"https:\/\/biocabaz.pt\/web\/en\/produto\/mini-crackers-de-espelta-sabor-pizza-2\/\"]}]},{\"@type\":\"ImageObject\",\"inLanguage\":\"pt-PT\",\"@id\":\"https:\/\/biocabaz.pt\/web\/en\/produto\/mini-crackers-de-espelta-sabor-pizza-2\/#primaryimage\",\"url\":\"https:\/\/www.biocabaz.pt\/web\/wp-conteudos\/uploads\/2018\/03\/pizza.jpg\",\"contentUrl\":\"https:\/\/www.biocabaz.pt\/web\/wp-conteudos\/uploads\/2018\/03\/pizza.jpg\",\"width\":600,\"height\":800,\"caption\":\"Mini crackers de espelta sabor pizza\"},{\"@type\":\"BreadcrumbList\",\"@id\":\"https:\/\/biocabaz.pt\/web\/en\/produto\/mini-crackers-de-espelta-sabor-pizza-2\/#breadcrumb\",\"itemListElement\":[{\"@type\":\"ListItem\",\"position\":1,\"name\":\"Home\",\"item\":\"https:\/\/www.biocabaz.pt\/web\/en\/\"},{\"@type\":\"ListItem\",\"position\":2,\"name\":\"Shop\",\"item\":\"https:\/\/www.biocabaz.pt\/web\/en\/shop\/\"},{\"@type\":\"ListItem\",\"position\":3,\"name\":\"MINI SPELT CRACKERS PIZZA FLAVOR 250G\"}]},{\"@type\":\"WebSite\",\"@id\":\"https:\/\/www.biocabaz.pt\/web\/en\/#website\",\"url\":\"https:\/\/www.biocabaz.pt\/web\/en\/\",\"name\":\"BIOCABAZ - CABAZES BIOL\u00d3GICOS\",\"description\":\"O melhor que a terra d\u00e1 \u00e9 para si\",\"potentialAction\":[{\"@type\":\"SearchAction\",\"target\":{\"@type\":\"EntryPoint\",\"urlTemplate\":\"https:\/\/www.biocabaz.pt\/web\/en\/?s={search_term_string}\"},\"query-input\":{\"@type\":\"PropertyValueSpecification\",\"valueRequired\":true,\"valueName\":\"search_term_string\"}}],\"inLanguage\":\"pt-PT\"}]}<\/script>\n<!-- \/ Yoast SEO plugin. -->","yoast_head_json":{"title":"MINI CRACKERS DE ESPELTA SABOR PIZZA","description":"Mini crackers de espelta sabor pizza","robots":{"index":"index","follow":"follow","max-snippet":"max-snippet:-1","max-image-preview":"max-image-preview:large","max-video-preview":"max-video-preview:-1"},"canonical":"https:\/\/biocabaz.pt\/web\/produto\/mini-crackers-de-espelta-sabor-pizza-2\/","og_locale":"pt_PT","og_type":"article","og_title":"[:en]MINI SPELT CRACKERS PIZZA FLAVOR 250G[:pt]MINI CRACKERS DE ESPELTA SABOR PIZZA[:] - BIOCABAZ - CABAZES BIOL\u00d3GICOS","og_description":"Mini crackers de espelta sabor pizza","og_url":"https:\/\/biocabaz.pt\/web\/produto\/mini-crackers-de-espelta-sabor-pizza-2\/","og_site_name":"BIOCABAZ - CABAZES BIOL\u00d3GICOS","article_modified_time":"2023-04-15T13:43:13+00:00","og_image":[{"width":600,"height":800,"url":"https:\/\/www.biocabaz.pt\/web\/wp-conteudos\/uploads\/2018\/03\/pizza.jpg","type":"image\/jpeg"}],"twitter_card":"summary_large_image","twitter_misc":{"Est. reading time":"1 minuto"},"schema":{"@context":"https:\/\/schema.org","@graph":[{"@type":"WebPage","@id":"https:\/\/biocabaz.pt\/web\/en\/produto\/mini-crackers-de-espelta-sabor-pizza-2\/","url":"https:\/\/biocabaz.pt\/web\/en\/produto\/mini-crackers-de-espelta-sabor-pizza-2\/","name":"MINI CRACKERS DE ESPELTA SABOR PIZZA","isPartOf":{"@id":"https:\/\/www.biocabaz.pt\/web\/en\/#website"},"primaryImageOfPage":{"@id":"https:\/\/biocabaz.pt\/web\/en\/produto\/mini-crackers-de-espelta-sabor-pizza-2\/#primaryimage"},"image":{"@id":"https:\/\/biocabaz.pt\/web\/en\/produto\/mini-crackers-de-espelta-sabor-pizza-2\/#primaryimage"},"thumbnailUrl":"https:\/\/www.biocabaz.pt\/web\/wp-conteudos\/uploads\/2018\/03\/pizza.jpg","datePublished":"2018-03-04T22:30:18+00:00","dateModified":"2023-04-15T13:43:13+00:00","description":"Mini crackers de espelta sabor pizza","breadcrumb":{"@id":"https:\/\/biocabaz.pt\/web\/en\/produto\/mini-crackers-de-espelta-sabor-pizza-2\/#breadcrumb"},"inLanguage":"pt-PT","potentialAction":[{"@type":"ReadAction","target":["https:\/\/biocabaz.pt\/web\/en\/produto\/mini-crackers-de-espelta-sabor-pizza-2\/"]}]},{"@type":"ImageObject","inLanguage":"pt-PT","@id":"https:\/\/biocabaz.pt\/web\/en\/produto\/mini-crackers-de-espelta-sabor-pizza-2\/#primaryimage","url":"https:\/\/www.biocabaz.pt\/web\/wp-conteudos\/uploads\/2018\/03\/pizza.jpg","contentUrl":"https:\/\/www.biocabaz.pt\/web\/wp-conteudos\/uploads\/2018\/03\/pizza.jpg","width":600,"height":800,"caption":"Mini crackers de espelta sabor pizza"},{"@type":"BreadcrumbList","@id":"https:\/\/biocabaz.pt\/web\/en\/produto\/mini-crackers-de-espelta-sabor-pizza-2\/#breadcrumb","itemListElement":[{"@type":"ListItem","position":1,"name":"Home","item":"https:\/\/www.biocabaz.pt\/web\/en\/"},{"@type":"ListItem","position":2,"name":"Shop","item":"https:\/\/www.biocabaz.pt\/web\/en\/shop\/"},{"@type":"ListItem","position":3,"name":"MINI SPELT CRACKERS PIZZA FLAVOR 250G"}]},{"@type":"WebSite","@id":"https:\/\/www.biocabaz.pt\/web\/en\/#website","url":"https:\/\/www.biocabaz.pt\/web\/en\/","name":"BIOCABAZ - CABAZES BIOL\u00d3GICOS","description":"O melhor que a terra d\u00e1 \u00e9 para si","potentialAction":[{"@type":"SearchAction","target":{"@type":"EntryPoint","urlTemplate":"https:\/\/www.biocabaz.pt\/web\/en\/?s={search_term_string}"},"query-input":{"@type":"PropertyValueSpecification","valueRequired":true,"valueName":"search_term_string"}}],"inLanguage":"pt-PT"}]}},"_links":{"self":[{"href":"https:\/\/biocabaz.pt\/web\/wp-json\/wp\/v2\/product\/5954","targetHints":{"allow":["GET"]}}],"collection":[{"href":"https:\/\/biocabaz.pt\/web\/wp-json\/wp\/v2\/product"}],"about":[{"href":"https:\/\/biocabaz.pt\/web\/wp-json\/wp\/v2\/types\/product"}],"replies":[{"embeddable":true,"href":"https:\/\/biocabaz.pt\/web\/wp-json\/wp\/v2\/comments?post=5954"}],"wp:featuredmedia":[{"embeddable":true,"href":"https:\/\/biocabaz.pt\/web\/wp-json\/wp\/v2\/media\/5955"}],"wp:attachment":[{"href":"https:\/\/biocabaz.pt\/web\/wp-json\/wp\/v2\/media?parent=5954"}],"wp:term":[{"taxonomy":"product_cat","embeddable":true,"href":"https:\/\/biocabaz.pt\/web\/wp-json\/wp\/v2\/product_cat?post=5954"},{"taxonomy":"product_tag","embeddable":true,"href":"https:\/\/biocabaz.pt\/web\/wp-json\/wp\/v2\/product_tag?post=5954"}],"curies":[{"name":"wp","href":"https:\/\/api.w.org\/{rel}","templated":true}]}}