{"id":5952,"date":"2018-03-04T22:28:50","date_gmt":"2018-03-04T22:28:50","guid":{"rendered":"https:\/\/www.biocabaz.pt\/web\/produto\/mini-crackers-espelta-ccurcuma-e-pimenta-preta\/"},"modified":"2023-04-15T13:43:25","modified_gmt":"2023-04-15T13:43:25","slug":"mini-crackers-espelta-ccurcuma-e-pimenta-preta","status":"publish","type":"product","link":"https:\/\/biocabaz.pt\/web\/produto\/mini-crackers-espelta-ccurcuma-e-pimenta-preta\/","title":{"rendered":"MINI CRACKERS ESPELTA C\/CURCUMA E PIMENTA PRETA"},"content":{"rendered":"<p><strong>Descri\u00e7\u00e3o <\/strong><br \/>\n\t\t\t\tIngredientes: Farinha de espelta * (81%), \u00f3leo de milho *, a\u00e7afr\u00e3o * (3%), xarope de milho *, sal, levedura de cerveja, pimenta preta * (0,2%). * Agricultura biol\u00f3gica.<\/p>\n<p><strong>Dados Nutricionais<\/strong><br \/>\n\t\t\t\tDeclara\u00e7\u00e3o Nutricional por 100g:<br \/> Energia: 421 kcal\/1774 kj;<br \/> Carboidratos: 68 gr;<br \/> Prote\u00ednas: 11gr;<br \/> Gordura: 11g;<br \/> Fibra: 3g;<br \/> S\u00f3dio: 2,3g.\n<\/p>\n<p><strong>Modo Utiliza\u00e7\u00e3o<\/strong><br \/>Ideal para preparar canap\u00e9s coloridos ou combinar com hummus vegetal, tahine ou amasake. Conservar em local seco e fresco.<\/p>\n","protected":false},"excerpt":{"rendered":"<p>Descri\u00e7\u00e3o Ingredientes: Farinha de espelta * (81%), \u00f3leo de milho *, a\u00e7afr\u00e3o * (3%), xarope de milho *, sal, levedura de cerveja, pimenta preta * (0,2%). * Agricultura biol\u00f3gica. Dados Nutricionais Declara\u00e7\u00e3o Nutricional por 100g: Energia: 421 kcal\/1774 kj; Carboidratos: 68 gr; Prote\u00ednas: 11gr; Gordura: 11g; Fibra: 3g; S\u00f3dio: 2,3g. Modo Utiliza\u00e7\u00e3oIdeal para preparar canap\u00e9s [&hellip;]<\/p>\n","protected":false},"featured_media":5956,"comment_status":"closed","ping_status":"closed","template":"","meta":[],"product_cat":[29],"product_tag":[],"class_list":["post-5952","product","type-product","status-publish","has-post-thumbnail","hentry","product_cat-bolachas_e_snacks"],"bundle_layout":"","bundled_by":[],"bundled_items":[],"yoast_head":"<!-- This site is optimized with the Yoast SEO plugin v26.3 - https:\/\/yoast.com\/wordpress\/plugins\/seo\/ -->\n<title>MINI CRACKERS ESPELTA C\/CURCUMA E PIMENTA PRETA<\/title>\n<meta name=\"description\" content=\"Mini crackers espelta c\/curcuma e pimenta preta\" \/>\n<meta name=\"robots\" content=\"index, follow, max-snippet:-1, max-image-preview:large, max-video-preview:-1\" \/>\n<link rel=\"canonical\" href=\"https:\/\/www.biocabaz.pt\/web\/en\/produto\/mini-crackers-espelta-ccurcuma-e-pimenta-preta\/\" \/>\n<meta property=\"og:locale\" content=\"pt_PT\" \/>\n<meta property=\"og:locale:alternate\" content=\"en_US\" \/>\n<meta property=\"og:type\" content=\"article\" \/>\n<meta property=\"og:title\" content=\"MINI CRACKERS ESPELTA C\/CURCUMA E PIMENTA PRETA\" \/>\n<meta property=\"og:description\" content=\"Mini crackers espelta c\/curcuma e pimenta preta\" \/>\n<meta property=\"og:url\" content=\"https:\/\/biocabaz.pt\/web\/produto\/mini-crackers-espelta-ccurcuma-e-pimenta-preta\/\" \/>\n<meta property=\"og:site_name\" content=\"BIOCABAZ - CABAZES BIOL\u00d3GICOS\" \/>\n<meta property=\"article:modified_time\" content=\"2023-04-15T13:43:25+00:00\" \/>\n<meta property=\"og:image\" content=\"https:\/\/www.biocabaz.pt\/web\/wp-conteudos\/uploads\/2018\/03\/curcuma.jpg\" \/>\n\t<meta property=\"og:image:width\" content=\"600\" \/>\n\t<meta property=\"og:image:height\" content=\"800\" \/>\n\t<meta property=\"og:image:type\" content=\"image\/jpeg\" \/>\n<meta name=\"twitter:card\" content=\"summary_large_image\" \/>\n<meta name=\"twitter:label1\" content=\"Est. reading time\" \/>\n\t<meta name=\"twitter:data1\" content=\"1 minuto\" \/>\n<script type=\"application\/ld+json\" class=\"yoast-schema-graph\">{\"@context\":\"https:\/\/schema.org\",\"@graph\":[{\"@type\":\"WebPage\",\"@id\":\"https:\/\/www.biocabaz.pt\/web\/en\/produto\/mini-crackers-espelta-ccurcuma-e-pimenta-preta\/\",\"url\":\"https:\/\/www.biocabaz.pt\/web\/en\/produto\/mini-crackers-espelta-ccurcuma-e-pimenta-preta\/\",\"name\":\"MINI CRACKERS ESPELTA C\/CURCUMA E PIMENTA PRETA\",\"isPartOf\":{\"@id\":\"https:\/\/biocabaz.pt\/web\/#website\"},\"primaryImageOfPage\":{\"@id\":\"https:\/\/www.biocabaz.pt\/web\/en\/produto\/mini-crackers-espelta-ccurcuma-e-pimenta-preta\/#primaryimage\"},\"image\":{\"@id\":\"https:\/\/www.biocabaz.pt\/web\/en\/produto\/mini-crackers-espelta-ccurcuma-e-pimenta-preta\/#primaryimage\"},\"thumbnailUrl\":\"https:\/\/www.biocabaz.pt\/web\/wp-conteudos\/uploads\/2018\/03\/curcuma.jpg\",\"datePublished\":\"2018-03-04T22:28:50+00:00\",\"dateModified\":\"2023-04-15T13:43:25+00:00\",\"description\":\"Mini crackers espelta c\/curcuma e pimenta preta\",\"breadcrumb\":{\"@id\":\"https:\/\/www.biocabaz.pt\/web\/en\/produto\/mini-crackers-espelta-ccurcuma-e-pimenta-preta\/#breadcrumb\"},\"inLanguage\":\"pt-PT\",\"potentialAction\":[{\"@type\":\"ReadAction\",\"target\":[\"https:\/\/www.biocabaz.pt\/web\/en\/produto\/mini-crackers-espelta-ccurcuma-e-pimenta-preta\/\"]}]},{\"@type\":\"ImageObject\",\"inLanguage\":\"pt-PT\",\"@id\":\"https:\/\/www.biocabaz.pt\/web\/en\/produto\/mini-crackers-espelta-ccurcuma-e-pimenta-preta\/#primaryimage\",\"url\":\"https:\/\/www.biocabaz.pt\/web\/wp-conteudos\/uploads\/2018\/03\/curcuma.jpg\",\"contentUrl\":\"https:\/\/www.biocabaz.pt\/web\/wp-conteudos\/uploads\/2018\/03\/curcuma.jpg\",\"width\":600,\"height\":800,\"caption\":\"Mini crackers espelta c\/curcuma e pimenta preta\"},{\"@type\":\"BreadcrumbList\",\"@id\":\"https:\/\/www.biocabaz.pt\/web\/en\/produto\/mini-crackers-espelta-ccurcuma-e-pimenta-preta\/#breadcrumb\",\"itemListElement\":[{\"@type\":\"ListItem\",\"position\":1,\"name\":\"Home\",\"item\":\"https:\/\/biocabaz.pt\/web\/\"},{\"@type\":\"ListItem\",\"position\":2,\"name\":\"Loja\",\"item\":\"https:\/\/biocabaz.pt\/web\/shop\/\"},{\"@type\":\"ListItem\",\"position\":3,\"name\":\"MINI SPELT CRACKERS WITH CURCUMA AND PEPPER 250G\"}]},{\"@type\":\"WebSite\",\"@id\":\"https:\/\/biocabaz.pt\/web\/#website\",\"url\":\"https:\/\/biocabaz.pt\/web\/\",\"name\":\"BIOCABAZ - CABAZES BIOL\u00d3GICOS\",\"description\":\"O melhor que a terra d\u00e1 \u00e9 para si\",\"potentialAction\":[{\"@type\":\"SearchAction\",\"target\":{\"@type\":\"EntryPoint\",\"urlTemplate\":\"https:\/\/biocabaz.pt\/web\/?s={search_term_string}\"},\"query-input\":{\"@type\":\"PropertyValueSpecification\",\"valueRequired\":true,\"valueName\":\"search_term_string\"}}],\"inLanguage\":\"pt-PT\"}]}<\/script>\n<!-- \/ Yoast SEO plugin. -->","yoast_head_json":{"title":"MINI CRACKERS ESPELTA C\/CURCUMA E PIMENTA PRETA","description":"Mini crackers espelta c\/curcuma e pimenta preta","robots":{"index":"index","follow":"follow","max-snippet":"max-snippet:-1","max-image-preview":"max-image-preview:large","max-video-preview":"max-video-preview:-1"},"canonical":"https:\/\/www.biocabaz.pt\/web\/en\/produto\/mini-crackers-espelta-ccurcuma-e-pimenta-preta\/","og_locale":"pt_PT","og_type":"article","og_title":"[:en]MINI SPELT CRACKERS WITH CURCUMA AND PEPPER 250G[:pt]MINI CRACKERS ESPELTA C\/CURCUMA E PIMENTA PRETA[:] - BIOCABAZ - CABAZES BIOL\u00d3GICOS","og_description":"Mini crackers espelta c\/curcuma e pimenta preta","og_url":"https:\/\/biocabaz.pt\/web\/produto\/mini-crackers-espelta-ccurcuma-e-pimenta-preta\/","og_site_name":"BIOCABAZ - CABAZES BIOL\u00d3GICOS","article_modified_time":"2023-04-15T13:43:25+00:00","og_image":[{"width":600,"height":800,"url":"https:\/\/www.biocabaz.pt\/web\/wp-conteudos\/uploads\/2018\/03\/curcuma.jpg","type":"image\/jpeg"}],"twitter_card":"summary_large_image","twitter_misc":{"Est. reading time":"1 minuto"},"schema":{"@context":"https:\/\/schema.org","@graph":[{"@type":"WebPage","@id":"https:\/\/www.biocabaz.pt\/web\/en\/produto\/mini-crackers-espelta-ccurcuma-e-pimenta-preta\/","url":"https:\/\/www.biocabaz.pt\/web\/en\/produto\/mini-crackers-espelta-ccurcuma-e-pimenta-preta\/","name":"MINI CRACKERS ESPELTA C\/CURCUMA E PIMENTA PRETA","isPartOf":{"@id":"https:\/\/biocabaz.pt\/web\/#website"},"primaryImageOfPage":{"@id":"https:\/\/www.biocabaz.pt\/web\/en\/produto\/mini-crackers-espelta-ccurcuma-e-pimenta-preta\/#primaryimage"},"image":{"@id":"https:\/\/www.biocabaz.pt\/web\/en\/produto\/mini-crackers-espelta-ccurcuma-e-pimenta-preta\/#primaryimage"},"thumbnailUrl":"https:\/\/www.biocabaz.pt\/web\/wp-conteudos\/uploads\/2018\/03\/curcuma.jpg","datePublished":"2018-03-04T22:28:50+00:00","dateModified":"2023-04-15T13:43:25+00:00","description":"Mini crackers espelta c\/curcuma e pimenta preta","breadcrumb":{"@id":"https:\/\/www.biocabaz.pt\/web\/en\/produto\/mini-crackers-espelta-ccurcuma-e-pimenta-preta\/#breadcrumb"},"inLanguage":"pt-PT","potentialAction":[{"@type":"ReadAction","target":["https:\/\/www.biocabaz.pt\/web\/en\/produto\/mini-crackers-espelta-ccurcuma-e-pimenta-preta\/"]}]},{"@type":"ImageObject","inLanguage":"pt-PT","@id":"https:\/\/www.biocabaz.pt\/web\/en\/produto\/mini-crackers-espelta-ccurcuma-e-pimenta-preta\/#primaryimage","url":"https:\/\/www.biocabaz.pt\/web\/wp-conteudos\/uploads\/2018\/03\/curcuma.jpg","contentUrl":"https:\/\/www.biocabaz.pt\/web\/wp-conteudos\/uploads\/2018\/03\/curcuma.jpg","width":600,"height":800,"caption":"Mini crackers espelta c\/curcuma e pimenta preta"},{"@type":"BreadcrumbList","@id":"https:\/\/www.biocabaz.pt\/web\/en\/produto\/mini-crackers-espelta-ccurcuma-e-pimenta-preta\/#breadcrumb","itemListElement":[{"@type":"ListItem","position":1,"name":"Home","item":"https:\/\/biocabaz.pt\/web\/"},{"@type":"ListItem","position":2,"name":"Loja","item":"https:\/\/biocabaz.pt\/web\/shop\/"},{"@type":"ListItem","position":3,"name":"MINI SPELT CRACKERS WITH CURCUMA AND PEPPER 250G"}]},{"@type":"WebSite","@id":"https:\/\/biocabaz.pt\/web\/#website","url":"https:\/\/biocabaz.pt\/web\/","name":"BIOCABAZ - CABAZES BIOL\u00d3GICOS","description":"O melhor que a terra d\u00e1 \u00e9 para si","potentialAction":[{"@type":"SearchAction","target":{"@type":"EntryPoint","urlTemplate":"https:\/\/biocabaz.pt\/web\/?s={search_term_string}"},"query-input":{"@type":"PropertyValueSpecification","valueRequired":true,"valueName":"search_term_string"}}],"inLanguage":"pt-PT"}]}},"_links":{"self":[{"href":"https:\/\/biocabaz.pt\/web\/wp-json\/wp\/v2\/product\/5952","targetHints":{"allow":["GET"]}}],"collection":[{"href":"https:\/\/biocabaz.pt\/web\/wp-json\/wp\/v2\/product"}],"about":[{"href":"https:\/\/biocabaz.pt\/web\/wp-json\/wp\/v2\/types\/product"}],"replies":[{"embeddable":true,"href":"https:\/\/biocabaz.pt\/web\/wp-json\/wp\/v2\/comments?post=5952"}],"wp:featuredmedia":[{"embeddable":true,"href":"https:\/\/biocabaz.pt\/web\/wp-json\/wp\/v2\/media\/5956"}],"wp:attachment":[{"href":"https:\/\/biocabaz.pt\/web\/wp-json\/wp\/v2\/media?parent=5952"}],"wp:term":[{"taxonomy":"product_cat","embeddable":true,"href":"https:\/\/biocabaz.pt\/web\/wp-json\/wp\/v2\/product_cat?post=5952"},{"taxonomy":"product_tag","embeddable":true,"href":"https:\/\/biocabaz.pt\/web\/wp-json\/wp\/v2\/product_tag?post=5952"}],"curies":[{"name":"wp","href":"https:\/\/api.w.org\/{rel}","templated":true}]}}