{"id":55432,"date":"2020-10-30T12:06:21","date_gmt":"2020-10-30T12:06:21","guid":{"rendered":"https:\/\/www.biocabaz.pt\/web\/?post_type=product&#038;p=55432"},"modified":"2022-10-02T08:13:54","modified_gmt":"2022-10-02T08:13:54","slug":"pure-fruta-doypack-maca-mirtilo-morango-s-glu","status":"publish","type":"product","link":"https:\/\/biocabaz.pt\/web\/produto\/pure-fruta-doypack-maca-mirtilo-morango-s-glu\/","title":{"rendered":"Pur\u00e9 Fruta\/Doypack Ma\u00e7\u00e3 Mirtilo Morango S\/Gl\u00faten"},"content":{"rendered":"<h3><strong>DESCRI\u00c7\u00c3O<\/strong><\/h3>\n<p>100% Pur\u00e9 de fruta Ma\u00e7\u00e3, Mirtilo e Morango BIO 100g. Ingredientes:Ma\u00e7\u00e3* (85%), Morango*(10%). Mirtilo* (5%). *De produ\u00e7\u00e3o biol\u00f3gica, IT-BIO-007, Agricultura UE\/N\u00e3o UE. Distribui\u00e7\u00e3o controlada por Certiplanet, PT-BIO-04. Sem conservantes, aromas. Sem a\u00e7\u00facares adicionados cont\u00e9m a\u00e7\u00facares naturalmente presentes. Oferece uma forma pr\u00e1tica e inovadora de consumir frutas de qualidade. Naturalmente isento de gl\u00faten. Vegan.<\/p>\n<h3><strong>DADOS NUTRICIONAIS<\/strong><\/h3>\n<p>Declara\u00e7\u00e3o Nutricional por 100g: Energia- 235kJ\/56kcal; L\u00edpidos- 0,2g, dos quais saturados- <0,01; Hidratos de Carbono-12,1g, dos quais a\u00e7\u00facares- 12,0g; Fibra- 2,0g; Prote\u00ednas- 0,5g; Sal- <0,01g.\n\n\n<h3><strong>MODO DE UTILIZA\u00c7\u00c3O<\/strong><\/h3>\n<p>Pronto a consumir a qualquer hora do dia ou como complemento \u00e0 sua refei\u00e7\u00e3o. CONVERSAR EM LOCAL SECO E FRESCO. UMA VEZ ABERTA A EMBALAGEM CONSERVAR NO FRIGOR\u00cdFICO E CONSUMIR EM 24 HORAS. N\u00e3o permita que as crian\u00e7as brinquem com a tampa sem supervis\u00e3o.<\/p>\n","protected":false},"excerpt":{"rendered":"<p>DESCRI\u00c7\u00c3O 100% Pur\u00e9 de fruta Ma\u00e7\u00e3, Mirtilo e Morango BIO 100g. Ingredientes:Ma\u00e7\u00e3* (85%), Morango*(10%). Mirtilo* (5%). *De produ\u00e7\u00e3o biol\u00f3gica, IT-BIO-007, Agricultura UE\/N\u00e3o UE. Distribui\u00e7\u00e3o controlada por Certiplanet, PT-BIO-04. Sem conservantes, aromas. Sem a\u00e7\u00facares adicionados cont\u00e9m a\u00e7\u00facares naturalmente presentes. Oferece uma forma pr\u00e1tica e inovadora de consumir frutas de qualidade. Naturalmente isento de gl\u00faten. Vegan. DADOS [&hellip;]<\/p>\n","protected":false},"featured_media":55433,"comment_status":"closed","ping_status":"closed","template":"","meta":[],"product_cat":[75,61,54],"product_tag":[],"class_list":["post-55432","product","type-product","status-publish","has-post-thumbnail","hentry","product_cat-sem-categoria","product_cat-sumos-snacks","product_cat-alimentos-sem-gluten"],"bundle_layout":"","bundled_by":[],"bundled_items":[],"yoast_head":"<!-- This site is optimized with the Yoast SEO plugin v26.3 - https:\/\/yoast.com\/wordpress\/plugins\/seo\/ -->\n<title>Pur\u00e9 Fruta\/Doypack Ma\u00e7\u00e3 Mirtilo Morango S\/Gl\u00faten<\/title>\n<meta name=\"description\" content=\"Pur\u00e9 Fruta\/Doypack Ma\u00e7\u00e3 Mirtilo Morango S\/Gl\u00faten\" \/>\n<meta name=\"robots\" content=\"index, follow, max-snippet:-1, max-image-preview:large, max-video-preview:-1\" \/>\n<link rel=\"canonical\" href=\"https:\/\/biocabaz.pt\/web\/produto\/pure-fruta-doypack-maca-mirtilo-morango-s-glu\/\" \/>\n<meta property=\"og:locale\" content=\"pt_PT\" \/>\n<meta property=\"og:locale:alternate\" content=\"en_US\" \/>\n<meta property=\"og:type\" content=\"article\" \/>\n<meta property=\"og:title\" content=\"Pur\u00e9 Fruta\/Doypack Ma\u00e7\u00e3 Mirtilo Morango S\/Gl\u00faten\" \/>\n<meta property=\"og:description\" content=\"Pur\u00e9 Fruta\/Doypack Ma\u00e7\u00e3 Mirtilo Morango S\/Gl\u00faten\" \/>\n<meta property=\"og:url\" content=\"https:\/\/biocabaz.pt\/web\/produto\/pure-fruta-doypack-maca-mirtilo-morango-s-glu\/\" \/>\n<meta property=\"og:site_name\" content=\"BIOCABAZ - CABAZES BIOL\u00d3GICOS\" \/>\n<meta property=\"article:modified_time\" content=\"2022-10-02T08:13:54+00:00\" \/>\n<meta property=\"og:image\" content=\"https:\/\/www.biocabaz.pt\/web\/wp-conteudos\/uploads\/2020\/10\/pure-frutadoypack-maca-mirtilo-morango-sgluten-e1604059544296.jpg\" \/>\n\t<meta property=\"og:image:width\" content=\"500\" \/>\n\t<meta property=\"og:image:height\" content=\"500\" \/>\n\t<meta property=\"og:image:type\" content=\"image\/jpeg\" \/>\n<meta name=\"twitter:card\" content=\"summary_large_image\" \/>\n<script type=\"application\/ld+json\" class=\"yoast-schema-graph\">{\"@context\":\"https:\/\/schema.org\",\"@graph\":[{\"@type\":\"WebPage\",\"@id\":\"https:\/\/biocabaz.pt\/web\/en\/produto\/pure-fruta-doypack-maca-mirtilo-morango-s-glu\/\",\"url\":\"https:\/\/biocabaz.pt\/web\/en\/produto\/pure-fruta-doypack-maca-mirtilo-morango-s-glu\/\",\"name\":\"Pur\u00e9 Fruta\/Doypack Ma\u00e7\u00e3 Mirtilo Morango S\/Gl\u00faten\",\"isPartOf\":{\"@id\":\"https:\/\/biocabaz.pt\/web\/#website\"},\"primaryImageOfPage\":{\"@id\":\"https:\/\/biocabaz.pt\/web\/en\/produto\/pure-fruta-doypack-maca-mirtilo-morango-s-glu\/#primaryimage\"},\"image\":{\"@id\":\"https:\/\/biocabaz.pt\/web\/en\/produto\/pure-fruta-doypack-maca-mirtilo-morango-s-glu\/#primaryimage\"},\"thumbnailUrl\":\"https:\/\/www.biocabaz.pt\/web\/wp-conteudos\/uploads\/2020\/10\/pure-frutadoypack-maca-mirtilo-morango-sgluten-e1604059544296.jpg\",\"datePublished\":\"2020-10-30T12:06:21+00:00\",\"dateModified\":\"2022-10-02T08:13:54+00:00\",\"description\":\"Pur\u00e9 Fruta\/Doypack Ma\u00e7\u00e3 Mirtilo Morango S\/Gl\u00faten\",\"breadcrumb\":{\"@id\":\"https:\/\/biocabaz.pt\/web\/en\/produto\/pure-fruta-doypack-maca-mirtilo-morango-s-glu\/#breadcrumb\"},\"inLanguage\":\"pt-PT\",\"potentialAction\":[{\"@type\":\"ReadAction\",\"target\":[\"https:\/\/biocabaz.pt\/web\/en\/produto\/pure-fruta-doypack-maca-mirtilo-morango-s-glu\/\"]}]},{\"@type\":\"ImageObject\",\"inLanguage\":\"pt-PT\",\"@id\":\"https:\/\/biocabaz.pt\/web\/en\/produto\/pure-fruta-doypack-maca-mirtilo-morango-s-glu\/#primaryimage\",\"url\":\"https:\/\/www.biocabaz.pt\/web\/wp-conteudos\/uploads\/2020\/10\/pure-frutadoypack-maca-mirtilo-morango-sgluten-e1604059544296.jpg\",\"contentUrl\":\"https:\/\/www.biocabaz.pt\/web\/wp-conteudos\/uploads\/2020\/10\/pure-frutadoypack-maca-mirtilo-morango-sgluten-e1604059544296.jpg\",\"width\":500,\"height\":500,\"caption\":\"XPur\u00e9 Fruta\/Doypack Ma\u00e7\u00e3 Mirtilo Morango S\/Gl\u00faten\"},{\"@type\":\"BreadcrumbList\",\"@id\":\"https:\/\/biocabaz.pt\/web\/en\/produto\/pure-fruta-doypack-maca-mirtilo-morango-s-glu\/#breadcrumb\",\"itemListElement\":[{\"@type\":\"ListItem\",\"position\":1,\"name\":\"Home\",\"item\":\"https:\/\/biocabaz.pt\/web\/\"},{\"@type\":\"ListItem\",\"position\":2,\"name\":\"Shop\",\"item\":\"https:\/\/www.biocabaz.pt\/web\/en\/shop\/\"},{\"@type\":\"ListItem\",\"position\":3,\"name\":\"DOYPACK GLUTEN-FREE APPLE, BLUBERRY AND STRAWBERRY PUREE\"}]},{\"@type\":\"WebSite\",\"@id\":\"https:\/\/biocabaz.pt\/web\/#website\",\"url\":\"https:\/\/biocabaz.pt\/web\/\",\"name\":\"BIOCABAZ - CABAZES BIOL\u00d3GICOS\",\"description\":\"O melhor que a terra d\u00e1 \u00e9 para si\",\"potentialAction\":[{\"@type\":\"SearchAction\",\"target\":{\"@type\":\"EntryPoint\",\"urlTemplate\":\"https:\/\/biocabaz.pt\/web\/?s={search_term_string}\"},\"query-input\":{\"@type\":\"PropertyValueSpecification\",\"valueRequired\":true,\"valueName\":\"search_term_string\"}}],\"inLanguage\":\"pt-PT\"}]}<\/script>\n<!-- \/ Yoast SEO plugin. -->","yoast_head_json":{"title":"Pur\u00e9 Fruta\/Doypack Ma\u00e7\u00e3 Mirtilo Morango S\/Gl\u00faten","description":"Pur\u00e9 Fruta\/Doypack Ma\u00e7\u00e3 Mirtilo Morango S\/Gl\u00faten","robots":{"index":"index","follow":"follow","max-snippet":"max-snippet:-1","max-image-preview":"max-image-preview:large","max-video-preview":"max-video-preview:-1"},"canonical":"https:\/\/biocabaz.pt\/web\/produto\/pure-fruta-doypack-maca-mirtilo-morango-s-glu\/","og_locale":"pt_PT","og_type":"article","og_title":"[:en]DOYPACK GLUTEN-FREE APPLE, BLUBERRY AND STRAWBERRY PUREE[:pt]Pur\u00e9 Fruta\/Doypack Ma\u00e7\u00e3 Mirtilo Morango S\/Gl\u00faten[:] - BIOCABAZ - CABAZES BIOL\u00d3GICOS","og_description":"Pur\u00e9 Fruta\/Doypack Ma\u00e7\u00e3 Mirtilo Morango S\/Gl\u00faten","og_url":"https:\/\/biocabaz.pt\/web\/produto\/pure-fruta-doypack-maca-mirtilo-morango-s-glu\/","og_site_name":"BIOCABAZ - CABAZES BIOL\u00d3GICOS","article_modified_time":"2022-10-02T08:13:54+00:00","og_image":[{"width":500,"height":500,"url":"https:\/\/www.biocabaz.pt\/web\/wp-conteudos\/uploads\/2020\/10\/pure-frutadoypack-maca-mirtilo-morango-sgluten-e1604059544296.jpg","type":"image\/jpeg"}],"twitter_card":"summary_large_image","schema":{"@context":"https:\/\/schema.org","@graph":[{"@type":"WebPage","@id":"https:\/\/biocabaz.pt\/web\/en\/produto\/pure-fruta-doypack-maca-mirtilo-morango-s-glu\/","url":"https:\/\/biocabaz.pt\/web\/en\/produto\/pure-fruta-doypack-maca-mirtilo-morango-s-glu\/","name":"Pur\u00e9 Fruta\/Doypack Ma\u00e7\u00e3 Mirtilo Morango S\/Gl\u00faten","isPartOf":{"@id":"https:\/\/biocabaz.pt\/web\/#website"},"primaryImageOfPage":{"@id":"https:\/\/biocabaz.pt\/web\/en\/produto\/pure-fruta-doypack-maca-mirtilo-morango-s-glu\/#primaryimage"},"image":{"@id":"https:\/\/biocabaz.pt\/web\/en\/produto\/pure-fruta-doypack-maca-mirtilo-morango-s-glu\/#primaryimage"},"thumbnailUrl":"https:\/\/www.biocabaz.pt\/web\/wp-conteudos\/uploads\/2020\/10\/pure-frutadoypack-maca-mirtilo-morango-sgluten-e1604059544296.jpg","datePublished":"2020-10-30T12:06:21+00:00","dateModified":"2022-10-02T08:13:54+00:00","description":"Pur\u00e9 Fruta\/Doypack Ma\u00e7\u00e3 Mirtilo Morango S\/Gl\u00faten","breadcrumb":{"@id":"https:\/\/biocabaz.pt\/web\/en\/produto\/pure-fruta-doypack-maca-mirtilo-morango-s-glu\/#breadcrumb"},"inLanguage":"pt-PT","potentialAction":[{"@type":"ReadAction","target":["https:\/\/biocabaz.pt\/web\/en\/produto\/pure-fruta-doypack-maca-mirtilo-morango-s-glu\/"]}]},{"@type":"ImageObject","inLanguage":"pt-PT","@id":"https:\/\/biocabaz.pt\/web\/en\/produto\/pure-fruta-doypack-maca-mirtilo-morango-s-glu\/#primaryimage","url":"https:\/\/www.biocabaz.pt\/web\/wp-conteudos\/uploads\/2020\/10\/pure-frutadoypack-maca-mirtilo-morango-sgluten-e1604059544296.jpg","contentUrl":"https:\/\/www.biocabaz.pt\/web\/wp-conteudos\/uploads\/2020\/10\/pure-frutadoypack-maca-mirtilo-morango-sgluten-e1604059544296.jpg","width":500,"height":500,"caption":"XPur\u00e9 Fruta\/Doypack Ma\u00e7\u00e3 Mirtilo Morango S\/Gl\u00faten"},{"@type":"BreadcrumbList","@id":"https:\/\/biocabaz.pt\/web\/en\/produto\/pure-fruta-doypack-maca-mirtilo-morango-s-glu\/#breadcrumb","itemListElement":[{"@type":"ListItem","position":1,"name":"Home","item":"https:\/\/biocabaz.pt\/web\/"},{"@type":"ListItem","position":2,"name":"Shop","item":"https:\/\/www.biocabaz.pt\/web\/en\/shop\/"},{"@type":"ListItem","position":3,"name":"DOYPACK GLUTEN-FREE APPLE, BLUBERRY AND STRAWBERRY PUREE"}]},{"@type":"WebSite","@id":"https:\/\/biocabaz.pt\/web\/#website","url":"https:\/\/biocabaz.pt\/web\/","name":"BIOCABAZ - CABAZES BIOL\u00d3GICOS","description":"O melhor que a terra d\u00e1 \u00e9 para si","potentialAction":[{"@type":"SearchAction","target":{"@type":"EntryPoint","urlTemplate":"https:\/\/biocabaz.pt\/web\/?s={search_term_string}"},"query-input":{"@type":"PropertyValueSpecification","valueRequired":true,"valueName":"search_term_string"}}],"inLanguage":"pt-PT"}]}},"_links":{"self":[{"href":"https:\/\/biocabaz.pt\/web\/wp-json\/wp\/v2\/product\/55432","targetHints":{"allow":["GET"]}}],"collection":[{"href":"https:\/\/biocabaz.pt\/web\/wp-json\/wp\/v2\/product"}],"about":[{"href":"https:\/\/biocabaz.pt\/web\/wp-json\/wp\/v2\/types\/product"}],"replies":[{"embeddable":true,"href":"https:\/\/biocabaz.pt\/web\/wp-json\/wp\/v2\/comments?post=55432"}],"wp:featuredmedia":[{"embeddable":true,"href":"https:\/\/biocabaz.pt\/web\/wp-json\/wp\/v2\/media\/55433"}],"wp:attachment":[{"href":"https:\/\/biocabaz.pt\/web\/wp-json\/wp\/v2\/media?parent=55432"}],"wp:term":[{"taxonomy":"product_cat","embeddable":true,"href":"https:\/\/biocabaz.pt\/web\/wp-json\/wp\/v2\/product_cat?post=55432"},{"taxonomy":"product_tag","embeddable":true,"href":"https:\/\/biocabaz.pt\/web\/wp-json\/wp\/v2\/product_tag?post=55432"}],"curies":[{"name":"wp","href":"https:\/\/api.w.org\/{rel}","templated":true}]}}