{"id":554,"date":"2016-04-08T09:47:47","date_gmt":"2016-04-08T09:47:47","guid":{"rendered":"http:\/\/www.biocabaz.com\/web\/produto\/diospiro-de-roer\/"},"modified":"2025-11-21T14:13:32","modified_gmt":"2025-11-21T14:13:32","slug":"diospiro-de-roer-bio-nacional","status":"publish","type":"product","link":"https:\/\/biocabaz.pt\/web\/produto\/diospiro-de-roer-bio-nacional\/","title":{"rendered":"DIOSPIRO DE ROER BIO"},"content":{"rendered":"<p>Origem Espanha<\/p>\n","protected":false},"excerpt":{"rendered":"<p>Origem Espanha<\/p>\n","protected":false},"featured_media":10042,"comment_status":"open","ping_status":"closed","template":"","meta":[],"product_cat":[10],"product_tag":[],"class_list":["post-554","product","type-product","status-publish","has-post-thumbnail","hentry","product_cat-frutas"],"bundle_layout":"","bundled_by":[],"bundled_items":[],"yoast_head":"<!-- This site is optimized with the Yoast SEO plugin v26.3 - https:\/\/yoast.com\/wordpress\/plugins\/seo\/ -->\n<title>DIOSPIRO DE ROER BIO<\/title>\n<meta name=\"description\" content=\"DIOSPIRO DE ROER BIO NACIONAL\" \/>\n<meta name=\"robots\" content=\"index, follow, max-snippet:-1, max-image-preview:large, max-video-preview:-1\" \/>\n<link rel=\"canonical\" href=\"https:\/\/biocabaz.pt\/web\/produto\/diospiro-de-roer-bio-nacional\/\" \/>\n<meta property=\"og:locale\" content=\"pt_PT\" \/>\n<meta property=\"og:locale:alternate\" content=\"en_US\" \/>\n<meta property=\"og:type\" content=\"article\" \/>\n<meta property=\"og:title\" content=\"DIOSPIRO DE ROER BIO\" \/>\n<meta property=\"og:description\" content=\"DIOSPIRO DE ROER BIO NACIONAL\" \/>\n<meta property=\"og:url\" content=\"https:\/\/biocabaz.pt\/web\/produto\/diospiro-de-roer-bio-nacional\/\" \/>\n<meta property=\"og:site_name\" content=\"BIOCABAZ - CABAZES BIOL\u00d3GICOS\" \/>\n<meta property=\"article:modified_time\" content=\"2025-11-21T14:13:32+00:00\" \/>\n<meta property=\"og:image\" content=\"https:\/\/www.biocabaz.pt\/web\/wp-conteudos\/uploads\/2016\/04\/DIOSPIRO-ROER-BIO-NACIONAL-1.jpg\" \/>\n\t<meta property=\"og:image:width\" content=\"422\" \/>\n\t<meta property=\"og:image:height\" content=\"422\" \/>\n\t<meta property=\"og:image:type\" content=\"image\/jpeg\" \/>\n<meta name=\"twitter:card\" content=\"summary_large_image\" \/>\n<meta name=\"twitter:label1\" content=\"Est. reading time\" \/>\n\t<meta name=\"twitter:data1\" content=\"1 minuto\" \/>\n<script type=\"application\/ld+json\" class=\"yoast-schema-graph\">{\"@context\":\"https:\/\/schema.org\",\"@graph\":[{\"@type\":\"WebPage\",\"@id\":\"https:\/\/biocabaz.pt\/web\/en\/produto\/diospiro-de-roer-bio-nacional\/\",\"url\":\"https:\/\/biocabaz.pt\/web\/en\/produto\/diospiro-de-roer-bio-nacional\/\",\"name\":\"DIOSPIRO DE ROER BIO\",\"isPartOf\":{\"@id\":\"https:\/\/biocabaz.pt\/web\/en\/#website\"},\"primaryImageOfPage\":{\"@id\":\"https:\/\/biocabaz.pt\/web\/en\/produto\/diospiro-de-roer-bio-nacional\/#primaryimage\"},\"image\":{\"@id\":\"https:\/\/biocabaz.pt\/web\/en\/produto\/diospiro-de-roer-bio-nacional\/#primaryimage\"},\"thumbnailUrl\":\"https:\/\/www.biocabaz.pt\/web\/wp-conteudos\/uploads\/2016\/04\/DIOSPIRO-ROER-BIO-NACIONAL-1.jpg\",\"datePublished\":\"2016-04-08T09:47:47+00:00\",\"dateModified\":\"2025-11-21T14:13:32+00:00\",\"description\":\"DIOSPIRO DE ROER BIO NACIONAL\",\"breadcrumb\":{\"@id\":\"https:\/\/biocabaz.pt\/web\/en\/produto\/diospiro-de-roer-bio-nacional\/#breadcrumb\"},\"inLanguage\":\"pt-PT\",\"potentialAction\":[{\"@type\":\"ReadAction\",\"target\":[\"https:\/\/biocabaz.pt\/web\/en\/produto\/diospiro-de-roer-bio-nacional\/\"]}]},{\"@type\":\"ImageObject\",\"inLanguage\":\"pt-PT\",\"@id\":\"https:\/\/biocabaz.pt\/web\/en\/produto\/diospiro-de-roer-bio-nacional\/#primaryimage\",\"url\":\"https:\/\/www.biocabaz.pt\/web\/wp-conteudos\/uploads\/2016\/04\/DIOSPIRO-ROER-BIO-NACIONAL-1.jpg\",\"contentUrl\":\"https:\/\/www.biocabaz.pt\/web\/wp-conteudos\/uploads\/2016\/04\/DIOSPIRO-ROER-BIO-NACIONAL-1.jpg\",\"width\":422,\"height\":422,\"caption\":\"DIOSPIRO ROER\"},{\"@type\":\"BreadcrumbList\",\"@id\":\"https:\/\/biocabaz.pt\/web\/en\/produto\/diospiro-de-roer-bio-nacional\/#breadcrumb\",\"itemListElement\":[{\"@type\":\"ListItem\",\"position\":1,\"name\":\"Home\",\"item\":\"https:\/\/biocabaz.pt\/web\/en\/\"},{\"@type\":\"ListItem\",\"position\":2,\"name\":\"Shop\",\"item\":\"https:\/\/biocabaz.pt\/web\/en\/shop\/\"},{\"@type\":\"ListItem\",\"position\":3,\"name\":\"Organic fuyu persimmon\"}]},{\"@type\":\"WebSite\",\"@id\":\"https:\/\/biocabaz.pt\/web\/en\/#website\",\"url\":\"https:\/\/biocabaz.pt\/web\/en\/\",\"name\":\"BIOCABAZ - CABAZES BIOL\u00d3GICOS\",\"description\":\"O melhor que a terra d\u00e1 \u00e9 para si\",\"potentialAction\":[{\"@type\":\"SearchAction\",\"target\":{\"@type\":\"EntryPoint\",\"urlTemplate\":\"https:\/\/biocabaz.pt\/web\/en\/?s={search_term_string}\"},\"query-input\":{\"@type\":\"PropertyValueSpecification\",\"valueRequired\":true,\"valueName\":\"search_term_string\"}}],\"inLanguage\":\"pt-PT\"}]}<\/script>\n<!-- \/ Yoast SEO plugin. -->","yoast_head_json":{"title":"DIOSPIRO DE ROER BIO","description":"DIOSPIRO DE ROER BIO NACIONAL","robots":{"index":"index","follow":"follow","max-snippet":"max-snippet:-1","max-image-preview":"max-image-preview:large","max-video-preview":"max-video-preview:-1"},"canonical":"https:\/\/biocabaz.pt\/web\/produto\/diospiro-de-roer-bio-nacional\/","og_locale":"pt_PT","og_type":"article","og_title":"[:en]Organic fuyu persimmon[:pt]DIOSPIRO DE ROER BIO[:] - BIOCABAZ - CABAZES BIOL\u00d3GICOS","og_description":"DIOSPIRO DE ROER BIO NACIONAL","og_url":"https:\/\/biocabaz.pt\/web\/produto\/diospiro-de-roer-bio-nacional\/","og_site_name":"BIOCABAZ - CABAZES BIOL\u00d3GICOS","article_modified_time":"2025-11-21T14:13:32+00:00","og_image":[{"width":422,"height":422,"url":"https:\/\/www.biocabaz.pt\/web\/wp-conteudos\/uploads\/2016\/04\/DIOSPIRO-ROER-BIO-NACIONAL-1.jpg","type":"image\/jpeg"}],"twitter_card":"summary_large_image","twitter_misc":{"Est. reading time":"1 minuto"},"schema":{"@context":"https:\/\/schema.org","@graph":[{"@type":"WebPage","@id":"https:\/\/biocabaz.pt\/web\/en\/produto\/diospiro-de-roer-bio-nacional\/","url":"https:\/\/biocabaz.pt\/web\/en\/produto\/diospiro-de-roer-bio-nacional\/","name":"DIOSPIRO DE ROER BIO","isPartOf":{"@id":"https:\/\/biocabaz.pt\/web\/en\/#website"},"primaryImageOfPage":{"@id":"https:\/\/biocabaz.pt\/web\/en\/produto\/diospiro-de-roer-bio-nacional\/#primaryimage"},"image":{"@id":"https:\/\/biocabaz.pt\/web\/en\/produto\/diospiro-de-roer-bio-nacional\/#primaryimage"},"thumbnailUrl":"https:\/\/www.biocabaz.pt\/web\/wp-conteudos\/uploads\/2016\/04\/DIOSPIRO-ROER-BIO-NACIONAL-1.jpg","datePublished":"2016-04-08T09:47:47+00:00","dateModified":"2025-11-21T14:13:32+00:00","description":"DIOSPIRO DE ROER BIO NACIONAL","breadcrumb":{"@id":"https:\/\/biocabaz.pt\/web\/en\/produto\/diospiro-de-roer-bio-nacional\/#breadcrumb"},"inLanguage":"pt-PT","potentialAction":[{"@type":"ReadAction","target":["https:\/\/biocabaz.pt\/web\/en\/produto\/diospiro-de-roer-bio-nacional\/"]}]},{"@type":"ImageObject","inLanguage":"pt-PT","@id":"https:\/\/biocabaz.pt\/web\/en\/produto\/diospiro-de-roer-bio-nacional\/#primaryimage","url":"https:\/\/www.biocabaz.pt\/web\/wp-conteudos\/uploads\/2016\/04\/DIOSPIRO-ROER-BIO-NACIONAL-1.jpg","contentUrl":"https:\/\/www.biocabaz.pt\/web\/wp-conteudos\/uploads\/2016\/04\/DIOSPIRO-ROER-BIO-NACIONAL-1.jpg","width":422,"height":422,"caption":"DIOSPIRO ROER"},{"@type":"BreadcrumbList","@id":"https:\/\/biocabaz.pt\/web\/en\/produto\/diospiro-de-roer-bio-nacional\/#breadcrumb","itemListElement":[{"@type":"ListItem","position":1,"name":"Home","item":"https:\/\/biocabaz.pt\/web\/en\/"},{"@type":"ListItem","position":2,"name":"Shop","item":"https:\/\/biocabaz.pt\/web\/en\/shop\/"},{"@type":"ListItem","position":3,"name":"Organic fuyu persimmon"}]},{"@type":"WebSite","@id":"https:\/\/biocabaz.pt\/web\/en\/#website","url":"https:\/\/biocabaz.pt\/web\/en\/","name":"BIOCABAZ - CABAZES BIOL\u00d3GICOS","description":"O melhor que a terra d\u00e1 \u00e9 para si","potentialAction":[{"@type":"SearchAction","target":{"@type":"EntryPoint","urlTemplate":"https:\/\/biocabaz.pt\/web\/en\/?s={search_term_string}"},"query-input":{"@type":"PropertyValueSpecification","valueRequired":true,"valueName":"search_term_string"}}],"inLanguage":"pt-PT"}]}},"_links":{"self":[{"href":"https:\/\/biocabaz.pt\/web\/wp-json\/wp\/v2\/product\/554","targetHints":{"allow":["GET"]}}],"collection":[{"href":"https:\/\/biocabaz.pt\/web\/wp-json\/wp\/v2\/product"}],"about":[{"href":"https:\/\/biocabaz.pt\/web\/wp-json\/wp\/v2\/types\/product"}],"replies":[{"embeddable":true,"href":"https:\/\/biocabaz.pt\/web\/wp-json\/wp\/v2\/comments?post=554"}],"wp:featuredmedia":[{"embeddable":true,"href":"https:\/\/biocabaz.pt\/web\/wp-json\/wp\/v2\/media\/10042"}],"wp:attachment":[{"href":"https:\/\/biocabaz.pt\/web\/wp-json\/wp\/v2\/media?parent=554"}],"wp:term":[{"taxonomy":"product_cat","embeddable":true,"href":"https:\/\/biocabaz.pt\/web\/wp-json\/wp\/v2\/product_cat?post=554"},{"taxonomy":"product_tag","embeddable":true,"href":"https:\/\/biocabaz.pt\/web\/wp-json\/wp\/v2\/product_tag?post=554"}],"curies":[{"name":"wp","href":"https:\/\/api.w.org\/{rel}","templated":true}]}}