{"id":5310,"date":"2017-12-18T09:08:18","date_gmt":"2017-12-18T09:08:18","guid":{"rendered":"https:\/\/www.biocabaz.pt\/web\/produto\/miolo-de-pinhao-bioselection-100gr\/"},"modified":"2020-09-05T07:18:34","modified_gmt":"2020-09-05T07:18:34","slug":"miolo-de-pinhao-bioselection-100gr","status":"publish","type":"product","link":"https:\/\/biocabaz.pt\/web\/produto\/miolo-de-pinhao-bioselection-100gr\/","title":{"rendered":"MIOLO DE PINH\u00c3O BIOSELECTION 100GR"},"content":{"rendered":"<p><strong>Descri\u00e7\u00e3o <\/strong><br \/>\n\t\t\t\tIngredientes: Pinh\u00e3o de produ\u00e7\u00e3o biol\u00f3gica. Origem: Portugal. Alto teor em gorduras insaturadas, rico em ferro e fonte de magn\u00e9sio.<\/p>\n<p><strong>Dados Nutricionais<\/strong><br \/>\n\t\t\t\tDeclara\u00e7\u00e3o Nutricional por 100g:<br \/> Energia: 2953kJ\/ 715kcal (35%*);<br \/> L\u00edpidos: 68,4g (97,7%*) &#8211;  dos quais saturados: 4,9g (24,5%*) &#8211; dos quais monoinsaturados: 18,7g &#8211; dos quais polinsaturados: 34,1g;<br \/> Hidratos de carbono: 9,4g (3,6%*);<br \/> dos quais a\u00e7\u00facares: 3,6g (4,0%*);<br \/> Fibra: 3,7g (14,8%*);<br \/> Prote\u00ednas: 13,7 (27,4%*);<br \/> Sal: 0,01g (0,17%*);<br \/> Ferro: 5,5mg (39%**);<br \/> Magn\u00e9sio: 251mg (67%**). *Dose de refer\u00eancia para um adulto m\u00e9dio (8400kJ\/ 2000kcal). **VRN: Valor de refer\u00eancia do Nutriente.<\/p>\n<p><strong>Modo Utiliza\u00e7\u00e3o<\/strong><br \/>Pronto a consumir como snack no intervalo das refei\u00e7\u00f5es ou na elabora\u00e7\u00e3o das suas receitas favoritas. Conservar em local seco e fresco.<\/p>\n","protected":false},"excerpt":{"rendered":"<p>Descri\u00e7\u00e3o Ingredientes: Pinh\u00e3o de produ\u00e7\u00e3o biol\u00f3gica. Origem: Portugal. Alto teor em gorduras insaturadas, rico em ferro e fonte de magn\u00e9sio. Dados Nutricionais Declara\u00e7\u00e3o Nutricional por 100g: Energia: 2953kJ\/ 715kcal (35%*); L\u00edpidos: 68,4g (97,7%*) &#8211; dos quais saturados: 4,9g (24,5%*) &#8211; dos quais monoinsaturados: 18,7g &#8211; dos quais polinsaturados: 34,1g; Hidratos de carbono: 9,4g (3,6%*); dos [&hellip;]<\/p>\n","protected":false},"featured_media":5311,"comment_status":"closed","ping_status":"closed","template":"","meta":[],"product_cat":[51],"product_tag":[],"class_list":["post-5310","product","type-product","status-publish","has-post-thumbnail","hentry","product_cat-frutos-secos"],"bundle_layout":"","bundled_by":[],"bundled_items":[],"yoast_head":"<!-- This site is optimized with the Yoast SEO plugin v26.3 - https:\/\/yoast.com\/wordpress\/plugins\/seo\/ -->\n<title>MIOLO DE PINH\u00c3O BIOSELECTION 100GR<\/title>\n<meta name=\"description\" content=\"MIOLO DE PINH\u00c3O BIOSELECTION 100GR\" \/>\n<meta name=\"robots\" content=\"index, follow, max-snippet:-1, max-image-preview:large, max-video-preview:-1\" \/>\n<link rel=\"canonical\" href=\"https:\/\/www.biocabaz.pt\/web\/produto\/miolo-de-pinhao-bioselection-100gr\/\" \/>\n<meta property=\"og:locale\" content=\"pt_PT\" \/>\n<meta property=\"og:locale:alternate\" content=\"en_US\" \/>\n<meta property=\"og:type\" content=\"article\" \/>\n<meta property=\"og:title\" content=\"MIOLO DE PINH\u00c3O BIOSELECTION 100GR\" \/>\n<meta property=\"og:description\" content=\"MIOLO DE PINH\u00c3O BIOSELECTION 100GR\" \/>\n<meta property=\"og:url\" content=\"https:\/\/biocabaz.pt\/web\/produto\/miolo-de-pinhao-bioselection-100gr\/\" \/>\n<meta property=\"og:site_name\" content=\"BIOCABAZ - CABAZES BIOL\u00d3GICOS\" \/>\n<meta property=\"article:modified_time\" content=\"2020-09-05T07:18:34+00:00\" \/>\n<meta property=\"og:image\" content=\"https:\/\/www.biocabaz.pt\/web\/wp-conteudos\/uploads\/2017\/12\/PINHOES.jpg\" \/>\n\t<meta property=\"og:image:width\" content=\"800\" \/>\n\t<meta property=\"og:image:height\" content=\"800\" \/>\n\t<meta property=\"og:image:type\" content=\"image\/jpeg\" \/>\n<meta name=\"twitter:card\" content=\"summary_large_image\" \/>\n<meta name=\"twitter:label1\" content=\"Est. reading time\" \/>\n\t<meta name=\"twitter:data1\" content=\"1 minuto\" \/>\n<script type=\"application\/ld+json\" class=\"yoast-schema-graph\">{\"@context\":\"https:\/\/schema.org\",\"@graph\":[{\"@type\":\"WebPage\",\"@id\":\"https:\/\/www.biocabaz.pt\/web\/produto\/miolo-de-pinhao-bioselection-100gr\/\",\"url\":\"https:\/\/www.biocabaz.pt\/web\/produto\/miolo-de-pinhao-bioselection-100gr\/\",\"name\":\"MIOLO DE PINH\u00c3O BIOSELECTION 100GR\",\"isPartOf\":{\"@id\":\"https:\/\/biocabaz.pt\/web\/#website\"},\"primaryImageOfPage\":{\"@id\":\"https:\/\/www.biocabaz.pt\/web\/produto\/miolo-de-pinhao-bioselection-100gr\/#primaryimage\"},\"image\":{\"@id\":\"https:\/\/www.biocabaz.pt\/web\/produto\/miolo-de-pinhao-bioselection-100gr\/#primaryimage\"},\"thumbnailUrl\":\"https:\/\/www.biocabaz.pt\/web\/wp-conteudos\/uploads\/2017\/12\/PINHOES.jpg\",\"datePublished\":\"2017-12-18T09:08:18+00:00\",\"dateModified\":\"2020-09-05T07:18:34+00:00\",\"description\":\"MIOLO DE PINH\u00c3O BIOSELECTION 100GR\",\"breadcrumb\":{\"@id\":\"https:\/\/www.biocabaz.pt\/web\/produto\/miolo-de-pinhao-bioselection-100gr\/#breadcrumb\"},\"inLanguage\":\"pt-PT\",\"potentialAction\":[{\"@type\":\"ReadAction\",\"target\":[\"https:\/\/www.biocabaz.pt\/web\/produto\/miolo-de-pinhao-bioselection-100gr\/\"]}]},{\"@type\":\"ImageObject\",\"inLanguage\":\"pt-PT\",\"@id\":\"https:\/\/www.biocabaz.pt\/web\/produto\/miolo-de-pinhao-bioselection-100gr\/#primaryimage\",\"url\":\"https:\/\/www.biocabaz.pt\/web\/wp-conteudos\/uploads\/2017\/12\/PINHOES.jpg\",\"contentUrl\":\"https:\/\/www.biocabaz.pt\/web\/wp-conteudos\/uploads\/2017\/12\/PINHOES.jpg\",\"width\":800,\"height\":800,\"caption\":\"MIOLO DE PINH\u00c3O BIOSELECTION 50GR\"},{\"@type\":\"BreadcrumbList\",\"@id\":\"https:\/\/www.biocabaz.pt\/web\/produto\/miolo-de-pinhao-bioselection-100gr\/#breadcrumb\",\"itemListElement\":[{\"@type\":\"ListItem\",\"position\":1,\"name\":\"Home\",\"item\":\"https:\/\/biocabaz.pt\/web\/\"},{\"@type\":\"ListItem\",\"position\":2,\"name\":\"Loja\",\"item\":\"https:\/\/biocabaz.pt\/web\/shop\/\"},{\"@type\":\"ListItem\",\"position\":3,\"name\":\"MIOLO DE PINH\u00c3O BIOSELECTION 100GR\"}]},{\"@type\":\"WebSite\",\"@id\":\"https:\/\/biocabaz.pt\/web\/#website\",\"url\":\"https:\/\/biocabaz.pt\/web\/\",\"name\":\"BIOCABAZ - CABAZES BIOL\u00d3GICOS\",\"description\":\"O melhor que a terra d\u00e1 \u00e9 para si\",\"potentialAction\":[{\"@type\":\"SearchAction\",\"target\":{\"@type\":\"EntryPoint\",\"urlTemplate\":\"https:\/\/biocabaz.pt\/web\/?s={search_term_string}\"},\"query-input\":{\"@type\":\"PropertyValueSpecification\",\"valueRequired\":true,\"valueName\":\"search_term_string\"}}],\"inLanguage\":\"pt-PT\"}]}<\/script>\n<!-- \/ Yoast SEO plugin. -->","yoast_head_json":{"title":"MIOLO DE PINH\u00c3O BIOSELECTION 100GR","description":"MIOLO DE PINH\u00c3O BIOSELECTION 100GR","robots":{"index":"index","follow":"follow","max-snippet":"max-snippet:-1","max-image-preview":"max-image-preview:large","max-video-preview":"max-video-preview:-1"},"canonical":"https:\/\/www.biocabaz.pt\/web\/produto\/miolo-de-pinhao-bioselection-100gr\/","og_locale":"pt_PT","og_type":"article","og_title":"[:en]BIOSELECTION ORGANIC PINION FRUIT 100GR[:pt]MIOLO DE PINH\u00c3O BIOSELECTION 100GR[:] - BIOCABAZ - CABAZES BIOL\u00d3GICOS","og_description":"MIOLO DE PINH\u00c3O BIOSELECTION 100GR","og_url":"https:\/\/biocabaz.pt\/web\/produto\/miolo-de-pinhao-bioselection-100gr\/","og_site_name":"BIOCABAZ - CABAZES BIOL\u00d3GICOS","article_modified_time":"2020-09-05T07:18:34+00:00","og_image":[{"width":800,"height":800,"url":"https:\/\/www.biocabaz.pt\/web\/wp-conteudos\/uploads\/2017\/12\/PINHOES.jpg","type":"image\/jpeg"}],"twitter_card":"summary_large_image","twitter_misc":{"Est. reading time":"1 minuto"},"schema":{"@context":"https:\/\/schema.org","@graph":[{"@type":"WebPage","@id":"https:\/\/www.biocabaz.pt\/web\/produto\/miolo-de-pinhao-bioselection-100gr\/","url":"https:\/\/www.biocabaz.pt\/web\/produto\/miolo-de-pinhao-bioselection-100gr\/","name":"MIOLO DE PINH\u00c3O BIOSELECTION 100GR","isPartOf":{"@id":"https:\/\/biocabaz.pt\/web\/#website"},"primaryImageOfPage":{"@id":"https:\/\/www.biocabaz.pt\/web\/produto\/miolo-de-pinhao-bioselection-100gr\/#primaryimage"},"image":{"@id":"https:\/\/www.biocabaz.pt\/web\/produto\/miolo-de-pinhao-bioselection-100gr\/#primaryimage"},"thumbnailUrl":"https:\/\/www.biocabaz.pt\/web\/wp-conteudos\/uploads\/2017\/12\/PINHOES.jpg","datePublished":"2017-12-18T09:08:18+00:00","dateModified":"2020-09-05T07:18:34+00:00","description":"MIOLO DE PINH\u00c3O BIOSELECTION 100GR","breadcrumb":{"@id":"https:\/\/www.biocabaz.pt\/web\/produto\/miolo-de-pinhao-bioselection-100gr\/#breadcrumb"},"inLanguage":"pt-PT","potentialAction":[{"@type":"ReadAction","target":["https:\/\/www.biocabaz.pt\/web\/produto\/miolo-de-pinhao-bioselection-100gr\/"]}]},{"@type":"ImageObject","inLanguage":"pt-PT","@id":"https:\/\/www.biocabaz.pt\/web\/produto\/miolo-de-pinhao-bioselection-100gr\/#primaryimage","url":"https:\/\/www.biocabaz.pt\/web\/wp-conteudos\/uploads\/2017\/12\/PINHOES.jpg","contentUrl":"https:\/\/www.biocabaz.pt\/web\/wp-conteudos\/uploads\/2017\/12\/PINHOES.jpg","width":800,"height":800,"caption":"MIOLO DE PINH\u00c3O BIOSELECTION 50GR"},{"@type":"BreadcrumbList","@id":"https:\/\/www.biocabaz.pt\/web\/produto\/miolo-de-pinhao-bioselection-100gr\/#breadcrumb","itemListElement":[{"@type":"ListItem","position":1,"name":"Home","item":"https:\/\/biocabaz.pt\/web\/"},{"@type":"ListItem","position":2,"name":"Loja","item":"https:\/\/biocabaz.pt\/web\/shop\/"},{"@type":"ListItem","position":3,"name":"MIOLO DE PINH\u00c3O BIOSELECTION 100GR"}]},{"@type":"WebSite","@id":"https:\/\/biocabaz.pt\/web\/#website","url":"https:\/\/biocabaz.pt\/web\/","name":"BIOCABAZ - CABAZES BIOL\u00d3GICOS","description":"O melhor que a terra d\u00e1 \u00e9 para si","potentialAction":[{"@type":"SearchAction","target":{"@type":"EntryPoint","urlTemplate":"https:\/\/biocabaz.pt\/web\/?s={search_term_string}"},"query-input":{"@type":"PropertyValueSpecification","valueRequired":true,"valueName":"search_term_string"}}],"inLanguage":"pt-PT"}]}},"_links":{"self":[{"href":"https:\/\/biocabaz.pt\/web\/wp-json\/wp\/v2\/product\/5310","targetHints":{"allow":["GET"]}}],"collection":[{"href":"https:\/\/biocabaz.pt\/web\/wp-json\/wp\/v2\/product"}],"about":[{"href":"https:\/\/biocabaz.pt\/web\/wp-json\/wp\/v2\/types\/product"}],"replies":[{"embeddable":true,"href":"https:\/\/biocabaz.pt\/web\/wp-json\/wp\/v2\/comments?post=5310"}],"wp:featuredmedia":[{"embeddable":true,"href":"https:\/\/biocabaz.pt\/web\/wp-json\/wp\/v2\/media\/5311"}],"wp:attachment":[{"href":"https:\/\/biocabaz.pt\/web\/wp-json\/wp\/v2\/media?parent=5310"}],"wp:term":[{"taxonomy":"product_cat","embeddable":true,"href":"https:\/\/biocabaz.pt\/web\/wp-json\/wp\/v2\/product_cat?post=5310"},{"taxonomy":"product_tag","embeddable":true,"href":"https:\/\/biocabaz.pt\/web\/wp-json\/wp\/v2\/product_tag?post=5310"}],"curies":[{"name":"wp","href":"https:\/\/api.w.org\/{rel}","templated":true}]}}