{"id":5009,"date":"2017-11-06T07:31:02","date_gmt":"2017-11-06T07:31:02","guid":{"rendered":"https:\/\/www.biocabaz.pt\/web\/produto\/flocos-de-aveia-pequenos-sgluten-provida\/"},"modified":"2023-12-29T08:13:26","modified_gmt":"2023-12-29T08:13:26","slug":"flocos-de-aveia-pequenos-sgluten-provida","status":"publish","type":"product","link":"https:\/\/biocabaz.pt\/web\/produto\/flocos-de-aveia-pequenos-sgluten-provida\/","title":{"rendered":"FLOCOS DE AVEIA FINOS S\/GL\u00daTEN PROVIDA"},"content":{"rendered":"<p><strong>Descri\u00e7\u00e3o <\/strong><br \/>\nIngredientes: Flocos de Aveia Finos S\/Gl\u00faten biol\u00f3gicos.<\/p>\n<p><strong>Dados Nutricionais<\/strong><br \/>\nDeclara\u00e7\u00e3o Nutricional por 100gr: Energia: 1530kJ\/375kcal;<br \/>\nL\u00edpidos: 6,9g &#8211; dos quais saturados: 1,2g;<br \/>\nHidratos de Carbono: 56,0g &#8211; dos quais a\u00e7\u00facares: 1,3g;<br \/>\nFibra: 11,0g;<br \/>\nProte\u00ednas: 14,0g;<br \/>\nSal: 0,13g.<\/p>\n<p><strong>Modo Utiliza\u00e7\u00e3o<\/strong><br \/>\nAdicionar a leite ou bebidas de cereais quentes. Para obter a tradicional papa de aveia cozinhar em \u00e1gua (4 vezes o seu volume) durante 5 a 10 minutos. Conservar em local seco e fresco.<\/p>\n","protected":false},"excerpt":{"rendered":"<p>Descri\u00e7\u00e3o Ingredientes: Flocos de Aveia Finos S\/Gl\u00faten biol\u00f3gicos. Dados Nutricionais Declara\u00e7\u00e3o Nutricional por 100gr: Energia: 1530kJ\/375kcal; L\u00edpidos: 6,9g &#8211; dos quais saturados: 1,2g; Hidratos de Carbono: 56,0g &#8211; dos quais a\u00e7\u00facares: 1,3g; Fibra: 11,0g; Prote\u00ednas: 14,0g; Sal: 0,13g. Modo Utiliza\u00e7\u00e3o Adicionar a leite ou bebidas de cereais quentes. Para obter a tradicional papa de aveia [&hellip;]<\/p>\n","protected":false},"featured_media":73859,"comment_status":"closed","ping_status":"closed","template":"","meta":[],"product_cat":[54,33],"product_tag":[],"class_list":["post-5009","product","type-product","status-publish","has-post-thumbnail","hentry","product_cat-alimentos-sem-gluten","product_cat-cereais"],"bundle_layout":"","bundled_by":[],"bundled_items":[],"yoast_head":"<!-- This site is optimized with the Yoast SEO plugin v26.3 - https:\/\/yoast.com\/wordpress\/plugins\/seo\/ -->\n<title>FLOCOS DE AVEIA FINOS S\/GL\u00daTEN PROVIDA<\/title>\n<meta name=\"description\" content=\"Flocos de Aveia Pequenos s\/gl\u00faten Provida\" \/>\n<meta name=\"robots\" content=\"index, follow, max-snippet:-1, max-image-preview:large, max-video-preview:-1\" \/>\n<link rel=\"canonical\" href=\"https:\/\/biocabaz.pt\/web\/produto\/flocos-de-aveia-pequenos-sgluten-provida\/\" \/>\n<meta property=\"og:locale\" content=\"pt_PT\" \/>\n<meta property=\"og:locale:alternate\" content=\"en_US\" \/>\n<meta property=\"og:type\" content=\"article\" \/>\n<meta property=\"og:title\" content=\"FLOCOS DE AVEIA FINOS S\/GL\u00daTEN PROVIDA\" \/>\n<meta property=\"og:description\" content=\"Flocos de Aveia Pequenos s\/gl\u00faten Provida\" \/>\n<meta property=\"og:url\" content=\"https:\/\/biocabaz.pt\/web\/produto\/flocos-de-aveia-pequenos-sgluten-provida\/\" \/>\n<meta property=\"og:site_name\" content=\"BIOCABAZ - CABAZES BIOL\u00d3GICOS\" \/>\n<meta property=\"article:modified_time\" content=\"2023-12-29T08:13:26+00:00\" \/>\n<meta property=\"og:image\" content=\"https:\/\/www.biocabaz.pt\/web\/wp-conteudos\/uploads\/2017\/11\/flocos-de-aveia-finos-sem-gluten-bio.jpg\" \/>\n\t<meta property=\"og:image:width\" content=\"326\" \/>\n\t<meta property=\"og:image:height\" content=\"300\" \/>\n\t<meta property=\"og:image:type\" content=\"image\/jpeg\" \/>\n<meta name=\"twitter:card\" content=\"summary_large_image\" \/>\n<meta name=\"twitter:label1\" content=\"Est. reading time\" \/>\n\t<meta name=\"twitter:data1\" content=\"1 minuto\" \/>\n<script type=\"application\/ld+json\" class=\"yoast-schema-graph\">{\"@context\":\"https:\/\/schema.org\",\"@graph\":[{\"@type\":\"WebPage\",\"@id\":\"https:\/\/biocabaz.pt\/web\/produto\/flocos-de-aveia-pequenos-sgluten-provida\/\",\"url\":\"https:\/\/biocabaz.pt\/web\/produto\/flocos-de-aveia-pequenos-sgluten-provida\/\",\"name\":\"FLOCOS DE AVEIA FINOS S\/GL\u00daTEN PROVIDA\",\"isPartOf\":{\"@id\":\"https:\/\/biocabaz.pt\/web\/#website\"},\"primaryImageOfPage\":{\"@id\":\"https:\/\/biocabaz.pt\/web\/produto\/flocos-de-aveia-pequenos-sgluten-provida\/#primaryimage\"},\"image\":{\"@id\":\"https:\/\/biocabaz.pt\/web\/produto\/flocos-de-aveia-pequenos-sgluten-provida\/#primaryimage\"},\"thumbnailUrl\":\"https:\/\/www.biocabaz.pt\/web\/wp-conteudos\/uploads\/2017\/11\/flocos-de-aveia-finos-sem-gluten-bio.jpg\",\"datePublished\":\"2017-11-06T07:31:02+00:00\",\"dateModified\":\"2023-12-29T08:13:26+00:00\",\"description\":\"Flocos de Aveia Pequenos s\/gl\u00faten Provida\",\"breadcrumb\":{\"@id\":\"https:\/\/biocabaz.pt\/web\/produto\/flocos-de-aveia-pequenos-sgluten-provida\/#breadcrumb\"},\"inLanguage\":\"pt-PT\",\"potentialAction\":[{\"@type\":\"ReadAction\",\"target\":[\"https:\/\/biocabaz.pt\/web\/produto\/flocos-de-aveia-pequenos-sgluten-provida\/\"]}]},{\"@type\":\"ImageObject\",\"inLanguage\":\"pt-PT\",\"@id\":\"https:\/\/biocabaz.pt\/web\/produto\/flocos-de-aveia-pequenos-sgluten-provida\/#primaryimage\",\"url\":\"https:\/\/www.biocabaz.pt\/web\/wp-conteudos\/uploads\/2017\/11\/flocos-de-aveia-finos-sem-gluten-bio.jpg\",\"contentUrl\":\"https:\/\/www.biocabaz.pt\/web\/wp-conteudos\/uploads\/2017\/11\/flocos-de-aveia-finos-sem-gluten-bio.jpg\",\"width\":326,\"height\":300,\"caption\":\"flocos-de-aveia-finos-sem-gluten-bio\"},{\"@type\":\"BreadcrumbList\",\"@id\":\"https:\/\/biocabaz.pt\/web\/produto\/flocos-de-aveia-pequenos-sgluten-provida\/#breadcrumb\",\"itemListElement\":[{\"@type\":\"ListItem\",\"position\":1,\"name\":\"Home\",\"item\":\"https:\/\/biocabaz.pt\/web\/\"},{\"@type\":\"ListItem\",\"position\":2,\"name\":\"Shop\",\"item\":\"https:\/\/biocabaz.pt\/web\/en\/shop\/\"},{\"@type\":\"ListItem\",\"position\":3,\"name\":\"FLOCOS DE AVEIA FINOS S\/GL\u00daTEN PROVIDA\"}]},{\"@type\":\"WebSite\",\"@id\":\"https:\/\/biocabaz.pt\/web\/#website\",\"url\":\"https:\/\/biocabaz.pt\/web\/\",\"name\":\"BIOCABAZ - CABAZES BIOL\u00d3GICOS\",\"description\":\"O melhor que a terra d\u00e1 \u00e9 para si\",\"potentialAction\":[{\"@type\":\"SearchAction\",\"target\":{\"@type\":\"EntryPoint\",\"urlTemplate\":\"https:\/\/biocabaz.pt\/web\/?s={search_term_string}\"},\"query-input\":{\"@type\":\"PropertyValueSpecification\",\"valueRequired\":true,\"valueName\":\"search_term_string\"}}],\"inLanguage\":\"pt-PT\"}]}<\/script>\n<!-- \/ Yoast SEO plugin. -->","yoast_head_json":{"title":"FLOCOS DE AVEIA FINOS S\/GL\u00daTEN PROVIDA","description":"Flocos de Aveia Pequenos s\/gl\u00faten Provida","robots":{"index":"index","follow":"follow","max-snippet":"max-snippet:-1","max-image-preview":"max-image-preview:large","max-video-preview":"max-video-preview:-1"},"canonical":"https:\/\/biocabaz.pt\/web\/produto\/flocos-de-aveia-pequenos-sgluten-provida\/","og_locale":"pt_PT","og_type":"article","og_title":"[:en]PR\u00d3VIDA GLUTEN-FREE OAT FLAKES[:pt]FLOCOS DE AVEIA FINOS S\/GL\u00daTEN PROVIDA[:] - BIOCABAZ - CABAZES BIOL\u00d3GICOS","og_description":"Flocos de Aveia Pequenos s\/gl\u00faten Provida","og_url":"https:\/\/biocabaz.pt\/web\/produto\/flocos-de-aveia-pequenos-sgluten-provida\/","og_site_name":"BIOCABAZ - CABAZES BIOL\u00d3GICOS","article_modified_time":"2023-12-29T08:13:26+00:00","og_image":[{"width":326,"height":300,"url":"https:\/\/www.biocabaz.pt\/web\/wp-conteudos\/uploads\/2017\/11\/flocos-de-aveia-finos-sem-gluten-bio.jpg","type":"image\/jpeg"}],"twitter_card":"summary_large_image","twitter_misc":{"Est. reading time":"1 minuto"},"schema":{"@context":"https:\/\/schema.org","@graph":[{"@type":"WebPage","@id":"https:\/\/biocabaz.pt\/web\/produto\/flocos-de-aveia-pequenos-sgluten-provida\/","url":"https:\/\/biocabaz.pt\/web\/produto\/flocos-de-aveia-pequenos-sgluten-provida\/","name":"FLOCOS DE AVEIA FINOS S\/GL\u00daTEN PROVIDA","isPartOf":{"@id":"https:\/\/biocabaz.pt\/web\/#website"},"primaryImageOfPage":{"@id":"https:\/\/biocabaz.pt\/web\/produto\/flocos-de-aveia-pequenos-sgluten-provida\/#primaryimage"},"image":{"@id":"https:\/\/biocabaz.pt\/web\/produto\/flocos-de-aveia-pequenos-sgluten-provida\/#primaryimage"},"thumbnailUrl":"https:\/\/www.biocabaz.pt\/web\/wp-conteudos\/uploads\/2017\/11\/flocos-de-aveia-finos-sem-gluten-bio.jpg","datePublished":"2017-11-06T07:31:02+00:00","dateModified":"2023-12-29T08:13:26+00:00","description":"Flocos de Aveia Pequenos s\/gl\u00faten Provida","breadcrumb":{"@id":"https:\/\/biocabaz.pt\/web\/produto\/flocos-de-aveia-pequenos-sgluten-provida\/#breadcrumb"},"inLanguage":"pt-PT","potentialAction":[{"@type":"ReadAction","target":["https:\/\/biocabaz.pt\/web\/produto\/flocos-de-aveia-pequenos-sgluten-provida\/"]}]},{"@type":"ImageObject","inLanguage":"pt-PT","@id":"https:\/\/biocabaz.pt\/web\/produto\/flocos-de-aveia-pequenos-sgluten-provida\/#primaryimage","url":"https:\/\/www.biocabaz.pt\/web\/wp-conteudos\/uploads\/2017\/11\/flocos-de-aveia-finos-sem-gluten-bio.jpg","contentUrl":"https:\/\/www.biocabaz.pt\/web\/wp-conteudos\/uploads\/2017\/11\/flocos-de-aveia-finos-sem-gluten-bio.jpg","width":326,"height":300,"caption":"flocos-de-aveia-finos-sem-gluten-bio"},{"@type":"BreadcrumbList","@id":"https:\/\/biocabaz.pt\/web\/produto\/flocos-de-aveia-pequenos-sgluten-provida\/#breadcrumb","itemListElement":[{"@type":"ListItem","position":1,"name":"Home","item":"https:\/\/biocabaz.pt\/web\/"},{"@type":"ListItem","position":2,"name":"Shop","item":"https:\/\/biocabaz.pt\/web\/en\/shop\/"},{"@type":"ListItem","position":3,"name":"FLOCOS DE AVEIA FINOS S\/GL\u00daTEN PROVIDA"}]},{"@type":"WebSite","@id":"https:\/\/biocabaz.pt\/web\/#website","url":"https:\/\/biocabaz.pt\/web\/","name":"BIOCABAZ - CABAZES BIOL\u00d3GICOS","description":"O melhor que a terra d\u00e1 \u00e9 para si","potentialAction":[{"@type":"SearchAction","target":{"@type":"EntryPoint","urlTemplate":"https:\/\/biocabaz.pt\/web\/?s={search_term_string}"},"query-input":{"@type":"PropertyValueSpecification","valueRequired":true,"valueName":"search_term_string"}}],"inLanguage":"pt-PT"}]}},"_links":{"self":[{"href":"https:\/\/biocabaz.pt\/web\/wp-json\/wp\/v2\/product\/5009","targetHints":{"allow":["GET"]}}],"collection":[{"href":"https:\/\/biocabaz.pt\/web\/wp-json\/wp\/v2\/product"}],"about":[{"href":"https:\/\/biocabaz.pt\/web\/wp-json\/wp\/v2\/types\/product"}],"replies":[{"embeddable":true,"href":"https:\/\/biocabaz.pt\/web\/wp-json\/wp\/v2\/comments?post=5009"}],"wp:featuredmedia":[{"embeddable":true,"href":"https:\/\/biocabaz.pt\/web\/wp-json\/wp\/v2\/media\/73859"}],"wp:attachment":[{"href":"https:\/\/biocabaz.pt\/web\/wp-json\/wp\/v2\/media?parent=5009"}],"wp:term":[{"taxonomy":"product_cat","embeddable":true,"href":"https:\/\/biocabaz.pt\/web\/wp-json\/wp\/v2\/product_cat?post=5009"},{"taxonomy":"product_tag","embeddable":true,"href":"https:\/\/biocabaz.pt\/web\/wp-json\/wp\/v2\/product_tag?post=5009"}],"curies":[{"name":"wp","href":"https:\/\/api.w.org\/{rel}","templated":true}]}}