{"id":498,"date":"2016-04-02T17:06:32","date_gmt":"2016-04-02T17:06:32","guid":{"rendered":"http:\/\/www.biocabaz.com\/web\/?post_type=product&#038;p=498"},"modified":"2020-08-21T16:23:07","modified_gmt":"2020-08-21T16:23:07","slug":"feijao-branco","status":"publish","type":"product","link":"https:\/\/biocabaz.pt\/web\/produto\/feijao-branco\/","title":{"rendered":"FEIJ\u00c3O BRANCO BIO NACIONAL A GRANEL"},"content":{"rendered":"<p><strong>Descri\u00e7\u00e3o <\/strong><br \/>\n\t\t\t\tIngredientes: Feij\u00e3o branco de produ\u00e7\u00e3o biol\u00f3gica. Origin\u00e1rio da \u00cdndia atribui-se a sua divulga\u00e7\u00e3o na Europa a &#8220;Alexandre &#8211; O Grande&#8221;, que ter\u00e1 trazido as sementes para a Europa. \u00c9 uma alimento bastante utilizado na cozinha tradicional e presta-se \u00e0 elabora\u00e7\u00e3o de peixe, guisados com legumes, sopas, etc. <\/p>\n<p><strong>Dados Nutricionais<\/strong><br \/>\n\t\t\t\tDeclara\u00e7\u00e3o Nutricional por 100g:<br \/> Energia: 1402kJ\/335kcal;<br \/> Prote\u00ednas: 22,3g;<br \/> Hidratos de carbono: 60,6g;<br \/> L\u00edpidos: 1,3g;<br \/> Fibras alimentares: 24,4g.<\/p>\n<p><strong>Modo Utiliza\u00e7\u00e3o<\/strong><br \/>Demolhar durante 8 horas, cozinhar durante 45 minutos na panela de press\u00e3o. Se adicionar uma tira de alga komb\u00fa durante o demolhe e cozedura ajudar\u00e1 a que fique mais tenro e tornar\u00e1 o feij\u00e3o mais diger\u00edvel.<\/p>\n","protected":false},"excerpt":{"rendered":"<p>Descri\u00e7\u00e3o Ingredientes: Feij\u00e3o branco de produ\u00e7\u00e3o biol\u00f3gica. Origin\u00e1rio da \u00cdndia atribui-se a sua divulga\u00e7\u00e3o na Europa a &#8220;Alexandre &#8211; O Grande&#8221;, que ter\u00e1 trazido as sementes para a Europa. \u00c9 uma alimento bastante utilizado na cozinha tradicional e presta-se \u00e0 elabora\u00e7\u00e3o de peixe, guisados com legumes, sopas, etc. Dados Nutricionais Declara\u00e7\u00e3o Nutricional por 100g: Energia: [&hellip;]<\/p>\n","protected":false},"featured_media":499,"comment_status":"open","ping_status":"closed","template":"","meta":[],"product_cat":[25],"product_tag":[],"class_list":["post-498","product","type-product","status-publish","has-post-thumbnail","hentry","product_cat-leguminosas"],"bundle_layout":"","bundled_by":[],"bundled_items":[],"yoast_head":"<!-- This site is optimized with the Yoast SEO plugin v26.3 - https:\/\/yoast.com\/wordpress\/plugins\/seo\/ -->\n<title>FEIJ\u00c3O BRANCO BIO NACIONAL A GRANEL<\/title>\n<meta name=\"description\" content=\"feij\u00e3o branco bio nacional a granel\" \/>\n<meta name=\"robots\" content=\"index, follow, max-snippet:-1, max-image-preview:large, max-video-preview:-1\" \/>\n<link rel=\"canonical\" href=\"https:\/\/biocabaz.pt\/web\/produto\/feijao-branco\/\" \/>\n<meta property=\"og:locale\" content=\"pt_PT\" \/>\n<meta property=\"og:locale:alternate\" content=\"en_US\" \/>\n<meta property=\"og:type\" content=\"article\" \/>\n<meta property=\"og:title\" content=\"FEIJ\u00c3O BRANCO BIO NACIONAL A GRANEL\" \/>\n<meta property=\"og:description\" content=\"feij\u00e3o branco bio nacional a granel\" \/>\n<meta property=\"og:url\" content=\"https:\/\/biocabaz.pt\/web\/produto\/feijao-branco\/\" \/>\n<meta property=\"og:site_name\" content=\"BIOCABAZ - CABAZES BIOL\u00d3GICOS\" \/>\n<meta property=\"article:modified_time\" content=\"2020-08-21T16:23:07+00:00\" \/>\n<meta property=\"og:image\" content=\"https:\/\/www.biocabaz.pt\/web\/wp-conteudos\/uploads\/2016\/04\/feijao-branco.jpg\" \/>\n\t<meta property=\"og:image:width\" content=\"1200\" \/>\n\t<meta property=\"og:image:height\" content=\"800\" \/>\n\t<meta property=\"og:image:type\" content=\"image\/jpeg\" \/>\n<meta name=\"twitter:card\" content=\"summary_large_image\" \/>\n<meta name=\"twitter:label1\" content=\"Est. reading time\" \/>\n\t<meta name=\"twitter:data1\" content=\"1 minuto\" \/>\n<script type=\"application\/ld+json\" class=\"yoast-schema-graph\">{\"@context\":\"https:\/\/schema.org\",\"@graph\":[{\"@type\":\"WebPage\",\"@id\":\"https:\/\/biocabaz.pt\/web\/produto\/feijao-branco\/\",\"url\":\"https:\/\/biocabaz.pt\/web\/produto\/feijao-branco\/\",\"name\":\"FEIJ\u00c3O BRANCO BIO NACIONAL A GRANEL\",\"isPartOf\":{\"@id\":\"https:\/\/www.biocabaz.pt\/web\/en\/#website\"},\"primaryImageOfPage\":{\"@id\":\"https:\/\/biocabaz.pt\/web\/produto\/feijao-branco\/#primaryimage\"},\"image\":{\"@id\":\"https:\/\/biocabaz.pt\/web\/produto\/feijao-branco\/#primaryimage\"},\"thumbnailUrl\":\"https:\/\/www.biocabaz.pt\/web\/wp-conteudos\/uploads\/2016\/04\/feijao-branco.jpg\",\"datePublished\":\"2016-04-02T17:06:32+00:00\",\"dateModified\":\"2020-08-21T16:23:07+00:00\",\"description\":\"feij\u00e3o branco bio nacional a granel\",\"breadcrumb\":{\"@id\":\"https:\/\/biocabaz.pt\/web\/produto\/feijao-branco\/#breadcrumb\"},\"inLanguage\":\"pt-PT\",\"potentialAction\":[{\"@type\":\"ReadAction\",\"target\":[\"https:\/\/biocabaz.pt\/web\/produto\/feijao-branco\/\"]}]},{\"@type\":\"ImageObject\",\"inLanguage\":\"pt-PT\",\"@id\":\"https:\/\/biocabaz.pt\/web\/produto\/feijao-branco\/#primaryimage\",\"url\":\"https:\/\/www.biocabaz.pt\/web\/wp-conteudos\/uploads\/2016\/04\/feijao-branco.jpg\",\"contentUrl\":\"https:\/\/www.biocabaz.pt\/web\/wp-conteudos\/uploads\/2016\/04\/feijao-branco.jpg\",\"width\":1200,\"height\":800,\"caption\":\"feijao-branco biologico\"},{\"@type\":\"BreadcrumbList\",\"@id\":\"https:\/\/biocabaz.pt\/web\/produto\/feijao-branco\/#breadcrumb\",\"itemListElement\":[{\"@type\":\"ListItem\",\"position\":1,\"name\":\"Home\",\"item\":\"https:\/\/www.biocabaz.pt\/web\/en\/\"},{\"@type\":\"ListItem\",\"position\":2,\"name\":\"Shop\",\"item\":\"https:\/\/www.biocabaz.pt\/web\/en\/shop\/\"},{\"@type\":\"ListItem\",\"position\":3,\"name\":\"FEIJ\u00c3O BRANCO BIO NACIONAL A GRANEL\"}]},{\"@type\":\"WebSite\",\"@id\":\"https:\/\/www.biocabaz.pt\/web\/en\/#website\",\"url\":\"https:\/\/www.biocabaz.pt\/web\/en\/\",\"name\":\"BIOCABAZ - CABAZES BIOL\u00d3GICOS\",\"description\":\"O melhor que a terra d\u00e1 \u00e9 para si\",\"potentialAction\":[{\"@type\":\"SearchAction\",\"target\":{\"@type\":\"EntryPoint\",\"urlTemplate\":\"https:\/\/www.biocabaz.pt\/web\/en\/?s={search_term_string}\"},\"query-input\":{\"@type\":\"PropertyValueSpecification\",\"valueRequired\":true,\"valueName\":\"search_term_string\"}}],\"inLanguage\":\"pt-PT\"}]}<\/script>\n<!-- \/ Yoast SEO plugin. -->","yoast_head_json":{"title":"FEIJ\u00c3O BRANCO BIO NACIONAL A GRANEL","description":"feij\u00e3o branco bio nacional a granel","robots":{"index":"index","follow":"follow","max-snippet":"max-snippet:-1","max-image-preview":"max-image-preview:large","max-video-preview":"max-video-preview:-1"},"canonical":"https:\/\/biocabaz.pt\/web\/produto\/feijao-branco\/","og_locale":"pt_PT","og_type":"article","og_title":"[:pt]FEIJ\u00c3O BRANCO BIO NACIONAL A GRANEL[:en]PORTUGUESE ORGANIC WHITE BEANS IN BULK[:] - BIOCABAZ - CABAZES BIOL\u00d3GICOS","og_description":"feij\u00e3o branco bio nacional a granel","og_url":"https:\/\/biocabaz.pt\/web\/produto\/feijao-branco\/","og_site_name":"BIOCABAZ - CABAZES BIOL\u00d3GICOS","article_modified_time":"2020-08-21T16:23:07+00:00","og_image":[{"width":1200,"height":800,"url":"https:\/\/www.biocabaz.pt\/web\/wp-conteudos\/uploads\/2016\/04\/feijao-branco.jpg","type":"image\/jpeg"}],"twitter_card":"summary_large_image","twitter_misc":{"Est. reading time":"1 minuto"},"schema":{"@context":"https:\/\/schema.org","@graph":[{"@type":"WebPage","@id":"https:\/\/biocabaz.pt\/web\/produto\/feijao-branco\/","url":"https:\/\/biocabaz.pt\/web\/produto\/feijao-branco\/","name":"FEIJ\u00c3O BRANCO BIO NACIONAL A GRANEL","isPartOf":{"@id":"https:\/\/www.biocabaz.pt\/web\/en\/#website"},"primaryImageOfPage":{"@id":"https:\/\/biocabaz.pt\/web\/produto\/feijao-branco\/#primaryimage"},"image":{"@id":"https:\/\/biocabaz.pt\/web\/produto\/feijao-branco\/#primaryimage"},"thumbnailUrl":"https:\/\/www.biocabaz.pt\/web\/wp-conteudos\/uploads\/2016\/04\/feijao-branco.jpg","datePublished":"2016-04-02T17:06:32+00:00","dateModified":"2020-08-21T16:23:07+00:00","description":"feij\u00e3o branco bio nacional a granel","breadcrumb":{"@id":"https:\/\/biocabaz.pt\/web\/produto\/feijao-branco\/#breadcrumb"},"inLanguage":"pt-PT","potentialAction":[{"@type":"ReadAction","target":["https:\/\/biocabaz.pt\/web\/produto\/feijao-branco\/"]}]},{"@type":"ImageObject","inLanguage":"pt-PT","@id":"https:\/\/biocabaz.pt\/web\/produto\/feijao-branco\/#primaryimage","url":"https:\/\/www.biocabaz.pt\/web\/wp-conteudos\/uploads\/2016\/04\/feijao-branco.jpg","contentUrl":"https:\/\/www.biocabaz.pt\/web\/wp-conteudos\/uploads\/2016\/04\/feijao-branco.jpg","width":1200,"height":800,"caption":"feijao-branco biologico"},{"@type":"BreadcrumbList","@id":"https:\/\/biocabaz.pt\/web\/produto\/feijao-branco\/#breadcrumb","itemListElement":[{"@type":"ListItem","position":1,"name":"Home","item":"https:\/\/www.biocabaz.pt\/web\/en\/"},{"@type":"ListItem","position":2,"name":"Shop","item":"https:\/\/www.biocabaz.pt\/web\/en\/shop\/"},{"@type":"ListItem","position":3,"name":"FEIJ\u00c3O BRANCO BIO NACIONAL A GRANEL"}]},{"@type":"WebSite","@id":"https:\/\/www.biocabaz.pt\/web\/en\/#website","url":"https:\/\/www.biocabaz.pt\/web\/en\/","name":"BIOCABAZ - CABAZES BIOL\u00d3GICOS","description":"O melhor que a terra d\u00e1 \u00e9 para si","potentialAction":[{"@type":"SearchAction","target":{"@type":"EntryPoint","urlTemplate":"https:\/\/www.biocabaz.pt\/web\/en\/?s={search_term_string}"},"query-input":{"@type":"PropertyValueSpecification","valueRequired":true,"valueName":"search_term_string"}}],"inLanguage":"pt-PT"}]}},"_links":{"self":[{"href":"https:\/\/biocabaz.pt\/web\/wp-json\/wp\/v2\/product\/498","targetHints":{"allow":["GET"]}}],"collection":[{"href":"https:\/\/biocabaz.pt\/web\/wp-json\/wp\/v2\/product"}],"about":[{"href":"https:\/\/biocabaz.pt\/web\/wp-json\/wp\/v2\/types\/product"}],"replies":[{"embeddable":true,"href":"https:\/\/biocabaz.pt\/web\/wp-json\/wp\/v2\/comments?post=498"}],"wp:featuredmedia":[{"embeddable":true,"href":"https:\/\/biocabaz.pt\/web\/wp-json\/wp\/v2\/media\/499"}],"wp:attachment":[{"href":"https:\/\/biocabaz.pt\/web\/wp-json\/wp\/v2\/media?parent=498"}],"wp:term":[{"taxonomy":"product_cat","embeddable":true,"href":"https:\/\/biocabaz.pt\/web\/wp-json\/wp\/v2\/product_cat?post=498"},{"taxonomy":"product_tag","embeddable":true,"href":"https:\/\/biocabaz.pt\/web\/wp-json\/wp\/v2\/product_tag?post=498"}],"curies":[{"name":"wp","href":"https:\/\/api.w.org\/{rel}","templated":true}]}}