{"id":44663,"date":"2020-05-16T08:04:36","date_gmt":"2020-05-16T08:04:36","guid":{"rendered":"https:\/\/www.biocabaz.pt\/web\/?post_type=product&#038;p=44663"},"modified":"2025-08-30T06:29:32","modified_gmt":"2025-08-30T06:29:32","slug":"pao-break-quinoa-bio-420gr","status":"publish","type":"product","link":"https:\/\/biocabaz.pt\/web\/produto\/pao-break-quinoa-bio-420gr\/","title":{"rendered":"P\u00c3O BREAK QUINOA BIO 420GR"},"content":{"rendered":"","protected":false},"excerpt":{"rendered":"<p><strong>Descri\u00e7\u00e3o<\/strong><\/p>\n<div class=\"module module-text text-5823-1-1-2  repeat   tb_0b20478\">\n<div class=\"tb_text_wrap\">\n<p>Ingredientes: \u00c1gua filtrada; farinha de trigo sarraceno*, farinha de aveia*, quinoa* (10%); farinha de am\u00eandoa*; farinha de ma\u00e7\u00e3*; germinados* (2%) (quinoa, trigo sarraceno, semente de girassol e amaranto); \u00f3leo de coco* e sal marinho.<\/p>\n<\/div>\n<\/div>\n<div class=\"module module-text text-5823-1-1-3  repeat   tb_de6e87a\">\n<div class=\"tb_text_wrap\">\n<p>*Agricultura biol\u00f3gica<\/p>\n<\/div>\n<\/div>\n<div class=\"module module-text text-5823-1-1-4  repeat   tb_bbb87eb\">\n<div class=\"tb_text_wrap\">\n<p><strong>Dados Nutricionais<\/strong><\/p>\n<p>Informa\u00e7\u00e3o nutricional (por 100g)<\/p>\n<\/div>\n<\/div>\n<div class=\"module module-text text-5823-1-1-5  repeat   tb_70bfa1e\">\n<div class=\"tb_text_wrap\">\n<p>Valor energ\u00e9tico 904kJ \/ 216kcal<br \/>\nL\u00edpidos 9.5g<br \/>\ndos quais saturados 1.2g<br \/>\nHidratos de carbono 23.7g<br \/>\ndos quais a\u00e7\u00facares 4.1g<br \/>\nFibra 4.3g<br \/>\nProte\u00ednas 6.7g<br \/>\nSal 0.9g<\/p>\n<\/div>\n<\/div>\n","protected":false},"featured_media":44664,"comment_status":"closed","ping_status":"closed","template":"","meta":[],"product_cat":[12],"product_tag":[],"class_list":["post-44663","product","type-product","status-publish","has-post-thumbnail","hentry","product_cat-padaria"],"bundle_layout":"","bundled_by":[],"bundled_items":[],"yoast_head":"<!-- This site is optimized with the Yoast SEO plugin v26.3 - https:\/\/yoast.com\/wordpress\/plugins\/seo\/ -->\n<title>P\u00c3O BREAK QUINOA BIO 420GR<\/title>\n<meta name=\"description\" content=\"P\u00c3O BREAK QUINOA BIO 420GR\" \/>\n<meta name=\"robots\" content=\"index, follow, max-snippet:-1, max-image-preview:large, max-video-preview:-1\" \/>\n<link rel=\"canonical\" href=\"https:\/\/www.biocabaz.pt\/web\/en\/produto\/pao-break-quinoa-bio-420gr\/\" \/>\n<meta property=\"og:locale\" content=\"pt_PT\" \/>\n<meta property=\"og:locale:alternate\" content=\"en_US\" \/>\n<meta property=\"og:type\" content=\"article\" \/>\n<meta property=\"og:title\" content=\"P\u00c3O BREAK QUINOA BIO 420GR\" \/>\n<meta property=\"og:description\" content=\"P\u00c3O BREAK QUINOA BIO 420GR\" \/>\n<meta property=\"og:url\" content=\"https:\/\/biocabaz.pt\/web\/produto\/pao-break-quinoa-bio-420gr\/\" \/>\n<meta property=\"og:site_name\" content=\"BIOCABAZ - CABAZES BIOL\u00d3GICOS\" \/>\n<meta property=\"article:modified_time\" content=\"2025-08-30T06:29:32+00:00\" \/>\n<meta property=\"og:image\" content=\"https:\/\/www.biocabaz.pt\/web\/wp-conteudos\/uploads\/2020\/05\/break-quinoa-miolo-1-350x350-1.png\" \/>\n\t<meta property=\"og:image:width\" content=\"350\" \/>\n\t<meta property=\"og:image:height\" content=\"350\" \/>\n\t<meta property=\"og:image:type\" content=\"image\/png\" \/>\n<meta name=\"twitter:card\" content=\"summary_large_image\" \/>\n<script type=\"application\/ld+json\" class=\"yoast-schema-graph\">{\"@context\":\"https:\/\/schema.org\",\"@graph\":[{\"@type\":\"WebPage\",\"@id\":\"https:\/\/www.biocabaz.pt\/web\/en\/produto\/pao-break-quinoa-bio-420gr\/\",\"url\":\"https:\/\/www.biocabaz.pt\/web\/en\/produto\/pao-break-quinoa-bio-420gr\/\",\"name\":\"P\u00c3O BREAK QUINOA BIO 420GR\",\"isPartOf\":{\"@id\":\"https:\/\/biocabaz.pt\/web\/en\/#website\"},\"primaryImageOfPage\":{\"@id\":\"https:\/\/www.biocabaz.pt\/web\/en\/produto\/pao-break-quinoa-bio-420gr\/#primaryimage\"},\"image\":{\"@id\":\"https:\/\/www.biocabaz.pt\/web\/en\/produto\/pao-break-quinoa-bio-420gr\/#primaryimage\"},\"thumbnailUrl\":\"https:\/\/www.biocabaz.pt\/web\/wp-conteudos\/uploads\/2020\/05\/break-quinoa-miolo-1-350x350-1.png\",\"datePublished\":\"2020-05-16T08:04:36+00:00\",\"dateModified\":\"2025-08-30T06:29:32+00:00\",\"description\":\"P\u00c3O BREAK QUINOA BIO 420GR\",\"breadcrumb\":{\"@id\":\"https:\/\/www.biocabaz.pt\/web\/en\/produto\/pao-break-quinoa-bio-420gr\/#breadcrumb\"},\"inLanguage\":\"pt-PT\",\"potentialAction\":[{\"@type\":\"ReadAction\",\"target\":[\"https:\/\/www.biocabaz.pt\/web\/en\/produto\/pao-break-quinoa-bio-420gr\/\"]}]},{\"@type\":\"ImageObject\",\"inLanguage\":\"pt-PT\",\"@id\":\"https:\/\/www.biocabaz.pt\/web\/en\/produto\/pao-break-quinoa-bio-420gr\/#primaryimage\",\"url\":\"https:\/\/www.biocabaz.pt\/web\/wp-conteudos\/uploads\/2020\/05\/break-quinoa-miolo-1-350x350-1.png\",\"contentUrl\":\"https:\/\/www.biocabaz.pt\/web\/wp-conteudos\/uploads\/2020\/05\/break-quinoa-miolo-1-350x350-1.png\",\"width\":350,\"height\":350,\"caption\":\"P\u00c3O BREAK QUINOA BIO 420GR\"},{\"@type\":\"BreadcrumbList\",\"@id\":\"https:\/\/www.biocabaz.pt\/web\/en\/produto\/pao-break-quinoa-bio-420gr\/#breadcrumb\",\"itemListElement\":[{\"@type\":\"ListItem\",\"position\":1,\"name\":\"Home\",\"item\":\"https:\/\/biocabaz.pt\/web\/en\/\"},{\"@type\":\"ListItem\",\"position\":2,\"name\":\"Loja\",\"item\":\"https:\/\/biocabaz.pt\/web\/shop\/\"},{\"@type\":\"ListItem\",\"position\":3,\"name\":\"QUINOA BREAK QUINOA BREAD\"}]},{\"@type\":\"WebSite\",\"@id\":\"https:\/\/biocabaz.pt\/web\/en\/#website\",\"url\":\"https:\/\/biocabaz.pt\/web\/en\/\",\"name\":\"BIOCABAZ - CABAZES BIOL\u00d3GICOS\",\"description\":\"O melhor que a terra d\u00e1 \u00e9 para si\",\"potentialAction\":[{\"@type\":\"SearchAction\",\"target\":{\"@type\":\"EntryPoint\",\"urlTemplate\":\"https:\/\/biocabaz.pt\/web\/en\/?s={search_term_string}\"},\"query-input\":{\"@type\":\"PropertyValueSpecification\",\"valueRequired\":true,\"valueName\":\"search_term_string\"}}],\"inLanguage\":\"pt-PT\"}]}<\/script>\n<!-- \/ Yoast SEO plugin. -->","yoast_head_json":{"title":"P\u00c3O BREAK QUINOA BIO 420GR","description":"P\u00c3O BREAK QUINOA BIO 420GR","robots":{"index":"index","follow":"follow","max-snippet":"max-snippet:-1","max-image-preview":"max-image-preview:large","max-video-preview":"max-video-preview:-1"},"canonical":"https:\/\/www.biocabaz.pt\/web\/en\/produto\/pao-break-quinoa-bio-420gr\/","og_locale":"pt_PT","og_type":"article","og_title":"[:en]QUINOA BREAK QUINOA BREAD[:pt]P\u00c3O BREAK QUINOA BIO 420GR[:] - BIOCABAZ - CABAZES BIOL\u00d3GICOS","og_description":"P\u00c3O BREAK QUINOA BIO 420GR","og_url":"https:\/\/biocabaz.pt\/web\/produto\/pao-break-quinoa-bio-420gr\/","og_site_name":"BIOCABAZ - CABAZES BIOL\u00d3GICOS","article_modified_time":"2025-08-30T06:29:32+00:00","og_image":[{"width":350,"height":350,"url":"https:\/\/www.biocabaz.pt\/web\/wp-conteudos\/uploads\/2020\/05\/break-quinoa-miolo-1-350x350-1.png","type":"image\/png"}],"twitter_card":"summary_large_image","schema":{"@context":"https:\/\/schema.org","@graph":[{"@type":"WebPage","@id":"https:\/\/www.biocabaz.pt\/web\/en\/produto\/pao-break-quinoa-bio-420gr\/","url":"https:\/\/www.biocabaz.pt\/web\/en\/produto\/pao-break-quinoa-bio-420gr\/","name":"P\u00c3O BREAK QUINOA BIO 420GR","isPartOf":{"@id":"https:\/\/biocabaz.pt\/web\/en\/#website"},"primaryImageOfPage":{"@id":"https:\/\/www.biocabaz.pt\/web\/en\/produto\/pao-break-quinoa-bio-420gr\/#primaryimage"},"image":{"@id":"https:\/\/www.biocabaz.pt\/web\/en\/produto\/pao-break-quinoa-bio-420gr\/#primaryimage"},"thumbnailUrl":"https:\/\/www.biocabaz.pt\/web\/wp-conteudos\/uploads\/2020\/05\/break-quinoa-miolo-1-350x350-1.png","datePublished":"2020-05-16T08:04:36+00:00","dateModified":"2025-08-30T06:29:32+00:00","description":"P\u00c3O BREAK QUINOA BIO 420GR","breadcrumb":{"@id":"https:\/\/www.biocabaz.pt\/web\/en\/produto\/pao-break-quinoa-bio-420gr\/#breadcrumb"},"inLanguage":"pt-PT","potentialAction":[{"@type":"ReadAction","target":["https:\/\/www.biocabaz.pt\/web\/en\/produto\/pao-break-quinoa-bio-420gr\/"]}]},{"@type":"ImageObject","inLanguage":"pt-PT","@id":"https:\/\/www.biocabaz.pt\/web\/en\/produto\/pao-break-quinoa-bio-420gr\/#primaryimage","url":"https:\/\/www.biocabaz.pt\/web\/wp-conteudos\/uploads\/2020\/05\/break-quinoa-miolo-1-350x350-1.png","contentUrl":"https:\/\/www.biocabaz.pt\/web\/wp-conteudos\/uploads\/2020\/05\/break-quinoa-miolo-1-350x350-1.png","width":350,"height":350,"caption":"P\u00c3O BREAK QUINOA BIO 420GR"},{"@type":"BreadcrumbList","@id":"https:\/\/www.biocabaz.pt\/web\/en\/produto\/pao-break-quinoa-bio-420gr\/#breadcrumb","itemListElement":[{"@type":"ListItem","position":1,"name":"Home","item":"https:\/\/biocabaz.pt\/web\/en\/"},{"@type":"ListItem","position":2,"name":"Loja","item":"https:\/\/biocabaz.pt\/web\/shop\/"},{"@type":"ListItem","position":3,"name":"QUINOA BREAK QUINOA BREAD"}]},{"@type":"WebSite","@id":"https:\/\/biocabaz.pt\/web\/en\/#website","url":"https:\/\/biocabaz.pt\/web\/en\/","name":"BIOCABAZ - CABAZES BIOL\u00d3GICOS","description":"O melhor que a terra d\u00e1 \u00e9 para si","potentialAction":[{"@type":"SearchAction","target":{"@type":"EntryPoint","urlTemplate":"https:\/\/biocabaz.pt\/web\/en\/?s={search_term_string}"},"query-input":{"@type":"PropertyValueSpecification","valueRequired":true,"valueName":"search_term_string"}}],"inLanguage":"pt-PT"}]}},"_links":{"self":[{"href":"https:\/\/biocabaz.pt\/web\/wp-json\/wp\/v2\/product\/44663","targetHints":{"allow":["GET"]}}],"collection":[{"href":"https:\/\/biocabaz.pt\/web\/wp-json\/wp\/v2\/product"}],"about":[{"href":"https:\/\/biocabaz.pt\/web\/wp-json\/wp\/v2\/types\/product"}],"replies":[{"embeddable":true,"href":"https:\/\/biocabaz.pt\/web\/wp-json\/wp\/v2\/comments?post=44663"}],"wp:featuredmedia":[{"embeddable":true,"href":"https:\/\/biocabaz.pt\/web\/wp-json\/wp\/v2\/media\/44664"}],"wp:attachment":[{"href":"https:\/\/biocabaz.pt\/web\/wp-json\/wp\/v2\/media?parent=44663"}],"wp:term":[{"taxonomy":"product_cat","embeddable":true,"href":"https:\/\/biocabaz.pt\/web\/wp-json\/wp\/v2\/product_cat?post=44663"},{"taxonomy":"product_tag","embeddable":true,"href":"https:\/\/biocabaz.pt\/web\/wp-json\/wp\/v2\/product_tag?post=44663"}],"curies":[{"name":"wp","href":"https:\/\/api.w.org\/{rel}","templated":true}]}}