{"id":44661,"date":"2020-05-16T07:59:45","date_gmt":"2020-05-16T07:59:45","guid":{"rendered":"https:\/\/www.biocabaz.pt\/web\/?post_type=product&#038;p=44661"},"modified":"2025-08-30T06:29:36","modified_gmt":"2025-08-30T06:29:36","slug":"pao-de-batata-doce-e-milho-bio-420gr","status":"publish","type":"product","link":"https:\/\/biocabaz.pt\/web\/produto\/pao-de-batata-doce-e-milho-bio-420gr\/","title":{"rendered":"P\u00c3O DE BATATA DOCE E MILHO BIO 420GR"},"content":{"rendered":"","protected":false},"excerpt":{"rendered":"<p><strong>Descri\u00e7\u00e3o<\/strong><\/p>\n<div class=\"module module-text text-5819-1-1-2  repeat   tb_5b92295\">\n<div class=\"tb_text_wrap\">\n<p>Ingredientes: \u00c1gua filtrada; farinha de araruta*, farinha de arroz*, batata doce*(10%), farinha de aveia*; farinha de milho*(7%), geleia de arroz*, \u00f3leo de coco*, farinha de linha\u00e7a* dourada, farinha de feij\u00e3o azuki*(cobertura), e<\/p>\n<\/div>\n<\/div>\n<div class=\"module module-text text-5819-1-1-3  repeat   tb_f752d54\">\n<div class=\"tb_text_wrap\">\n<p>sal marinho.<br \/>\n* de agricultura biol\u00f3gica.<\/p>\n<\/div>\n<\/div>\n<div class=\"module module-text text-5819-1-1-4  repeat   tb_4966f29\">\n<div class=\"tb_text_wrap\">\n<p><strong>Dados Nutricionais<\/strong><\/p>\n<p>Informa\u00e7\u00e3o nutricional (por 100g)<\/p>\n<\/div>\n<\/div>\n<div class=\"module module-text text-5819-1-1-5  repeat   tb_8a98277\">\n<div class=\"tb_text_wrap\">\n<p>Valor energ\u00e9tico 924kJ \/ 219kcal<br \/>\nL\u00edpidos 3.2g<br \/>\ndos quais saturados 2.4g<br \/>\nHidratos de carbono 42.2g<br \/>\ndos quais a\u00e7\u00facares 3.3g<br \/>\nFibra 1.5g<br \/>\nProte\u00ednas 4.5g<br \/>\nSal 0.8g<\/p>\n<\/div>\n<\/div>\n","protected":false},"featured_media":44662,"comment_status":"closed","ping_status":"closed","template":"","meta":[],"product_cat":[12],"product_tag":[],"class_list":["post-44661","product","type-product","status-publish","has-post-thumbnail","hentry","product_cat-padaria"],"bundle_layout":"","bundled_by":[],"bundled_items":[],"yoast_head":"<!-- This site is optimized with the Yoast SEO plugin v26.3 - https:\/\/yoast.com\/wordpress\/plugins\/seo\/ -->\n<title>P\u00c3O DE BATATA DOCE E MILHO BIO 420GR<\/title>\n<meta name=\"description\" content=\"P\u00c3O DE BATATA DOCE E MILHO BIO 420GR\" \/>\n<meta name=\"robots\" content=\"index, follow, max-snippet:-1, max-image-preview:large, max-video-preview:-1\" \/>\n<link rel=\"canonical\" href=\"https:\/\/biocabaz.pt\/web\/produto\/pao-de-batata-doce-e-milho-bio-420gr\/\" \/>\n<meta property=\"og:locale\" content=\"pt_PT\" \/>\n<meta property=\"og:locale:alternate\" content=\"en_US\" \/>\n<meta property=\"og:type\" content=\"article\" \/>\n<meta property=\"og:title\" content=\"P\u00c3O DE BATATA DOCE E MILHO BIO 420GR\" \/>\n<meta property=\"og:description\" content=\"P\u00c3O DE BATATA DOCE E MILHO BIO 420GR\" \/>\n<meta property=\"og:url\" content=\"https:\/\/biocabaz.pt\/web\/produto\/pao-de-batata-doce-e-milho-bio-420gr\/\" \/>\n<meta property=\"og:site_name\" content=\"BIOCABAZ - CABAZES BIOL\u00d3GICOS\" \/>\n<meta property=\"article:modified_time\" content=\"2025-08-30T06:29:36+00:00\" \/>\n<meta property=\"og:image\" content=\"https:\/\/www.biocabaz.pt\/web\/wp-conteudos\/uploads\/2020\/05\/batata-doce-e-milho-miolo-3-600x600-1.png\" \/>\n\t<meta property=\"og:image:width\" content=\"600\" \/>\n\t<meta property=\"og:image:height\" content=\"600\" \/>\n\t<meta property=\"og:image:type\" content=\"image\/png\" \/>\n<meta name=\"twitter:card\" content=\"summary_large_image\" \/>\n<script type=\"application\/ld+json\" class=\"yoast-schema-graph\">{\"@context\":\"https:\/\/schema.org\",\"@graph\":[{\"@type\":\"WebPage\",\"@id\":\"https:\/\/biocabaz.pt\/web\/en\/produto\/pao-de-batata-doce-e-milho-bio-420gr\/\",\"url\":\"https:\/\/biocabaz.pt\/web\/en\/produto\/pao-de-batata-doce-e-milho-bio-420gr\/\",\"name\":\"P\u00c3O DE BATATA DOCE E MILHO BIO 420GR\",\"isPartOf\":{\"@id\":\"https:\/\/biocabaz.pt\/web\/#website\"},\"primaryImageOfPage\":{\"@id\":\"https:\/\/biocabaz.pt\/web\/en\/produto\/pao-de-batata-doce-e-milho-bio-420gr\/#primaryimage\"},\"image\":{\"@id\":\"https:\/\/biocabaz.pt\/web\/en\/produto\/pao-de-batata-doce-e-milho-bio-420gr\/#primaryimage\"},\"thumbnailUrl\":\"https:\/\/www.biocabaz.pt\/web\/wp-conteudos\/uploads\/2020\/05\/batata-doce-e-milho-miolo-3-600x600-1.png\",\"datePublished\":\"2020-05-16T07:59:45+00:00\",\"dateModified\":\"2025-08-30T06:29:36+00:00\",\"description\":\"P\u00c3O DE BATATA DOCE E MILHO BIO 420GR\",\"breadcrumb\":{\"@id\":\"https:\/\/biocabaz.pt\/web\/en\/produto\/pao-de-batata-doce-e-milho-bio-420gr\/#breadcrumb\"},\"inLanguage\":\"pt-PT\",\"potentialAction\":[{\"@type\":\"ReadAction\",\"target\":[\"https:\/\/biocabaz.pt\/web\/en\/produto\/pao-de-batata-doce-e-milho-bio-420gr\/\"]}]},{\"@type\":\"ImageObject\",\"inLanguage\":\"pt-PT\",\"@id\":\"https:\/\/biocabaz.pt\/web\/en\/produto\/pao-de-batata-doce-e-milho-bio-420gr\/#primaryimage\",\"url\":\"https:\/\/www.biocabaz.pt\/web\/wp-conteudos\/uploads\/2020\/05\/batata-doce-e-milho-miolo-3-600x600-1.png\",\"contentUrl\":\"https:\/\/www.biocabaz.pt\/web\/wp-conteudos\/uploads\/2020\/05\/batata-doce-e-milho-miolo-3-600x600-1.png\",\"width\":600,\"height\":600,\"caption\":\"P\u00c3O DE BATATA DOCE E MILHO BIO 420GR\"},{\"@type\":\"BreadcrumbList\",\"@id\":\"https:\/\/biocabaz.pt\/web\/en\/produto\/pao-de-batata-doce-e-milho-bio-420gr\/#breadcrumb\",\"itemListElement\":[{\"@type\":\"ListItem\",\"position\":1,\"name\":\"Home\",\"item\":\"https:\/\/biocabaz.pt\/web\/\"},{\"@type\":\"ListItem\",\"position\":2,\"name\":\"Loja\",\"item\":\"https:\/\/biocabaz.pt\/web\/shop\/\"},{\"@type\":\"ListItem\",\"position\":3,\"name\":\"QUINOA SWEET POTATO AND CORN BREAD\"}]},{\"@type\":\"WebSite\",\"@id\":\"https:\/\/biocabaz.pt\/web\/#website\",\"url\":\"https:\/\/biocabaz.pt\/web\/\",\"name\":\"BIOCABAZ - CABAZES BIOL\u00d3GICOS\",\"description\":\"O melhor que a terra d\u00e1 \u00e9 para si\",\"potentialAction\":[{\"@type\":\"SearchAction\",\"target\":{\"@type\":\"EntryPoint\",\"urlTemplate\":\"https:\/\/biocabaz.pt\/web\/?s={search_term_string}\"},\"query-input\":{\"@type\":\"PropertyValueSpecification\",\"valueRequired\":true,\"valueName\":\"search_term_string\"}}],\"inLanguage\":\"pt-PT\"}]}<\/script>\n<!-- \/ Yoast SEO plugin. -->","yoast_head_json":{"title":"P\u00c3O DE BATATA DOCE E MILHO BIO 420GR","description":"P\u00c3O DE BATATA DOCE E MILHO BIO 420GR","robots":{"index":"index","follow":"follow","max-snippet":"max-snippet:-1","max-image-preview":"max-image-preview:large","max-video-preview":"max-video-preview:-1"},"canonical":"https:\/\/biocabaz.pt\/web\/produto\/pao-de-batata-doce-e-milho-bio-420gr\/","og_locale":"pt_PT","og_type":"article","og_title":"[:en]QUINOA SWEET POTATO AND CORN BREAD[:pt]P\u00c3O DE BATATA DOCE E MILHO BIO 420GR[:] - BIOCABAZ - CABAZES BIOL\u00d3GICOS","og_description":"P\u00c3O DE BATATA DOCE E MILHO BIO 420GR","og_url":"https:\/\/biocabaz.pt\/web\/produto\/pao-de-batata-doce-e-milho-bio-420gr\/","og_site_name":"BIOCABAZ - CABAZES BIOL\u00d3GICOS","article_modified_time":"2025-08-30T06:29:36+00:00","og_image":[{"width":600,"height":600,"url":"https:\/\/www.biocabaz.pt\/web\/wp-conteudos\/uploads\/2020\/05\/batata-doce-e-milho-miolo-3-600x600-1.png","type":"image\/png"}],"twitter_card":"summary_large_image","schema":{"@context":"https:\/\/schema.org","@graph":[{"@type":"WebPage","@id":"https:\/\/biocabaz.pt\/web\/en\/produto\/pao-de-batata-doce-e-milho-bio-420gr\/","url":"https:\/\/biocabaz.pt\/web\/en\/produto\/pao-de-batata-doce-e-milho-bio-420gr\/","name":"P\u00c3O DE BATATA DOCE E MILHO BIO 420GR","isPartOf":{"@id":"https:\/\/biocabaz.pt\/web\/#website"},"primaryImageOfPage":{"@id":"https:\/\/biocabaz.pt\/web\/en\/produto\/pao-de-batata-doce-e-milho-bio-420gr\/#primaryimage"},"image":{"@id":"https:\/\/biocabaz.pt\/web\/en\/produto\/pao-de-batata-doce-e-milho-bio-420gr\/#primaryimage"},"thumbnailUrl":"https:\/\/www.biocabaz.pt\/web\/wp-conteudos\/uploads\/2020\/05\/batata-doce-e-milho-miolo-3-600x600-1.png","datePublished":"2020-05-16T07:59:45+00:00","dateModified":"2025-08-30T06:29:36+00:00","description":"P\u00c3O DE BATATA DOCE E MILHO BIO 420GR","breadcrumb":{"@id":"https:\/\/biocabaz.pt\/web\/en\/produto\/pao-de-batata-doce-e-milho-bio-420gr\/#breadcrumb"},"inLanguage":"pt-PT","potentialAction":[{"@type":"ReadAction","target":["https:\/\/biocabaz.pt\/web\/en\/produto\/pao-de-batata-doce-e-milho-bio-420gr\/"]}]},{"@type":"ImageObject","inLanguage":"pt-PT","@id":"https:\/\/biocabaz.pt\/web\/en\/produto\/pao-de-batata-doce-e-milho-bio-420gr\/#primaryimage","url":"https:\/\/www.biocabaz.pt\/web\/wp-conteudos\/uploads\/2020\/05\/batata-doce-e-milho-miolo-3-600x600-1.png","contentUrl":"https:\/\/www.biocabaz.pt\/web\/wp-conteudos\/uploads\/2020\/05\/batata-doce-e-milho-miolo-3-600x600-1.png","width":600,"height":600,"caption":"P\u00c3O DE BATATA DOCE E MILHO BIO 420GR"},{"@type":"BreadcrumbList","@id":"https:\/\/biocabaz.pt\/web\/en\/produto\/pao-de-batata-doce-e-milho-bio-420gr\/#breadcrumb","itemListElement":[{"@type":"ListItem","position":1,"name":"Home","item":"https:\/\/biocabaz.pt\/web\/"},{"@type":"ListItem","position":2,"name":"Loja","item":"https:\/\/biocabaz.pt\/web\/shop\/"},{"@type":"ListItem","position":3,"name":"QUINOA SWEET POTATO AND CORN BREAD"}]},{"@type":"WebSite","@id":"https:\/\/biocabaz.pt\/web\/#website","url":"https:\/\/biocabaz.pt\/web\/","name":"BIOCABAZ - CABAZES BIOL\u00d3GICOS","description":"O melhor que a terra d\u00e1 \u00e9 para si","potentialAction":[{"@type":"SearchAction","target":{"@type":"EntryPoint","urlTemplate":"https:\/\/biocabaz.pt\/web\/?s={search_term_string}"},"query-input":{"@type":"PropertyValueSpecification","valueRequired":true,"valueName":"search_term_string"}}],"inLanguage":"pt-PT"}]}},"_links":{"self":[{"href":"https:\/\/biocabaz.pt\/web\/wp-json\/wp\/v2\/product\/44661","targetHints":{"allow":["GET"]}}],"collection":[{"href":"https:\/\/biocabaz.pt\/web\/wp-json\/wp\/v2\/product"}],"about":[{"href":"https:\/\/biocabaz.pt\/web\/wp-json\/wp\/v2\/types\/product"}],"replies":[{"embeddable":true,"href":"https:\/\/biocabaz.pt\/web\/wp-json\/wp\/v2\/comments?post=44661"}],"wp:featuredmedia":[{"embeddable":true,"href":"https:\/\/biocabaz.pt\/web\/wp-json\/wp\/v2\/media\/44662"}],"wp:attachment":[{"href":"https:\/\/biocabaz.pt\/web\/wp-json\/wp\/v2\/media?parent=44661"}],"wp:term":[{"taxonomy":"product_cat","embeddable":true,"href":"https:\/\/biocabaz.pt\/web\/wp-json\/wp\/v2\/product_cat?post=44661"},{"taxonomy":"product_tag","embeddable":true,"href":"https:\/\/biocabaz.pt\/web\/wp-json\/wp\/v2\/product_tag?post=44661"}],"curies":[{"name":"wp","href":"https:\/\/api.w.org\/{rel}","templated":true}]}}