{"id":44652,"date":"2020-05-16T07:32:12","date_gmt":"2020-05-16T07:32:12","guid":{"rendered":"https:\/\/www.biocabaz.pt\/web\/?post_type=product&#038;p=44652"},"modified":"2025-08-30T06:29:52","modified_gmt":"2025-08-30T06:29:52","slug":"pao-de-tamaras-e-nozes-bio-400gr","status":"publish","type":"product","link":"https:\/\/biocabaz.pt\/web\/produto\/pao-de-tamaras-e-nozes-bio-400gr\/","title":{"rendered":"P\u00c3O DE T\u00c2MARAS E NOZES BIO 400GR"},"content":{"rendered":"","protected":false},"excerpt":{"rendered":"<p><strong>Descri\u00e7\u00e3o<\/strong><\/p>\n<div class=\"module module-text text-5764-1-1-2  repeat   tb_387276b\">\n<div class=\"tb_text_wrap\">\n<p>Ingredientes: \u00c1gua filtrada; farinha de espelta*; farinha de centeio*; t\u00e2maras* (10%); nozes* (9%), malte de cevada* e sal marinho.<\/p>\n<\/div>\n<\/div>\n<div class=\"module module-text text-5764-1-1-3  repeat   tb_f9e52ab\">\n<div class=\"tb_text_wrap\">\n<p>*Agricultura biol\u00f3gica<\/p>\n<\/div>\n<\/div>\n<div class=\"module module-text text-5764-1-1-4  repeat   tb_3f225bf\">\n<div class=\"tb_text_wrap\">\n<p><strong>Dados Nutricionais<\/strong><\/p>\n<p>Informa\u00e7\u00e3o nutricional (por 100g)<\/p>\n<\/div>\n<\/div>\n<div class=\"module module-text text-5764-1-1-5  repeat   tb_5818513\">\n<div class=\"tb_text_wrap\">\n<p>Valor energ\u00e9tico 1058kJ \/ 252kcal<br \/>\nL\u00edpidos 6.4g<br \/>\ndos quais saturados 0.7g<br \/>\nHidratos de carbono 37.1g<br \/>\ndos quais a\u00e7\u00facares 10.2g<br \/>\nFibra 8.8g<br \/>\nProte\u00ednas 7.0g<br \/>\nSal 0.6g<\/p>\n<\/div>\n<\/div>\n","protected":false},"featured_media":44653,"comment_status":"closed","ping_status":"closed","template":"","meta":[],"product_cat":[12],"product_tag":[],"class_list":["post-44652","product","type-product","status-publish","has-post-thumbnail","hentry","product_cat-padaria"],"bundle_layout":"","bundled_by":[],"bundled_items":[],"yoast_head":"<!-- This site is optimized with the Yoast SEO plugin v26.3 - https:\/\/yoast.com\/wordpress\/plugins\/seo\/ -->\n<title>P\u00c3O DE T\u00c2MARAS E NOZES BIO 400GR<\/title>\n<meta name=\"description\" content=\"P\u00c3O DE T\u00c2MARAS E NOZES BIO 400GR\" \/>\n<meta name=\"robots\" content=\"index, follow, max-snippet:-1, max-image-preview:large, max-video-preview:-1\" \/>\n<link rel=\"canonical\" href=\"https:\/\/biocabaz.pt\/web\/produto\/pao-de-tamaras-e-nozes-bio-400gr\/\" \/>\n<meta property=\"og:locale\" content=\"pt_PT\" \/>\n<meta property=\"og:locale:alternate\" content=\"en_US\" \/>\n<meta property=\"og:type\" content=\"article\" \/>\n<meta property=\"og:title\" content=\"P\u00c3O DE T\u00c2MARAS E NOZES BIO 400GR\" \/>\n<meta property=\"og:description\" content=\"P\u00c3O DE T\u00c2MARAS E NOZES BIO 400GR\" \/>\n<meta property=\"og:url\" content=\"https:\/\/biocabaz.pt\/web\/produto\/pao-de-tamaras-e-nozes-bio-400gr\/\" \/>\n<meta property=\"og:site_name\" content=\"BIOCABAZ - CABAZES BIOL\u00d3GICOS\" \/>\n<meta property=\"article:modified_time\" content=\"2025-08-30T06:29:52+00:00\" \/>\n<meta property=\"og:image\" content=\"https:\/\/www.biocabaz.pt\/web\/wp-conteudos\/uploads\/2020\/05\/tamaras-e-nozes-miolo-600x600-1.png\" \/>\n\t<meta property=\"og:image:width\" content=\"600\" \/>\n\t<meta property=\"og:image:height\" content=\"600\" \/>\n\t<meta property=\"og:image:type\" content=\"image\/png\" \/>\n<meta name=\"twitter:card\" content=\"summary_large_image\" \/>\n<script type=\"application\/ld+json\" class=\"yoast-schema-graph\">{\"@context\":\"https:\/\/schema.org\",\"@graph\":[{\"@type\":\"WebPage\",\"@id\":\"https:\/\/biocabaz.pt\/web\/produto\/pao-de-tamaras-e-nozes-bio-400gr\/\",\"url\":\"https:\/\/biocabaz.pt\/web\/produto\/pao-de-tamaras-e-nozes-bio-400gr\/\",\"name\":\"P\u00c3O DE T\u00c2MARAS E NOZES BIO 400GR\",\"isPartOf\":{\"@id\":\"https:\/\/biocabaz.pt\/web\/#website\"},\"primaryImageOfPage\":{\"@id\":\"https:\/\/biocabaz.pt\/web\/produto\/pao-de-tamaras-e-nozes-bio-400gr\/#primaryimage\"},\"image\":{\"@id\":\"https:\/\/biocabaz.pt\/web\/produto\/pao-de-tamaras-e-nozes-bio-400gr\/#primaryimage\"},\"thumbnailUrl\":\"https:\/\/www.biocabaz.pt\/web\/wp-conteudos\/uploads\/2020\/05\/tamaras-e-nozes-miolo-600x600-1.png\",\"datePublished\":\"2020-05-16T07:32:12+00:00\",\"dateModified\":\"2025-08-30T06:29:52+00:00\",\"description\":\"P\u00c3O DE T\u00c2MARAS E NOZES BIO 400GR\",\"breadcrumb\":{\"@id\":\"https:\/\/biocabaz.pt\/web\/produto\/pao-de-tamaras-e-nozes-bio-400gr\/#breadcrumb\"},\"inLanguage\":\"pt-PT\",\"potentialAction\":[{\"@type\":\"ReadAction\",\"target\":[\"https:\/\/biocabaz.pt\/web\/produto\/pao-de-tamaras-e-nozes-bio-400gr\/\"]}]},{\"@type\":\"ImageObject\",\"inLanguage\":\"pt-PT\",\"@id\":\"https:\/\/biocabaz.pt\/web\/produto\/pao-de-tamaras-e-nozes-bio-400gr\/#primaryimage\",\"url\":\"https:\/\/www.biocabaz.pt\/web\/wp-conteudos\/uploads\/2020\/05\/tamaras-e-nozes-miolo-600x600-1.png\",\"contentUrl\":\"https:\/\/www.biocabaz.pt\/web\/wp-conteudos\/uploads\/2020\/05\/tamaras-e-nozes-miolo-600x600-1.png\",\"width\":600,\"height\":600,\"caption\":\"P\u00c3O DE T\u00c2MARAS E NOZES BIO 400GR\"},{\"@type\":\"BreadcrumbList\",\"@id\":\"https:\/\/biocabaz.pt\/web\/produto\/pao-de-tamaras-e-nozes-bio-400gr\/#breadcrumb\",\"itemListElement\":[{\"@type\":\"ListItem\",\"position\":1,\"name\":\"Home\",\"item\":\"https:\/\/biocabaz.pt\/web\/\"},{\"@type\":\"ListItem\",\"position\":2,\"name\":\"Shop\",\"item\":\"https:\/\/www.biocabaz.pt\/web\/en\/shop\/\"},{\"@type\":\"ListItem\",\"position\":3,\"name\":\"P\u00c3O DE T\u00c2MARAS E NOZES BIO 400GR\"}]},{\"@type\":\"WebSite\",\"@id\":\"https:\/\/biocabaz.pt\/web\/#website\",\"url\":\"https:\/\/biocabaz.pt\/web\/\",\"name\":\"BIOCABAZ - CABAZES BIOL\u00d3GICOS\",\"description\":\"O melhor que a terra d\u00e1 \u00e9 para si\",\"potentialAction\":[{\"@type\":\"SearchAction\",\"target\":{\"@type\":\"EntryPoint\",\"urlTemplate\":\"https:\/\/biocabaz.pt\/web\/?s={search_term_string}\"},\"query-input\":{\"@type\":\"PropertyValueSpecification\",\"valueRequired\":true,\"valueName\":\"search_term_string\"}}],\"inLanguage\":\"pt-PT\"}]}<\/script>\n<!-- \/ Yoast SEO plugin. -->","yoast_head_json":{"title":"P\u00c3O DE T\u00c2MARAS E NOZES BIO 400GR","description":"P\u00c3O DE T\u00c2MARAS E NOZES BIO 400GR","robots":{"index":"index","follow":"follow","max-snippet":"max-snippet:-1","max-image-preview":"max-image-preview:large","max-video-preview":"max-video-preview:-1"},"canonical":"https:\/\/biocabaz.pt\/web\/produto\/pao-de-tamaras-e-nozes-bio-400gr\/","og_locale":"pt_PT","og_type":"article","og_title":"[:en]QUINOA DATES AND NUTS BREAD[:pt]P\u00c3O DE T\u00c2MARAS E NOZES BIO 400GR[:] - BIOCABAZ - CABAZES BIOL\u00d3GICOS","og_description":"P\u00c3O DE T\u00c2MARAS E NOZES BIO 400GR","og_url":"https:\/\/biocabaz.pt\/web\/produto\/pao-de-tamaras-e-nozes-bio-400gr\/","og_site_name":"BIOCABAZ - CABAZES BIOL\u00d3GICOS","article_modified_time":"2025-08-30T06:29:52+00:00","og_image":[{"width":600,"height":600,"url":"https:\/\/www.biocabaz.pt\/web\/wp-conteudos\/uploads\/2020\/05\/tamaras-e-nozes-miolo-600x600-1.png","type":"image\/png"}],"twitter_card":"summary_large_image","schema":{"@context":"https:\/\/schema.org","@graph":[{"@type":"WebPage","@id":"https:\/\/biocabaz.pt\/web\/produto\/pao-de-tamaras-e-nozes-bio-400gr\/","url":"https:\/\/biocabaz.pt\/web\/produto\/pao-de-tamaras-e-nozes-bio-400gr\/","name":"P\u00c3O DE T\u00c2MARAS E NOZES BIO 400GR","isPartOf":{"@id":"https:\/\/biocabaz.pt\/web\/#website"},"primaryImageOfPage":{"@id":"https:\/\/biocabaz.pt\/web\/produto\/pao-de-tamaras-e-nozes-bio-400gr\/#primaryimage"},"image":{"@id":"https:\/\/biocabaz.pt\/web\/produto\/pao-de-tamaras-e-nozes-bio-400gr\/#primaryimage"},"thumbnailUrl":"https:\/\/www.biocabaz.pt\/web\/wp-conteudos\/uploads\/2020\/05\/tamaras-e-nozes-miolo-600x600-1.png","datePublished":"2020-05-16T07:32:12+00:00","dateModified":"2025-08-30T06:29:52+00:00","description":"P\u00c3O DE T\u00c2MARAS E NOZES BIO 400GR","breadcrumb":{"@id":"https:\/\/biocabaz.pt\/web\/produto\/pao-de-tamaras-e-nozes-bio-400gr\/#breadcrumb"},"inLanguage":"pt-PT","potentialAction":[{"@type":"ReadAction","target":["https:\/\/biocabaz.pt\/web\/produto\/pao-de-tamaras-e-nozes-bio-400gr\/"]}]},{"@type":"ImageObject","inLanguage":"pt-PT","@id":"https:\/\/biocabaz.pt\/web\/produto\/pao-de-tamaras-e-nozes-bio-400gr\/#primaryimage","url":"https:\/\/www.biocabaz.pt\/web\/wp-conteudos\/uploads\/2020\/05\/tamaras-e-nozes-miolo-600x600-1.png","contentUrl":"https:\/\/www.biocabaz.pt\/web\/wp-conteudos\/uploads\/2020\/05\/tamaras-e-nozes-miolo-600x600-1.png","width":600,"height":600,"caption":"P\u00c3O DE T\u00c2MARAS E NOZES BIO 400GR"},{"@type":"BreadcrumbList","@id":"https:\/\/biocabaz.pt\/web\/produto\/pao-de-tamaras-e-nozes-bio-400gr\/#breadcrumb","itemListElement":[{"@type":"ListItem","position":1,"name":"Home","item":"https:\/\/biocabaz.pt\/web\/"},{"@type":"ListItem","position":2,"name":"Shop","item":"https:\/\/www.biocabaz.pt\/web\/en\/shop\/"},{"@type":"ListItem","position":3,"name":"P\u00c3O DE T\u00c2MARAS E NOZES BIO 400GR"}]},{"@type":"WebSite","@id":"https:\/\/biocabaz.pt\/web\/#website","url":"https:\/\/biocabaz.pt\/web\/","name":"BIOCABAZ - CABAZES BIOL\u00d3GICOS","description":"O melhor que a terra d\u00e1 \u00e9 para si","potentialAction":[{"@type":"SearchAction","target":{"@type":"EntryPoint","urlTemplate":"https:\/\/biocabaz.pt\/web\/?s={search_term_string}"},"query-input":{"@type":"PropertyValueSpecification","valueRequired":true,"valueName":"search_term_string"}}],"inLanguage":"pt-PT"}]}},"_links":{"self":[{"href":"https:\/\/biocabaz.pt\/web\/wp-json\/wp\/v2\/product\/44652","targetHints":{"allow":["GET"]}}],"collection":[{"href":"https:\/\/biocabaz.pt\/web\/wp-json\/wp\/v2\/product"}],"about":[{"href":"https:\/\/biocabaz.pt\/web\/wp-json\/wp\/v2\/types\/product"}],"replies":[{"embeddable":true,"href":"https:\/\/biocabaz.pt\/web\/wp-json\/wp\/v2\/comments?post=44652"}],"wp:featuredmedia":[{"embeddable":true,"href":"https:\/\/biocabaz.pt\/web\/wp-json\/wp\/v2\/media\/44653"}],"wp:attachment":[{"href":"https:\/\/biocabaz.pt\/web\/wp-json\/wp\/v2\/media?parent=44652"}],"wp:term":[{"taxonomy":"product_cat","embeddable":true,"href":"https:\/\/biocabaz.pt\/web\/wp-json\/wp\/v2\/product_cat?post=44652"},{"taxonomy":"product_tag","embeddable":true,"href":"https:\/\/biocabaz.pt\/web\/wp-json\/wp\/v2\/product_tag?post=44652"}],"curies":[{"name":"wp","href":"https:\/\/api.w.org\/{rel}","templated":true}]}}