{"id":44643,"date":"2020-05-16T06:55:19","date_gmt":"2020-05-16T06:55:19","guid":{"rendered":"https:\/\/www.biocabaz.pt\/web\/?post_type=product&#038;p=44643"},"modified":"2025-08-30T06:30:07","modified_gmt":"2025-08-30T06:30:07","slug":"pao-de-espelta-e-centeio-integral-bio-450gr","status":"publish","type":"product","link":"https:\/\/biocabaz.pt\/web\/produto\/pao-de-espelta-e-centeio-integral-bio-450gr\/","title":{"rendered":"P\u00c3O DE ESPELTA E CENTEIO INTEGRAL BIO 450GR"},"content":{"rendered":"","protected":false},"excerpt":{"rendered":"<div class=\"module module-text text-5616-1-1-2  repeat   tb_a1217fc\">\n<div class=\"tb_text_wrap\">\n<p><strong>DESCRI\u00c7\u00c3O<\/strong><\/p>\n<p>Ingredientes: \u00c1gua filtrada; farinha de espelta* (35%); farinha de centeio* integral (8%); malte de cevada*; sal marinho.<\/p>\n<\/div>\n<\/div>\n<div class=\"module module-text text-5616-1-1-3  repeat   tb_a1826b5\">\n<div class=\"tb_text_wrap\">\n<p>*Agricultura biol\u00f3gica<\/p>\n<\/div>\n<\/div>\n<div class=\"module module-text text-5616-1-1-4  repeat   tb_19632a3\">\n<div class=\"tb_text_wrap\">\n<p><strong>DADOS NUTRICIONAIS<\/strong><\/p>\n<p>Informa\u00e7\u00e3o nutricional (por 100g)<\/p>\n<\/div>\n<\/div>\n<div class=\"module module-text text-5616-1-1-5  repeat   tb_cda928e\">\n<div class=\"tb_text_wrap\">\n<p>Valor energ\u00e9tico 214kcal \/ 905kJ<br \/>\nL\u00edpidos 1.0g<br \/>\ndos quais saturados 0.2g<br \/>\nHidratos de carbono 41.2g<br \/>\ndos quais a\u00e7\u00facares 3.2g<br \/>\nFibra 6.2g<br \/>\nProte\u00ednas 6.8g<br \/>\nSal 0.8g<\/p>\n<\/div>\n<\/div>\n","protected":false},"featured_media":44644,"comment_status":"closed","ping_status":"closed","template":"","meta":[],"product_cat":[12],"product_tag":[],"class_list":["post-44643","product","type-product","status-publish","has-post-thumbnail","hentry","product_cat-padaria"],"bundle_layout":"","bundled_by":[],"bundled_items":[],"yoast_head":"<!-- This site is optimized with the Yoast SEO plugin v26.3 - https:\/\/yoast.com\/wordpress\/plugins\/seo\/ -->\n<title>P\u00c3O DE ESPELTA E CENTEIO INTEGRAL BIO 450GR<\/title>\n<meta name=\"description\" content=\"P\u00c3O DE ESPELTA E CENTEIO INTEGRAL BIO 450GR\" \/>\n<meta name=\"robots\" content=\"index, follow, max-snippet:-1, max-image-preview:large, max-video-preview:-1\" \/>\n<link rel=\"canonical\" href=\"https:\/\/biocabaz.pt\/web\/produto\/pao-de-espelta-e-centeio-integral-bio-450gr\/\" \/>\n<meta property=\"og:locale\" content=\"pt_PT\" \/>\n<meta property=\"og:locale:alternate\" content=\"en_US\" \/>\n<meta property=\"og:type\" content=\"article\" \/>\n<meta property=\"og:title\" content=\"P\u00c3O DE ESPELTA E CENTEIO INTEGRAL BIO 450GR\" \/>\n<meta property=\"og:description\" content=\"P\u00c3O DE ESPELTA E CENTEIO INTEGRAL BIO 450GR\" \/>\n<meta property=\"og:url\" content=\"https:\/\/biocabaz.pt\/web\/produto\/pao-de-espelta-e-centeio-integral-bio-450gr\/\" \/>\n<meta property=\"og:site_name\" content=\"BIOCABAZ - CABAZES BIOL\u00d3GICOS\" \/>\n<meta property=\"article:modified_time\" content=\"2025-08-30T06:30:07+00:00\" \/>\n<meta property=\"og:image\" content=\"https:\/\/www.biocabaz.pt\/web\/wp-conteudos\/uploads\/2020\/05\/espelta-e-centeio-integral-miolo-600x600-1.png\" \/>\n\t<meta property=\"og:image:width\" content=\"600\" \/>\n\t<meta property=\"og:image:height\" content=\"600\" \/>\n\t<meta property=\"og:image:type\" content=\"image\/png\" \/>\n<meta name=\"twitter:card\" content=\"summary_large_image\" \/>\n<script type=\"application\/ld+json\" class=\"yoast-schema-graph\">{\"@context\":\"https:\/\/schema.org\",\"@graph\":[{\"@type\":\"WebPage\",\"@id\":\"https:\/\/biocabaz.pt\/web\/produto\/pao-de-espelta-e-centeio-integral-bio-450gr\/\",\"url\":\"https:\/\/biocabaz.pt\/web\/produto\/pao-de-espelta-e-centeio-integral-bio-450gr\/\",\"name\":\"P\u00c3O DE ESPELTA E CENTEIO INTEGRAL BIO 450GR\",\"isPartOf\":{\"@id\":\"https:\/\/biocabaz.pt\/web\/en\/#website\"},\"primaryImageOfPage\":{\"@id\":\"https:\/\/biocabaz.pt\/web\/produto\/pao-de-espelta-e-centeio-integral-bio-450gr\/#primaryimage\"},\"image\":{\"@id\":\"https:\/\/biocabaz.pt\/web\/produto\/pao-de-espelta-e-centeio-integral-bio-450gr\/#primaryimage\"},\"thumbnailUrl\":\"https:\/\/www.biocabaz.pt\/web\/wp-conteudos\/uploads\/2020\/05\/espelta-e-centeio-integral-miolo-600x600-1.png\",\"datePublished\":\"2020-05-16T06:55:19+00:00\",\"dateModified\":\"2025-08-30T06:30:07+00:00\",\"description\":\"P\u00c3O DE ESPELTA E CENTEIO INTEGRAL BIO 450GR\",\"breadcrumb\":{\"@id\":\"https:\/\/biocabaz.pt\/web\/produto\/pao-de-espelta-e-centeio-integral-bio-450gr\/#breadcrumb\"},\"inLanguage\":\"pt-PT\",\"potentialAction\":[{\"@type\":\"ReadAction\",\"target\":[\"https:\/\/biocabaz.pt\/web\/produto\/pao-de-espelta-e-centeio-integral-bio-450gr\/\"]}]},{\"@type\":\"ImageObject\",\"inLanguage\":\"pt-PT\",\"@id\":\"https:\/\/biocabaz.pt\/web\/produto\/pao-de-espelta-e-centeio-integral-bio-450gr\/#primaryimage\",\"url\":\"https:\/\/www.biocabaz.pt\/web\/wp-conteudos\/uploads\/2020\/05\/espelta-e-centeio-integral-miolo-600x600-1.png\",\"contentUrl\":\"https:\/\/www.biocabaz.pt\/web\/wp-conteudos\/uploads\/2020\/05\/espelta-e-centeio-integral-miolo-600x600-1.png\",\"width\":600,\"height\":600,\"caption\":\"P\u00c3O DE ESPELTA E CENTEIO INTEGRAL BIO 450GR\"},{\"@type\":\"BreadcrumbList\",\"@id\":\"https:\/\/biocabaz.pt\/web\/produto\/pao-de-espelta-e-centeio-integral-bio-450gr\/#breadcrumb\",\"itemListElement\":[{\"@type\":\"ListItem\",\"position\":1,\"name\":\"Home\",\"item\":\"https:\/\/biocabaz.pt\/web\/en\/\"},{\"@type\":\"ListItem\",\"position\":2,\"name\":\"Shop\",\"item\":\"https:\/\/biocabaz.pt\/web\/en\/shop\/\"},{\"@type\":\"ListItem\",\"position\":3,\"name\":\"P\u00c3O DE ESPELTA E CENTEIO INTEGRAL BIO 450GR\"}]},{\"@type\":\"WebSite\",\"@id\":\"https:\/\/biocabaz.pt\/web\/en\/#website\",\"url\":\"https:\/\/biocabaz.pt\/web\/en\/\",\"name\":\"BIOCABAZ - CABAZES BIOL\u00d3GICOS\",\"description\":\"O melhor que a terra d\u00e1 \u00e9 para si\",\"potentialAction\":[{\"@type\":\"SearchAction\",\"target\":{\"@type\":\"EntryPoint\",\"urlTemplate\":\"https:\/\/biocabaz.pt\/web\/en\/?s={search_term_string}\"},\"query-input\":{\"@type\":\"PropertyValueSpecification\",\"valueRequired\":true,\"valueName\":\"search_term_string\"}}],\"inLanguage\":\"pt-PT\"}]}<\/script>\n<!-- \/ Yoast SEO plugin. -->","yoast_head_json":{"title":"P\u00c3O DE ESPELTA E CENTEIO INTEGRAL BIO 450GR","description":"P\u00c3O DE ESPELTA E CENTEIO INTEGRAL BIO 450GR","robots":{"index":"index","follow":"follow","max-snippet":"max-snippet:-1","max-image-preview":"max-image-preview:large","max-video-preview":"max-video-preview:-1"},"canonical":"https:\/\/biocabaz.pt\/web\/produto\/pao-de-espelta-e-centeio-integral-bio-450gr\/","og_locale":"pt_PT","og_type":"article","og_title":"[:en]QUINOA SPELT AND RYE BREAD[:pt]P\u00c3O DE ESPELTA E CENTEIO INTEGRAL BIO 450GR[:] - BIOCABAZ - CABAZES BIOL\u00d3GICOS","og_description":"P\u00c3O DE ESPELTA E CENTEIO INTEGRAL BIO 450GR","og_url":"https:\/\/biocabaz.pt\/web\/produto\/pao-de-espelta-e-centeio-integral-bio-450gr\/","og_site_name":"BIOCABAZ - CABAZES BIOL\u00d3GICOS","article_modified_time":"2025-08-30T06:30:07+00:00","og_image":[{"width":600,"height":600,"url":"https:\/\/www.biocabaz.pt\/web\/wp-conteudos\/uploads\/2020\/05\/espelta-e-centeio-integral-miolo-600x600-1.png","type":"image\/png"}],"twitter_card":"summary_large_image","schema":{"@context":"https:\/\/schema.org","@graph":[{"@type":"WebPage","@id":"https:\/\/biocabaz.pt\/web\/produto\/pao-de-espelta-e-centeio-integral-bio-450gr\/","url":"https:\/\/biocabaz.pt\/web\/produto\/pao-de-espelta-e-centeio-integral-bio-450gr\/","name":"P\u00c3O DE ESPELTA E CENTEIO INTEGRAL BIO 450GR","isPartOf":{"@id":"https:\/\/biocabaz.pt\/web\/en\/#website"},"primaryImageOfPage":{"@id":"https:\/\/biocabaz.pt\/web\/produto\/pao-de-espelta-e-centeio-integral-bio-450gr\/#primaryimage"},"image":{"@id":"https:\/\/biocabaz.pt\/web\/produto\/pao-de-espelta-e-centeio-integral-bio-450gr\/#primaryimage"},"thumbnailUrl":"https:\/\/www.biocabaz.pt\/web\/wp-conteudos\/uploads\/2020\/05\/espelta-e-centeio-integral-miolo-600x600-1.png","datePublished":"2020-05-16T06:55:19+00:00","dateModified":"2025-08-30T06:30:07+00:00","description":"P\u00c3O DE ESPELTA E CENTEIO INTEGRAL BIO 450GR","breadcrumb":{"@id":"https:\/\/biocabaz.pt\/web\/produto\/pao-de-espelta-e-centeio-integral-bio-450gr\/#breadcrumb"},"inLanguage":"pt-PT","potentialAction":[{"@type":"ReadAction","target":["https:\/\/biocabaz.pt\/web\/produto\/pao-de-espelta-e-centeio-integral-bio-450gr\/"]}]},{"@type":"ImageObject","inLanguage":"pt-PT","@id":"https:\/\/biocabaz.pt\/web\/produto\/pao-de-espelta-e-centeio-integral-bio-450gr\/#primaryimage","url":"https:\/\/www.biocabaz.pt\/web\/wp-conteudos\/uploads\/2020\/05\/espelta-e-centeio-integral-miolo-600x600-1.png","contentUrl":"https:\/\/www.biocabaz.pt\/web\/wp-conteudos\/uploads\/2020\/05\/espelta-e-centeio-integral-miolo-600x600-1.png","width":600,"height":600,"caption":"P\u00c3O DE ESPELTA E CENTEIO INTEGRAL BIO 450GR"},{"@type":"BreadcrumbList","@id":"https:\/\/biocabaz.pt\/web\/produto\/pao-de-espelta-e-centeio-integral-bio-450gr\/#breadcrumb","itemListElement":[{"@type":"ListItem","position":1,"name":"Home","item":"https:\/\/biocabaz.pt\/web\/en\/"},{"@type":"ListItem","position":2,"name":"Shop","item":"https:\/\/biocabaz.pt\/web\/en\/shop\/"},{"@type":"ListItem","position":3,"name":"P\u00c3O DE ESPELTA E CENTEIO INTEGRAL BIO 450GR"}]},{"@type":"WebSite","@id":"https:\/\/biocabaz.pt\/web\/en\/#website","url":"https:\/\/biocabaz.pt\/web\/en\/","name":"BIOCABAZ - CABAZES BIOL\u00d3GICOS","description":"O melhor que a terra d\u00e1 \u00e9 para si","potentialAction":[{"@type":"SearchAction","target":{"@type":"EntryPoint","urlTemplate":"https:\/\/biocabaz.pt\/web\/en\/?s={search_term_string}"},"query-input":{"@type":"PropertyValueSpecification","valueRequired":true,"valueName":"search_term_string"}}],"inLanguage":"pt-PT"}]}},"_links":{"self":[{"href":"https:\/\/biocabaz.pt\/web\/wp-json\/wp\/v2\/product\/44643","targetHints":{"allow":["GET"]}}],"collection":[{"href":"https:\/\/biocabaz.pt\/web\/wp-json\/wp\/v2\/product"}],"about":[{"href":"https:\/\/biocabaz.pt\/web\/wp-json\/wp\/v2\/types\/product"}],"replies":[{"embeddable":true,"href":"https:\/\/biocabaz.pt\/web\/wp-json\/wp\/v2\/comments?post=44643"}],"wp:featuredmedia":[{"embeddable":true,"href":"https:\/\/biocabaz.pt\/web\/wp-json\/wp\/v2\/media\/44644"}],"wp:attachment":[{"href":"https:\/\/biocabaz.pt\/web\/wp-json\/wp\/v2\/media?parent=44643"}],"wp:term":[{"taxonomy":"product_cat","embeddable":true,"href":"https:\/\/biocabaz.pt\/web\/wp-json\/wp\/v2\/product_cat?post=44643"},{"taxonomy":"product_tag","embeddable":true,"href":"https:\/\/biocabaz.pt\/web\/wp-json\/wp\/v2\/product_tag?post=44643"}],"curies":[{"name":"wp","href":"https:\/\/api.w.org\/{rel}","templated":true}]}}