{"id":44605,"date":"2020-05-14T17:27:17","date_gmt":"2020-05-14T17:27:17","guid":{"rendered":"https:\/\/www.biocabaz.pt\/web\/?post_type=product&#038;p=44605"},"modified":"2021-08-03T14:29:07","modified_gmt":"2021-08-03T14:29:07","slug":"broa-de-milho-erva-doce-e-passas-bio-700gr","status":"publish","type":"product","link":"https:\/\/biocabaz.pt\/web\/produto\/broa-de-milho-erva-doce-e-passas-bio-700gr\/","title":{"rendered":"BROA DE MILHO ERVA DOCE E PASSAS BIO 700GR"},"content":{"rendered":"<p><strong>Descri\u00e7\u00e3o <\/strong><br \/>\nIngredientes: Farinha de Milho Biol\u00f3gica; Farinha de Trigo Biol\u00f3gica; Passas e Erva Doce de Produ\u00e7\u00e3o Biol\u00f3gica; \u00c1gua; Sal e Fermento.<br \/>\n<strong>Dados Nutricionais<\/strong><br \/>\nDeclara\u00e7\u00e3o Nutricional por 100g:<br \/>\nEnergia: 882kJ\/208kcal;<br \/>\nL\u00edpidos: 1,5g &#8211; dos quais saturados: 0,5g;<br \/>\nHidratos de carbono: 41g &#8211; dos quais a\u00e7\u00facares: 5,8g; \u00a0 \u00a0 \u00a0 \u00a0 \u00a0 \u00a0 \u00a0 \u00a0 \u00a0 \u00a0 \u00a0 \u00a0 \u00a0 \u00a0 \u00a0 \u00a0 \u00a0 \u00a0 \u00a0 \u00a0 \u00a0 \u00a0 \u00a0 \u00a0 \u00a0 \u00a0 \u00a0 \u00a0 \u00a0 \u00a0 \u00a0 \u00a0 \u00a0 \u00a0 \u00a0 \u00a0 \u00a0 \u00a0 \u00a0 \u00a0 \u00a0 \u00a0 \u00a0 \u00a0 \u00a0 \u00a0 \u00a0 \u00a0 \u00a0 \u00a0 \u00a0 \u00a0 \u00a0 \u00a0 \u00a0 \u00a0 \u00a0 \u00a0 \u00a0 \u00a0 \u00a0 \u00a0 \u00a0 \u00a0 \u00a0 \u00a0 \u00a0 \u00a0 \u00a0 \u00a0 \u00a0 \u00a0 \u00a0 \u00a0 \u00a0 \u00a0 \u00a0 Fibras: 3,8g<br \/>\nProte\u00ednas: 5,8g;<br \/>\nSal: 0,7g.<\/p>\n","protected":false},"excerpt":{"rendered":"<p>Descri\u00e7\u00e3o Ingredientes: Farinha de Milho Biol\u00f3gica; Farinha de Trigo Biol\u00f3gica; Passas e Erva Doce de Produ\u00e7\u00e3o Biol\u00f3gica; \u00c1gua; Sal e Fermento. Dados Nutricionais Declara\u00e7\u00e3o Nutricional por 100g: Energia: 882kJ\/208kcal; L\u00edpidos: 1,5g &#8211; dos quais saturados: 0,5g; Hidratos de carbono: 41g &#8211; dos quais a\u00e7\u00facares: 5,8g; \u00a0 \u00a0 \u00a0 \u00a0 \u00a0 \u00a0 \u00a0 \u00a0 \u00a0 \u00a0 [&hellip;]<\/p>\n","protected":false},"featured_media":44606,"comment_status":"closed","ping_status":"closed","template":"","meta":[],"product_cat":[12],"product_tag":[],"class_list":["post-44605","product","type-product","status-publish","has-post-thumbnail","hentry","product_cat-padaria"],"bundle_layout":"","bundled_by":[],"bundled_items":[],"yoast_head":"<!-- This site is optimized with the Yoast SEO plugin v26.3 - https:\/\/yoast.com\/wordpress\/plugins\/seo\/ -->\n<title>BROA DE MILHO ERVA DOCE E PASSAS BIO 700GR<\/title>\n<meta name=\"description\" content=\"BROA DE MILHO ERVA DOCE E PASSAS BIO 700GR\" \/>\n<meta name=\"robots\" content=\"index, follow, max-snippet:-1, max-image-preview:large, max-video-preview:-1\" \/>\n<link rel=\"canonical\" href=\"https:\/\/www.biocabaz.pt\/web\/produto\/broa-de-milho-erva-doce-e-passas-bio-700gr\/\" \/>\n<meta property=\"og:locale\" content=\"pt_PT\" \/>\n<meta property=\"og:locale:alternate\" content=\"en_US\" \/>\n<meta property=\"og:type\" content=\"article\" \/>\n<meta property=\"og:title\" content=\"BROA DE MILHO ERVA DOCE E PASSAS BIO 700GR\" \/>\n<meta property=\"og:description\" content=\"BROA DE MILHO ERVA DOCE E PASSAS BIO 700GR\" \/>\n<meta property=\"og:url\" content=\"https:\/\/biocabaz.pt\/web\/produto\/broa-de-milho-erva-doce-e-passas-bio-700gr\/\" \/>\n<meta property=\"og:site_name\" content=\"BIOCABAZ - CABAZES BIOL\u00d3GICOS\" \/>\n<meta property=\"article:modified_time\" content=\"2021-08-03T14:29:07+00:00\" \/>\n<meta property=\"og:image\" content=\"https:\/\/www.biocabaz.pt\/web\/wp-conteudos\/uploads\/2020\/05\/broa-de-passas-e-erva-doce-biolgica-kukuruza-copy-scaled-e1589474968908.jpg\" \/>\n\t<meta property=\"og:image:width\" content=\"463\" \/>\n\t<meta property=\"og:image:height\" content=\"410\" \/>\n\t<meta property=\"og:image:type\" content=\"image\/jpeg\" \/>\n<meta name=\"twitter:card\" content=\"summary_large_image\" \/>\n<meta name=\"twitter:label1\" content=\"Est. reading time\" \/>\n\t<meta name=\"twitter:data1\" content=\"1 minuto\" \/>\n<script type=\"application\/ld+json\" class=\"yoast-schema-graph\">{\"@context\":\"https:\/\/schema.org\",\"@graph\":[{\"@type\":\"WebPage\",\"@id\":\"https:\/\/www.biocabaz.pt\/web\/produto\/broa-de-milho-erva-doce-e-passas-bio-700gr\/\",\"url\":\"https:\/\/www.biocabaz.pt\/web\/produto\/broa-de-milho-erva-doce-e-passas-bio-700gr\/\",\"name\":\"BROA DE MILHO ERVA DOCE E PASSAS BIO 700GR\",\"isPartOf\":{\"@id\":\"https:\/\/www.biocabaz.pt\/web\/en\/#website\"},\"primaryImageOfPage\":{\"@id\":\"https:\/\/www.biocabaz.pt\/web\/produto\/broa-de-milho-erva-doce-e-passas-bio-700gr\/#primaryimage\"},\"image\":{\"@id\":\"https:\/\/www.biocabaz.pt\/web\/produto\/broa-de-milho-erva-doce-e-passas-bio-700gr\/#primaryimage\"},\"thumbnailUrl\":\"https:\/\/www.biocabaz.pt\/web\/wp-conteudos\/uploads\/2020\/05\/broa-de-passas-e-erva-doce-biolgica-kukuruza-copy-scaled-e1589474968908.jpg\",\"datePublished\":\"2020-05-14T17:27:17+00:00\",\"dateModified\":\"2021-08-03T14:29:07+00:00\",\"description\":\"BROA DE MILHO ERVA DOCE E PASSAS BIO 700GR\",\"breadcrumb\":{\"@id\":\"https:\/\/www.biocabaz.pt\/web\/produto\/broa-de-milho-erva-doce-e-passas-bio-700gr\/#breadcrumb\"},\"inLanguage\":\"pt-PT\",\"potentialAction\":[{\"@type\":\"ReadAction\",\"target\":[\"https:\/\/www.biocabaz.pt\/web\/produto\/broa-de-milho-erva-doce-e-passas-bio-700gr\/\"]}]},{\"@type\":\"ImageObject\",\"inLanguage\":\"pt-PT\",\"@id\":\"https:\/\/www.biocabaz.pt\/web\/produto\/broa-de-milho-erva-doce-e-passas-bio-700gr\/#primaryimage\",\"url\":\"https:\/\/www.biocabaz.pt\/web\/wp-conteudos\/uploads\/2020\/05\/broa-de-passas-e-erva-doce-biolgica-kukuruza-copy-scaled-e1589474968908.jpg\",\"contentUrl\":\"https:\/\/www.biocabaz.pt\/web\/wp-conteudos\/uploads\/2020\/05\/broa-de-passas-e-erva-doce-biolgica-kukuruza-copy-scaled-e1589474968908.jpg\",\"width\":463,\"height\":410,\"caption\":\"BROA DE MILHO ERVA DOCE E PASSAS BIO 700GR\"},{\"@type\":\"BreadcrumbList\",\"@id\":\"https:\/\/www.biocabaz.pt\/web\/produto\/broa-de-milho-erva-doce-e-passas-bio-700gr\/#breadcrumb\",\"itemListElement\":[{\"@type\":\"ListItem\",\"position\":1,\"name\":\"Home\",\"item\":\"https:\/\/www.biocabaz.pt\/web\/en\/\"},{\"@type\":\"ListItem\",\"position\":2,\"name\":\"Shop\",\"item\":\"https:\/\/www.biocabaz.pt\/web\/en\/shop\/\"},{\"@type\":\"ListItem\",\"position\":3,\"name\":\"BROA DE MILHO ERVA DOCE E PASSAS BIO 700GR\"}]},{\"@type\":\"WebSite\",\"@id\":\"https:\/\/www.biocabaz.pt\/web\/en\/#website\",\"url\":\"https:\/\/www.biocabaz.pt\/web\/en\/\",\"name\":\"BIOCABAZ - CABAZES BIOL\u00d3GICOS\",\"description\":\"O melhor que a terra d\u00e1 \u00e9 para si\",\"potentialAction\":[{\"@type\":\"SearchAction\",\"target\":{\"@type\":\"EntryPoint\",\"urlTemplate\":\"https:\/\/www.biocabaz.pt\/web\/en\/?s={search_term_string}\"},\"query-input\":{\"@type\":\"PropertyValueSpecification\",\"valueRequired\":true,\"valueName\":\"search_term_string\"}}],\"inLanguage\":\"pt-PT\"}]}<\/script>\n<!-- \/ Yoast SEO plugin. -->","yoast_head_json":{"title":"BROA DE MILHO ERVA DOCE E PASSAS BIO 700GR","description":"BROA DE MILHO ERVA DOCE E PASSAS BIO 700GR","robots":{"index":"index","follow":"follow","max-snippet":"max-snippet:-1","max-image-preview":"max-image-preview:large","max-video-preview":"max-video-preview:-1"},"canonical":"https:\/\/www.biocabaz.pt\/web\/produto\/broa-de-milho-erva-doce-e-passas-bio-700gr\/","og_locale":"pt_PT","og_type":"article","og_title":"[:en]YELLOW CORN BREAD WITH RAISINS AND FENNEL[:pt]BROA DE MILHO ERVA DOCE E PASSAS BIO 700GR[:] - BIOCABAZ - CABAZES BIOL\u00d3GICOS","og_description":"BROA DE MILHO ERVA DOCE E PASSAS BIO 700GR","og_url":"https:\/\/biocabaz.pt\/web\/produto\/broa-de-milho-erva-doce-e-passas-bio-700gr\/","og_site_name":"BIOCABAZ - CABAZES BIOL\u00d3GICOS","article_modified_time":"2021-08-03T14:29:07+00:00","og_image":[{"width":463,"height":410,"url":"https:\/\/www.biocabaz.pt\/web\/wp-conteudos\/uploads\/2020\/05\/broa-de-passas-e-erva-doce-biolgica-kukuruza-copy-scaled-e1589474968908.jpg","type":"image\/jpeg"}],"twitter_card":"summary_large_image","twitter_misc":{"Est. reading time":"1 minuto"},"schema":{"@context":"https:\/\/schema.org","@graph":[{"@type":"WebPage","@id":"https:\/\/www.biocabaz.pt\/web\/produto\/broa-de-milho-erva-doce-e-passas-bio-700gr\/","url":"https:\/\/www.biocabaz.pt\/web\/produto\/broa-de-milho-erva-doce-e-passas-bio-700gr\/","name":"BROA DE MILHO ERVA DOCE E PASSAS BIO 700GR","isPartOf":{"@id":"https:\/\/www.biocabaz.pt\/web\/en\/#website"},"primaryImageOfPage":{"@id":"https:\/\/www.biocabaz.pt\/web\/produto\/broa-de-milho-erva-doce-e-passas-bio-700gr\/#primaryimage"},"image":{"@id":"https:\/\/www.biocabaz.pt\/web\/produto\/broa-de-milho-erva-doce-e-passas-bio-700gr\/#primaryimage"},"thumbnailUrl":"https:\/\/www.biocabaz.pt\/web\/wp-conteudos\/uploads\/2020\/05\/broa-de-passas-e-erva-doce-biolgica-kukuruza-copy-scaled-e1589474968908.jpg","datePublished":"2020-05-14T17:27:17+00:00","dateModified":"2021-08-03T14:29:07+00:00","description":"BROA DE MILHO ERVA DOCE E PASSAS BIO 700GR","breadcrumb":{"@id":"https:\/\/www.biocabaz.pt\/web\/produto\/broa-de-milho-erva-doce-e-passas-bio-700gr\/#breadcrumb"},"inLanguage":"pt-PT","potentialAction":[{"@type":"ReadAction","target":["https:\/\/www.biocabaz.pt\/web\/produto\/broa-de-milho-erva-doce-e-passas-bio-700gr\/"]}]},{"@type":"ImageObject","inLanguage":"pt-PT","@id":"https:\/\/www.biocabaz.pt\/web\/produto\/broa-de-milho-erva-doce-e-passas-bio-700gr\/#primaryimage","url":"https:\/\/www.biocabaz.pt\/web\/wp-conteudos\/uploads\/2020\/05\/broa-de-passas-e-erva-doce-biolgica-kukuruza-copy-scaled-e1589474968908.jpg","contentUrl":"https:\/\/www.biocabaz.pt\/web\/wp-conteudos\/uploads\/2020\/05\/broa-de-passas-e-erva-doce-biolgica-kukuruza-copy-scaled-e1589474968908.jpg","width":463,"height":410,"caption":"BROA DE MILHO ERVA DOCE E PASSAS BIO 700GR"},{"@type":"BreadcrumbList","@id":"https:\/\/www.biocabaz.pt\/web\/produto\/broa-de-milho-erva-doce-e-passas-bio-700gr\/#breadcrumb","itemListElement":[{"@type":"ListItem","position":1,"name":"Home","item":"https:\/\/www.biocabaz.pt\/web\/en\/"},{"@type":"ListItem","position":2,"name":"Shop","item":"https:\/\/www.biocabaz.pt\/web\/en\/shop\/"},{"@type":"ListItem","position":3,"name":"BROA DE MILHO ERVA DOCE E PASSAS BIO 700GR"}]},{"@type":"WebSite","@id":"https:\/\/www.biocabaz.pt\/web\/en\/#website","url":"https:\/\/www.biocabaz.pt\/web\/en\/","name":"BIOCABAZ - CABAZES BIOL\u00d3GICOS","description":"O melhor que a terra d\u00e1 \u00e9 para si","potentialAction":[{"@type":"SearchAction","target":{"@type":"EntryPoint","urlTemplate":"https:\/\/www.biocabaz.pt\/web\/en\/?s={search_term_string}"},"query-input":{"@type":"PropertyValueSpecification","valueRequired":true,"valueName":"search_term_string"}}],"inLanguage":"pt-PT"}]}},"_links":{"self":[{"href":"https:\/\/biocabaz.pt\/web\/wp-json\/wp\/v2\/product\/44605","targetHints":{"allow":["GET"]}}],"collection":[{"href":"https:\/\/biocabaz.pt\/web\/wp-json\/wp\/v2\/product"}],"about":[{"href":"https:\/\/biocabaz.pt\/web\/wp-json\/wp\/v2\/types\/product"}],"replies":[{"embeddable":true,"href":"https:\/\/biocabaz.pt\/web\/wp-json\/wp\/v2\/comments?post=44605"}],"wp:featuredmedia":[{"embeddable":true,"href":"https:\/\/biocabaz.pt\/web\/wp-json\/wp\/v2\/media\/44606"}],"wp:attachment":[{"href":"https:\/\/biocabaz.pt\/web\/wp-json\/wp\/v2\/media?parent=44605"}],"wp:term":[{"taxonomy":"product_cat","embeddable":true,"href":"https:\/\/biocabaz.pt\/web\/wp-json\/wp\/v2\/product_cat?post=44605"},{"taxonomy":"product_tag","embeddable":true,"href":"https:\/\/biocabaz.pt\/web\/wp-json\/wp\/v2\/product_tag?post=44605"}],"curies":[{"name":"wp","href":"https:\/\/api.w.org\/{rel}","templated":true}]}}