{"id":3931,"date":"2017-05-28T11:37:01","date_gmt":"2017-05-28T11:37:01","guid":{"rendered":"http:\/\/www.biocabaz.pt\/web\/produto\/pure-de-fruta-maca-pessego-fr-vermelhos-8m-bio-90g-holle\/"},"modified":"2023-04-17T11:50:41","modified_gmt":"2023-04-17T11:50:41","slug":"pure-de-fruta-maca-pessego-fr-vermelhos-8m-bio-90g-holle","status":"publish","type":"product","link":"https:\/\/biocabaz.pt\/web\/produto\/pure-de-fruta-maca-pessego-fr-vermelhos-8m-bio-90g-holle\/","title":{"rendered":"PUR\u00c9 DE FRUTA MA\u00c7\u00c3 P\u00caSSEGO FR. VERMELHOS 8M BIO 90g HOLLE"},"content":{"rendered":"<p><strong>Descri\u00e7\u00e3o <\/strong><br \/>\n\t\t\t\tIngredientes: Ma\u00e7\u00e3* 70%, p\u00eassego* 12%, morango* 10%, mirtilos**5%, framboesas** 3%.* de agricultura biol\u00f3gica. ** de agricultura biodin\u00e2mica.<\/p>\n<p><strong>Dados Nutricionais<\/strong><br \/>\n\t\t\t\tDeclara\u00e7\u00e3o Nutricional por 100g:<br \/> Energia: 195kJ \/ 46kcal;<br \/> L\u00edpidos: 0,3g &#8211; dos quais \u00e1cidos gordos saturados: 0,02g;<br \/> Hidratos de carbono: 9,5g &#8211; dos quais a\u00e7\u00facares: 9,1g;<br \/> Prote\u00ednas: 0,5g: Sal: 0,003g. <\/p>\n<p><strong>Modo Utiliza\u00e7\u00e3o<\/strong><br \/>Conservar em local fresco e seco. Ap\u00f3s abertura conservar no m\u00e1ximo 2 dias no frigorifico.<\/p>\n","protected":false},"excerpt":{"rendered":"<h3 class=\"title\">Smoothie de ma\u00e7\u00e3 e p\u00eassego com frutos silvestres<\/h3>\n<div class=\"\">A partir do 8 meses<\/div>\n<div class=\"\"><\/div>\n<div class=\"\">Delicioso pur\u00e9 com 100% de fruta com a qualidade Demeter, para os mais pequenos e tamb\u00e9m para adultos. Pr\u00e1tico fora de casa e entre as refei\u00e7\u00f5es.<\/div>\n","protected":false},"featured_media":3936,"comment_status":"closed","ping_status":"closed","template":"","meta":[],"product_cat":[61],"product_tag":[],"class_list":["post-3931","product","type-product","status-publish","has-post-thumbnail","hentry","product_cat-sumos-snacks"],"bundle_layout":"","bundled_by":[],"bundled_items":[],"yoast_head":"<!-- This site is optimized with the Yoast SEO plugin v26.3 - https:\/\/yoast.com\/wordpress\/plugins\/seo\/ -->\n<title>PUR\u00c9 DE FRUTA MA\u00c7\u00c3 P\u00caSSEGO FR. VERMELHOS 8M BIO 90g HOLLE<\/title>\n<meta name=\"robots\" content=\"index, follow, max-snippet:-1, max-image-preview:large, max-video-preview:-1\" \/>\n<link rel=\"canonical\" href=\"https:\/\/www.biocabaz.pt\/web\/produto\/pure-de-fruta-maca-pessego-fr-vermelhos-8m-bio-90g-holle\/\" \/>\n<meta property=\"og:locale\" content=\"pt_PT\" \/>\n<meta property=\"og:locale:alternate\" content=\"en_US\" \/>\n<meta property=\"og:type\" content=\"article\" \/>\n<meta property=\"og:title\" content=\"PUR\u00c9 DE FRUTA MA\u00c7\u00c3 P\u00caSSEGO FR. VERMELHOS 8M BIO 90g HOLLE\" \/>\n<meta property=\"og:description\" content=\"Smoothie de ma\u00e7\u00e3 e p\u00eassego com frutos silvestres A partir do 8 meses  Delicioso pur\u00e9 com 100% de fruta com a qualidade Demeter, para os mais pequenos e tamb\u00e9m para adultos. Pr\u00e1tico fora de casa e entre as refei\u00e7\u00f5es.\" \/>\n<meta property=\"og:url\" content=\"https:\/\/biocabaz.pt\/web\/produto\/pure-de-fruta-maca-pessego-fr-vermelhos-8m-bio-90g-holle\/\" \/>\n<meta property=\"og:site_name\" content=\"BIOCABAZ - CABAZES BIOL\u00d3GICOS\" \/>\n<meta property=\"article:modified_time\" content=\"2023-04-17T11:50:41+00:00\" \/>\n<meta property=\"og:image\" content=\"https:\/\/www.biocabaz.pt\/web\/wp-conteudos\/uploads\/2017\/05\/PS_POU_ApplePeach_GB_VS_90g_frontal_3000x3000px_RGB.png\" \/>\n\t<meta property=\"og:image:width\" content=\"600\" \/>\n\t<meta property=\"og:image:height\" content=\"600\" \/>\n\t<meta property=\"og:image:type\" content=\"image\/png\" \/>\n<meta name=\"twitter:card\" content=\"summary_large_image\" \/>\n<meta name=\"twitter:label1\" content=\"Est. reading time\" \/>\n\t<meta name=\"twitter:data1\" content=\"1 minuto\" \/>\n<script type=\"application\/ld+json\" class=\"yoast-schema-graph\">{\"@context\":\"https:\/\/schema.org\",\"@graph\":[{\"@type\":\"WebPage\",\"@id\":\"https:\/\/www.biocabaz.pt\/web\/produto\/pure-de-fruta-maca-pessego-fr-vermelhos-8m-bio-90g-holle\/\",\"url\":\"https:\/\/www.biocabaz.pt\/web\/produto\/pure-de-fruta-maca-pessego-fr-vermelhos-8m-bio-90g-holle\/\",\"name\":\"PUR\u00c9 DE FRUTA MA\u00c7\u00c3 P\u00caSSEGO FR. VERMELHOS 8M BIO 90g HOLLE\",\"isPartOf\":{\"@id\":\"https:\/\/www.biocabaz.pt\/web\/en\/#website\"},\"primaryImageOfPage\":{\"@id\":\"https:\/\/www.biocabaz.pt\/web\/produto\/pure-de-fruta-maca-pessego-fr-vermelhos-8m-bio-90g-holle\/#primaryimage\"},\"image\":{\"@id\":\"https:\/\/www.biocabaz.pt\/web\/produto\/pure-de-fruta-maca-pessego-fr-vermelhos-8m-bio-90g-holle\/#primaryimage\"},\"thumbnailUrl\":\"https:\/\/www.biocabaz.pt\/web\/wp-conteudos\/uploads\/2017\/05\/PS_POU_ApplePeach_GB_VS_90g_frontal_3000x3000px_RGB.png\",\"datePublished\":\"2017-05-28T11:37:01+00:00\",\"dateModified\":\"2023-04-17T11:50:41+00:00\",\"breadcrumb\":{\"@id\":\"https:\/\/www.biocabaz.pt\/web\/produto\/pure-de-fruta-maca-pessego-fr-vermelhos-8m-bio-90g-holle\/#breadcrumb\"},\"inLanguage\":\"pt-PT\",\"potentialAction\":[{\"@type\":\"ReadAction\",\"target\":[\"https:\/\/www.biocabaz.pt\/web\/produto\/pure-de-fruta-maca-pessego-fr-vermelhos-8m-bio-90g-holle\/\"]}]},{\"@type\":\"ImageObject\",\"inLanguage\":\"pt-PT\",\"@id\":\"https:\/\/www.biocabaz.pt\/web\/produto\/pure-de-fruta-maca-pessego-fr-vermelhos-8m-bio-90g-holle\/#primaryimage\",\"url\":\"https:\/\/www.biocabaz.pt\/web\/wp-conteudos\/uploads\/2017\/05\/PS_POU_ApplePeach_GB_VS_90g_frontal_3000x3000px_RGB.png\",\"contentUrl\":\"https:\/\/www.biocabaz.pt\/web\/wp-conteudos\/uploads\/2017\/05\/PS_POU_ApplePeach_GB_VS_90g_frontal_3000x3000px_RGB.png\",\"width\":600,\"height\":600,\"caption\":\"Pure maca pessego fr vermelhos Holle\"},{\"@type\":\"BreadcrumbList\",\"@id\":\"https:\/\/www.biocabaz.pt\/web\/produto\/pure-de-fruta-maca-pessego-fr-vermelhos-8m-bio-90g-holle\/#breadcrumb\",\"itemListElement\":[{\"@type\":\"ListItem\",\"position\":1,\"name\":\"Home\",\"item\":\"https:\/\/www.biocabaz.pt\/web\/en\/\"},{\"@type\":\"ListItem\",\"position\":2,\"name\":\"Shop\",\"item\":\"https:\/\/www.biocabaz.pt\/web\/en\/shop\/\"},{\"@type\":\"ListItem\",\"position\":3,\"name\":\"PUR\u00c9 DE FRUTA MA\u00c7\u00c3 P\u00caSSEGO FR. VERMELHOS 8M BIO 90g HOLLE\"}]},{\"@type\":\"WebSite\",\"@id\":\"https:\/\/www.biocabaz.pt\/web\/en\/#website\",\"url\":\"https:\/\/www.biocabaz.pt\/web\/en\/\",\"name\":\"BIOCABAZ - CABAZES BIOL\u00d3GICOS\",\"description\":\"O melhor que a terra d\u00e1 \u00e9 para si\",\"potentialAction\":[{\"@type\":\"SearchAction\",\"target\":{\"@type\":\"EntryPoint\",\"urlTemplate\":\"https:\/\/www.biocabaz.pt\/web\/en\/?s={search_term_string}\"},\"query-input\":{\"@type\":\"PropertyValueSpecification\",\"valueRequired\":true,\"valueName\":\"search_term_string\"}}],\"inLanguage\":\"pt-PT\"}]}<\/script>\n<!-- \/ Yoast SEO plugin. -->","yoast_head_json":{"title":"PUR\u00c9 DE FRUTA MA\u00c7\u00c3 P\u00caSSEGO FR. VERMELHOS 8M BIO 90g HOLLE","robots":{"index":"index","follow":"follow","max-snippet":"max-snippet:-1","max-image-preview":"max-image-preview:large","max-video-preview":"max-video-preview:-1"},"canonical":"https:\/\/www.biocabaz.pt\/web\/produto\/pure-de-fruta-maca-pessego-fr-vermelhos-8m-bio-90g-holle\/","og_locale":"pt_PT","og_type":"article","og_title":"[:en]HOLLE ORGANIC POUCH APPLE &amp; PEACH WITH FRUITS OF THE FOREST FROM 8 MONTHS 90GR[:pt]PUR\u00c9 DE FRUTA MA\u00c7\u00c3 P\u00caSSEGO FR. VERMELHOS 8M BIO 90g HOLLE[:] - BIOCABAZ - CABAZES BIOL\u00d3GICOS","og_description":"Smoothie de ma\u00e7\u00e3 e p\u00eassego com frutos silvestres A partir do 8 meses  Delicioso pur\u00e9 com 100% de fruta com a qualidade Demeter, para os mais pequenos e tamb\u00e9m para adultos. Pr\u00e1tico fora de casa e entre as refei\u00e7\u00f5es.","og_url":"https:\/\/biocabaz.pt\/web\/produto\/pure-de-fruta-maca-pessego-fr-vermelhos-8m-bio-90g-holle\/","og_site_name":"BIOCABAZ - CABAZES BIOL\u00d3GICOS","article_modified_time":"2023-04-17T11:50:41+00:00","og_image":[{"width":600,"height":600,"url":"https:\/\/www.biocabaz.pt\/web\/wp-conteudos\/uploads\/2017\/05\/PS_POU_ApplePeach_GB_VS_90g_frontal_3000x3000px_RGB.png","type":"image\/png"}],"twitter_card":"summary_large_image","twitter_misc":{"Est. reading time":"1 minuto"},"schema":{"@context":"https:\/\/schema.org","@graph":[{"@type":"WebPage","@id":"https:\/\/www.biocabaz.pt\/web\/produto\/pure-de-fruta-maca-pessego-fr-vermelhos-8m-bio-90g-holle\/","url":"https:\/\/www.biocabaz.pt\/web\/produto\/pure-de-fruta-maca-pessego-fr-vermelhos-8m-bio-90g-holle\/","name":"PUR\u00c9 DE FRUTA MA\u00c7\u00c3 P\u00caSSEGO FR. VERMELHOS 8M BIO 90g HOLLE","isPartOf":{"@id":"https:\/\/www.biocabaz.pt\/web\/en\/#website"},"primaryImageOfPage":{"@id":"https:\/\/www.biocabaz.pt\/web\/produto\/pure-de-fruta-maca-pessego-fr-vermelhos-8m-bio-90g-holle\/#primaryimage"},"image":{"@id":"https:\/\/www.biocabaz.pt\/web\/produto\/pure-de-fruta-maca-pessego-fr-vermelhos-8m-bio-90g-holle\/#primaryimage"},"thumbnailUrl":"https:\/\/www.biocabaz.pt\/web\/wp-conteudos\/uploads\/2017\/05\/PS_POU_ApplePeach_GB_VS_90g_frontal_3000x3000px_RGB.png","datePublished":"2017-05-28T11:37:01+00:00","dateModified":"2023-04-17T11:50:41+00:00","breadcrumb":{"@id":"https:\/\/www.biocabaz.pt\/web\/produto\/pure-de-fruta-maca-pessego-fr-vermelhos-8m-bio-90g-holle\/#breadcrumb"},"inLanguage":"pt-PT","potentialAction":[{"@type":"ReadAction","target":["https:\/\/www.biocabaz.pt\/web\/produto\/pure-de-fruta-maca-pessego-fr-vermelhos-8m-bio-90g-holle\/"]}]},{"@type":"ImageObject","inLanguage":"pt-PT","@id":"https:\/\/www.biocabaz.pt\/web\/produto\/pure-de-fruta-maca-pessego-fr-vermelhos-8m-bio-90g-holle\/#primaryimage","url":"https:\/\/www.biocabaz.pt\/web\/wp-conteudos\/uploads\/2017\/05\/PS_POU_ApplePeach_GB_VS_90g_frontal_3000x3000px_RGB.png","contentUrl":"https:\/\/www.biocabaz.pt\/web\/wp-conteudos\/uploads\/2017\/05\/PS_POU_ApplePeach_GB_VS_90g_frontal_3000x3000px_RGB.png","width":600,"height":600,"caption":"Pure maca pessego fr vermelhos Holle"},{"@type":"BreadcrumbList","@id":"https:\/\/www.biocabaz.pt\/web\/produto\/pure-de-fruta-maca-pessego-fr-vermelhos-8m-bio-90g-holle\/#breadcrumb","itemListElement":[{"@type":"ListItem","position":1,"name":"Home","item":"https:\/\/www.biocabaz.pt\/web\/en\/"},{"@type":"ListItem","position":2,"name":"Shop","item":"https:\/\/www.biocabaz.pt\/web\/en\/shop\/"},{"@type":"ListItem","position":3,"name":"PUR\u00c9 DE FRUTA MA\u00c7\u00c3 P\u00caSSEGO FR. VERMELHOS 8M BIO 90g HOLLE"}]},{"@type":"WebSite","@id":"https:\/\/www.biocabaz.pt\/web\/en\/#website","url":"https:\/\/www.biocabaz.pt\/web\/en\/","name":"BIOCABAZ - CABAZES BIOL\u00d3GICOS","description":"O melhor que a terra d\u00e1 \u00e9 para si","potentialAction":[{"@type":"SearchAction","target":{"@type":"EntryPoint","urlTemplate":"https:\/\/www.biocabaz.pt\/web\/en\/?s={search_term_string}"},"query-input":{"@type":"PropertyValueSpecification","valueRequired":true,"valueName":"search_term_string"}}],"inLanguage":"pt-PT"}]}},"_links":{"self":[{"href":"https:\/\/biocabaz.pt\/web\/wp-json\/wp\/v2\/product\/3931","targetHints":{"allow":["GET"]}}],"collection":[{"href":"https:\/\/biocabaz.pt\/web\/wp-json\/wp\/v2\/product"}],"about":[{"href":"https:\/\/biocabaz.pt\/web\/wp-json\/wp\/v2\/types\/product"}],"replies":[{"embeddable":true,"href":"https:\/\/biocabaz.pt\/web\/wp-json\/wp\/v2\/comments?post=3931"}],"wp:featuredmedia":[{"embeddable":true,"href":"https:\/\/biocabaz.pt\/web\/wp-json\/wp\/v2\/media\/3936"}],"wp:attachment":[{"href":"https:\/\/biocabaz.pt\/web\/wp-json\/wp\/v2\/media?parent=3931"}],"wp:term":[{"taxonomy":"product_cat","embeddable":true,"href":"https:\/\/biocabaz.pt\/web\/wp-json\/wp\/v2\/product_cat?post=3931"},{"taxonomy":"product_tag","embeddable":true,"href":"https:\/\/biocabaz.pt\/web\/wp-json\/wp\/v2\/product_tag?post=3931"}],"curies":[{"name":"wp","href":"https:\/\/api.w.org\/{rel}","templated":true}]}}