{"id":3926,"date":"2017-05-28T11:37:01","date_gmt":"2017-05-28T11:37:01","guid":{"rendered":"http:\/\/www.biocabaz.pt\/web\/produto\/leite-em-po-cabra-2-6m-bio-400gr-hole\/"},"modified":"2023-04-17T11:44:44","modified_gmt":"2023-04-17T11:44:44","slug":"leite-em-po-cabra-2-6m-bio-400gr-hole","status":"publish","type":"product","link":"https:\/\/biocabaz.pt\/web\/produto\/leite-em-po-cabra-2-6m-bio-400gr-hole\/","title":{"rendered":"LEITE EM P\u00d3 CABRA 2 6M BIO 400GR HOLE"},"content":{"rendered":"<p><strong>Descri\u00e7\u00e3o <\/strong><br \/>\n\t\t\t\tIngredientes: LEITE de cabra em p\u00f3*, maltodextrina*, LACTOSE*, gorduras vegetais*, amido*, citrato de s\u00f3dio, vitamina C, carbonato de c\u00e1lcio, L-triptofano, L-ciste\u00edna, lactato de ferro, L-Isoleucina, vitamina E, sulfato de zinco, D-pantotenato de c\u00e1lcio, niacina, sulfato de cobre, vitamina A, vitamina B1, vitamina B2, vitamina B6, sulfato de mangan\u00e9sio, iodeto de pot\u00e1ssio, \u00e1cido f\u00f3lico, vitamina K, selenato de s\u00f3dio, biotina, vitamina D, vitamina B12. *de agricultura biol\u00f3gica.<\/p>\n<p><strong>Dados Nutricionais<\/strong><br \/>\n\t\t\t\tDeclara\u00e7\u00e3o Nutricional por 100ml de f\u00f3rmula pronta: Energia;<br \/> 283kj \/67kcal;<br \/> L\u00edpidos: 3,3g &#8211; dos quais \u00e1cidos gordos saturados: 1,7g &#8211; dos quais monoinsaturados: 1,2g &#8211; dos quais &#8221; &#8221; polinsaturados: 0,4g;<br \/> Hidratos de carbono: 8,0g &#8211; dos quais a\u00e7\u00facares: 3,8g &#8211; dos quais lactose: 3,5g &#8211; dos quais amido: 0,5g;<br \/> Fibra: 0,0g;<br \/> Prote\u00ednas: 1,5g;<br \/> Sal: 0,05g;<br \/> Vitamina A: 65\u00b5g;<br \/> Vitamina D: 1,2\u00b5g;<br \/> Vitamina C: 11mg;<br \/> Vitamina E: 1,1mg;<br \/> Vitamina K: 6,5\u00b5g;<br \/> Vitamina B1: 0,06mg;<br \/> Vitamina B2: 0,1mg;<br \/> Niacina: 0,6mg;<br \/> \u00c1cido f\u00f3lico: 18\u00b5g;<br \/> Vitamina B12: 0,2\u00b5g;<br \/> Biotina: 2,0\u00b5g;<br \/> \u00c1cido pantot\u00e9nico: 0,5mg;<br \/> Pot\u00e1ssio: 93mg;<br \/> Cloro: 75mg;<br \/> C\u00e1lcio: 59mg;<br \/> F\u00f3sforo: 46mg;<br \/> Magn\u00e9sio: 6,7mg;<br \/> Ferro: 1,1mg;<br \/> Zinco: 0,6mg;<br \/> Cobre: 0,04mg;<br \/> Mangan\u00e9sio: 0,016mg;<br \/> Fluoreto: 0,006mg;<br \/> Sel\u00e9nio: 2,4\u00b5g;<br \/> Iodo: 23\u00b5g.<\/p>\n<p><strong>Modo Utiliza\u00e7\u00e3o<\/strong><br \/>Antes de utilizar, esterilizar (ferver em \u00e1gua) o biber\u00e3o durante 3 a 5 minutos. Ferver a quantidade de \u00e1gua apropriada de acordo com a tabela e deixar arrefecer a 50\u00baC. Em seguida, verter cerca de metade dessa \u00e1gua no biber\u00e3o. Adicionar as medidas necess\u00e1rias (de acordo com a tabela) sem pressionar, retirando o excesso com uma faca. Agitar bem e adicionar a restante \u00e1gua e agitar novamente. Deixar arrefecer a 37\u00baC. Prepara\u00e7\u00e3o** b\u00e1sica: 100ml de Preparado Aliment\u00edcio \u00e0 base de Leite de Cabra em p\u00f3 BIO pronto para beber cont\u00eam 13,6g de p\u00f3 e 90ml de \u00e1gua fervida. Embalado em atmosfera protegida. Conservar em local seco e fresco, sem abrir.<br \/>\nUma vez aberto, consumir num per\u00edodo de 2 a 3 semanas.<\/p>\n","protected":false},"excerpt":{"rendered":"<h3 class=\"title\">Leite de transi\u00e7\u00e3o biol\u00f3gico 2 \u00e0 base de leite de cabra<\/h3>\n<p>Ap\u00f3s o 6.\u00ba m\u00eas<\/p>\n<p>Pode ser utilizado a seguir \u00e0 fase de amamenta\u00e7\u00e3o, ao leite para lactentes biol\u00f3gico 1 da Holle ou em vez de qualquer outro leite de transi\u00e7\u00e3o. Parte integrante de uma dieta mista de refei\u00e7\u00f5es de biber\u00e3o e papas.<\/p>\n","protected":false},"featured_media":3942,"comment_status":"closed","ping_status":"closed","template":"","meta":[],"product_cat":[59],"product_tag":[],"class_list":["post-3926","product","type-product","status-publish","has-post-thumbnail","hentry","product_cat-leites"],"bundle_layout":"","bundled_by":[],"bundled_items":[],"yoast_head":"<!-- This site is optimized with the Yoast SEO plugin v26.3 - https:\/\/yoast.com\/wordpress\/plugins\/seo\/ -->\n<title>LEITE EM P\u00d3 CABRA 2 6M BIO 400GR HOLE<\/title>\n<meta name=\"robots\" content=\"index, follow, max-snippet:-1, max-image-preview:large, max-video-preview:-1\" \/>\n<link rel=\"canonical\" href=\"https:\/\/www.biocabaz.pt\/web\/en\/produto\/leite-em-po-cabra-2-6m-bio-400gr-hole\/\" \/>\n<meta property=\"og:locale\" content=\"pt_PT\" \/>\n<meta property=\"og:locale:alternate\" content=\"en_US\" \/>\n<meta property=\"og:type\" content=\"article\" \/>\n<meta property=\"og:title\" content=\"LEITE EM P\u00d3 CABRA 2 6M BIO 400GR HOLE\" \/>\n<meta property=\"og:description\" content=\"Leite de transi\u00e7\u00e3o biol\u00f3gico 2 \u00e0 base de leite de cabra Ap\u00f3s o 6.\u00ba m\u00eas  Pode ser utilizado a seguir \u00e0 fase de amamenta\u00e7\u00e3o, ao leite para lactentes biol\u00f3gico 1 da Holle ou em vez de qualquer outro leite de transi\u00e7\u00e3o. Parte integrante de uma dieta mista de refei\u00e7\u00f5es de biber\u00e3o e papas.\" \/>\n<meta property=\"og:url\" content=\"https:\/\/biocabaz.pt\/web\/produto\/leite-em-po-cabra-2-6m-bio-400gr-hole\/\" \/>\n<meta property=\"og:site_name\" content=\"BIOCABAZ - CABAZES BIOL\u00d3GICOS\" \/>\n<meta property=\"article:modified_time\" content=\"2023-04-17T11:44:44+00:00\" \/>\n<meta property=\"og:image\" content=\"https:\/\/www.biocabaz.pt\/web\/wp-conteudos\/uploads\/2017\/05\/PS_ZIEGENMILCH_D-F_FM2_frontal_XXL_D-F_02_020315_3000x3000px_72dpi_RGB.png\" \/>\n\t<meta property=\"og:image:width\" content=\"600\" \/>\n\t<meta property=\"og:image:height\" content=\"600\" \/>\n\t<meta property=\"og:image:type\" content=\"image\/png\" \/>\n<meta name=\"twitter:card\" content=\"summary_large_image\" \/>\n<meta name=\"twitter:label1\" content=\"Est. reading time\" \/>\n\t<meta name=\"twitter:data1\" content=\"3 minutos\" \/>\n<script type=\"application\/ld+json\" class=\"yoast-schema-graph\">{\"@context\":\"https:\/\/schema.org\",\"@graph\":[{\"@type\":\"WebPage\",\"@id\":\"https:\/\/www.biocabaz.pt\/web\/en\/produto\/leite-em-po-cabra-2-6m-bio-400gr-hole\/\",\"url\":\"https:\/\/www.biocabaz.pt\/web\/en\/produto\/leite-em-po-cabra-2-6m-bio-400gr-hole\/\",\"name\":\"LEITE EM P\u00d3 CABRA 2 6M BIO 400GR HOLE\",\"isPartOf\":{\"@id\":\"https:\/\/biocabaz.pt\/web\/#website\"},\"primaryImageOfPage\":{\"@id\":\"https:\/\/www.biocabaz.pt\/web\/en\/produto\/leite-em-po-cabra-2-6m-bio-400gr-hole\/#primaryimage\"},\"image\":{\"@id\":\"https:\/\/www.biocabaz.pt\/web\/en\/produto\/leite-em-po-cabra-2-6m-bio-400gr-hole\/#primaryimage\"},\"thumbnailUrl\":\"https:\/\/www.biocabaz.pt\/web\/wp-conteudos\/uploads\/2017\/05\/PS_ZIEGENMILCH_D-F_FM2_frontal_XXL_D-F_02_020315_3000x3000px_72dpi_RGB.png\",\"datePublished\":\"2017-05-28T11:37:01+00:00\",\"dateModified\":\"2023-04-17T11:44:44+00:00\",\"breadcrumb\":{\"@id\":\"https:\/\/www.biocabaz.pt\/web\/en\/produto\/leite-em-po-cabra-2-6m-bio-400gr-hole\/#breadcrumb\"},\"inLanguage\":\"pt-PT\",\"potentialAction\":[{\"@type\":\"ReadAction\",\"target\":[\"https:\/\/www.biocabaz.pt\/web\/en\/produto\/leite-em-po-cabra-2-6m-bio-400gr-hole\/\"]}]},{\"@type\":\"ImageObject\",\"inLanguage\":\"pt-PT\",\"@id\":\"https:\/\/www.biocabaz.pt\/web\/en\/produto\/leite-em-po-cabra-2-6m-bio-400gr-hole\/#primaryimage\",\"url\":\"https:\/\/www.biocabaz.pt\/web\/wp-conteudos\/uploads\/2017\/05\/PS_ZIEGENMILCH_D-F_FM2_frontal_XXL_D-F_02_020315_3000x3000px_72dpi_RGB.png\",\"contentUrl\":\"https:\/\/www.biocabaz.pt\/web\/wp-conteudos\/uploads\/2017\/05\/PS_ZIEGENMILCH_D-F_FM2_frontal_XXL_D-F_02_020315_3000x3000px_72dpi_RGB.png\",\"width\":600,\"height\":600,\"caption\":\"Leite cabra 2 BIO Holle\"},{\"@type\":\"BreadcrumbList\",\"@id\":\"https:\/\/www.biocabaz.pt\/web\/en\/produto\/leite-em-po-cabra-2-6m-bio-400gr-hole\/#breadcrumb\",\"itemListElement\":[{\"@type\":\"ListItem\",\"position\":1,\"name\":\"Home\",\"item\":\"https:\/\/biocabaz.pt\/web\/\"},{\"@type\":\"ListItem\",\"position\":2,\"name\":\"Loja\",\"item\":\"https:\/\/biocabaz.pt\/web\/shop\/\"},{\"@type\":\"ListItem\",\"position\":3,\"name\":\"HOLLE ORGANIC INFANT GOAT MILK FOLLOW-ON FORMULA 2 400GR\"}]},{\"@type\":\"WebSite\",\"@id\":\"https:\/\/biocabaz.pt\/web\/#website\",\"url\":\"https:\/\/biocabaz.pt\/web\/\",\"name\":\"BIOCABAZ - CABAZES BIOL\u00d3GICOS\",\"description\":\"O melhor que a terra d\u00e1 \u00e9 para si\",\"potentialAction\":[{\"@type\":\"SearchAction\",\"target\":{\"@type\":\"EntryPoint\",\"urlTemplate\":\"https:\/\/biocabaz.pt\/web\/?s={search_term_string}\"},\"query-input\":{\"@type\":\"PropertyValueSpecification\",\"valueRequired\":true,\"valueName\":\"search_term_string\"}}],\"inLanguage\":\"pt-PT\"}]}<\/script>\n<!-- \/ Yoast SEO plugin. -->","yoast_head_json":{"title":"LEITE EM P\u00d3 CABRA 2 6M BIO 400GR HOLE","robots":{"index":"index","follow":"follow","max-snippet":"max-snippet:-1","max-image-preview":"max-image-preview:large","max-video-preview":"max-video-preview:-1"},"canonical":"https:\/\/www.biocabaz.pt\/web\/en\/produto\/leite-em-po-cabra-2-6m-bio-400gr-hole\/","og_locale":"pt_PT","og_type":"article","og_title":"[:en]HOLLE ORGANIC INFANT GOAT MILK FOLLOW-ON FORMULA 2 400GR[:pt]LEITE EM P\u00d3 CABRA 2 6M BIO 400GR HOLE[:] - BIOCABAZ - CABAZES BIOL\u00d3GICOS","og_description":"Leite de transi\u00e7\u00e3o biol\u00f3gico 2 \u00e0 base de leite de cabra Ap\u00f3s o 6.\u00ba m\u00eas  Pode ser utilizado a seguir \u00e0 fase de amamenta\u00e7\u00e3o, ao leite para lactentes biol\u00f3gico 1 da Holle ou em vez de qualquer outro leite de transi\u00e7\u00e3o. Parte integrante de uma dieta mista de refei\u00e7\u00f5es de biber\u00e3o e papas.","og_url":"https:\/\/biocabaz.pt\/web\/produto\/leite-em-po-cabra-2-6m-bio-400gr-hole\/","og_site_name":"BIOCABAZ - CABAZES BIOL\u00d3GICOS","article_modified_time":"2023-04-17T11:44:44+00:00","og_image":[{"width":600,"height":600,"url":"https:\/\/www.biocabaz.pt\/web\/wp-conteudos\/uploads\/2017\/05\/PS_ZIEGENMILCH_D-F_FM2_frontal_XXL_D-F_02_020315_3000x3000px_72dpi_RGB.png","type":"image\/png"}],"twitter_card":"summary_large_image","twitter_misc":{"Est. reading time":"3 minutos"},"schema":{"@context":"https:\/\/schema.org","@graph":[{"@type":"WebPage","@id":"https:\/\/www.biocabaz.pt\/web\/en\/produto\/leite-em-po-cabra-2-6m-bio-400gr-hole\/","url":"https:\/\/www.biocabaz.pt\/web\/en\/produto\/leite-em-po-cabra-2-6m-bio-400gr-hole\/","name":"LEITE EM P\u00d3 CABRA 2 6M BIO 400GR HOLE","isPartOf":{"@id":"https:\/\/biocabaz.pt\/web\/#website"},"primaryImageOfPage":{"@id":"https:\/\/www.biocabaz.pt\/web\/en\/produto\/leite-em-po-cabra-2-6m-bio-400gr-hole\/#primaryimage"},"image":{"@id":"https:\/\/www.biocabaz.pt\/web\/en\/produto\/leite-em-po-cabra-2-6m-bio-400gr-hole\/#primaryimage"},"thumbnailUrl":"https:\/\/www.biocabaz.pt\/web\/wp-conteudos\/uploads\/2017\/05\/PS_ZIEGENMILCH_D-F_FM2_frontal_XXL_D-F_02_020315_3000x3000px_72dpi_RGB.png","datePublished":"2017-05-28T11:37:01+00:00","dateModified":"2023-04-17T11:44:44+00:00","breadcrumb":{"@id":"https:\/\/www.biocabaz.pt\/web\/en\/produto\/leite-em-po-cabra-2-6m-bio-400gr-hole\/#breadcrumb"},"inLanguage":"pt-PT","potentialAction":[{"@type":"ReadAction","target":["https:\/\/www.biocabaz.pt\/web\/en\/produto\/leite-em-po-cabra-2-6m-bio-400gr-hole\/"]}]},{"@type":"ImageObject","inLanguage":"pt-PT","@id":"https:\/\/www.biocabaz.pt\/web\/en\/produto\/leite-em-po-cabra-2-6m-bio-400gr-hole\/#primaryimage","url":"https:\/\/www.biocabaz.pt\/web\/wp-conteudos\/uploads\/2017\/05\/PS_ZIEGENMILCH_D-F_FM2_frontal_XXL_D-F_02_020315_3000x3000px_72dpi_RGB.png","contentUrl":"https:\/\/www.biocabaz.pt\/web\/wp-conteudos\/uploads\/2017\/05\/PS_ZIEGENMILCH_D-F_FM2_frontal_XXL_D-F_02_020315_3000x3000px_72dpi_RGB.png","width":600,"height":600,"caption":"Leite cabra 2 BIO Holle"},{"@type":"BreadcrumbList","@id":"https:\/\/www.biocabaz.pt\/web\/en\/produto\/leite-em-po-cabra-2-6m-bio-400gr-hole\/#breadcrumb","itemListElement":[{"@type":"ListItem","position":1,"name":"Home","item":"https:\/\/biocabaz.pt\/web\/"},{"@type":"ListItem","position":2,"name":"Loja","item":"https:\/\/biocabaz.pt\/web\/shop\/"},{"@type":"ListItem","position":3,"name":"HOLLE ORGANIC INFANT GOAT MILK FOLLOW-ON FORMULA 2 400GR"}]},{"@type":"WebSite","@id":"https:\/\/biocabaz.pt\/web\/#website","url":"https:\/\/biocabaz.pt\/web\/","name":"BIOCABAZ - CABAZES BIOL\u00d3GICOS","description":"O melhor que a terra d\u00e1 \u00e9 para si","potentialAction":[{"@type":"SearchAction","target":{"@type":"EntryPoint","urlTemplate":"https:\/\/biocabaz.pt\/web\/?s={search_term_string}"},"query-input":{"@type":"PropertyValueSpecification","valueRequired":true,"valueName":"search_term_string"}}],"inLanguage":"pt-PT"}]}},"_links":{"self":[{"href":"https:\/\/biocabaz.pt\/web\/wp-json\/wp\/v2\/product\/3926","targetHints":{"allow":["GET"]}}],"collection":[{"href":"https:\/\/biocabaz.pt\/web\/wp-json\/wp\/v2\/product"}],"about":[{"href":"https:\/\/biocabaz.pt\/web\/wp-json\/wp\/v2\/types\/product"}],"replies":[{"embeddable":true,"href":"https:\/\/biocabaz.pt\/web\/wp-json\/wp\/v2\/comments?post=3926"}],"wp:featuredmedia":[{"embeddable":true,"href":"https:\/\/biocabaz.pt\/web\/wp-json\/wp\/v2\/media\/3942"}],"wp:attachment":[{"href":"https:\/\/biocabaz.pt\/web\/wp-json\/wp\/v2\/media?parent=3926"}],"wp:term":[{"taxonomy":"product_cat","embeddable":true,"href":"https:\/\/biocabaz.pt\/web\/wp-json\/wp\/v2\/product_cat?post=3926"},{"taxonomy":"product_tag","embeddable":true,"href":"https:\/\/biocabaz.pt\/web\/wp-json\/wp\/v2\/product_tag?post=3926"}],"curies":[{"name":"wp","href":"https:\/\/api.w.org\/{rel}","templated":true}]}}