{"id":3924,"date":"2017-05-28T11:37:00","date_gmt":"2017-05-28T11:37:00","guid":{"rendered":"http:\/\/www.biocabaz.pt\/web\/produto\/leite-em-po-cabra-1-bio-400gr-hole\/"},"modified":"2023-04-17T11:45:00","modified_gmt":"2023-04-17T11:45:00","slug":"leite-em-po-cabra-1-bio-400gr-hole","status":"publish","type":"product","link":"https:\/\/biocabaz.pt\/web\/produto\/leite-em-po-cabra-1-bio-400gr-hole\/","title":{"rendered":"LEITE EM P\u00d3 CABRA 1 BIO 400GR HOLLE"},"content":{"rendered":"<p><strong>Descri\u00e7\u00e3o <\/strong><br \/>\n\t\t\t\tingredientes: LEITE de cabra em p\u00f3* 41%, maltodextrina*, LACTOSE*, \u00f3leos e gorduras vegetais * (gordura de palma *, \u00f3leo de colza *, \u00f3leo de girassol *), carbonato de c\u00e1lcio, L-triptofano, citrato de s\u00f3dio, bitartarato de colina, vitamina C, L-ciste\u00edna, L-metionina, L-isoleucina, lactato ferroso, vitamina E, sulfato de zinco, D-pantotenato de c\u00e1lcio, niacina, sulfato de cobre, vitamina B2 (riboflavina), vitamina A, vitamina B1 (tiamina), vitamina B6, sulfato de mangan\u00e9sio, iodato de pot\u00e1ssio, \u00e1cido f\u00f3lico, vitamina K, selenato de s\u00f3dio, biotina, vitamina D, vitamina B12. *de agricultura biol\u00f3gica. *provenientes de agricultura biol\u00f3gica certificada.<\/p>\n<p><strong>Dados Nutricionais<\/strong><br \/>\n\t\t\t\tDeclara\u00e7\u00e3o Nutricional por 100ml de f\u00f3rmula pronta: Energia;<br \/> 276kj \/66kcal;<br \/> L\u00edpidos: 3,4g &#8211; dos quais \u00e1cidos gordos saturados: 1,7g;<br \/> Hidratos de carbono: 7,5g &#8211; dos quais a\u00e7\u00facares: 3,9g;<br \/> Prote\u00ednas: 1,5g;<br \/> Sal: 0,05g;<br \/> Vitamina A: 63\u00b5g;<br \/> Vitamina D: 1,1\u00b5g;<br \/> Vitamina E: 1,2mg;<br \/> Vitamina K: 6,7\u00b5g;<br \/> Vitamina C: 12mg;<br \/> Vitamina B1: 0,062mg;<br \/> Vitamina B2: 0,13mg;<br \/> Vitamina B6: 0,044mg;<br \/> \u00c1cido f\u00f3lico: 17,8\u00b5g;<br \/> Vitamina B12: 0,16\u00b5g;<br \/> Biotina: 2,4\u00b5g;<br \/> \u00c1cido pantot\u00e9nico: 0,59mg;<br \/> S\u00f3dio: 19,7mg;<br \/> Pot\u00e1ssio: 82,9mg;<br \/> Cloro: 68,5mg;<br \/> C\u00e1lcio: 64,3mg;<br \/> F\u00f3sforo: 43,9mg;<br \/> Magn\u00e9sio: 6,18mg;<br \/> Ferro: 0,71mg;<br \/> Zinco: 0,51mg;<br \/> Cobre: 0,034mg;<br \/> Mangan\u00e9sio: 0,013mg;<br \/> Fluoreto: 0,009mg;<br \/> Sel\u00e9nio: 2,1\u00b5g;<br \/> Iodo: 20,8\u00b5g;<br \/> Colina: 11mg;<br \/> Inositol: 5,0mg.<\/p>\n<p><strong>Modo Utiliza\u00e7\u00e3o<\/strong><br \/>Indica\u00e7\u00f5es relativas \u00e0 prepara\u00e7\u00e3o: Siga atentamente as instru\u00e7\u00f5es durante a prepara\u00e7\u00e3o. Utilize unicamente a colher medidora que se encontra no interior da embalagem. Siga as instru\u00e7\u00f5es de dosagem. Armazenar e\/ou preparar incorretamente o produto pode causar efeitos adversos ao n\u00edvel da sa\u00fade do beb\u00e9. Prepare sempre os biber\u00f5es na hora. N\u00e3o aproveite restos. N\u00e3o aquecer no micro-ondas (perigo de sobreaquecimento).<br \/>\nAdvert\u00eancias importantes: O leite materno \u00e9 o alimento ideal para o seu beb\u00e9. Consulte o pediatra ou o m\u00e9dico caso o seu beb\u00e9 precise de uma f\u00f3rmula adicional, ou se n\u00e3o puder amamentar. A decis\u00e3o de encetar uma alimenta\u00e7\u00e3o complementar s\u00f3 deve ser tomada mediante conselho de pessoas independentes com qualifica\u00e7\u00f5es em medicina, nutri\u00e7\u00e3o ou farm\u00e1cia, ou outros profissionais respons\u00e1veis por cuidados maternais ou infantis, com base nas necessidades individuais espec\u00edficas de crescimento e desenvolvimento do lactente. No caso de alergia ao leite de vaca, n\u00e3o dar este preparado \u00e0 base de leite de cabra, pois o leite de cabra cont\u00e9m prote\u00ednas estruturalmente semelhantes \u00e0s do leite de vaca. Nesse caso, deve consultar um pediatra. Proteja os dentes do seu beb\u00e9 contra c\u00e1ries, n\u00e3o o deixando utilizar o biber\u00e3o como chupeta. Instru\u00e7\u00f5es de prepara\u00e7\u00e3o: Antes de utilizar o biber\u00e3o, esteriliz\u00e1-lo (ferv\u00ea-lo em \u00e1gua), durante 3 a 5 minutos. Ferver a quantidade de \u00e1gua apropriada de acordo com a tabela e deix\u00e1-la arrefecer at\u00e9 uma temperatura de cerca de 50\u00baC. Em seguida, verter aproximadamente metade da \u00e1gua fervida para o biber\u00e3o. Adicionar as medidas necess\u00e1rias de produto em p\u00f3 (de acordo com a tabela), sem pressionar, retirando o excesso com uma faca. Agitar bem. Adicionar o resto da \u00e1gua fervida e agitar novamente. Deixar arrefecer at\u00e9 uma temperatura de cerca de 37\u00baC. Conservar em local fresco e seco. Uma vez aberto, consumir no prazo de 2 semanas. Embalado em atmosfera protetora.<\/p>\n","protected":false},"excerpt":{"rendered":"<h3 class=\"title\">Leite para lactentes biol\u00f3gico 1 \u00e0 base de leite de cabra<\/h3>\n<div class=\"\">Pode utilizar-se desde o nascimento.<\/div>\n<div class=\"\">Poder\u00e1 mudar sem problemas, em qualquer momento, de outros produtos l\u00e1cteos para o Leite para lactentes biol\u00f3gico 1 da Holle \u00e0 base de leite de cabra.<\/div>\n","protected":false},"featured_media":3933,"comment_status":"closed","ping_status":"closed","template":"","meta":[],"product_cat":[59],"product_tag":[],"class_list":["post-3924","product","type-product","status-publish","has-post-thumbnail","hentry","product_cat-leites"],"bundle_layout":"","bundled_by":[],"bundled_items":[],"yoast_head":"<!-- This site is optimized with the Yoast SEO plugin v26.3 - https:\/\/yoast.com\/wordpress\/plugins\/seo\/ -->\n<title>LEITE EM P\u00d3 CABRA 1 BIO 400GR HOLLE<\/title>\n<meta name=\"robots\" content=\"index, follow, max-snippet:-1, max-image-preview:large, max-video-preview:-1\" \/>\n<link rel=\"canonical\" href=\"https:\/\/biocabaz.pt\/web\/produto\/leite-em-po-cabra-1-bio-400gr-hole\/\" \/>\n<meta property=\"og:locale\" content=\"pt_PT\" \/>\n<meta property=\"og:locale:alternate\" content=\"en_US\" \/>\n<meta property=\"og:type\" content=\"article\" \/>\n<meta property=\"og:title\" content=\"LEITE EM P\u00d3 CABRA 1 BIO 400GR HOLLE\" \/>\n<meta property=\"og:description\" content=\"Leite para lactentes biol\u00f3gico 1 \u00e0 base de leite de cabra Pode utilizar-se desde o nascimento. Poder\u00e1 mudar sem problemas, em qualquer momento, de outros produtos l\u00e1cteos para o Leite para lactentes biol\u00f3gico 1 da Holle \u00e0 base de leite de cabra.\" \/>\n<meta property=\"og:url\" content=\"https:\/\/biocabaz.pt\/web\/produto\/leite-em-po-cabra-1-bio-400gr-hole\/\" \/>\n<meta property=\"og:site_name\" content=\"BIOCABAZ - CABAZES BIOL\u00d3GICOS\" \/>\n<meta property=\"article:modified_time\" content=\"2023-04-17T11:45:00+00:00\" \/>\n<meta property=\"og:image\" content=\"https:\/\/www.biocabaz.pt\/web\/wp-conteudos\/uploads\/2017\/05\/leite-cabra1.png\" \/>\n\t<meta property=\"og:image:width\" content=\"600\" \/>\n\t<meta property=\"og:image:height\" content=\"600\" \/>\n\t<meta property=\"og:image:type\" content=\"image\/png\" \/>\n<meta name=\"twitter:card\" content=\"summary_large_image\" \/>\n<meta name=\"twitter:label1\" content=\"Est. reading time\" \/>\n\t<meta name=\"twitter:data1\" content=\"5 minutos\" \/>\n<script type=\"application\/ld+json\" class=\"yoast-schema-graph\">{\"@context\":\"https:\/\/schema.org\",\"@graph\":[{\"@type\":\"WebPage\",\"@id\":\"https:\/\/biocabaz.pt\/web\/produto\/leite-em-po-cabra-1-bio-400gr-hole\/\",\"url\":\"https:\/\/biocabaz.pt\/web\/produto\/leite-em-po-cabra-1-bio-400gr-hole\/\",\"name\":\"LEITE EM P\u00d3 CABRA 1 BIO 400GR HOLLE\",\"isPartOf\":{\"@id\":\"https:\/\/biocabaz.pt\/web\/#website\"},\"primaryImageOfPage\":{\"@id\":\"https:\/\/biocabaz.pt\/web\/produto\/leite-em-po-cabra-1-bio-400gr-hole\/#primaryimage\"},\"image\":{\"@id\":\"https:\/\/biocabaz.pt\/web\/produto\/leite-em-po-cabra-1-bio-400gr-hole\/#primaryimage\"},\"thumbnailUrl\":\"https:\/\/www.biocabaz.pt\/web\/wp-conteudos\/uploads\/2017\/05\/leite-cabra1.png\",\"datePublished\":\"2017-05-28T11:37:00+00:00\",\"dateModified\":\"2023-04-17T11:45:00+00:00\",\"breadcrumb\":{\"@id\":\"https:\/\/biocabaz.pt\/web\/produto\/leite-em-po-cabra-1-bio-400gr-hole\/#breadcrumb\"},\"inLanguage\":\"pt-PT\",\"potentialAction\":[{\"@type\":\"ReadAction\",\"target\":[\"https:\/\/biocabaz.pt\/web\/produto\/leite-em-po-cabra-1-bio-400gr-hole\/\"]}]},{\"@type\":\"ImageObject\",\"inLanguage\":\"pt-PT\",\"@id\":\"https:\/\/biocabaz.pt\/web\/produto\/leite-em-po-cabra-1-bio-400gr-hole\/#primaryimage\",\"url\":\"https:\/\/www.biocabaz.pt\/web\/wp-conteudos\/uploads\/2017\/05\/leite-cabra1.png\",\"contentUrl\":\"https:\/\/www.biocabaz.pt\/web\/wp-conteudos\/uploads\/2017\/05\/leite-cabra1.png\",\"width\":600,\"height\":600,\"caption\":\"leite BIO cabra1 Holle\"},{\"@type\":\"BreadcrumbList\",\"@id\":\"https:\/\/biocabaz.pt\/web\/produto\/leite-em-po-cabra-1-bio-400gr-hole\/#breadcrumb\",\"itemListElement\":[{\"@type\":\"ListItem\",\"position\":1,\"name\":\"Home\",\"item\":\"https:\/\/biocabaz.pt\/web\/\"},{\"@type\":\"ListItem\",\"position\":2,\"name\":\"Loja\",\"item\":\"https:\/\/biocabaz.pt\/web\/shop\/\"},{\"@type\":\"ListItem\",\"position\":3,\"name\":\"LEITE EM P\u00d3 CABRA 1 BIO 400GR HOLLE\"}]},{\"@type\":\"WebSite\",\"@id\":\"https:\/\/biocabaz.pt\/web\/#website\",\"url\":\"https:\/\/biocabaz.pt\/web\/\",\"name\":\"BIOCABAZ - CABAZES BIOL\u00d3GICOS\",\"description\":\"O melhor que a terra d\u00e1 \u00e9 para si\",\"potentialAction\":[{\"@type\":\"SearchAction\",\"target\":{\"@type\":\"EntryPoint\",\"urlTemplate\":\"https:\/\/biocabaz.pt\/web\/?s={search_term_string}\"},\"query-input\":{\"@type\":\"PropertyValueSpecification\",\"valueRequired\":true,\"valueName\":\"search_term_string\"}}],\"inLanguage\":\"pt-PT\"}]}<\/script>\n<!-- \/ Yoast SEO plugin. -->","yoast_head_json":{"title":"LEITE EM P\u00d3 CABRA 1 BIO 400GR HOLLE","robots":{"index":"index","follow":"follow","max-snippet":"max-snippet:-1","max-image-preview":"max-image-preview:large","max-video-preview":"max-video-preview:-1"},"canonical":"https:\/\/biocabaz.pt\/web\/produto\/leite-em-po-cabra-1-bio-400gr-hole\/","og_locale":"pt_PT","og_type":"article","og_title":"[:en]HOLLE ORGANIC INFANT GOAT MILK FORMULA 1 400GR[:pt]LEITE EM P\u00d3 CABRA 1 BIO 400GR HOLLE[:] - BIOCABAZ - CABAZES BIOL\u00d3GICOS","og_description":"Leite para lactentes biol\u00f3gico 1 \u00e0 base de leite de cabra Pode utilizar-se desde o nascimento. Poder\u00e1 mudar sem problemas, em qualquer momento, de outros produtos l\u00e1cteos para o Leite para lactentes biol\u00f3gico 1 da Holle \u00e0 base de leite de cabra.","og_url":"https:\/\/biocabaz.pt\/web\/produto\/leite-em-po-cabra-1-bio-400gr-hole\/","og_site_name":"BIOCABAZ - CABAZES BIOL\u00d3GICOS","article_modified_time":"2023-04-17T11:45:00+00:00","og_image":[{"width":600,"height":600,"url":"https:\/\/www.biocabaz.pt\/web\/wp-conteudos\/uploads\/2017\/05\/leite-cabra1.png","type":"image\/png"}],"twitter_card":"summary_large_image","twitter_misc":{"Est. reading time":"5 minutos"},"schema":{"@context":"https:\/\/schema.org","@graph":[{"@type":"WebPage","@id":"https:\/\/biocabaz.pt\/web\/produto\/leite-em-po-cabra-1-bio-400gr-hole\/","url":"https:\/\/biocabaz.pt\/web\/produto\/leite-em-po-cabra-1-bio-400gr-hole\/","name":"LEITE EM P\u00d3 CABRA 1 BIO 400GR HOLLE","isPartOf":{"@id":"https:\/\/biocabaz.pt\/web\/#website"},"primaryImageOfPage":{"@id":"https:\/\/biocabaz.pt\/web\/produto\/leite-em-po-cabra-1-bio-400gr-hole\/#primaryimage"},"image":{"@id":"https:\/\/biocabaz.pt\/web\/produto\/leite-em-po-cabra-1-bio-400gr-hole\/#primaryimage"},"thumbnailUrl":"https:\/\/www.biocabaz.pt\/web\/wp-conteudos\/uploads\/2017\/05\/leite-cabra1.png","datePublished":"2017-05-28T11:37:00+00:00","dateModified":"2023-04-17T11:45:00+00:00","breadcrumb":{"@id":"https:\/\/biocabaz.pt\/web\/produto\/leite-em-po-cabra-1-bio-400gr-hole\/#breadcrumb"},"inLanguage":"pt-PT","potentialAction":[{"@type":"ReadAction","target":["https:\/\/biocabaz.pt\/web\/produto\/leite-em-po-cabra-1-bio-400gr-hole\/"]}]},{"@type":"ImageObject","inLanguage":"pt-PT","@id":"https:\/\/biocabaz.pt\/web\/produto\/leite-em-po-cabra-1-bio-400gr-hole\/#primaryimage","url":"https:\/\/www.biocabaz.pt\/web\/wp-conteudos\/uploads\/2017\/05\/leite-cabra1.png","contentUrl":"https:\/\/www.biocabaz.pt\/web\/wp-conteudos\/uploads\/2017\/05\/leite-cabra1.png","width":600,"height":600,"caption":"leite BIO cabra1 Holle"},{"@type":"BreadcrumbList","@id":"https:\/\/biocabaz.pt\/web\/produto\/leite-em-po-cabra-1-bio-400gr-hole\/#breadcrumb","itemListElement":[{"@type":"ListItem","position":1,"name":"Home","item":"https:\/\/biocabaz.pt\/web\/"},{"@type":"ListItem","position":2,"name":"Loja","item":"https:\/\/biocabaz.pt\/web\/shop\/"},{"@type":"ListItem","position":3,"name":"LEITE EM P\u00d3 CABRA 1 BIO 400GR HOLLE"}]},{"@type":"WebSite","@id":"https:\/\/biocabaz.pt\/web\/#website","url":"https:\/\/biocabaz.pt\/web\/","name":"BIOCABAZ - CABAZES BIOL\u00d3GICOS","description":"O melhor que a terra d\u00e1 \u00e9 para si","potentialAction":[{"@type":"SearchAction","target":{"@type":"EntryPoint","urlTemplate":"https:\/\/biocabaz.pt\/web\/?s={search_term_string}"},"query-input":{"@type":"PropertyValueSpecification","valueRequired":true,"valueName":"search_term_string"}}],"inLanguage":"pt-PT"}]}},"_links":{"self":[{"href":"https:\/\/biocabaz.pt\/web\/wp-json\/wp\/v2\/product\/3924","targetHints":{"allow":["GET"]}}],"collection":[{"href":"https:\/\/biocabaz.pt\/web\/wp-json\/wp\/v2\/product"}],"about":[{"href":"https:\/\/biocabaz.pt\/web\/wp-json\/wp\/v2\/types\/product"}],"replies":[{"embeddable":true,"href":"https:\/\/biocabaz.pt\/web\/wp-json\/wp\/v2\/comments?post=3924"}],"wp:featuredmedia":[{"embeddable":true,"href":"https:\/\/biocabaz.pt\/web\/wp-json\/wp\/v2\/media\/3933"}],"wp:attachment":[{"href":"https:\/\/biocabaz.pt\/web\/wp-json\/wp\/v2\/media?parent=3924"}],"wp:term":[{"taxonomy":"product_cat","embeddable":true,"href":"https:\/\/biocabaz.pt\/web\/wp-json\/wp\/v2\/product_cat?post=3924"},{"taxonomy":"product_tag","embeddable":true,"href":"https:\/\/biocabaz.pt\/web\/wp-json\/wp\/v2\/product_tag?post=3924"}],"curies":[{"name":"wp","href":"https:\/\/api.w.org\/{rel}","templated":true}]}}