{"id":3910,"date":"2017-05-28T09:26:04","date_gmt":"2017-05-28T09:26:04","guid":{"rendered":"http:\/\/www.biocabaz.pt\/web\/produto\/bebida-de-millet-isola\/"},"modified":"2024-08-06T10:22:30","modified_gmt":"2024-08-06T10:22:30","slug":"bebida-de-millet-isola","status":"publish","type":"product","link":"https:\/\/biocabaz.pt\/web\/produto\/bebida-de-millet-isola\/","title":{"rendered":"BEBIDA DE MILLET BIO ISOLA 1L"},"content":{"rendered":"<p><strong>Descri\u00e7\u00e3o <\/strong><br \/>\n\t\t\t\tIngredientes: \u00c1gua, Millet* (16%), \u00d3leo de Girassol* e Sal Marinho. *Produ\u00e7\u00e3o Biol\u00f3gica. <\/p>\n<p><strong>Dados Nutricionais<\/strong><br \/>\n\t\t\t\tDeclara\u00e7\u00e3o Nutricional por 100ml: Energia: 231kj\/55kal;<br \/> L\u00edpidos: 1,1g &#8211; dos quais saturados: 0,1 &#8211; dos quais Monoinsaturados: 0,3 &#8211; dos quais Polinsaturados: 0,7 Hidratos de Carbono (g) 10,5 dos quais A\u00e7\u00facares (g) 5,5 Fibra (g) 0,4 Prote\u00ednas (g) 0,7 Sal (g) 0,08<\/p>\n<p><strong>Modo Utiliza\u00e7\u00e3o<\/strong><br \/>Agitar bem antes de beber. Depois de aberto conservar no frigor\u00edfico e consumir dentro de 3-4dias. Conservar em local fresco e seco. <\/p>\n","protected":false},"excerpt":{"rendered":"<p>A bebida de Millet Isola Bio \u00e9 a alternativa vegetal dedicada \u00e0s pessoas com intoler\u00e2ncia ao gl\u00faten, que n\u00e3o desejam renunciar \u00e0 do\u00e7ura e gosto. Naturalmente deliciosa \u00e9 perfeita no caf\u00e9 da manh\u00e3 e na prepara\u00e7\u00e3o de pratos e receitas sem gl\u00faten.<\/p>\n<p>N\u00e3o Cont\u00e9m Gluten *\u00a0Org\u00e2nica *\u00a0Vegetais<\/p>\n","protected":false},"featured_media":3922,"comment_status":"closed","ping_status":"closed","template":"","meta":[],"product_cat":[34],"product_tag":[],"class_list":["post-3910","product","type-product","status-publish","has-post-thumbnail","hentry","product_cat-leites-bebidas-vegetais"],"bundle_layout":"","bundled_by":[],"bundled_items":[],"yoast_head":"<!-- This site is optimized with the Yoast SEO plugin v26.3 - https:\/\/yoast.com\/wordpress\/plugins\/seo\/ -->\n<title>BEBIDA DE MILLET BIO ISOLA 1L<\/title>\n<meta name=\"robots\" content=\"index, follow, max-snippet:-1, max-image-preview:large, max-video-preview:-1\" \/>\n<link rel=\"canonical\" href=\"https:\/\/www.biocabaz.pt\/web\/produto\/bebida-de-millet-isola\/\" \/>\n<meta property=\"og:locale\" content=\"pt_PT\" \/>\n<meta property=\"og:locale:alternate\" content=\"en_US\" \/>\n<meta property=\"og:type\" content=\"article\" \/>\n<meta property=\"og:title\" content=\"BEBIDA DE MILLET BIO ISOLA 1L\" \/>\n<meta property=\"og:description\" content=\"A bebida de Millet Isola Bio \u00e9 a alternativa vegetal dedicada \u00e0s pessoas com intoler\u00e2ncia ao gl\u00faten, que n\u00e3o desejam renunciar \u00e0 do\u00e7ura e gosto. Naturalmente deliciosa \u00e9 perfeita no caf\u00e9 da manh\u00e3 e na prepara\u00e7\u00e3o de pratos e receitas sem gl\u00faten.  N\u00e3o Cont\u00e9m Gluten *\u00a0Org\u00e2nica *\u00a0Vegetais\" \/>\n<meta property=\"og:url\" content=\"https:\/\/biocabaz.pt\/web\/produto\/bebida-de-millet-isola\/\" \/>\n<meta property=\"og:site_name\" content=\"BIOCABAZ - CABAZES BIOL\u00d3GICOS\" \/>\n<meta property=\"article:modified_time\" content=\"2024-08-06T10:22:30+00:00\" \/>\n<meta property=\"og:image\" content=\"https:\/\/www.biocabaz.pt\/web\/wp-conteudos\/uploads\/2017\/05\/ZX_Milheto_B_1000.jpg\" \/>\n\t<meta property=\"og:image:width\" content=\"440\" \/>\n\t<meta property=\"og:image:height\" content=\"400\" \/>\n\t<meta property=\"og:image:type\" content=\"image\/jpeg\" \/>\n<meta name=\"twitter:card\" content=\"summary_large_image\" \/>\n<meta name=\"twitter:label1\" content=\"Est. reading time\" \/>\n\t<meta name=\"twitter:data1\" content=\"1 minuto\" \/>\n<script type=\"application\/ld+json\" class=\"yoast-schema-graph\">{\"@context\":\"https:\/\/schema.org\",\"@graph\":[{\"@type\":\"WebPage\",\"@id\":\"https:\/\/www.biocabaz.pt\/web\/produto\/bebida-de-millet-isola\/\",\"url\":\"https:\/\/www.biocabaz.pt\/web\/produto\/bebida-de-millet-isola\/\",\"name\":\"BEBIDA DE MILLET BIO ISOLA 1L\",\"isPartOf\":{\"@id\":\"https:\/\/www.biocabaz.pt\/web\/#website\"},\"primaryImageOfPage\":{\"@id\":\"https:\/\/www.biocabaz.pt\/web\/produto\/bebida-de-millet-isola\/#primaryimage\"},\"image\":{\"@id\":\"https:\/\/www.biocabaz.pt\/web\/produto\/bebida-de-millet-isola\/#primaryimage\"},\"thumbnailUrl\":\"https:\/\/www.biocabaz.pt\/web\/wp-conteudos\/uploads\/2017\/05\/ZX_Milheto_B_1000.jpg\",\"datePublished\":\"2017-05-28T09:26:04+00:00\",\"dateModified\":\"2024-08-06T10:22:30+00:00\",\"breadcrumb\":{\"@id\":\"https:\/\/www.biocabaz.pt\/web\/produto\/bebida-de-millet-isola\/#breadcrumb\"},\"inLanguage\":\"pt-PT\",\"potentialAction\":[{\"@type\":\"ReadAction\",\"target\":[\"https:\/\/www.biocabaz.pt\/web\/produto\/bebida-de-millet-isola\/\"]}]},{\"@type\":\"ImageObject\",\"inLanguage\":\"pt-PT\",\"@id\":\"https:\/\/www.biocabaz.pt\/web\/produto\/bebida-de-millet-isola\/#primaryimage\",\"url\":\"https:\/\/www.biocabaz.pt\/web\/wp-conteudos\/uploads\/2017\/05\/ZX_Milheto_B_1000.jpg\",\"contentUrl\":\"https:\/\/www.biocabaz.pt\/web\/wp-conteudos\/uploads\/2017\/05\/ZX_Milheto_B_1000.jpg\",\"width\":440,\"height\":400,\"caption\":\"Bebida Millet Isola\"},{\"@type\":\"BreadcrumbList\",\"@id\":\"https:\/\/www.biocabaz.pt\/web\/produto\/bebida-de-millet-isola\/#breadcrumb\",\"itemListElement\":[{\"@type\":\"ListItem\",\"position\":1,\"name\":\"Home\",\"item\":\"https:\/\/www.biocabaz.pt\/web\/\"},{\"@type\":\"ListItem\",\"position\":2,\"name\":\"Loja\",\"item\":\"https:\/\/www.biocabaz.pt\/web\/shop\/\"},{\"@type\":\"ListItem\",\"position\":3,\"name\":\"BEBIDA DE MILLET BIO ISOLA 1L\"}]},{\"@type\":\"WebSite\",\"@id\":\"https:\/\/www.biocabaz.pt\/web\/#website\",\"url\":\"https:\/\/www.biocabaz.pt\/web\/\",\"name\":\"BIOCABAZ - CABAZES BIOL\u00d3GICOS\",\"description\":\"O melhor que a terra d\u00e1 \u00e9 para si\",\"potentialAction\":[{\"@type\":\"SearchAction\",\"target\":{\"@type\":\"EntryPoint\",\"urlTemplate\":\"https:\/\/www.biocabaz.pt\/web\/?s={search_term_string}\"},\"query-input\":{\"@type\":\"PropertyValueSpecification\",\"valueRequired\":true,\"valueName\":\"search_term_string\"}}],\"inLanguage\":\"pt-PT\"}]}<\/script>\n<!-- \/ Yoast SEO plugin. -->","yoast_head_json":{"title":"BEBIDA DE MILLET BIO ISOLA 1L","robots":{"index":"index","follow":"follow","max-snippet":"max-snippet:-1","max-image-preview":"max-image-preview:large","max-video-preview":"max-video-preview:-1"},"canonical":"https:\/\/www.biocabaz.pt\/web\/produto\/bebida-de-millet-isola\/","og_locale":"pt_PT","og_type":"article","og_title":"[:en]ISOLA ORGANIC MILLET ORIGINAL DRINK 1L[:pt]BEBIDA DE MILLET BIO ISOLA 1L[:] - BIOCABAZ - CABAZES BIOL\u00d3GICOS","og_description":"A bebida de Millet Isola Bio \u00e9 a alternativa vegetal dedicada \u00e0s pessoas com intoler\u00e2ncia ao gl\u00faten, que n\u00e3o desejam renunciar \u00e0 do\u00e7ura e gosto. Naturalmente deliciosa \u00e9 perfeita no caf\u00e9 da manh\u00e3 e na prepara\u00e7\u00e3o de pratos e receitas sem gl\u00faten.  N\u00e3o Cont\u00e9m Gluten *\u00a0Org\u00e2nica *\u00a0Vegetais","og_url":"https:\/\/biocabaz.pt\/web\/produto\/bebida-de-millet-isola\/","og_site_name":"BIOCABAZ - CABAZES BIOL\u00d3GICOS","article_modified_time":"2024-08-06T10:22:30+00:00","og_image":[{"width":440,"height":400,"url":"https:\/\/www.biocabaz.pt\/web\/wp-conteudos\/uploads\/2017\/05\/ZX_Milheto_B_1000.jpg","type":"image\/jpeg"}],"twitter_card":"summary_large_image","twitter_misc":{"Est. reading time":"1 minuto"},"schema":{"@context":"https:\/\/schema.org","@graph":[{"@type":"WebPage","@id":"https:\/\/www.biocabaz.pt\/web\/produto\/bebida-de-millet-isola\/","url":"https:\/\/www.biocabaz.pt\/web\/produto\/bebida-de-millet-isola\/","name":"BEBIDA DE MILLET BIO ISOLA 1L","isPartOf":{"@id":"https:\/\/www.biocabaz.pt\/web\/#website"},"primaryImageOfPage":{"@id":"https:\/\/www.biocabaz.pt\/web\/produto\/bebida-de-millet-isola\/#primaryimage"},"image":{"@id":"https:\/\/www.biocabaz.pt\/web\/produto\/bebida-de-millet-isola\/#primaryimage"},"thumbnailUrl":"https:\/\/www.biocabaz.pt\/web\/wp-conteudos\/uploads\/2017\/05\/ZX_Milheto_B_1000.jpg","datePublished":"2017-05-28T09:26:04+00:00","dateModified":"2024-08-06T10:22:30+00:00","breadcrumb":{"@id":"https:\/\/www.biocabaz.pt\/web\/produto\/bebida-de-millet-isola\/#breadcrumb"},"inLanguage":"pt-PT","potentialAction":[{"@type":"ReadAction","target":["https:\/\/www.biocabaz.pt\/web\/produto\/bebida-de-millet-isola\/"]}]},{"@type":"ImageObject","inLanguage":"pt-PT","@id":"https:\/\/www.biocabaz.pt\/web\/produto\/bebida-de-millet-isola\/#primaryimage","url":"https:\/\/www.biocabaz.pt\/web\/wp-conteudos\/uploads\/2017\/05\/ZX_Milheto_B_1000.jpg","contentUrl":"https:\/\/www.biocabaz.pt\/web\/wp-conteudos\/uploads\/2017\/05\/ZX_Milheto_B_1000.jpg","width":440,"height":400,"caption":"Bebida Millet Isola"},{"@type":"BreadcrumbList","@id":"https:\/\/www.biocabaz.pt\/web\/produto\/bebida-de-millet-isola\/#breadcrumb","itemListElement":[{"@type":"ListItem","position":1,"name":"Home","item":"https:\/\/www.biocabaz.pt\/web\/"},{"@type":"ListItem","position":2,"name":"Loja","item":"https:\/\/www.biocabaz.pt\/web\/shop\/"},{"@type":"ListItem","position":3,"name":"BEBIDA DE MILLET BIO ISOLA 1L"}]},{"@type":"WebSite","@id":"https:\/\/www.biocabaz.pt\/web\/#website","url":"https:\/\/www.biocabaz.pt\/web\/","name":"BIOCABAZ - CABAZES BIOL\u00d3GICOS","description":"O melhor que a terra d\u00e1 \u00e9 para si","potentialAction":[{"@type":"SearchAction","target":{"@type":"EntryPoint","urlTemplate":"https:\/\/www.biocabaz.pt\/web\/?s={search_term_string}"},"query-input":{"@type":"PropertyValueSpecification","valueRequired":true,"valueName":"search_term_string"}}],"inLanguage":"pt-PT"}]}},"_links":{"self":[{"href":"https:\/\/biocabaz.pt\/web\/wp-json\/wp\/v2\/product\/3910","targetHints":{"allow":["GET"]}}],"collection":[{"href":"https:\/\/biocabaz.pt\/web\/wp-json\/wp\/v2\/product"}],"about":[{"href":"https:\/\/biocabaz.pt\/web\/wp-json\/wp\/v2\/types\/product"}],"replies":[{"embeddable":true,"href":"https:\/\/biocabaz.pt\/web\/wp-json\/wp\/v2\/comments?post=3910"}],"wp:featuredmedia":[{"embeddable":true,"href":"https:\/\/biocabaz.pt\/web\/wp-json\/wp\/v2\/media\/3922"}],"wp:attachment":[{"href":"https:\/\/biocabaz.pt\/web\/wp-json\/wp\/v2\/media?parent=3910"}],"wp:term":[{"taxonomy":"product_cat","embeddable":true,"href":"https:\/\/biocabaz.pt\/web\/wp-json\/wp\/v2\/product_cat?post=3910"},{"taxonomy":"product_tag","embeddable":true,"href":"https:\/\/biocabaz.pt\/web\/wp-json\/wp\/v2\/product_tag?post=3910"}],"curies":[{"name":"wp","href":"https:\/\/api.w.org\/{rel}","templated":true}]}}