{"id":3909,"date":"2017-05-28T09:26:04","date_gmt":"2017-05-28T09:26:04","guid":{"rendered":"http:\/\/www.biocabaz.pt\/web\/produto\/bebida-de-soja-sgluten-isola\/"},"modified":"2022-03-11T11:29:36","modified_gmt":"2022-03-11T11:29:36","slug":"bebida-de-soja-sgluten-isola","status":"publish","type":"product","link":"https:\/\/biocabaz.pt\/web\/produto\/bebida-de-soja-sgluten-isola\/","title":{"rendered":"BEBIDA DE SOJA S\/GLUTEN BIO ISOLA 1L"},"content":{"rendered":"<p><strong>Descri\u00e7\u00e3o <\/strong><br \/>\n\t\t\t\tIngredientes: \u00e1gua, soja, italiana, sal marinho.<\/p>\n<p><strong>Dados Nutricionais<\/strong><br \/>\n\t\t\t\tDeclara\u00e7\u00e3o Nutricional por 100ml: Energia: 126 kJ\/30 kcal;<br \/> L\u00edpidos: 1,3g &#8211; dos quais saturados 0,2g;<br \/> Hidratos de carbono: 1,2g &#8211; dos quais a\u00e7\u00facares: 0,7g;<br \/> Fibra: 0,8g;<br \/> Prote\u00ednas: 3g;<br \/> Sal 0,05g.<\/p>\n<p><strong>Modo Utiliza\u00e7\u00e3o<\/strong><br \/>Agitar bem antes de beber. Depois de aberto conservar no frigor\u00edfico e consumir dentro de 3-4dias. Conservar em local fresco e seco. <\/p>\n","protected":false},"excerpt":{"rendered":"<p>A bebida de soja \u00e9 fonte de prote\u00ednas e pode ser consumida gelada ou morna no caf\u00e9 da manh\u00e3; \u00e9 \u00f3ptima para quem deseja come\u00e7ar o dia no \u00f3ptimo astral do gosto vegetal. Na cozinha pode ser usado em todas as receitas como alternativa vegetal, \u00f3ptima base na prepara\u00e7\u00e3o de saborosos frapp\u00e9s de fruta, vitaminas, pudins, doces, pur\u00e9s e molhos de todos os tipos.<\/p>\n<p>Biol\u00f3gica *\u00a0Vegetal*\u00a0Sem Lactose *\u00a0Sem Adi\u00e7\u00e3o de A\u00e7\u00facares * Sem Glut\u00e9n<\/p>\n","protected":false},"featured_media":3921,"comment_status":"closed","ping_status":"closed","template":"","meta":[],"product_cat":[34],"product_tag":[],"class_list":["post-3909","product","type-product","status-publish","has-post-thumbnail","hentry","product_cat-leites-bebidas-vegetais"],"bundle_layout":"","bundled_by":[],"bundled_items":[],"yoast_head":"<!-- This site is optimized with the Yoast SEO plugin v26.3 - https:\/\/yoast.com\/wordpress\/plugins\/seo\/ -->\n<title>BEBIDA DE SOJA S\/GLUTEN BIO ISOLA 1L<\/title>\n<meta name=\"robots\" content=\"index, follow, max-snippet:-1, max-image-preview:large, max-video-preview:-1\" \/>\n<link rel=\"canonical\" href=\"https:\/\/biocabaz.pt\/web\/produto\/bebida-de-soja-sgluten-isola\/\" \/>\n<meta property=\"og:locale\" content=\"pt_PT\" \/>\n<meta property=\"og:locale:alternate\" content=\"en_US\" \/>\n<meta property=\"og:type\" content=\"article\" \/>\n<meta property=\"og:title\" content=\"BEBIDA DE SOJA S\/GLUTEN BIO ISOLA 1L\" \/>\n<meta property=\"og:description\" content=\"A bebida de soja \u00e9 fonte de prote\u00ednas e pode ser consumida gelada ou morna no caf\u00e9 da manh\u00e3; \u00e9 \u00f3ptima para quem deseja come\u00e7ar o dia no \u00f3ptimo astral do gosto vegetal. Na cozinha pode ser usado em todas as receitas como alternativa vegetal, \u00f3ptima base na prepara\u00e7\u00e3o de saborosos frapp\u00e9s de fruta, vitaminas, pudins, doces, pur\u00e9s e molhos de todos os tipos.  Biol\u00f3gica *\u00a0Vegetal*\u00a0Sem Lactose *\u00a0Sem Adi\u00e7\u00e3o de A\u00e7\u00facares * Sem Glut\u00e9n\" \/>\n<meta property=\"og:url\" content=\"https:\/\/biocabaz.pt\/web\/produto\/bebida-de-soja-sgluten-isola\/\" \/>\n<meta property=\"og:site_name\" content=\"BIOCABAZ - CABAZES BIOL\u00d3GICOS\" \/>\n<meta property=\"article:modified_time\" content=\"2022-03-11T11:29:36+00:00\" \/>\n<meta property=\"og:image\" content=\"https:\/\/www.biocabaz.pt\/web\/wp-conteudos\/uploads\/2017\/05\/ZX_Soia_1000.jpg\" \/>\n\t<meta property=\"og:image:width\" content=\"440\" \/>\n\t<meta property=\"og:image:height\" content=\"400\" \/>\n\t<meta property=\"og:image:type\" content=\"image\/jpeg\" \/>\n<meta name=\"twitter:card\" content=\"summary_large_image\" \/>\n<meta name=\"twitter:label1\" content=\"Est. reading time\" \/>\n\t<meta name=\"twitter:data1\" content=\"1 minuto\" \/>\n<script type=\"application\/ld+json\" class=\"yoast-schema-graph\">{\"@context\":\"https:\/\/schema.org\",\"@graph\":[{\"@type\":\"WebPage\",\"@id\":\"https:\/\/biocabaz.pt\/web\/produto\/bebida-de-soja-sgluten-isola\/\",\"url\":\"https:\/\/biocabaz.pt\/web\/produto\/bebida-de-soja-sgluten-isola\/\",\"name\":\"BEBIDA DE SOJA S\/GLUTEN BIO ISOLA 1L\",\"isPartOf\":{\"@id\":\"https:\/\/www.biocabaz.pt\/web\/en\/#website\"},\"primaryImageOfPage\":{\"@id\":\"https:\/\/biocabaz.pt\/web\/produto\/bebida-de-soja-sgluten-isola\/#primaryimage\"},\"image\":{\"@id\":\"https:\/\/biocabaz.pt\/web\/produto\/bebida-de-soja-sgluten-isola\/#primaryimage\"},\"thumbnailUrl\":\"https:\/\/www.biocabaz.pt\/web\/wp-conteudos\/uploads\/2017\/05\/ZX_Soia_1000.jpg\",\"datePublished\":\"2017-05-28T09:26:04+00:00\",\"dateModified\":\"2022-03-11T11:29:36+00:00\",\"breadcrumb\":{\"@id\":\"https:\/\/biocabaz.pt\/web\/produto\/bebida-de-soja-sgluten-isola\/#breadcrumb\"},\"inLanguage\":\"pt-PT\",\"potentialAction\":[{\"@type\":\"ReadAction\",\"target\":[\"https:\/\/biocabaz.pt\/web\/produto\/bebida-de-soja-sgluten-isola\/\"]}]},{\"@type\":\"ImageObject\",\"inLanguage\":\"pt-PT\",\"@id\":\"https:\/\/biocabaz.pt\/web\/produto\/bebida-de-soja-sgluten-isola\/#primaryimage\",\"url\":\"https:\/\/www.biocabaz.pt\/web\/wp-conteudos\/uploads\/2017\/05\/ZX_Soia_1000.jpg\",\"contentUrl\":\"https:\/\/www.biocabaz.pt\/web\/wp-conteudos\/uploads\/2017\/05\/ZX_Soia_1000.jpg\",\"width\":440,\"height\":400,\"caption\":\"Bebida Soja Isola\"},{\"@type\":\"BreadcrumbList\",\"@id\":\"https:\/\/biocabaz.pt\/web\/produto\/bebida-de-soja-sgluten-isola\/#breadcrumb\",\"itemListElement\":[{\"@type\":\"ListItem\",\"position\":1,\"name\":\"Home\",\"item\":\"https:\/\/www.biocabaz.pt\/web\/en\/\"},{\"@type\":\"ListItem\",\"position\":2,\"name\":\"Shop\",\"item\":\"https:\/\/www.biocabaz.pt\/web\/en\/shop\/\"},{\"@type\":\"ListItem\",\"position\":3,\"name\":\"BEBIDA DE SOJA S\/GLUTEN BIO ISOLA 1L\"}]},{\"@type\":\"WebSite\",\"@id\":\"https:\/\/www.biocabaz.pt\/web\/en\/#website\",\"url\":\"https:\/\/www.biocabaz.pt\/web\/en\/\",\"name\":\"BIOCABAZ - CABAZES BIOL\u00d3GICOS\",\"description\":\"O melhor que a terra d\u00e1 \u00e9 para si\",\"potentialAction\":[{\"@type\":\"SearchAction\",\"target\":{\"@type\":\"EntryPoint\",\"urlTemplate\":\"https:\/\/www.biocabaz.pt\/web\/en\/?s={search_term_string}\"},\"query-input\":{\"@type\":\"PropertyValueSpecification\",\"valueRequired\":true,\"valueName\":\"search_term_string\"}}],\"inLanguage\":\"pt-PT\"}]}<\/script>\n<!-- \/ Yoast SEO plugin. -->","yoast_head_json":{"title":"BEBIDA DE SOJA S\/GLUTEN BIO ISOLA 1L","robots":{"index":"index","follow":"follow","max-snippet":"max-snippet:-1","max-image-preview":"max-image-preview:large","max-video-preview":"max-video-preview:-1"},"canonical":"https:\/\/biocabaz.pt\/web\/produto\/bebida-de-soja-sgluten-isola\/","og_locale":"pt_PT","og_type":"article","og_title":"[:en]ISOLA ORGANIC SOY ORIGINAL DRINK (GLUTEN-FREE) 1L[:pt]BEBIDA DE SOJA S\/GLUTEN BIO ISOLA 1L[:] - BIOCABAZ - CABAZES BIOL\u00d3GICOS","og_description":"A bebida de soja \u00e9 fonte de prote\u00ednas e pode ser consumida gelada ou morna no caf\u00e9 da manh\u00e3; \u00e9 \u00f3ptima para quem deseja come\u00e7ar o dia no \u00f3ptimo astral do gosto vegetal. Na cozinha pode ser usado em todas as receitas como alternativa vegetal, \u00f3ptima base na prepara\u00e7\u00e3o de saborosos frapp\u00e9s de fruta, vitaminas, pudins, doces, pur\u00e9s e molhos de todos os tipos.  Biol\u00f3gica *\u00a0Vegetal*\u00a0Sem Lactose *\u00a0Sem Adi\u00e7\u00e3o de A\u00e7\u00facares * Sem Glut\u00e9n","og_url":"https:\/\/biocabaz.pt\/web\/produto\/bebida-de-soja-sgluten-isola\/","og_site_name":"BIOCABAZ - CABAZES BIOL\u00d3GICOS","article_modified_time":"2022-03-11T11:29:36+00:00","og_image":[{"width":440,"height":400,"url":"https:\/\/www.biocabaz.pt\/web\/wp-conteudos\/uploads\/2017\/05\/ZX_Soia_1000.jpg","type":"image\/jpeg"}],"twitter_card":"summary_large_image","twitter_misc":{"Est. reading time":"1 minuto"},"schema":{"@context":"https:\/\/schema.org","@graph":[{"@type":"WebPage","@id":"https:\/\/biocabaz.pt\/web\/produto\/bebida-de-soja-sgluten-isola\/","url":"https:\/\/biocabaz.pt\/web\/produto\/bebida-de-soja-sgluten-isola\/","name":"BEBIDA DE SOJA S\/GLUTEN BIO ISOLA 1L","isPartOf":{"@id":"https:\/\/www.biocabaz.pt\/web\/en\/#website"},"primaryImageOfPage":{"@id":"https:\/\/biocabaz.pt\/web\/produto\/bebida-de-soja-sgluten-isola\/#primaryimage"},"image":{"@id":"https:\/\/biocabaz.pt\/web\/produto\/bebida-de-soja-sgluten-isola\/#primaryimage"},"thumbnailUrl":"https:\/\/www.biocabaz.pt\/web\/wp-conteudos\/uploads\/2017\/05\/ZX_Soia_1000.jpg","datePublished":"2017-05-28T09:26:04+00:00","dateModified":"2022-03-11T11:29:36+00:00","breadcrumb":{"@id":"https:\/\/biocabaz.pt\/web\/produto\/bebida-de-soja-sgluten-isola\/#breadcrumb"},"inLanguage":"pt-PT","potentialAction":[{"@type":"ReadAction","target":["https:\/\/biocabaz.pt\/web\/produto\/bebida-de-soja-sgluten-isola\/"]}]},{"@type":"ImageObject","inLanguage":"pt-PT","@id":"https:\/\/biocabaz.pt\/web\/produto\/bebida-de-soja-sgluten-isola\/#primaryimage","url":"https:\/\/www.biocabaz.pt\/web\/wp-conteudos\/uploads\/2017\/05\/ZX_Soia_1000.jpg","contentUrl":"https:\/\/www.biocabaz.pt\/web\/wp-conteudos\/uploads\/2017\/05\/ZX_Soia_1000.jpg","width":440,"height":400,"caption":"Bebida Soja Isola"},{"@type":"BreadcrumbList","@id":"https:\/\/biocabaz.pt\/web\/produto\/bebida-de-soja-sgluten-isola\/#breadcrumb","itemListElement":[{"@type":"ListItem","position":1,"name":"Home","item":"https:\/\/www.biocabaz.pt\/web\/en\/"},{"@type":"ListItem","position":2,"name":"Shop","item":"https:\/\/www.biocabaz.pt\/web\/en\/shop\/"},{"@type":"ListItem","position":3,"name":"BEBIDA DE SOJA S\/GLUTEN BIO ISOLA 1L"}]},{"@type":"WebSite","@id":"https:\/\/www.biocabaz.pt\/web\/en\/#website","url":"https:\/\/www.biocabaz.pt\/web\/en\/","name":"BIOCABAZ - CABAZES BIOL\u00d3GICOS","description":"O melhor que a terra d\u00e1 \u00e9 para si","potentialAction":[{"@type":"SearchAction","target":{"@type":"EntryPoint","urlTemplate":"https:\/\/www.biocabaz.pt\/web\/en\/?s={search_term_string}"},"query-input":{"@type":"PropertyValueSpecification","valueRequired":true,"valueName":"search_term_string"}}],"inLanguage":"pt-PT"}]}},"_links":{"self":[{"href":"https:\/\/biocabaz.pt\/web\/wp-json\/wp\/v2\/product\/3909","targetHints":{"allow":["GET"]}}],"collection":[{"href":"https:\/\/biocabaz.pt\/web\/wp-json\/wp\/v2\/product"}],"about":[{"href":"https:\/\/biocabaz.pt\/web\/wp-json\/wp\/v2\/types\/product"}],"replies":[{"embeddable":true,"href":"https:\/\/biocabaz.pt\/web\/wp-json\/wp\/v2\/comments?post=3909"}],"wp:featuredmedia":[{"embeddable":true,"href":"https:\/\/biocabaz.pt\/web\/wp-json\/wp\/v2\/media\/3921"}],"wp:attachment":[{"href":"https:\/\/biocabaz.pt\/web\/wp-json\/wp\/v2\/media?parent=3909"}],"wp:term":[{"taxonomy":"product_cat","embeddable":true,"href":"https:\/\/biocabaz.pt\/web\/wp-json\/wp\/v2\/product_cat?post=3909"},{"taxonomy":"product_tag","embeddable":true,"href":"https:\/\/biocabaz.pt\/web\/wp-json\/wp\/v2\/product_tag?post=3909"}],"curies":[{"name":"wp","href":"https:\/\/api.w.org\/{rel}","templated":true}]}}