{"id":3125,"date":"2017-02-05T12:42:02","date_gmt":"2017-02-05T12:42:02","guid":{"rendered":"http:\/\/www.biocabaz.pt\/web\/produto\/cornflakes-cacucar-bio-sgluten-250grs\/"},"modified":"2023-04-17T12:00:47","modified_gmt":"2023-04-17T12:00:47","slug":"cornflakes-cacucar-bio-sgluten-250grs","status":"publish","type":"product","link":"https:\/\/biocabaz.pt\/web\/produto\/cornflakes-cacucar-bio-sgluten-250grs\/","title":{"rendered":"CORNFLAKES C\/A\u00c7UCAR BIO S\/GLUTEN 250GRS"},"content":{"rendered":"<p><strong>Descri\u00e7\u00e3o <\/strong><br \/>\n\t\t\t\tIngredientes: Milho* (94%), a\u00e7\u00facar de beterraba* (5%) e sal (1%). *Produtos de Agricultura Biol\u00f3gica. S\u00e3o uma \u00f3tima alternativa para doentes cel\u00edacos e intolerantes, uma vez que n\u00e3o t\u00eam gl\u00faten. Como tamb\u00e9m n\u00e3o possuem nenhum ingrediente de origem animal, podem ser consumidos por vegans.<\/p>\n<p><strong>Dados Nutricionais<\/strong><br \/>\n\t\t\t\tDeclara\u00e7\u00e3o Nutricional por 100ml: Energia: 1588kJ \/ 374kcal;<br \/> L\u00edpidos: 0,8g &#8211; dos quais saturados: 0,2g;<br \/> Hidratos de carbono: 84g &#8211; dos quais a\u00e7\u00facares: 5,2g;<br \/> Fibra: 2,9g;<br \/> Prote\u00ednas: 6,3g;<br \/> Sal: 1,2g.<\/p>\n<p><strong>Modo Utiliza\u00e7\u00e3o<\/strong><br \/>Podem ser consumidos simples com leite, iogurte ou bebida vegetal. Podem fazer parte de muitas receitas, tais como parfait, bolachas, barritas, p\u00e3o, tartes e refei\u00e7\u00f5es principais como tofu crocante, onde os cornflakes d\u00e3o uma crosta estaladi\u00e7a e irresist\u00edvel. Conservar em local seco, fresco e ao abrigo da luz solar.<\/p>\n","protected":false},"excerpt":{"rendered":"<p>Descri\u00e7\u00e3o Ingredientes: Milho* (94%), a\u00e7\u00facar de beterraba* (5%) e sal (1%). *Produtos de Agricultura Biol\u00f3gica. S\u00e3o uma \u00f3tima alternativa para doentes cel\u00edacos e intolerantes, uma vez que n\u00e3o t\u00eam gl\u00faten. Como tamb\u00e9m n\u00e3o possuem nenhum ingrediente de origem animal, podem ser consumidos por vegans. Dados Nutricionais Declara\u00e7\u00e3o Nutricional por 100ml: Energia: 1588kJ \/ 374kcal; L\u00edpidos: [&hellip;]<\/p>\n","protected":false},"featured_media":3128,"comment_status":"closed","ping_status":"closed","template":"","meta":[],"product_cat":[54],"product_tag":[],"class_list":["post-3125","product","type-product","status-publish","has-post-thumbnail","hentry","product_cat-alimentos-sem-gluten"],"bundle_layout":"","bundled_by":[],"bundled_items":[],"yoast_head":"<!-- This site is optimized with the Yoast SEO plugin v26.3 - https:\/\/yoast.com\/wordpress\/plugins\/seo\/ -->\n<title>CORNFLAKES C\/A\u00c7UCAR BIO S\/GLUTEN 250GRS<\/title>\n<meta name=\"description\" content=\"CORNFLAKES C\/A\u00c7UCAR BIO S\/GLUTEN 250GRS\" \/>\n<meta name=\"robots\" content=\"index, follow, max-snippet:-1, max-image-preview:large, max-video-preview:-1\" \/>\n<link rel=\"canonical\" href=\"https:\/\/biocabaz.pt\/web\/produto\/cornflakes-cacucar-bio-sgluten-250grs\/\" \/>\n<meta property=\"og:locale\" content=\"pt_PT\" \/>\n<meta property=\"og:locale:alternate\" content=\"en_US\" \/>\n<meta property=\"og:type\" content=\"article\" \/>\n<meta property=\"og:title\" content=\"CORNFLAKES C\/A\u00c7UCAR BIO S\/GLUTEN 250GRS\" \/>\n<meta property=\"og:description\" content=\"CORNFLAKES C\/A\u00c7UCAR BIO S\/GLUTEN 250GRS\" \/>\n<meta property=\"og:url\" content=\"https:\/\/biocabaz.pt\/web\/produto\/cornflakes-cacucar-bio-sgluten-250grs\/\" \/>\n<meta property=\"og:site_name\" content=\"BIOCABAZ - CABAZES BIOL\u00d3GICOS\" \/>\n<meta property=\"article:modified_time\" content=\"2023-04-17T12:00:47+00:00\" \/>\n<meta property=\"og:image\" content=\"https:\/\/www.biocabaz.pt\/web\/wp-conteudos\/uploads\/2017\/02\/equanto-cornflakes-com-acucar.jpg\" \/>\n\t<meta property=\"og:image:width\" content=\"800\" \/>\n\t<meta property=\"og:image:height\" content=\"667\" \/>\n\t<meta property=\"og:image:type\" content=\"image\/jpeg\" \/>\n<meta name=\"twitter:card\" content=\"summary_large_image\" \/>\n<meta name=\"twitter:label1\" content=\"Est. reading time\" \/>\n\t<meta name=\"twitter:data1\" content=\"1 minuto\" \/>\n<script type=\"application\/ld+json\" class=\"yoast-schema-graph\">{\"@context\":\"https:\/\/schema.org\",\"@graph\":[{\"@type\":\"WebPage\",\"@id\":\"https:\/\/biocabaz.pt\/web\/en\/produto\/cornflakes-cacucar-bio-sgluten-250grs\/\",\"url\":\"https:\/\/biocabaz.pt\/web\/en\/produto\/cornflakes-cacucar-bio-sgluten-250grs\/\",\"name\":\"CORNFLAKES C\/A\u00c7UCAR BIO S\/GLUTEN 250GRS\",\"isPartOf\":{\"@id\":\"https:\/\/biocabaz.pt\/web\/#website\"},\"primaryImageOfPage\":{\"@id\":\"https:\/\/biocabaz.pt\/web\/en\/produto\/cornflakes-cacucar-bio-sgluten-250grs\/#primaryimage\"},\"image\":{\"@id\":\"https:\/\/biocabaz.pt\/web\/en\/produto\/cornflakes-cacucar-bio-sgluten-250grs\/#primaryimage\"},\"thumbnailUrl\":\"https:\/\/www.biocabaz.pt\/web\/wp-conteudos\/uploads\/2017\/02\/equanto-cornflakes-com-acucar.jpg\",\"datePublished\":\"2017-02-05T12:42:02+00:00\",\"dateModified\":\"2023-04-17T12:00:47+00:00\",\"description\":\"CORNFLAKES C\/A\u00c7UCAR BIO S\/GLUTEN 250GRS\",\"breadcrumb\":{\"@id\":\"https:\/\/biocabaz.pt\/web\/en\/produto\/cornflakes-cacucar-bio-sgluten-250grs\/#breadcrumb\"},\"inLanguage\":\"pt-PT\",\"potentialAction\":[{\"@type\":\"ReadAction\",\"target\":[\"https:\/\/biocabaz.pt\/web\/en\/produto\/cornflakes-cacucar-bio-sgluten-250grs\/\"]}]},{\"@type\":\"ImageObject\",\"inLanguage\":\"pt-PT\",\"@id\":\"https:\/\/biocabaz.pt\/web\/en\/produto\/cornflakes-cacucar-bio-sgluten-250grs\/#primaryimage\",\"url\":\"https:\/\/www.biocabaz.pt\/web\/wp-conteudos\/uploads\/2017\/02\/equanto-cornflakes-com-acucar.jpg\",\"contentUrl\":\"https:\/\/www.biocabaz.pt\/web\/wp-conteudos\/uploads\/2017\/02\/equanto-cornflakes-com-acucar.jpg\",\"width\":800,\"height\":667,\"caption\":\"CORNFLAKES C\/A\u00c7UCAR BIO S\/GLUTEN 250GRS\"},{\"@type\":\"BreadcrumbList\",\"@id\":\"https:\/\/biocabaz.pt\/web\/en\/produto\/cornflakes-cacucar-bio-sgluten-250grs\/#breadcrumb\",\"itemListElement\":[{\"@type\":\"ListItem\",\"position\":1,\"name\":\"Home\",\"item\":\"https:\/\/biocabaz.pt\/web\/\"},{\"@type\":\"ListItem\",\"position\":2,\"name\":\"Loja\",\"item\":\"https:\/\/biocabaz.pt\/web\/shop\/\"},{\"@type\":\"ListItem\",\"position\":3,\"name\":\"ORGANIC GLUTEN-FREE CORN FLAKES WITH SUGAR 250GR\"}]},{\"@type\":\"WebSite\",\"@id\":\"https:\/\/biocabaz.pt\/web\/#website\",\"url\":\"https:\/\/biocabaz.pt\/web\/\",\"name\":\"BIOCABAZ - CABAZES BIOL\u00d3GICOS\",\"description\":\"O melhor que a terra d\u00e1 \u00e9 para si\",\"potentialAction\":[{\"@type\":\"SearchAction\",\"target\":{\"@type\":\"EntryPoint\",\"urlTemplate\":\"https:\/\/biocabaz.pt\/web\/?s={search_term_string}\"},\"query-input\":{\"@type\":\"PropertyValueSpecification\",\"valueRequired\":true,\"valueName\":\"search_term_string\"}}],\"inLanguage\":\"pt-PT\"}]}<\/script>\n<!-- \/ Yoast SEO plugin. -->","yoast_head_json":{"title":"CORNFLAKES C\/A\u00c7UCAR BIO S\/GLUTEN 250GRS","description":"CORNFLAKES C\/A\u00c7UCAR BIO S\/GLUTEN 250GRS","robots":{"index":"index","follow":"follow","max-snippet":"max-snippet:-1","max-image-preview":"max-image-preview:large","max-video-preview":"max-video-preview:-1"},"canonical":"https:\/\/biocabaz.pt\/web\/produto\/cornflakes-cacucar-bio-sgluten-250grs\/","og_locale":"pt_PT","og_type":"article","og_title":"[:en]ORGANIC GLUTEN-FREE CORN FLAKES WITH SUGAR 250GR[:pt]CORNFLAKES C\/A\u00c7UCAR BIO S\/GLUTEN 250GRS[:] - BIOCABAZ - CABAZES BIOL\u00d3GICOS","og_description":"CORNFLAKES C\/A\u00c7UCAR BIO S\/GLUTEN 250GRS","og_url":"https:\/\/biocabaz.pt\/web\/produto\/cornflakes-cacucar-bio-sgluten-250grs\/","og_site_name":"BIOCABAZ - CABAZES BIOL\u00d3GICOS","article_modified_time":"2023-04-17T12:00:47+00:00","og_image":[{"width":800,"height":667,"url":"https:\/\/www.biocabaz.pt\/web\/wp-conteudos\/uploads\/2017\/02\/equanto-cornflakes-com-acucar.jpg","type":"image\/jpeg"}],"twitter_card":"summary_large_image","twitter_misc":{"Est. reading time":"1 minuto"},"schema":{"@context":"https:\/\/schema.org","@graph":[{"@type":"WebPage","@id":"https:\/\/biocabaz.pt\/web\/en\/produto\/cornflakes-cacucar-bio-sgluten-250grs\/","url":"https:\/\/biocabaz.pt\/web\/en\/produto\/cornflakes-cacucar-bio-sgluten-250grs\/","name":"CORNFLAKES C\/A\u00c7UCAR BIO S\/GLUTEN 250GRS","isPartOf":{"@id":"https:\/\/biocabaz.pt\/web\/#website"},"primaryImageOfPage":{"@id":"https:\/\/biocabaz.pt\/web\/en\/produto\/cornflakes-cacucar-bio-sgluten-250grs\/#primaryimage"},"image":{"@id":"https:\/\/biocabaz.pt\/web\/en\/produto\/cornflakes-cacucar-bio-sgluten-250grs\/#primaryimage"},"thumbnailUrl":"https:\/\/www.biocabaz.pt\/web\/wp-conteudos\/uploads\/2017\/02\/equanto-cornflakes-com-acucar.jpg","datePublished":"2017-02-05T12:42:02+00:00","dateModified":"2023-04-17T12:00:47+00:00","description":"CORNFLAKES C\/A\u00c7UCAR BIO S\/GLUTEN 250GRS","breadcrumb":{"@id":"https:\/\/biocabaz.pt\/web\/en\/produto\/cornflakes-cacucar-bio-sgluten-250grs\/#breadcrumb"},"inLanguage":"pt-PT","potentialAction":[{"@type":"ReadAction","target":["https:\/\/biocabaz.pt\/web\/en\/produto\/cornflakes-cacucar-bio-sgluten-250grs\/"]}]},{"@type":"ImageObject","inLanguage":"pt-PT","@id":"https:\/\/biocabaz.pt\/web\/en\/produto\/cornflakes-cacucar-bio-sgluten-250grs\/#primaryimage","url":"https:\/\/www.biocabaz.pt\/web\/wp-conteudos\/uploads\/2017\/02\/equanto-cornflakes-com-acucar.jpg","contentUrl":"https:\/\/www.biocabaz.pt\/web\/wp-conteudos\/uploads\/2017\/02\/equanto-cornflakes-com-acucar.jpg","width":800,"height":667,"caption":"CORNFLAKES C\/A\u00c7UCAR BIO S\/GLUTEN 250GRS"},{"@type":"BreadcrumbList","@id":"https:\/\/biocabaz.pt\/web\/en\/produto\/cornflakes-cacucar-bio-sgluten-250grs\/#breadcrumb","itemListElement":[{"@type":"ListItem","position":1,"name":"Home","item":"https:\/\/biocabaz.pt\/web\/"},{"@type":"ListItem","position":2,"name":"Loja","item":"https:\/\/biocabaz.pt\/web\/shop\/"},{"@type":"ListItem","position":3,"name":"ORGANIC GLUTEN-FREE CORN FLAKES WITH SUGAR 250GR"}]},{"@type":"WebSite","@id":"https:\/\/biocabaz.pt\/web\/#website","url":"https:\/\/biocabaz.pt\/web\/","name":"BIOCABAZ - CABAZES BIOL\u00d3GICOS","description":"O melhor que a terra d\u00e1 \u00e9 para si","potentialAction":[{"@type":"SearchAction","target":{"@type":"EntryPoint","urlTemplate":"https:\/\/biocabaz.pt\/web\/?s={search_term_string}"},"query-input":{"@type":"PropertyValueSpecification","valueRequired":true,"valueName":"search_term_string"}}],"inLanguage":"pt-PT"}]}},"_links":{"self":[{"href":"https:\/\/biocabaz.pt\/web\/wp-json\/wp\/v2\/product\/3125","targetHints":{"allow":["GET"]}}],"collection":[{"href":"https:\/\/biocabaz.pt\/web\/wp-json\/wp\/v2\/product"}],"about":[{"href":"https:\/\/biocabaz.pt\/web\/wp-json\/wp\/v2\/types\/product"}],"replies":[{"embeddable":true,"href":"https:\/\/biocabaz.pt\/web\/wp-json\/wp\/v2\/comments?post=3125"}],"wp:featuredmedia":[{"embeddable":true,"href":"https:\/\/biocabaz.pt\/web\/wp-json\/wp\/v2\/media\/3128"}],"wp:attachment":[{"href":"https:\/\/biocabaz.pt\/web\/wp-json\/wp\/v2\/media?parent=3125"}],"wp:term":[{"taxonomy":"product_cat","embeddable":true,"href":"https:\/\/biocabaz.pt\/web\/wp-json\/wp\/v2\/product_cat?post=3125"},{"taxonomy":"product_tag","embeddable":true,"href":"https:\/\/biocabaz.pt\/web\/wp-json\/wp\/v2\/product_tag?post=3125"}],"curies":[{"name":"wp","href":"https:\/\/api.w.org\/{rel}","templated":true}]}}