{"id":3024,"date":"2017-01-22T12:44:01","date_gmt":"2017-01-22T12:44:01","guid":{"rendered":"http:\/\/www.biocabaz.pt\/web\/produto\/pao-de-flores-figo-s-gluten-bio\/"},"modified":"2022-12-30T12:33:29","modified_gmt":"2022-12-30T12:33:29","slug":"pao-de-flores-figo-s-gluten-bio","status":"publish","type":"product","link":"https:\/\/biocabaz.pt\/web\/produto\/pao-de-flores-figo-s-gluten-bio\/","title":{"rendered":"P\u00c3O DE FLORES FIGO S\/ GL\u00daTEN BIO"},"content":{"rendered":"<p><strong>Descri\u00e7\u00e3o <\/strong><br \/>\n\t\t\t\tIngredientes:  Farinha de arroz*, figo seco picado* (17%) *de produ\u00e7\u00e3o biol\u00f3gica.<\/p>\n<p><strong>Dados Nutricionais<\/strong><br \/>\n\t\t\t\tDeclara\u00e7\u00e3o Nutricional por 100g:<br \/> Energia: 1604 kJ\/378 kcal;<br \/> L\u00edpidos: 1,2g &#8211; dos quais saturados: 0,2g;<br \/> Hidratos de Carbono: 82g &#8211; dos quais a\u00e7\u00facares : 10,7g;<br \/> Fibra: 5,8g;<br \/> Prote\u00ednas: 7,0g;<br \/> Sal: 0,08g.<\/p>\n<p><strong>Modo Utiliza\u00e7\u00e3o<\/strong><br \/>Substitui o p\u00e3o e os biscoitos do pequeno almo\u00e7o, sobremesa ou do lanche. Consumir ao natural ou com guarni\u00e7\u00e3o. Conservar em local fresco e seco.<\/p>\n","protected":false},"excerpt":{"rendered":"<p>Fino e ligeiramente tostado oferece textura inigual\u00e1vel. Fabricado em instala\u00e7\u00f5es exclusivas para produtos s\/gl\u00faten, desta forma \u00e9 isento de gl\u00faten e de derivados l\u00e1cteos ou de ovo. Sem adi\u00e7\u00e3o de a\u00e7\u00facar, cont\u00e9m a\u00e7\u00facares naturalmente presentes. Fonte de fibra.<\/p>\n","protected":false},"featured_media":3029,"comment_status":"closed","ping_status":"closed","template":"","meta":[],"product_cat":[53,54],"product_tag":[],"class_list":["post-3024","product","type-product","status-publish","has-post-thumbnail","hentry","product_cat-sem-gluten-e-superalimentos","product_cat-alimentos-sem-gluten"],"bundle_layout":"","bundled_by":[],"bundled_items":[],"yoast_head":"<!-- This site is optimized with the Yoast SEO plugin v26.3 - https:\/\/yoast.com\/wordpress\/plugins\/seo\/ -->\n<title>P\u00c3O DE FLORES FIGO S\/ GL\u00daTEN BIO<\/title>\n<meta name=\"description\" content=\"P\u00e3o de flores figo s\/ gl\u00faten bio\" \/>\n<meta name=\"robots\" content=\"index, follow, max-snippet:-1, max-image-preview:large, max-video-preview:-1\" \/>\n<link rel=\"canonical\" href=\"https:\/\/biocabaz.pt\/web\/produto\/pao-de-flores-figo-s-gluten-bio\/\" \/>\n<meta property=\"og:locale\" content=\"pt_PT\" \/>\n<meta property=\"og:locale:alternate\" content=\"en_US\" \/>\n<meta property=\"og:type\" content=\"article\" \/>\n<meta property=\"og:title\" content=\"P\u00c3O DE FLORES FIGO S\/ GL\u00daTEN BIO\" \/>\n<meta property=\"og:description\" content=\"P\u00e3o de flores figo s\/ gl\u00faten bio\" \/>\n<meta property=\"og:url\" content=\"https:\/\/biocabaz.pt\/web\/produto\/pao-de-flores-figo-s-gluten-bio\/\" \/>\n<meta property=\"og:site_name\" content=\"BIOCABAZ - CABAZES BIOL\u00d3GICOS\" \/>\n<meta property=\"article:modified_time\" content=\"2022-12-30T12:33:29+00:00\" \/>\n<meta property=\"og:image\" content=\"https:\/\/www.biocabaz.pt\/web\/wp-conteudos\/uploads\/2017\/01\/figo.jpg\" \/>\n\t<meta property=\"og:image:width\" content=\"480\" \/>\n\t<meta property=\"og:image:height\" content=\"480\" \/>\n\t<meta property=\"og:image:type\" content=\"image\/jpeg\" \/>\n<meta name=\"twitter:card\" content=\"summary_large_image\" \/>\n<meta name=\"twitter:label1\" content=\"Est. reading time\" \/>\n\t<meta name=\"twitter:data1\" content=\"1 minuto\" \/>\n<script type=\"application\/ld+json\" class=\"yoast-schema-graph\">{\"@context\":\"https:\/\/schema.org\",\"@graph\":[{\"@type\":\"WebPage\",\"@id\":\"https:\/\/biocabaz.pt\/web\/produto\/pao-de-flores-figo-s-gluten-bio\/\",\"url\":\"https:\/\/biocabaz.pt\/web\/produto\/pao-de-flores-figo-s-gluten-bio\/\",\"name\":\"P\u00c3O DE FLORES FIGO S\/ GL\u00daTEN BIO\",\"isPartOf\":{\"@id\":\"https:\/\/www.biocabaz.pt\/web\/en\/#website\"},\"primaryImageOfPage\":{\"@id\":\"https:\/\/biocabaz.pt\/web\/produto\/pao-de-flores-figo-s-gluten-bio\/#primaryimage\"},\"image\":{\"@id\":\"https:\/\/biocabaz.pt\/web\/produto\/pao-de-flores-figo-s-gluten-bio\/#primaryimage\"},\"thumbnailUrl\":\"https:\/\/www.biocabaz.pt\/web\/wp-conteudos\/uploads\/2017\/01\/figo.jpg\",\"datePublished\":\"2017-01-22T12:44:01+00:00\",\"dateModified\":\"2022-12-30T12:33:29+00:00\",\"description\":\"P\u00e3o de flores figo s\/ gl\u00faten bio\",\"breadcrumb\":{\"@id\":\"https:\/\/biocabaz.pt\/web\/produto\/pao-de-flores-figo-s-gluten-bio\/#breadcrumb\"},\"inLanguage\":\"pt-PT\",\"potentialAction\":[{\"@type\":\"ReadAction\",\"target\":[\"https:\/\/biocabaz.pt\/web\/produto\/pao-de-flores-figo-s-gluten-bio\/\"]}]},{\"@type\":\"ImageObject\",\"inLanguage\":\"pt-PT\",\"@id\":\"https:\/\/biocabaz.pt\/web\/produto\/pao-de-flores-figo-s-gluten-bio\/#primaryimage\",\"url\":\"https:\/\/www.biocabaz.pt\/web\/wp-conteudos\/uploads\/2017\/01\/figo.jpg\",\"contentUrl\":\"https:\/\/www.biocabaz.pt\/web\/wp-conteudos\/uploads\/2017\/01\/figo.jpg\",\"width\":480,\"height\":480,\"caption\":\"P\u00e3o de flores figo s\/ gl\u00faten bio\"},{\"@type\":\"BreadcrumbList\",\"@id\":\"https:\/\/biocabaz.pt\/web\/produto\/pao-de-flores-figo-s-gluten-bio\/#breadcrumb\",\"itemListElement\":[{\"@type\":\"ListItem\",\"position\":1,\"name\":\"Home\",\"item\":\"https:\/\/www.biocabaz.pt\/web\/en\/\"},{\"@type\":\"ListItem\",\"position\":2,\"name\":\"Shop\",\"item\":\"https:\/\/www.biocabaz.pt\/web\/en\/shop\/\"},{\"@type\":\"ListItem\",\"position\":3,\"name\":\"P\u00c3O DE FLORES FIGO S\/ GL\u00daTEN BIO\"}]},{\"@type\":\"WebSite\",\"@id\":\"https:\/\/www.biocabaz.pt\/web\/en\/#website\",\"url\":\"https:\/\/www.biocabaz.pt\/web\/en\/\",\"name\":\"BIOCABAZ - CABAZES BIOL\u00d3GICOS\",\"description\":\"O melhor que a terra d\u00e1 \u00e9 para si\",\"potentialAction\":[{\"@type\":\"SearchAction\",\"target\":{\"@type\":\"EntryPoint\",\"urlTemplate\":\"https:\/\/www.biocabaz.pt\/web\/en\/?s={search_term_string}\"},\"query-input\":{\"@type\":\"PropertyValueSpecification\",\"valueRequired\":true,\"valueName\":\"search_term_string\"}}],\"inLanguage\":\"pt-PT\"}]}<\/script>\n<!-- \/ Yoast SEO plugin. -->","yoast_head_json":{"title":"P\u00c3O DE FLORES FIGO S\/ GL\u00daTEN BIO","description":"P\u00e3o de flores figo s\/ gl\u00faten bio","robots":{"index":"index","follow":"follow","max-snippet":"max-snippet:-1","max-image-preview":"max-image-preview:large","max-video-preview":"max-video-preview:-1"},"canonical":"https:\/\/biocabaz.pt\/web\/produto\/pao-de-flores-figo-s-gluten-bio\/","og_locale":"pt_PT","og_type":"article","og_title":"[:en]LE PAIN DES FLEURS ORGANIC FIG CRISPBREAD \u0096 GLUTEN FREE[:pt]P\u00c3O DE FLORES FIGO S\/ GL\u00daTEN BIO[:] - BIOCABAZ - CABAZES BIOL\u00d3GICOS","og_description":"P\u00e3o de flores figo s\/ gl\u00faten bio","og_url":"https:\/\/biocabaz.pt\/web\/produto\/pao-de-flores-figo-s-gluten-bio\/","og_site_name":"BIOCABAZ - CABAZES BIOL\u00d3GICOS","article_modified_time":"2022-12-30T12:33:29+00:00","og_image":[{"width":480,"height":480,"url":"https:\/\/www.biocabaz.pt\/web\/wp-conteudos\/uploads\/2017\/01\/figo.jpg","type":"image\/jpeg"}],"twitter_card":"summary_large_image","twitter_misc":{"Est. reading time":"1 minuto"},"schema":{"@context":"https:\/\/schema.org","@graph":[{"@type":"WebPage","@id":"https:\/\/biocabaz.pt\/web\/produto\/pao-de-flores-figo-s-gluten-bio\/","url":"https:\/\/biocabaz.pt\/web\/produto\/pao-de-flores-figo-s-gluten-bio\/","name":"P\u00c3O DE FLORES FIGO S\/ GL\u00daTEN BIO","isPartOf":{"@id":"https:\/\/www.biocabaz.pt\/web\/en\/#website"},"primaryImageOfPage":{"@id":"https:\/\/biocabaz.pt\/web\/produto\/pao-de-flores-figo-s-gluten-bio\/#primaryimage"},"image":{"@id":"https:\/\/biocabaz.pt\/web\/produto\/pao-de-flores-figo-s-gluten-bio\/#primaryimage"},"thumbnailUrl":"https:\/\/www.biocabaz.pt\/web\/wp-conteudos\/uploads\/2017\/01\/figo.jpg","datePublished":"2017-01-22T12:44:01+00:00","dateModified":"2022-12-30T12:33:29+00:00","description":"P\u00e3o de flores figo s\/ gl\u00faten bio","breadcrumb":{"@id":"https:\/\/biocabaz.pt\/web\/produto\/pao-de-flores-figo-s-gluten-bio\/#breadcrumb"},"inLanguage":"pt-PT","potentialAction":[{"@type":"ReadAction","target":["https:\/\/biocabaz.pt\/web\/produto\/pao-de-flores-figo-s-gluten-bio\/"]}]},{"@type":"ImageObject","inLanguage":"pt-PT","@id":"https:\/\/biocabaz.pt\/web\/produto\/pao-de-flores-figo-s-gluten-bio\/#primaryimage","url":"https:\/\/www.biocabaz.pt\/web\/wp-conteudos\/uploads\/2017\/01\/figo.jpg","contentUrl":"https:\/\/www.biocabaz.pt\/web\/wp-conteudos\/uploads\/2017\/01\/figo.jpg","width":480,"height":480,"caption":"P\u00e3o de flores figo s\/ gl\u00faten bio"},{"@type":"BreadcrumbList","@id":"https:\/\/biocabaz.pt\/web\/produto\/pao-de-flores-figo-s-gluten-bio\/#breadcrumb","itemListElement":[{"@type":"ListItem","position":1,"name":"Home","item":"https:\/\/www.biocabaz.pt\/web\/en\/"},{"@type":"ListItem","position":2,"name":"Shop","item":"https:\/\/www.biocabaz.pt\/web\/en\/shop\/"},{"@type":"ListItem","position":3,"name":"P\u00c3O DE FLORES FIGO S\/ GL\u00daTEN BIO"}]},{"@type":"WebSite","@id":"https:\/\/www.biocabaz.pt\/web\/en\/#website","url":"https:\/\/www.biocabaz.pt\/web\/en\/","name":"BIOCABAZ - CABAZES BIOL\u00d3GICOS","description":"O melhor que a terra d\u00e1 \u00e9 para si","potentialAction":[{"@type":"SearchAction","target":{"@type":"EntryPoint","urlTemplate":"https:\/\/www.biocabaz.pt\/web\/en\/?s={search_term_string}"},"query-input":{"@type":"PropertyValueSpecification","valueRequired":true,"valueName":"search_term_string"}}],"inLanguage":"pt-PT"}]}},"_links":{"self":[{"href":"https:\/\/biocabaz.pt\/web\/wp-json\/wp\/v2\/product\/3024","targetHints":{"allow":["GET"]}}],"collection":[{"href":"https:\/\/biocabaz.pt\/web\/wp-json\/wp\/v2\/product"}],"about":[{"href":"https:\/\/biocabaz.pt\/web\/wp-json\/wp\/v2\/types\/product"}],"replies":[{"embeddable":true,"href":"https:\/\/biocabaz.pt\/web\/wp-json\/wp\/v2\/comments?post=3024"}],"wp:featuredmedia":[{"embeddable":true,"href":"https:\/\/biocabaz.pt\/web\/wp-json\/wp\/v2\/media\/3029"}],"wp:attachment":[{"href":"https:\/\/biocabaz.pt\/web\/wp-json\/wp\/v2\/media?parent=3024"}],"wp:term":[{"taxonomy":"product_cat","embeddable":true,"href":"https:\/\/biocabaz.pt\/web\/wp-json\/wp\/v2\/product_cat?post=3024"},{"taxonomy":"product_tag","embeddable":true,"href":"https:\/\/biocabaz.pt\/web\/wp-json\/wp\/v2\/product_tag?post=3024"}],"curies":[{"name":"wp","href":"https:\/\/api.w.org\/{rel}","templated":true}]}}