{"id":28002,"date":"2019-09-14T18:12:25","date_gmt":"2019-09-14T18:12:25","guid":{"rendered":"https:\/\/www.biocabaz.pt\/web\/?post_type=product&#038;p=28002"},"modified":"2026-03-28T09:10:47","modified_gmt":"2026-03-28T09:10:47","slug":"pao-banana-e-canela-s-gluten-pachamama","status":"publish","type":"product","link":"https:\/\/biocabaz.pt\/web\/produto\/pao-banana-e-canela-s-gluten-pachamama\/","title":{"rendered":"P\u00c3O BANANA E CANELA S\/GL\u00daTEN PACHAMAMA"},"content":{"rendered":"<p>Ingredientes: \u00c1gua, aveia*, farinha linha\u00e7a*, psylium*, tapioca*, farinha de banana (10,5%)*, canela (0,5%)*, sal.<\/p>\n<p>*Proveniente de Agricultura Biol\u00f3gica<\/p>\n","protected":false},"excerpt":{"rendered":"<p>Ingredientes: \u00c1gua, aveia*, farinha linha\u00e7a*, psylium*, tapioca*, farinha de banana (10,5%)*, canela (0,5%)*, sal. *Proveniente de Agricultura Biol\u00f3gica<\/p>\n","protected":false},"featured_media":28003,"comment_status":"closed","ping_status":"closed","template":"","meta":[],"product_cat":[12],"product_tag":[],"class_list":["post-28002","product","type-product","status-publish","has-post-thumbnail","hentry","product_cat-padaria"],"bundle_layout":"","bundled_by":[],"bundled_items":[],"yoast_head":"<!-- This site is optimized with the Yoast SEO plugin v26.3 - https:\/\/yoast.com\/wordpress\/plugins\/seo\/ -->\n<title>P\u00c3O BANANA E CANELA S\/GL\u00daTEN PACHAMAMA<\/title>\n<meta name=\"description\" content=\"{:pt}P\u00c3O BANANA E CANELA S\/GL\u00daTEN PACHAMAMA{:}\" \/>\n<meta name=\"robots\" content=\"index, follow, max-snippet:-1, max-image-preview:large, max-video-preview:-1\" \/>\n<link rel=\"canonical\" href=\"https:\/\/biocabaz.pt\/web\/produto\/pao-banana-e-canela-s-gluten-pachamama\/\" \/>\n<meta property=\"og:locale\" content=\"pt_PT\" \/>\n<meta property=\"og:locale:alternate\" content=\"en_US\" \/>\n<meta property=\"og:type\" content=\"article\" \/>\n<meta property=\"og:title\" content=\"P\u00c3O BANANA E CANELA S\/GL\u00daTEN PACHAMAMA\" \/>\n<meta property=\"og:description\" content=\"{:pt}P\u00c3O BANANA E CANELA S\/GL\u00daTEN PACHAMAMA{:}\" \/>\n<meta property=\"og:url\" content=\"https:\/\/biocabaz.pt\/web\/produto\/pao-banana-e-canela-s-gluten-pachamama\/\" \/>\n<meta property=\"og:site_name\" content=\"BIOCABAZ - CABAZES BIOL\u00d3GICOS\" \/>\n<meta property=\"article:modified_time\" content=\"2026-03-28T09:10:47+00:00\" \/>\n<meta property=\"og:image\" content=\"https:\/\/www.biocabaz.pt\/web\/wp-conteudos\/uploads\/2019\/09\/pao-banana-e-canela.jpg\" \/>\n\t<meta property=\"og:image:width\" content=\"960\" \/>\n\t<meta property=\"og:image:height\" content=\"960\" \/>\n\t<meta property=\"og:image:type\" content=\"image\/jpeg\" \/>\n<meta name=\"twitter:card\" content=\"summary_large_image\" \/>\n<script type=\"application\/ld+json\" class=\"yoast-schema-graph\">{\"@context\":\"https:\/\/schema.org\",\"@graph\":[{\"@type\":\"WebPage\",\"@id\":\"https:\/\/biocabaz.pt\/web\/produto\/pao-banana-e-canela-s-gluten-pachamama\/\",\"url\":\"https:\/\/biocabaz.pt\/web\/produto\/pao-banana-e-canela-s-gluten-pachamama\/\",\"name\":\"P\u00c3O BANANA E CANELA S\/GL\u00daTEN PACHAMAMA\",\"isPartOf\":{\"@id\":\"https:\/\/biocabaz.pt\/web\/#website\"},\"primaryImageOfPage\":{\"@id\":\"https:\/\/biocabaz.pt\/web\/produto\/pao-banana-e-canela-s-gluten-pachamama\/#primaryimage\"},\"image\":{\"@id\":\"https:\/\/biocabaz.pt\/web\/produto\/pao-banana-e-canela-s-gluten-pachamama\/#primaryimage\"},\"thumbnailUrl\":\"https:\/\/www.biocabaz.pt\/web\/wp-conteudos\/uploads\/2019\/09\/pao-banana-e-canela.jpg\",\"datePublished\":\"2019-09-14T18:12:25+00:00\",\"dateModified\":\"2026-03-28T09:10:47+00:00\",\"description\":\"{:pt}P\u00c3O BANANA E CANELA S\/GL\u00daTEN PACHAMAMA{:}\",\"breadcrumb\":{\"@id\":\"https:\/\/biocabaz.pt\/web\/produto\/pao-banana-e-canela-s-gluten-pachamama\/#breadcrumb\"},\"inLanguage\":\"pt-PT\",\"potentialAction\":[{\"@type\":\"ReadAction\",\"target\":[\"https:\/\/biocabaz.pt\/web\/produto\/pao-banana-e-canela-s-gluten-pachamama\/\"]}]},{\"@type\":\"ImageObject\",\"inLanguage\":\"pt-PT\",\"@id\":\"https:\/\/biocabaz.pt\/web\/produto\/pao-banana-e-canela-s-gluten-pachamama\/#primaryimage\",\"url\":\"https:\/\/www.biocabaz.pt\/web\/wp-conteudos\/uploads\/2019\/09\/pao-banana-e-canela.jpg\",\"contentUrl\":\"https:\/\/www.biocabaz.pt\/web\/wp-conteudos\/uploads\/2019\/09\/pao-banana-e-canela.jpg\",\"width\":960,\"height\":960,\"caption\":\"P\u00c3O BANANA E CANELA S\/GL\u00daTEN PACHAMAMA\"},{\"@type\":\"BreadcrumbList\",\"@id\":\"https:\/\/biocabaz.pt\/web\/produto\/pao-banana-e-canela-s-gluten-pachamama\/#breadcrumb\",\"itemListElement\":[{\"@type\":\"ListItem\",\"position\":1,\"name\":\"Home\",\"item\":\"https:\/\/biocabaz.pt\/web\/\"},{\"@type\":\"ListItem\",\"position\":2,\"name\":\"Loja\",\"item\":\"https:\/\/biocabaz.pt\/web\/shop\/\"},{\"@type\":\"ListItem\",\"position\":3,\"name\":\"P\u00c3O BANANA E CANELA S\/GL\u00daTEN PACHAMAMA\"}]},{\"@type\":\"WebSite\",\"@id\":\"https:\/\/biocabaz.pt\/web\/#website\",\"url\":\"https:\/\/biocabaz.pt\/web\/\",\"name\":\"BIOCABAZ - CABAZES BIOL\u00d3GICOS\",\"description\":\"O melhor que a terra d\u00e1 \u00e9 para si\",\"potentialAction\":[{\"@type\":\"SearchAction\",\"target\":{\"@type\":\"EntryPoint\",\"urlTemplate\":\"https:\/\/biocabaz.pt\/web\/?s={search_term_string}\"},\"query-input\":{\"@type\":\"PropertyValueSpecification\",\"valueRequired\":true,\"valueName\":\"search_term_string\"}}],\"inLanguage\":\"pt-PT\"}]}<\/script>\n<!-- \/ Yoast SEO plugin. -->","yoast_head_json":{"title":"P\u00c3O BANANA E CANELA S\/GL\u00daTEN PACHAMAMA","description":"{:pt}P\u00c3O BANANA E CANELA S\/GL\u00daTEN PACHAMAMA{:}","robots":{"index":"index","follow":"follow","max-snippet":"max-snippet:-1","max-image-preview":"max-image-preview:large","max-video-preview":"max-video-preview:-1"},"canonical":"https:\/\/biocabaz.pt\/web\/produto\/pao-banana-e-canela-s-gluten-pachamama\/","og_locale":"pt_PT","og_type":"article","og_title":"[:en]PACHAMAMA ORGANIC BANANA AND CINNAMON BREAD (GLUTEN FREE )[:pt]P\u00c3O BANANA E CANELA S\/GL\u00daTEN PACHAMAMA[:] - BIOCABAZ - CABAZES BIOL\u00d3GICOS","og_description":"{:pt}P\u00c3O BANANA E CANELA S\/GL\u00daTEN PACHAMAMA{:}","og_url":"https:\/\/biocabaz.pt\/web\/produto\/pao-banana-e-canela-s-gluten-pachamama\/","og_site_name":"BIOCABAZ - CABAZES BIOL\u00d3GICOS","article_modified_time":"2026-03-28T09:10:47+00:00","og_image":[{"width":960,"height":960,"url":"https:\/\/www.biocabaz.pt\/web\/wp-conteudos\/uploads\/2019\/09\/pao-banana-e-canela.jpg","type":"image\/jpeg"}],"twitter_card":"summary_large_image","schema":{"@context":"https:\/\/schema.org","@graph":[{"@type":"WebPage","@id":"https:\/\/biocabaz.pt\/web\/produto\/pao-banana-e-canela-s-gluten-pachamama\/","url":"https:\/\/biocabaz.pt\/web\/produto\/pao-banana-e-canela-s-gluten-pachamama\/","name":"P\u00c3O BANANA E CANELA S\/GL\u00daTEN PACHAMAMA","isPartOf":{"@id":"https:\/\/biocabaz.pt\/web\/#website"},"primaryImageOfPage":{"@id":"https:\/\/biocabaz.pt\/web\/produto\/pao-banana-e-canela-s-gluten-pachamama\/#primaryimage"},"image":{"@id":"https:\/\/biocabaz.pt\/web\/produto\/pao-banana-e-canela-s-gluten-pachamama\/#primaryimage"},"thumbnailUrl":"https:\/\/www.biocabaz.pt\/web\/wp-conteudos\/uploads\/2019\/09\/pao-banana-e-canela.jpg","datePublished":"2019-09-14T18:12:25+00:00","dateModified":"2026-03-28T09:10:47+00:00","description":"{:pt}P\u00c3O BANANA E CANELA S\/GL\u00daTEN PACHAMAMA{:}","breadcrumb":{"@id":"https:\/\/biocabaz.pt\/web\/produto\/pao-banana-e-canela-s-gluten-pachamama\/#breadcrumb"},"inLanguage":"pt-PT","potentialAction":[{"@type":"ReadAction","target":["https:\/\/biocabaz.pt\/web\/produto\/pao-banana-e-canela-s-gluten-pachamama\/"]}]},{"@type":"ImageObject","inLanguage":"pt-PT","@id":"https:\/\/biocabaz.pt\/web\/produto\/pao-banana-e-canela-s-gluten-pachamama\/#primaryimage","url":"https:\/\/www.biocabaz.pt\/web\/wp-conteudos\/uploads\/2019\/09\/pao-banana-e-canela.jpg","contentUrl":"https:\/\/www.biocabaz.pt\/web\/wp-conteudos\/uploads\/2019\/09\/pao-banana-e-canela.jpg","width":960,"height":960,"caption":"P\u00c3O BANANA E CANELA S\/GL\u00daTEN PACHAMAMA"},{"@type":"BreadcrumbList","@id":"https:\/\/biocabaz.pt\/web\/produto\/pao-banana-e-canela-s-gluten-pachamama\/#breadcrumb","itemListElement":[{"@type":"ListItem","position":1,"name":"Home","item":"https:\/\/biocabaz.pt\/web\/"},{"@type":"ListItem","position":2,"name":"Loja","item":"https:\/\/biocabaz.pt\/web\/shop\/"},{"@type":"ListItem","position":3,"name":"P\u00c3O BANANA E CANELA S\/GL\u00daTEN PACHAMAMA"}]},{"@type":"WebSite","@id":"https:\/\/biocabaz.pt\/web\/#website","url":"https:\/\/biocabaz.pt\/web\/","name":"BIOCABAZ - CABAZES BIOL\u00d3GICOS","description":"O melhor que a terra d\u00e1 \u00e9 para si","potentialAction":[{"@type":"SearchAction","target":{"@type":"EntryPoint","urlTemplate":"https:\/\/biocabaz.pt\/web\/?s={search_term_string}"},"query-input":{"@type":"PropertyValueSpecification","valueRequired":true,"valueName":"search_term_string"}}],"inLanguage":"pt-PT"}]}},"_links":{"self":[{"href":"https:\/\/biocabaz.pt\/web\/wp-json\/wp\/v2\/product\/28002","targetHints":{"allow":["GET"]}}],"collection":[{"href":"https:\/\/biocabaz.pt\/web\/wp-json\/wp\/v2\/product"}],"about":[{"href":"https:\/\/biocabaz.pt\/web\/wp-json\/wp\/v2\/types\/product"}],"replies":[{"embeddable":true,"href":"https:\/\/biocabaz.pt\/web\/wp-json\/wp\/v2\/comments?post=28002"}],"wp:featuredmedia":[{"embeddable":true,"href":"https:\/\/biocabaz.pt\/web\/wp-json\/wp\/v2\/media\/28003"}],"wp:attachment":[{"href":"https:\/\/biocabaz.pt\/web\/wp-json\/wp\/v2\/media?parent=28002"}],"wp:term":[{"taxonomy":"product_cat","embeddable":true,"href":"https:\/\/biocabaz.pt\/web\/wp-json\/wp\/v2\/product_cat?post=28002"},{"taxonomy":"product_tag","embeddable":true,"href":"https:\/\/biocabaz.pt\/web\/wp-json\/wp\/v2\/product_tag?post=28002"}],"curies":[{"name":"wp","href":"https:\/\/api.w.org\/{rel}","templated":true}]}}