{"id":270,"date":"2016-03-20T21:05:45","date_gmt":"2016-03-20T21:05:45","guid":{"rendered":"http:\/\/www.biocabaz.com\/web\/?post_type=product&#038;p=270"},"modified":"2022-05-16T05:54:39","modified_gmt":"2022-05-16T05:54:39","slug":"batata-pequena-assar-500g","status":"publish","type":"product","link":"https:\/\/biocabaz.pt\/web\/produto\/batata-pequena-assar-500g\/","title":{"rendered":"BATATA PEQUENA ASSAR BIO 500G"},"content":{"rendered":"","protected":false},"excerpt":{"rendered":"","protected":false},"featured_media":271,"comment_status":"open","ping_status":"closed","template":"","meta":[],"product_cat":[11],"product_tag":[],"class_list":["post-270","product","type-product","status-publish","has-post-thumbnail","hentry","product_cat-legumes"],"bundle_layout":"","bundled_by":[],"bundled_items":[],"yoast_head":"<!-- This site is optimized with the Yoast SEO plugin v26.3 - https:\/\/yoast.com\/wordpress\/plugins\/seo\/ -->\n<title>BATATA PEQUENA ASSAR BIO 500G<\/title>\n<meta name=\"robots\" content=\"index, follow, max-snippet:-1, max-image-preview:large, max-video-preview:-1\" \/>\n<link rel=\"canonical\" href=\"https:\/\/www.biocabaz.pt\/web\/en\/produto\/batata-pequena-assar-500g\/\" \/>\n<meta property=\"og:locale\" content=\"pt_PT\" \/>\n<meta property=\"og:locale:alternate\" content=\"en_US\" \/>\n<meta property=\"og:type\" content=\"article\" \/>\n<meta property=\"og:title\" content=\"BATATA PEQUENA ASSAR BIO 500G\" \/>\n<meta property=\"og:url\" content=\"https:\/\/biocabaz.pt\/web\/produto\/batata-pequena-assar-500g\/\" \/>\n<meta property=\"og:site_name\" content=\"BIOCABAZ - CABAZES BIOL\u00d3GICOS\" \/>\n<meta property=\"article:modified_time\" content=\"2022-05-16T05:54:39+00:00\" \/>\n<meta property=\"og:image\" content=\"https:\/\/www.biocabaz.pt\/web\/wp-conteudos\/uploads\/2016\/03\/batata_assar.jpg\" \/>\n\t<meta property=\"og:image:width\" content=\"2000\" \/>\n\t<meta property=\"og:image:height\" content=\"1145\" \/>\n\t<meta property=\"og:image:type\" content=\"image\/jpeg\" \/>\n<meta name=\"twitter:card\" content=\"summary_large_image\" \/>\n<script type=\"application\/ld+json\" class=\"yoast-schema-graph\">{\"@context\":\"https:\/\/schema.org\",\"@graph\":[{\"@type\":\"WebPage\",\"@id\":\"https:\/\/www.biocabaz.pt\/web\/en\/produto\/batata-pequena-assar-500g\/\",\"url\":\"https:\/\/www.biocabaz.pt\/web\/en\/produto\/batata-pequena-assar-500g\/\",\"name\":\"BATATA PEQUENA ASSAR BIO 500G\",\"isPartOf\":{\"@id\":\"https:\/\/biocabaz.pt\/web\/en\/#website\"},\"primaryImageOfPage\":{\"@id\":\"https:\/\/www.biocabaz.pt\/web\/en\/produto\/batata-pequena-assar-500g\/#primaryimage\"},\"image\":{\"@id\":\"https:\/\/www.biocabaz.pt\/web\/en\/produto\/batata-pequena-assar-500g\/#primaryimage\"},\"thumbnailUrl\":\"https:\/\/www.biocabaz.pt\/web\/wp-conteudos\/uploads\/2016\/03\/batata_assar.jpg\",\"datePublished\":\"2016-03-20T21:05:45+00:00\",\"dateModified\":\"2022-05-16T05:54:39+00:00\",\"breadcrumb\":{\"@id\":\"https:\/\/www.biocabaz.pt\/web\/en\/produto\/batata-pequena-assar-500g\/#breadcrumb\"},\"inLanguage\":\"pt-PT\",\"potentialAction\":[{\"@type\":\"ReadAction\",\"target\":[\"https:\/\/www.biocabaz.pt\/web\/en\/produto\/batata-pequena-assar-500g\/\"]}]},{\"@type\":\"ImageObject\",\"inLanguage\":\"pt-PT\",\"@id\":\"https:\/\/www.biocabaz.pt\/web\/en\/produto\/batata-pequena-assar-500g\/#primaryimage\",\"url\":\"https:\/\/www.biocabaz.pt\/web\/wp-conteudos\/uploads\/2016\/03\/batata_assar.jpg\",\"contentUrl\":\"https:\/\/www.biocabaz.pt\/web\/wp-conteudos\/uploads\/2016\/03\/batata_assar.jpg\",\"width\":2000,\"height\":1145},{\"@type\":\"BreadcrumbList\",\"@id\":\"https:\/\/www.biocabaz.pt\/web\/en\/produto\/batata-pequena-assar-500g\/#breadcrumb\",\"itemListElement\":[{\"@type\":\"ListItem\",\"position\":1,\"name\":\"Home\",\"item\":\"https:\/\/biocabaz.pt\/web\/en\/\"},{\"@type\":\"ListItem\",\"position\":2,\"name\":\"Shop\",\"item\":\"https:\/\/biocabaz.pt\/web\/en\/shop\/\"},{\"@type\":\"ListItem\",\"position\":3,\"name\":\"Organic baby potatoes to roast\"}]},{\"@type\":\"WebSite\",\"@id\":\"https:\/\/biocabaz.pt\/web\/en\/#website\",\"url\":\"https:\/\/biocabaz.pt\/web\/en\/\",\"name\":\"BIOCABAZ - CABAZES BIOL\u00d3GICOS\",\"description\":\"O melhor que a terra d\u00e1 \u00e9 para si\",\"potentialAction\":[{\"@type\":\"SearchAction\",\"target\":{\"@type\":\"EntryPoint\",\"urlTemplate\":\"https:\/\/biocabaz.pt\/web\/en\/?s={search_term_string}\"},\"query-input\":{\"@type\":\"PropertyValueSpecification\",\"valueRequired\":true,\"valueName\":\"search_term_string\"}}],\"inLanguage\":\"pt-PT\"}]}<\/script>\n<!-- \/ Yoast SEO plugin. -->","yoast_head_json":{"title":"BATATA PEQUENA ASSAR BIO 500G","robots":{"index":"index","follow":"follow","max-snippet":"max-snippet:-1","max-image-preview":"max-image-preview:large","max-video-preview":"max-video-preview:-1"},"canonical":"https:\/\/www.biocabaz.pt\/web\/en\/produto\/batata-pequena-assar-500g\/","og_locale":"pt_PT","og_type":"article","og_title":"[:en]Organic baby potatoes to roast[:pt]BATATA PEQUENA ASSAR BIO 500G[:] - BIOCABAZ - CABAZES BIOL\u00d3GICOS","og_url":"https:\/\/biocabaz.pt\/web\/produto\/batata-pequena-assar-500g\/","og_site_name":"BIOCABAZ - CABAZES BIOL\u00d3GICOS","article_modified_time":"2022-05-16T05:54:39+00:00","og_image":[{"width":2000,"height":1145,"url":"https:\/\/www.biocabaz.pt\/web\/wp-conteudos\/uploads\/2016\/03\/batata_assar.jpg","type":"image\/jpeg"}],"twitter_card":"summary_large_image","schema":{"@context":"https:\/\/schema.org","@graph":[{"@type":"WebPage","@id":"https:\/\/www.biocabaz.pt\/web\/en\/produto\/batata-pequena-assar-500g\/","url":"https:\/\/www.biocabaz.pt\/web\/en\/produto\/batata-pequena-assar-500g\/","name":"BATATA PEQUENA ASSAR BIO 500G","isPartOf":{"@id":"https:\/\/biocabaz.pt\/web\/en\/#website"},"primaryImageOfPage":{"@id":"https:\/\/www.biocabaz.pt\/web\/en\/produto\/batata-pequena-assar-500g\/#primaryimage"},"image":{"@id":"https:\/\/www.biocabaz.pt\/web\/en\/produto\/batata-pequena-assar-500g\/#primaryimage"},"thumbnailUrl":"https:\/\/www.biocabaz.pt\/web\/wp-conteudos\/uploads\/2016\/03\/batata_assar.jpg","datePublished":"2016-03-20T21:05:45+00:00","dateModified":"2022-05-16T05:54:39+00:00","breadcrumb":{"@id":"https:\/\/www.biocabaz.pt\/web\/en\/produto\/batata-pequena-assar-500g\/#breadcrumb"},"inLanguage":"pt-PT","potentialAction":[{"@type":"ReadAction","target":["https:\/\/www.biocabaz.pt\/web\/en\/produto\/batata-pequena-assar-500g\/"]}]},{"@type":"ImageObject","inLanguage":"pt-PT","@id":"https:\/\/www.biocabaz.pt\/web\/en\/produto\/batata-pequena-assar-500g\/#primaryimage","url":"https:\/\/www.biocabaz.pt\/web\/wp-conteudos\/uploads\/2016\/03\/batata_assar.jpg","contentUrl":"https:\/\/www.biocabaz.pt\/web\/wp-conteudos\/uploads\/2016\/03\/batata_assar.jpg","width":2000,"height":1145},{"@type":"BreadcrumbList","@id":"https:\/\/www.biocabaz.pt\/web\/en\/produto\/batata-pequena-assar-500g\/#breadcrumb","itemListElement":[{"@type":"ListItem","position":1,"name":"Home","item":"https:\/\/biocabaz.pt\/web\/en\/"},{"@type":"ListItem","position":2,"name":"Shop","item":"https:\/\/biocabaz.pt\/web\/en\/shop\/"},{"@type":"ListItem","position":3,"name":"Organic baby potatoes to roast"}]},{"@type":"WebSite","@id":"https:\/\/biocabaz.pt\/web\/en\/#website","url":"https:\/\/biocabaz.pt\/web\/en\/","name":"BIOCABAZ - CABAZES BIOL\u00d3GICOS","description":"O melhor que a terra d\u00e1 \u00e9 para si","potentialAction":[{"@type":"SearchAction","target":{"@type":"EntryPoint","urlTemplate":"https:\/\/biocabaz.pt\/web\/en\/?s={search_term_string}"},"query-input":{"@type":"PropertyValueSpecification","valueRequired":true,"valueName":"search_term_string"}}],"inLanguage":"pt-PT"}]}},"_links":{"self":[{"href":"https:\/\/biocabaz.pt\/web\/wp-json\/wp\/v2\/product\/270","targetHints":{"allow":["GET"]}}],"collection":[{"href":"https:\/\/biocabaz.pt\/web\/wp-json\/wp\/v2\/product"}],"about":[{"href":"https:\/\/biocabaz.pt\/web\/wp-json\/wp\/v2\/types\/product"}],"replies":[{"embeddable":true,"href":"https:\/\/biocabaz.pt\/web\/wp-json\/wp\/v2\/comments?post=270"}],"wp:featuredmedia":[{"embeddable":true,"href":"https:\/\/biocabaz.pt\/web\/wp-json\/wp\/v2\/media\/271"}],"wp:attachment":[{"href":"https:\/\/biocabaz.pt\/web\/wp-json\/wp\/v2\/media?parent=270"}],"wp:term":[{"taxonomy":"product_cat","embeddable":true,"href":"https:\/\/biocabaz.pt\/web\/wp-json\/wp\/v2\/product_cat?post=270"},{"taxonomy":"product_tag","embeddable":true,"href":"https:\/\/biocabaz.pt\/web\/wp-json\/wp\/v2\/product_tag?post=270"}],"curies":[{"name":"wp","href":"https:\/\/api.w.org\/{rel}","templated":true}]}}