{"id":26721,"date":"2019-07-29T12:59:11","date_gmt":"2019-07-29T12:59:11","guid":{"rendered":"https:\/\/www.biocabaz.pt\/web\/?post_type=product&#038;p=26721"},"modified":"2025-11-28T14:11:26","modified_gmt":"2025-11-28T14:11:26","slug":"bebida-de-caju-e-coco-bio-isola-1l","status":"publish","type":"product","link":"https:\/\/biocabaz.pt\/web\/produto\/bebida-de-caju-e-coco-bio-isola-1l\/","title":{"rendered":"BEBIDA DE CAJU E C\u00d4CO BIO ISOLA 1L"},"content":{"rendered":"<p><strong>Descri\u00e7\u00e3o <\/strong><br \/>\nIngredientes: \u00e1gua, caju*(5%),xarope de agave*, leite de c\u00f4co(3%), ( c\u00f4co*60%,correspondente a 1,8% do produto acabado, \u00e1gua, agente espessante:goma de guar*), sal marinho e aroma natural de c\u00f4co*.*de produ\u00e7\u00e3o biol\u00f3gica.<\/p>\n<p><strong>Dados Nutricionais<\/strong><br \/>\nDeclara\u00e7\u00e3o Nutricional por 100ml:<br \/>\nEnergia: 192 kJ \/ 46 kcal;<br \/>\nL\u00edpidos: 2,9g &#8211; dos quais saturados: 0,9g;<br \/>\nHidratos de Carbono: 4,2g &#8211; dos quais a\u00e7\u00facares: 2,9g;<br \/>\nProte\u00ednas: 0,8g ;<br \/>\nFibra: <0,5g; \nSal: 0,15g.\n<\/p>\n<p><strong>Modo Utiliza\u00e7\u00e3o<\/strong><br \/>\nAgitar bem antes de beber. Depois de aberto conservar no frigor\u00edfico e consumir dentro de 3-4dias. Conservar em local fresco e seco.<\/p>\n","protected":false},"excerpt":{"rendered":"<p>Descri\u00e7\u00e3o Ingredientes: \u00e1gua, caju*(5%),xarope de agave*, leite de c\u00f4co(3%), ( c\u00f4co*60%,correspondente a 1,8% do produto acabado, \u00e1gua, agente espessante:goma de guar*), sal marinho e aroma natural de c\u00f4co*.*de produ\u00e7\u00e3o biol\u00f3gica. Dados Nutricionais Declara\u00e7\u00e3o Nutricional por 100ml: Energia: 192 kJ \/ 46 kcal; L\u00edpidos: 2,9g &#8211; dos quais saturados: 0,9g; Hidratos de Carbono: 4,2g &#8211; dos [&hellip;]<\/p>\n","protected":false},"featured_media":26723,"comment_status":"closed","ping_status":"closed","template":"","meta":[],"product_cat":[34],"product_tag":[],"class_list":["post-26721","product","type-product","status-publish","has-post-thumbnail","hentry","product_cat-leites-bebidas-vegetais"],"bundle_layout":"","bundled_by":[],"bundled_items":[],"yoast_head":"<!-- This site is optimized with the Yoast SEO plugin v26.3 - https:\/\/yoast.com\/wordpress\/plugins\/seo\/ -->\n<title>BEBIDA DE CAJU E C\u00d4CO BIO ISOLA 1L<\/title>\n<meta name=\"robots\" content=\"index, follow, max-snippet:-1, max-image-preview:large, max-video-preview:-1\" \/>\n<link rel=\"canonical\" href=\"https:\/\/www.biocabaz.pt\/web\/en\/produto\/bebida-de-caju-e-coco-bio-isola-1l\/\" \/>\n<meta property=\"og:locale\" content=\"pt_PT\" \/>\n<meta property=\"og:locale:alternate\" content=\"en_US\" \/>\n<meta property=\"og:type\" content=\"article\" \/>\n<meta property=\"og:title\" content=\"BEBIDA DE CAJU E C\u00d4CO BIO ISOLA 1L\" \/>\n<meta property=\"og:description\" content=\"Descri\u00e7\u00e3o Ingredientes: \u00e1gua, caju*(5%),xarope de agave*, leite de c\u00f4co(3%), ( c\u00f4co*60%,correspondente a 1,8% do produto acabado, \u00e1gua, agente espessante:goma de guar*), sal marinho e aroma natural de c\u00f4co*.*de produ\u00e7\u00e3o biol\u00f3gica. Dados Nutricionais Declara\u00e7\u00e3o Nutricional por 100ml: Energia: 192 kJ \/ 46 kcal; L\u00edpidos: 2,9g &#8211; dos quais saturados: 0,9g; Hidratos de Carbono: 4,2g &#8211; dos [&hellip;]\" \/>\n<meta property=\"og:url\" content=\"https:\/\/biocabaz.pt\/web\/produto\/bebida-de-caju-e-coco-bio-isola-1l\/\" \/>\n<meta property=\"og:site_name\" content=\"BIOCABAZ - CABAZES BIOL\u00d3GICOS\" \/>\n<meta property=\"article:modified_time\" content=\"2025-11-28T14:11:26+00:00\" \/>\n<meta property=\"og:image\" content=\"https:\/\/www.biocabaz.pt\/web\/wp-conteudos\/uploads\/2019\/07\/BEBIDA-DE-CAJU-E-C\u00d4CO-BIO-ISOLA-1L-e1564405131866.jpg\" \/>\n\t<meta property=\"og:image:width\" content=\"253\" \/>\n\t<meta property=\"og:image:height\" content=\"517\" \/>\n\t<meta property=\"og:image:type\" content=\"image\/jpeg\" \/>\n<meta name=\"twitter:card\" content=\"summary_large_image\" \/>\n<script type=\"application\/ld+json\" class=\"yoast-schema-graph\">{\"@context\":\"https:\/\/schema.org\",\"@graph\":[{\"@type\":\"WebPage\",\"@id\":\"https:\/\/www.biocabaz.pt\/web\/en\/produto\/bebida-de-caju-e-coco-bio-isola-1l\/\",\"url\":\"https:\/\/www.biocabaz.pt\/web\/en\/produto\/bebida-de-caju-e-coco-bio-isola-1l\/\",\"name\":\"BEBIDA DE CAJU E C\u00d4CO BIO ISOLA 1L\",\"isPartOf\":{\"@id\":\"https:\/\/www.biocabaz.pt\/web\/en\/#website\"},\"primaryImageOfPage\":{\"@id\":\"https:\/\/www.biocabaz.pt\/web\/en\/produto\/bebida-de-caju-e-coco-bio-isola-1l\/#primaryimage\"},\"image\":{\"@id\":\"https:\/\/www.biocabaz.pt\/web\/en\/produto\/bebida-de-caju-e-coco-bio-isola-1l\/#primaryimage\"},\"thumbnailUrl\":\"https:\/\/www.biocabaz.pt\/web\/wp-conteudos\/uploads\/2019\/07\/BEBIDA-DE-CAJU-E-C\u00d4CO-BIO-ISOLA-1L-e1564405131866.jpg\",\"datePublished\":\"2019-07-29T12:59:11+00:00\",\"dateModified\":\"2025-11-28T14:11:26+00:00\",\"breadcrumb\":{\"@id\":\"https:\/\/www.biocabaz.pt\/web\/en\/produto\/bebida-de-caju-e-coco-bio-isola-1l\/#breadcrumb\"},\"inLanguage\":\"pt-PT\",\"potentialAction\":[{\"@type\":\"ReadAction\",\"target\":[\"https:\/\/www.biocabaz.pt\/web\/en\/produto\/bebida-de-caju-e-coco-bio-isola-1l\/\"]}]},{\"@type\":\"ImageObject\",\"inLanguage\":\"pt-PT\",\"@id\":\"https:\/\/www.biocabaz.pt\/web\/en\/produto\/bebida-de-caju-e-coco-bio-isola-1l\/#primaryimage\",\"url\":\"https:\/\/www.biocabaz.pt\/web\/wp-conteudos\/uploads\/2019\/07\/BEBIDA-DE-CAJU-E-C\u00d4CO-BIO-ISOLA-1L-e1564405131866.jpg\",\"contentUrl\":\"https:\/\/www.biocabaz.pt\/web\/wp-conteudos\/uploads\/2019\/07\/BEBIDA-DE-CAJU-E-C\u00d4CO-BIO-ISOLA-1L-e1564405131866.jpg\",\"width\":253,\"height\":517,\"caption\":\"BEBIDA DE CAJU E C\u00d4CO BIO ISOLA 1L\"},{\"@type\":\"BreadcrumbList\",\"@id\":\"https:\/\/www.biocabaz.pt\/web\/en\/produto\/bebida-de-caju-e-coco-bio-isola-1l\/#breadcrumb\",\"itemListElement\":[{\"@type\":\"ListItem\",\"position\":1,\"name\":\"Home\",\"item\":\"https:\/\/www.biocabaz.pt\/web\/en\/\"},{\"@type\":\"ListItem\",\"position\":2,\"name\":\"Shop\",\"item\":\"https:\/\/www.biocabaz.pt\/web\/en\/shop\/\"},{\"@type\":\"ListItem\",\"position\":3,\"name\":\"ISOLA ORGANIC CASHEW AND COCONUT DRINK 1L\"}]},{\"@type\":\"WebSite\",\"@id\":\"https:\/\/www.biocabaz.pt\/web\/en\/#website\",\"url\":\"https:\/\/www.biocabaz.pt\/web\/en\/\",\"name\":\"BIOCABAZ - CABAZES BIOL\u00d3GICOS\",\"description\":\"O melhor que a terra d\u00e1 \u00e9 para si\",\"potentialAction\":[{\"@type\":\"SearchAction\",\"target\":{\"@type\":\"EntryPoint\",\"urlTemplate\":\"https:\/\/www.biocabaz.pt\/web\/en\/?s={search_term_string}\"},\"query-input\":{\"@type\":\"PropertyValueSpecification\",\"valueRequired\":true,\"valueName\":\"search_term_string\"}}],\"inLanguage\":\"pt-PT\"}]}<\/script>\n<!-- \/ Yoast SEO plugin. -->","yoast_head_json":{"title":"BEBIDA DE CAJU E C\u00d4CO BIO ISOLA 1L","robots":{"index":"index","follow":"follow","max-snippet":"max-snippet:-1","max-image-preview":"max-image-preview:large","max-video-preview":"max-video-preview:-1"},"canonical":"https:\/\/www.biocabaz.pt\/web\/en\/produto\/bebida-de-caju-e-coco-bio-isola-1l\/","og_locale":"pt_PT","og_type":"article","og_title":"[:en]ISOLA ORGANIC CASHEW AND COCONUT DRINK 1L[:pt]BEBIDA DE CAJU E C\u00d4CO BIO ISOLA 1L[:] - BIOCABAZ - CABAZES BIOL\u00d3GICOS","og_description":"Descri\u00e7\u00e3o Ingredientes: \u00e1gua, caju*(5%),xarope de agave*, leite de c\u00f4co(3%), ( c\u00f4co*60%,correspondente a 1,8% do produto acabado, \u00e1gua, agente espessante:goma de guar*), sal marinho e aroma natural de c\u00f4co*.*de produ\u00e7\u00e3o biol\u00f3gica. Dados Nutricionais Declara\u00e7\u00e3o Nutricional por 100ml: Energia: 192 kJ \/ 46 kcal; L\u00edpidos: 2,9g &#8211; dos quais saturados: 0,9g; Hidratos de Carbono: 4,2g &#8211; dos [&hellip;]","og_url":"https:\/\/biocabaz.pt\/web\/produto\/bebida-de-caju-e-coco-bio-isola-1l\/","og_site_name":"BIOCABAZ - CABAZES BIOL\u00d3GICOS","article_modified_time":"2025-11-28T14:11:26+00:00","og_image":[{"width":253,"height":517,"url":"https:\/\/www.biocabaz.pt\/web\/wp-conteudos\/uploads\/2019\/07\/BEBIDA-DE-CAJU-E-C\u00d4CO-BIO-ISOLA-1L-e1564405131866.jpg","type":"image\/jpeg"}],"twitter_card":"summary_large_image","schema":{"@context":"https:\/\/schema.org","@graph":[{"@type":"WebPage","@id":"https:\/\/www.biocabaz.pt\/web\/en\/produto\/bebida-de-caju-e-coco-bio-isola-1l\/","url":"https:\/\/www.biocabaz.pt\/web\/en\/produto\/bebida-de-caju-e-coco-bio-isola-1l\/","name":"BEBIDA DE CAJU E C\u00d4CO BIO ISOLA 1L","isPartOf":{"@id":"https:\/\/www.biocabaz.pt\/web\/en\/#website"},"primaryImageOfPage":{"@id":"https:\/\/www.biocabaz.pt\/web\/en\/produto\/bebida-de-caju-e-coco-bio-isola-1l\/#primaryimage"},"image":{"@id":"https:\/\/www.biocabaz.pt\/web\/en\/produto\/bebida-de-caju-e-coco-bio-isola-1l\/#primaryimage"},"thumbnailUrl":"https:\/\/www.biocabaz.pt\/web\/wp-conteudos\/uploads\/2019\/07\/BEBIDA-DE-CAJU-E-C\u00d4CO-BIO-ISOLA-1L-e1564405131866.jpg","datePublished":"2019-07-29T12:59:11+00:00","dateModified":"2025-11-28T14:11:26+00:00","breadcrumb":{"@id":"https:\/\/www.biocabaz.pt\/web\/en\/produto\/bebida-de-caju-e-coco-bio-isola-1l\/#breadcrumb"},"inLanguage":"pt-PT","potentialAction":[{"@type":"ReadAction","target":["https:\/\/www.biocabaz.pt\/web\/en\/produto\/bebida-de-caju-e-coco-bio-isola-1l\/"]}]},{"@type":"ImageObject","inLanguage":"pt-PT","@id":"https:\/\/www.biocabaz.pt\/web\/en\/produto\/bebida-de-caju-e-coco-bio-isola-1l\/#primaryimage","url":"https:\/\/www.biocabaz.pt\/web\/wp-conteudos\/uploads\/2019\/07\/BEBIDA-DE-CAJU-E-C\u00d4CO-BIO-ISOLA-1L-e1564405131866.jpg","contentUrl":"https:\/\/www.biocabaz.pt\/web\/wp-conteudos\/uploads\/2019\/07\/BEBIDA-DE-CAJU-E-C\u00d4CO-BIO-ISOLA-1L-e1564405131866.jpg","width":253,"height":517,"caption":"BEBIDA DE CAJU E C\u00d4CO BIO ISOLA 1L"},{"@type":"BreadcrumbList","@id":"https:\/\/www.biocabaz.pt\/web\/en\/produto\/bebida-de-caju-e-coco-bio-isola-1l\/#breadcrumb","itemListElement":[{"@type":"ListItem","position":1,"name":"Home","item":"https:\/\/www.biocabaz.pt\/web\/en\/"},{"@type":"ListItem","position":2,"name":"Shop","item":"https:\/\/www.biocabaz.pt\/web\/en\/shop\/"},{"@type":"ListItem","position":3,"name":"ISOLA ORGANIC CASHEW AND COCONUT DRINK 1L"}]},{"@type":"WebSite","@id":"https:\/\/www.biocabaz.pt\/web\/en\/#website","url":"https:\/\/www.biocabaz.pt\/web\/en\/","name":"BIOCABAZ - CABAZES BIOL\u00d3GICOS","description":"O melhor que a terra d\u00e1 \u00e9 para si","potentialAction":[{"@type":"SearchAction","target":{"@type":"EntryPoint","urlTemplate":"https:\/\/www.biocabaz.pt\/web\/en\/?s={search_term_string}"},"query-input":{"@type":"PropertyValueSpecification","valueRequired":true,"valueName":"search_term_string"}}],"inLanguage":"pt-PT"}]}},"_links":{"self":[{"href":"https:\/\/biocabaz.pt\/web\/wp-json\/wp\/v2\/product\/26721","targetHints":{"allow":["GET"]}}],"collection":[{"href":"https:\/\/biocabaz.pt\/web\/wp-json\/wp\/v2\/product"}],"about":[{"href":"https:\/\/biocabaz.pt\/web\/wp-json\/wp\/v2\/types\/product"}],"replies":[{"embeddable":true,"href":"https:\/\/biocabaz.pt\/web\/wp-json\/wp\/v2\/comments?post=26721"}],"wp:featuredmedia":[{"embeddable":true,"href":"https:\/\/biocabaz.pt\/web\/wp-json\/wp\/v2\/media\/26723"}],"wp:attachment":[{"href":"https:\/\/biocabaz.pt\/web\/wp-json\/wp\/v2\/media?parent=26721"}],"wp:term":[{"taxonomy":"product_cat","embeddable":true,"href":"https:\/\/biocabaz.pt\/web\/wp-json\/wp\/v2\/product_cat?post=26721"},{"taxonomy":"product_tag","embeddable":true,"href":"https:\/\/biocabaz.pt\/web\/wp-json\/wp\/v2\/product_tag?post=26721"}],"curies":[{"name":"wp","href":"https:\/\/api.w.org\/{rel}","templated":true}]}}