{"id":26706,"date":"2019-07-29T12:34:36","date_gmt":"2019-07-29T12:34:36","guid":{"rendered":"https:\/\/www.biocabaz.pt\/web\/?post_type=product&#038;p=26706"},"modified":"2022-07-04T15:17:29","modified_gmt":"2022-07-04T15:17:29","slug":"bebida-de-avela-com-calcio-sem-acucar-bio-isola-1l","status":"publish","type":"product","link":"https:\/\/biocabaz.pt\/web\/produto\/bebida-de-avela-com-calcio-sem-acucar-bio-isola-1l\/","title":{"rendered":"BEBIDA DE AVEL\u00c3 COM C\u00c1LCIO SEM A\u00c7\u00daCAR BIO ISOLA 1L"},"content":{"rendered":"<p><strong>Descri\u00e7\u00e3o <\/strong><br \/>\nIngredientes: \u00c1gua, AVEL\u00c3S tostadas italianas* ( 6,5%), amido de arroz*, algas Lithothamnium Calcareum (0,42%), sal marinho.* de produ\u00e7\u00e3o biol\u00f3gica. Poder\u00e1 conter vest\u00edgios de outros frutos de casca rija. Sem a\u00e7\u00facares adicionados, cont\u00e9m a\u00e7\u00facares naturalmente presentes. Fonte de c\u00e1lcio. Naturalmente isenta de lactose. Vegan.<\/p>\n<p><strong>Dados Nutricionais<\/strong><br \/>\nDeclara\u00e7\u00e3o Nutricional por 100ml:<br \/>\nEnergia: 211kJ\/51Kcal;<br \/>\nL\u00edpidos: 4,2g &#8211; dos quais saturados: 0,4g;<br \/>\nHidratos de Carbono: 1,9g &#8211; dos quais a\u00e7\u00facares: <0,5g; \nFibra: 0,6g; \nProte\u00ednas: 1,1g; \nSal: 0,05g; \nC\u00e1lcio: 120mg (15%VRN: Valor de refer\u00eancia do nutriente).\n<\/p>\n<p><strong>Modo Utiliza\u00e7\u00e3o<\/strong><br \/>\nAgitar bem antes de beber. Depois de aberto conservar no frigor\u00edfico e consumir dentro de 3-4dias. Conservar em local fresco e seco.<\/p>\n","protected":false},"excerpt":{"rendered":"<p>Descri\u00e7\u00e3o Ingredientes: \u00c1gua, AVEL\u00c3S tostadas italianas* ( 6,5%), amido de arroz*, algas Lithothamnium Calcareum (0,42%), sal marinho.* de produ\u00e7\u00e3o biol\u00f3gica. Poder\u00e1 conter vest\u00edgios de outros frutos de casca rija. Sem a\u00e7\u00facares adicionados, cont\u00e9m a\u00e7\u00facares naturalmente presentes. Fonte de c\u00e1lcio. Naturalmente isenta de lactose. Vegan. Dados Nutricionais Declara\u00e7\u00e3o Nutricional por 100ml: Energia: 211kJ\/51Kcal; L\u00edpidos: 4,2g &#8211; [&hellip;]<\/p>\n","protected":false},"featured_media":26707,"comment_status":"closed","ping_status":"closed","template":"","meta":[],"product_cat":[34],"product_tag":[],"class_list":["post-26706","product","type-product","status-publish","has-post-thumbnail","hentry","product_cat-leites-bebidas-vegetais"],"bundle_layout":"","bundled_by":[],"bundled_items":[],"yoast_head":"<!-- This site is optimized with the Yoast SEO plugin v26.3 - https:\/\/yoast.com\/wordpress\/plugins\/seo\/ -->\n<title>BEBIDA DE AVEL\u00c3 COM C\u00c1LCIO SEM A\u00c7\u00daCAR BIO ISOLA 1L<\/title>\n<meta name=\"robots\" content=\"index, follow, max-snippet:-1, max-image-preview:large, max-video-preview:-1\" \/>\n<link rel=\"canonical\" href=\"https:\/\/biocabaz.pt\/web\/produto\/bebida-de-avela-com-calcio-sem-acucar-bio-isola-1l\/\" \/>\n<meta property=\"og:locale\" content=\"pt_PT\" \/>\n<meta property=\"og:locale:alternate\" content=\"en_US\" \/>\n<meta property=\"og:type\" content=\"article\" \/>\n<meta property=\"og:title\" content=\"BEBIDA DE AVEL\u00c3 COM C\u00c1LCIO SEM A\u00c7\u00daCAR BIO ISOLA 1L\" \/>\n<meta property=\"og:description\" content=\"Descri\u00e7\u00e3o Ingredientes: \u00c1gua, AVEL\u00c3S tostadas italianas* ( 6,5%), amido de arroz*, algas Lithothamnium Calcareum (0,42%), sal marinho.* de produ\u00e7\u00e3o biol\u00f3gica. Poder\u00e1 conter vest\u00edgios de outros frutos de casca rija. Sem a\u00e7\u00facares adicionados, cont\u00e9m a\u00e7\u00facares naturalmente presentes. Fonte de c\u00e1lcio. Naturalmente isenta de lactose. Vegan. Dados Nutricionais Declara\u00e7\u00e3o Nutricional por 100ml: Energia: 211kJ\/51Kcal; L\u00edpidos: 4,2g &#8211; [&hellip;]\" \/>\n<meta property=\"og:url\" content=\"https:\/\/biocabaz.pt\/web\/produto\/bebida-de-avela-com-calcio-sem-acucar-bio-isola-1l\/\" \/>\n<meta property=\"og:site_name\" content=\"BIOCABAZ - CABAZES BIOL\u00d3GICOS\" \/>\n<meta property=\"article:modified_time\" content=\"2022-07-04T15:17:29+00:00\" \/>\n<meta property=\"og:image\" content=\"https:\/\/www.biocabaz.pt\/web\/wp-conteudos\/uploads\/2019\/07\/BEBIDA-DE-AVEL\u00c3-COM-C\u00c1LCIO-SEM-A\u00c7\u00daCAR-BIO-ISOLA-1L-e1564403664941.jpg\" \/>\n\t<meta property=\"og:image:width\" content=\"200\" \/>\n\t<meta property=\"og:image:height\" content=\"225\" \/>\n\t<meta property=\"og:image:type\" content=\"image\/jpeg\" \/>\n<meta name=\"twitter:card\" content=\"summary_large_image\" \/>\n<script type=\"application\/ld+json\" class=\"yoast-schema-graph\">{\"@context\":\"https:\/\/schema.org\",\"@graph\":[{\"@type\":\"WebPage\",\"@id\":\"https:\/\/biocabaz.pt\/web\/produto\/bebida-de-avela-com-calcio-sem-acucar-bio-isola-1l\/\",\"url\":\"https:\/\/biocabaz.pt\/web\/produto\/bebida-de-avela-com-calcio-sem-acucar-bio-isola-1l\/\",\"name\":\"BEBIDA DE AVEL\u00c3 COM C\u00c1LCIO SEM A\u00c7\u00daCAR BIO ISOLA 1L\",\"isPartOf\":{\"@id\":\"https:\/\/www.biocabaz.pt\/web\/#website\"},\"primaryImageOfPage\":{\"@id\":\"https:\/\/biocabaz.pt\/web\/produto\/bebida-de-avela-com-calcio-sem-acucar-bio-isola-1l\/#primaryimage\"},\"image\":{\"@id\":\"https:\/\/biocabaz.pt\/web\/produto\/bebida-de-avela-com-calcio-sem-acucar-bio-isola-1l\/#primaryimage\"},\"thumbnailUrl\":\"https:\/\/www.biocabaz.pt\/web\/wp-conteudos\/uploads\/2019\/07\/BEBIDA-DE-AVEL\u00c3-COM-C\u00c1LCIO-SEM-A\u00c7\u00daCAR-BIO-ISOLA-1L-e1564403664941.jpg\",\"datePublished\":\"2019-07-29T12:34:36+00:00\",\"dateModified\":\"2022-07-04T15:17:29+00:00\",\"breadcrumb\":{\"@id\":\"https:\/\/biocabaz.pt\/web\/produto\/bebida-de-avela-com-calcio-sem-acucar-bio-isola-1l\/#breadcrumb\"},\"inLanguage\":\"pt-PT\",\"potentialAction\":[{\"@type\":\"ReadAction\",\"target\":[\"https:\/\/biocabaz.pt\/web\/produto\/bebida-de-avela-com-calcio-sem-acucar-bio-isola-1l\/\"]}]},{\"@type\":\"ImageObject\",\"inLanguage\":\"pt-PT\",\"@id\":\"https:\/\/biocabaz.pt\/web\/produto\/bebida-de-avela-com-calcio-sem-acucar-bio-isola-1l\/#primaryimage\",\"url\":\"https:\/\/www.biocabaz.pt\/web\/wp-conteudos\/uploads\/2019\/07\/BEBIDA-DE-AVEL\u00c3-COM-C\u00c1LCIO-SEM-A\u00c7\u00daCAR-BIO-ISOLA-1L-e1564403664941.jpg\",\"contentUrl\":\"https:\/\/www.biocabaz.pt\/web\/wp-conteudos\/uploads\/2019\/07\/BEBIDA-DE-AVEL\u00c3-COM-C\u00c1LCIO-SEM-A\u00c7\u00daCAR-BIO-ISOLA-1L-e1564403664941.jpg\",\"width\":200,\"height\":225,\"caption\":\"BEBIDA DE AVEL\u00c3 COM C\u00c1LCIO SEM A\u00c7\u00daCAR BIO ISOLA 1L\"},{\"@type\":\"BreadcrumbList\",\"@id\":\"https:\/\/biocabaz.pt\/web\/produto\/bebida-de-avela-com-calcio-sem-acucar-bio-isola-1l\/#breadcrumb\",\"itemListElement\":[{\"@type\":\"ListItem\",\"position\":1,\"name\":\"Home\",\"item\":\"https:\/\/www.biocabaz.pt\/web\/\"},{\"@type\":\"ListItem\",\"position\":2,\"name\":\"Loja\",\"item\":\"https:\/\/www.biocabaz.pt\/web\/shop\/\"},{\"@type\":\"ListItem\",\"position\":3,\"name\":\"BEBIDA DE AVEL\u00c3 COM C\u00c1LCIO SEM A\u00c7\u00daCAR BIO ISOLA 1L\"}]},{\"@type\":\"WebSite\",\"@id\":\"https:\/\/www.biocabaz.pt\/web\/#website\",\"url\":\"https:\/\/www.biocabaz.pt\/web\/\",\"name\":\"BIOCABAZ - CABAZES BIOL\u00d3GICOS\",\"description\":\"O melhor que a terra d\u00e1 \u00e9 para si\",\"potentialAction\":[{\"@type\":\"SearchAction\",\"target\":{\"@type\":\"EntryPoint\",\"urlTemplate\":\"https:\/\/www.biocabaz.pt\/web\/?s={search_term_string}\"},\"query-input\":{\"@type\":\"PropertyValueSpecification\",\"valueRequired\":true,\"valueName\":\"search_term_string\"}}],\"inLanguage\":\"pt-PT\"}]}<\/script>\n<!-- \/ Yoast SEO plugin. -->","yoast_head_json":{"title":"BEBIDA DE AVEL\u00c3 COM C\u00c1LCIO SEM A\u00c7\u00daCAR BIO ISOLA 1L","robots":{"index":"index","follow":"follow","max-snippet":"max-snippet:-1","max-image-preview":"max-image-preview:large","max-video-preview":"max-video-preview:-1"},"canonical":"https:\/\/biocabaz.pt\/web\/produto\/bebida-de-avela-com-calcio-sem-acucar-bio-isola-1l\/","og_locale":"pt_PT","og_type":"article","og_title":"[:en]ISOLA ORGANIC HAZELNUT DRINK WITH CALCIUM 1L[:pt]BEBIDA DE AVEL\u00c3 COM C\u00c1LCIO SEM A\u00c7\u00daCAR BIO ISOLA 1L[:] - BIOCABAZ - CABAZES BIOL\u00d3GICOS","og_description":"Descri\u00e7\u00e3o Ingredientes: \u00c1gua, AVEL\u00c3S tostadas italianas* ( 6,5%), amido de arroz*, algas Lithothamnium Calcareum (0,42%), sal marinho.* de produ\u00e7\u00e3o biol\u00f3gica. Poder\u00e1 conter vest\u00edgios de outros frutos de casca rija. Sem a\u00e7\u00facares adicionados, cont\u00e9m a\u00e7\u00facares naturalmente presentes. Fonte de c\u00e1lcio. Naturalmente isenta de lactose. Vegan. Dados Nutricionais Declara\u00e7\u00e3o Nutricional por 100ml: Energia: 211kJ\/51Kcal; L\u00edpidos: 4,2g &#8211; [&hellip;]","og_url":"https:\/\/biocabaz.pt\/web\/produto\/bebida-de-avela-com-calcio-sem-acucar-bio-isola-1l\/","og_site_name":"BIOCABAZ - CABAZES BIOL\u00d3GICOS","article_modified_time":"2022-07-04T15:17:29+00:00","og_image":[{"width":200,"height":225,"url":"https:\/\/www.biocabaz.pt\/web\/wp-conteudos\/uploads\/2019\/07\/BEBIDA-DE-AVEL\u00c3-COM-C\u00c1LCIO-SEM-A\u00c7\u00daCAR-BIO-ISOLA-1L-e1564403664941.jpg","type":"image\/jpeg"}],"twitter_card":"summary_large_image","schema":{"@context":"https:\/\/schema.org","@graph":[{"@type":"WebPage","@id":"https:\/\/biocabaz.pt\/web\/produto\/bebida-de-avela-com-calcio-sem-acucar-bio-isola-1l\/","url":"https:\/\/biocabaz.pt\/web\/produto\/bebida-de-avela-com-calcio-sem-acucar-bio-isola-1l\/","name":"BEBIDA DE AVEL\u00c3 COM C\u00c1LCIO SEM A\u00c7\u00daCAR BIO ISOLA 1L","isPartOf":{"@id":"https:\/\/www.biocabaz.pt\/web\/#website"},"primaryImageOfPage":{"@id":"https:\/\/biocabaz.pt\/web\/produto\/bebida-de-avela-com-calcio-sem-acucar-bio-isola-1l\/#primaryimage"},"image":{"@id":"https:\/\/biocabaz.pt\/web\/produto\/bebida-de-avela-com-calcio-sem-acucar-bio-isola-1l\/#primaryimage"},"thumbnailUrl":"https:\/\/www.biocabaz.pt\/web\/wp-conteudos\/uploads\/2019\/07\/BEBIDA-DE-AVEL\u00c3-COM-C\u00c1LCIO-SEM-A\u00c7\u00daCAR-BIO-ISOLA-1L-e1564403664941.jpg","datePublished":"2019-07-29T12:34:36+00:00","dateModified":"2022-07-04T15:17:29+00:00","breadcrumb":{"@id":"https:\/\/biocabaz.pt\/web\/produto\/bebida-de-avela-com-calcio-sem-acucar-bio-isola-1l\/#breadcrumb"},"inLanguage":"pt-PT","potentialAction":[{"@type":"ReadAction","target":["https:\/\/biocabaz.pt\/web\/produto\/bebida-de-avela-com-calcio-sem-acucar-bio-isola-1l\/"]}]},{"@type":"ImageObject","inLanguage":"pt-PT","@id":"https:\/\/biocabaz.pt\/web\/produto\/bebida-de-avela-com-calcio-sem-acucar-bio-isola-1l\/#primaryimage","url":"https:\/\/www.biocabaz.pt\/web\/wp-conteudos\/uploads\/2019\/07\/BEBIDA-DE-AVEL\u00c3-COM-C\u00c1LCIO-SEM-A\u00c7\u00daCAR-BIO-ISOLA-1L-e1564403664941.jpg","contentUrl":"https:\/\/www.biocabaz.pt\/web\/wp-conteudos\/uploads\/2019\/07\/BEBIDA-DE-AVEL\u00c3-COM-C\u00c1LCIO-SEM-A\u00c7\u00daCAR-BIO-ISOLA-1L-e1564403664941.jpg","width":200,"height":225,"caption":"BEBIDA DE AVEL\u00c3 COM C\u00c1LCIO SEM A\u00c7\u00daCAR BIO ISOLA 1L"},{"@type":"BreadcrumbList","@id":"https:\/\/biocabaz.pt\/web\/produto\/bebida-de-avela-com-calcio-sem-acucar-bio-isola-1l\/#breadcrumb","itemListElement":[{"@type":"ListItem","position":1,"name":"Home","item":"https:\/\/www.biocabaz.pt\/web\/"},{"@type":"ListItem","position":2,"name":"Loja","item":"https:\/\/www.biocabaz.pt\/web\/shop\/"},{"@type":"ListItem","position":3,"name":"BEBIDA DE AVEL\u00c3 COM C\u00c1LCIO SEM A\u00c7\u00daCAR BIO ISOLA 1L"}]},{"@type":"WebSite","@id":"https:\/\/www.biocabaz.pt\/web\/#website","url":"https:\/\/www.biocabaz.pt\/web\/","name":"BIOCABAZ - CABAZES BIOL\u00d3GICOS","description":"O melhor que a terra d\u00e1 \u00e9 para si","potentialAction":[{"@type":"SearchAction","target":{"@type":"EntryPoint","urlTemplate":"https:\/\/www.biocabaz.pt\/web\/?s={search_term_string}"},"query-input":{"@type":"PropertyValueSpecification","valueRequired":true,"valueName":"search_term_string"}}],"inLanguage":"pt-PT"}]}},"_links":{"self":[{"href":"https:\/\/biocabaz.pt\/web\/wp-json\/wp\/v2\/product\/26706","targetHints":{"allow":["GET"]}}],"collection":[{"href":"https:\/\/biocabaz.pt\/web\/wp-json\/wp\/v2\/product"}],"about":[{"href":"https:\/\/biocabaz.pt\/web\/wp-json\/wp\/v2\/types\/product"}],"replies":[{"embeddable":true,"href":"https:\/\/biocabaz.pt\/web\/wp-json\/wp\/v2\/comments?post=26706"}],"wp:featuredmedia":[{"embeddable":true,"href":"https:\/\/biocabaz.pt\/web\/wp-json\/wp\/v2\/media\/26707"}],"wp:attachment":[{"href":"https:\/\/biocabaz.pt\/web\/wp-json\/wp\/v2\/media?parent=26706"}],"wp:term":[{"taxonomy":"product_cat","embeddable":true,"href":"https:\/\/biocabaz.pt\/web\/wp-json\/wp\/v2\/product_cat?post=26706"},{"taxonomy":"product_tag","embeddable":true,"href":"https:\/\/biocabaz.pt\/web\/wp-json\/wp\/v2\/product_tag?post=26706"}],"curies":[{"name":"wp","href":"https:\/\/api.w.org\/{rel}","templated":true}]}}