{"id":26700,"date":"2019-07-29T12:24:13","date_gmt":"2019-07-29T12:24:13","guid":{"rendered":"https:\/\/www.biocabaz.pt\/web\/?post_type=product&#038;p=26700"},"modified":"2022-10-03T10:43:59","modified_gmt":"2022-10-03T10:43:59","slug":"bebida-de-arroz-integral-bio-isola-1l","status":"publish","type":"product","link":"https:\/\/biocabaz.pt\/web\/produto\/bebida-de-arroz-integral-bio-isola-1l\/","title":{"rendered":"BEBIDA DE ARROZ INTEGRAL BIO ISOLA 1L"},"content":{"rendered":"<p><strong>Descri\u00e7\u00e3o <\/strong><br \/>\nIngredientes: \u00e1gua. Arroz integral (17%), \u00f3leo de girassol prensado a frio, sal marinho. Naturalmente sem lactose.<\/p>\n<p><strong>Dados Nutricionais<\/strong><br \/>\nDeclara\u00e7\u00e3o Nutricional por 100ml:<br \/>\nEnergia: 216kJ\/51kcal;<br \/>\nL\u00edpidos: 1g &#8211; dos quais saturados: 0,2g;<br \/>\nHidratos de Carbono: 10g (1,7g) &#8211; dos quais a\u00e7\u00facares: 5,5g (0,0g);<br \/>\nFibra: 0.5g;<br \/>\nProte\u00ednas: 0,5g;<br \/>\nSal: 0,08g.<\/p>\n<p><strong>Modo Utiliza\u00e7\u00e3o<\/strong><br \/>\nAgitar bem antes de beber. Depois de aberto conservar no frigor\u00edfico e consumir dentro de 3-4dias. Conservar em local fresco e seco.<\/p>\n","protected":false},"excerpt":{"rendered":"<p>Descri\u00e7\u00e3o Ingredientes: \u00e1gua. Arroz integral (17%), \u00f3leo de girassol prensado a frio, sal marinho. Naturalmente sem lactose. Dados Nutricionais Declara\u00e7\u00e3o Nutricional por 100ml: Energia: 216kJ\/51kcal; L\u00edpidos: 1g &#8211; dos quais saturados: 0,2g; Hidratos de Carbono: 10g (1,7g) &#8211; dos quais a\u00e7\u00facares: 5,5g (0,0g); Fibra: 0.5g; Prote\u00ednas: 0,5g; Sal: 0,08g. Modo Utiliza\u00e7\u00e3o Agitar bem antes de [&hellip;]<\/p>\n","protected":false},"featured_media":26701,"comment_status":"closed","ping_status":"closed","template":"","meta":[],"product_cat":[34],"product_tag":[],"class_list":["post-26700","product","type-product","status-publish","has-post-thumbnail","hentry","product_cat-leites-bebidas-vegetais"],"bundle_layout":"","bundled_by":[],"bundled_items":[],"yoast_head":"<!-- This site is optimized with the Yoast SEO plugin v26.3 - https:\/\/yoast.com\/wordpress\/plugins\/seo\/ -->\n<title>BEBIDA DE ARROZ INTEGRAL BIO ISOLA 1L<\/title>\n<meta name=\"robots\" content=\"index, follow, max-snippet:-1, max-image-preview:large, max-video-preview:-1\" \/>\n<link rel=\"canonical\" href=\"https:\/\/biocabaz.pt\/web\/produto\/bebida-de-arroz-integral-bio-isola-1l\/\" \/>\n<meta property=\"og:locale\" content=\"pt_PT\" \/>\n<meta property=\"og:locale:alternate\" content=\"en_US\" \/>\n<meta property=\"og:type\" content=\"article\" \/>\n<meta property=\"og:title\" content=\"BEBIDA DE ARROZ INTEGRAL BIO ISOLA 1L\" \/>\n<meta property=\"og:description\" content=\"Descri\u00e7\u00e3o Ingredientes: \u00e1gua. Arroz integral (17%), \u00f3leo de girassol prensado a frio, sal marinho. Naturalmente sem lactose. Dados Nutricionais Declara\u00e7\u00e3o Nutricional por 100ml: Energia: 216kJ\/51kcal; L\u00edpidos: 1g &#8211; dos quais saturados: 0,2g; Hidratos de Carbono: 10g (1,7g) &#8211; dos quais a\u00e7\u00facares: 5,5g (0,0g); Fibra: 0.5g; Prote\u00ednas: 0,5g; Sal: 0,08g. Modo Utiliza\u00e7\u00e3o Agitar bem antes de [&hellip;]\" \/>\n<meta property=\"og:url\" content=\"https:\/\/biocabaz.pt\/web\/produto\/bebida-de-arroz-integral-bio-isola-1l\/\" \/>\n<meta property=\"og:site_name\" content=\"BIOCABAZ - CABAZES BIOL\u00d3GICOS\" \/>\n<meta property=\"article:modified_time\" content=\"2022-10-03T10:43:59+00:00\" \/>\n<meta property=\"og:image\" content=\"https:\/\/www.biocabaz.pt\/web\/wp-conteudos\/uploads\/2019\/07\/BEBIDA-DE-ARROZ-INTEGRAL-BIO-ISOLA-1L-e1564402950189.jpg\" \/>\n\t<meta property=\"og:image:width\" content=\"343\" \/>\n\t<meta property=\"og:image:height\" content=\"768\" \/>\n\t<meta property=\"og:image:type\" content=\"image\/jpeg\" \/>\n<meta name=\"twitter:card\" content=\"summary_large_image\" \/>\n<meta name=\"twitter:label1\" content=\"Est. reading time\" \/>\n\t<meta name=\"twitter:data1\" content=\"1 minuto\" \/>\n<script type=\"application\/ld+json\" class=\"yoast-schema-graph\">{\"@context\":\"https:\/\/schema.org\",\"@graph\":[{\"@type\":\"WebPage\",\"@id\":\"https:\/\/biocabaz.pt\/web\/produto\/bebida-de-arroz-integral-bio-isola-1l\/\",\"url\":\"https:\/\/biocabaz.pt\/web\/produto\/bebida-de-arroz-integral-bio-isola-1l\/\",\"name\":\"BEBIDA DE ARROZ INTEGRAL BIO ISOLA 1L\",\"isPartOf\":{\"@id\":\"https:\/\/biocabaz.pt\/web\/#website\"},\"primaryImageOfPage\":{\"@id\":\"https:\/\/biocabaz.pt\/web\/produto\/bebida-de-arroz-integral-bio-isola-1l\/#primaryimage\"},\"image\":{\"@id\":\"https:\/\/biocabaz.pt\/web\/produto\/bebida-de-arroz-integral-bio-isola-1l\/#primaryimage\"},\"thumbnailUrl\":\"https:\/\/www.biocabaz.pt\/web\/wp-conteudos\/uploads\/2019\/07\/BEBIDA-DE-ARROZ-INTEGRAL-BIO-ISOLA-1L-e1564402950189.jpg\",\"datePublished\":\"2019-07-29T12:24:13+00:00\",\"dateModified\":\"2022-10-03T10:43:59+00:00\",\"breadcrumb\":{\"@id\":\"https:\/\/biocabaz.pt\/web\/produto\/bebida-de-arroz-integral-bio-isola-1l\/#breadcrumb\"},\"inLanguage\":\"pt-PT\",\"potentialAction\":[{\"@type\":\"ReadAction\",\"target\":[\"https:\/\/biocabaz.pt\/web\/produto\/bebida-de-arroz-integral-bio-isola-1l\/\"]}]},{\"@type\":\"ImageObject\",\"inLanguage\":\"pt-PT\",\"@id\":\"https:\/\/biocabaz.pt\/web\/produto\/bebida-de-arroz-integral-bio-isola-1l\/#primaryimage\",\"url\":\"https:\/\/www.biocabaz.pt\/web\/wp-conteudos\/uploads\/2019\/07\/BEBIDA-DE-ARROZ-INTEGRAL-BIO-ISOLA-1L-e1564402950189.jpg\",\"contentUrl\":\"https:\/\/www.biocabaz.pt\/web\/wp-conteudos\/uploads\/2019\/07\/BEBIDA-DE-ARROZ-INTEGRAL-BIO-ISOLA-1L-e1564402950189.jpg\",\"width\":343,\"height\":768,\"caption\":\"BEBIDA DE ARROZ INTEGRAL BIO ISOLA 1L\"},{\"@type\":\"BreadcrumbList\",\"@id\":\"https:\/\/biocabaz.pt\/web\/produto\/bebida-de-arroz-integral-bio-isola-1l\/#breadcrumb\",\"itemListElement\":[{\"@type\":\"ListItem\",\"position\":1,\"name\":\"Home\",\"item\":\"https:\/\/biocabaz.pt\/web\/\"},{\"@type\":\"ListItem\",\"position\":2,\"name\":\"Loja\",\"item\":\"https:\/\/biocabaz.pt\/web\/shop\/\"},{\"@type\":\"ListItem\",\"position\":3,\"name\":\"BEBIDA DE ARROZ INTEGRAL BIO ISOLA 1L\"}]},{\"@type\":\"WebSite\",\"@id\":\"https:\/\/biocabaz.pt\/web\/#website\",\"url\":\"https:\/\/biocabaz.pt\/web\/\",\"name\":\"BIOCABAZ - CABAZES BIOL\u00d3GICOS\",\"description\":\"O melhor que a terra d\u00e1 \u00e9 para si\",\"potentialAction\":[{\"@type\":\"SearchAction\",\"target\":{\"@type\":\"EntryPoint\",\"urlTemplate\":\"https:\/\/biocabaz.pt\/web\/?s={search_term_string}\"},\"query-input\":{\"@type\":\"PropertyValueSpecification\",\"valueRequired\":true,\"valueName\":\"search_term_string\"}}],\"inLanguage\":\"pt-PT\"}]}<\/script>\n<!-- \/ Yoast SEO plugin. -->","yoast_head_json":{"title":"BEBIDA DE ARROZ INTEGRAL BIO ISOLA 1L","robots":{"index":"index","follow":"follow","max-snippet":"max-snippet:-1","max-image-preview":"max-image-preview:large","max-video-preview":"max-video-preview:-1"},"canonical":"https:\/\/biocabaz.pt\/web\/produto\/bebida-de-arroz-integral-bio-isola-1l\/","og_locale":"pt_PT","og_type":"article","og_title":"[:en]ISOLA ORGANIC BROWN RICE DRINK 1L[:pt]BEBIDA DE ARROZ INTEGRAL BIO ISOLA 1L[:] - BIOCABAZ - CABAZES BIOL\u00d3GICOS","og_description":"Descri\u00e7\u00e3o Ingredientes: \u00e1gua. Arroz integral (17%), \u00f3leo de girassol prensado a frio, sal marinho. Naturalmente sem lactose. Dados Nutricionais Declara\u00e7\u00e3o Nutricional por 100ml: Energia: 216kJ\/51kcal; L\u00edpidos: 1g &#8211; dos quais saturados: 0,2g; Hidratos de Carbono: 10g (1,7g) &#8211; dos quais a\u00e7\u00facares: 5,5g (0,0g); Fibra: 0.5g; Prote\u00ednas: 0,5g; Sal: 0,08g. Modo Utiliza\u00e7\u00e3o Agitar bem antes de [&hellip;]","og_url":"https:\/\/biocabaz.pt\/web\/produto\/bebida-de-arroz-integral-bio-isola-1l\/","og_site_name":"BIOCABAZ - CABAZES BIOL\u00d3GICOS","article_modified_time":"2022-10-03T10:43:59+00:00","og_image":[{"width":343,"height":768,"url":"https:\/\/www.biocabaz.pt\/web\/wp-conteudos\/uploads\/2019\/07\/BEBIDA-DE-ARROZ-INTEGRAL-BIO-ISOLA-1L-e1564402950189.jpg","type":"image\/jpeg"}],"twitter_card":"summary_large_image","twitter_misc":{"Est. reading time":"1 minuto"},"schema":{"@context":"https:\/\/schema.org","@graph":[{"@type":"WebPage","@id":"https:\/\/biocabaz.pt\/web\/produto\/bebida-de-arroz-integral-bio-isola-1l\/","url":"https:\/\/biocabaz.pt\/web\/produto\/bebida-de-arroz-integral-bio-isola-1l\/","name":"BEBIDA DE ARROZ INTEGRAL BIO ISOLA 1L","isPartOf":{"@id":"https:\/\/biocabaz.pt\/web\/#website"},"primaryImageOfPage":{"@id":"https:\/\/biocabaz.pt\/web\/produto\/bebida-de-arroz-integral-bio-isola-1l\/#primaryimage"},"image":{"@id":"https:\/\/biocabaz.pt\/web\/produto\/bebida-de-arroz-integral-bio-isola-1l\/#primaryimage"},"thumbnailUrl":"https:\/\/www.biocabaz.pt\/web\/wp-conteudos\/uploads\/2019\/07\/BEBIDA-DE-ARROZ-INTEGRAL-BIO-ISOLA-1L-e1564402950189.jpg","datePublished":"2019-07-29T12:24:13+00:00","dateModified":"2022-10-03T10:43:59+00:00","breadcrumb":{"@id":"https:\/\/biocabaz.pt\/web\/produto\/bebida-de-arroz-integral-bio-isola-1l\/#breadcrumb"},"inLanguage":"pt-PT","potentialAction":[{"@type":"ReadAction","target":["https:\/\/biocabaz.pt\/web\/produto\/bebida-de-arroz-integral-bio-isola-1l\/"]}]},{"@type":"ImageObject","inLanguage":"pt-PT","@id":"https:\/\/biocabaz.pt\/web\/produto\/bebida-de-arroz-integral-bio-isola-1l\/#primaryimage","url":"https:\/\/www.biocabaz.pt\/web\/wp-conteudos\/uploads\/2019\/07\/BEBIDA-DE-ARROZ-INTEGRAL-BIO-ISOLA-1L-e1564402950189.jpg","contentUrl":"https:\/\/www.biocabaz.pt\/web\/wp-conteudos\/uploads\/2019\/07\/BEBIDA-DE-ARROZ-INTEGRAL-BIO-ISOLA-1L-e1564402950189.jpg","width":343,"height":768,"caption":"BEBIDA DE ARROZ INTEGRAL BIO ISOLA 1L"},{"@type":"BreadcrumbList","@id":"https:\/\/biocabaz.pt\/web\/produto\/bebida-de-arroz-integral-bio-isola-1l\/#breadcrumb","itemListElement":[{"@type":"ListItem","position":1,"name":"Home","item":"https:\/\/biocabaz.pt\/web\/"},{"@type":"ListItem","position":2,"name":"Loja","item":"https:\/\/biocabaz.pt\/web\/shop\/"},{"@type":"ListItem","position":3,"name":"BEBIDA DE ARROZ INTEGRAL BIO ISOLA 1L"}]},{"@type":"WebSite","@id":"https:\/\/biocabaz.pt\/web\/#website","url":"https:\/\/biocabaz.pt\/web\/","name":"BIOCABAZ - CABAZES BIOL\u00d3GICOS","description":"O melhor que a terra d\u00e1 \u00e9 para si","potentialAction":[{"@type":"SearchAction","target":{"@type":"EntryPoint","urlTemplate":"https:\/\/biocabaz.pt\/web\/?s={search_term_string}"},"query-input":{"@type":"PropertyValueSpecification","valueRequired":true,"valueName":"search_term_string"}}],"inLanguage":"pt-PT"}]}},"_links":{"self":[{"href":"https:\/\/biocabaz.pt\/web\/wp-json\/wp\/v2\/product\/26700","targetHints":{"allow":["GET"]}}],"collection":[{"href":"https:\/\/biocabaz.pt\/web\/wp-json\/wp\/v2\/product"}],"about":[{"href":"https:\/\/biocabaz.pt\/web\/wp-json\/wp\/v2\/types\/product"}],"replies":[{"embeddable":true,"href":"https:\/\/biocabaz.pt\/web\/wp-json\/wp\/v2\/comments?post=26700"}],"wp:featuredmedia":[{"embeddable":true,"href":"https:\/\/biocabaz.pt\/web\/wp-json\/wp\/v2\/media\/26701"}],"wp:attachment":[{"href":"https:\/\/biocabaz.pt\/web\/wp-json\/wp\/v2\/media?parent=26700"}],"wp:term":[{"taxonomy":"product_cat","embeddable":true,"href":"https:\/\/biocabaz.pt\/web\/wp-json\/wp\/v2\/product_cat?post=26700"},{"taxonomy":"product_tag","embeddable":true,"href":"https:\/\/biocabaz.pt\/web\/wp-json\/wp\/v2\/product_tag?post=26700"}],"curies":[{"name":"wp","href":"https:\/\/api.w.org\/{rel}","templated":true}]}}