{"id":2644,"date":"2016-11-27T11:37:27","date_gmt":"2016-11-27T11:37:27","guid":{"rendered":"http:\/\/www.biocabaz.com\/web\/produto\/manteiga-bio-vrai-csal-250grs\/"},"modified":"2022-10-03T11:44:15","modified_gmt":"2022-10-03T11:44:15","slug":"manteiga-bio-vrai-csal-250grs","status":"publish","type":"product","link":"https:\/\/biocabaz.pt\/web\/produto\/manteiga-bio-vrai-csal-250grs\/","title":{"rendered":"MANTEIGA BIO VRAI S\/ SAL 250GRS"},"content":{"rendered":"<p><strong>Descri\u00e7\u00e3o <\/strong><br \/>\nIngredientes:<\/p>\n<p><strong>Dados Nutricionais<\/strong><\/p>\n<p><strong>Modo Utiliza\u00e7\u00e3o<\/strong><\/p>\n","protected":false},"excerpt":{"rendered":"<p>Ingredientes: creme de leite pasteurizado, fermentos l\u00e1cticos.<br \/><b>Modo de Utiliza\u00e7\u00e3o:<\/b> Conservar entre 3\u00baC e 9\u00baC<br \/><b>Dados Nutricionais:<\/b> Declara\u00e7\u00e3o Nutricional por 100g: Energia: 3109 KJ\/743Kcal; L\u00edpidos: 82g; dos quais saturados: 55g; Hidratos de carbono: 0,6g; dos quais a\u00e7\u00facares: 0,6g; Prote\u00ednas: 0,7g; Sal: 0,04g; S\u00f3dio: 0,016g<\/p>\n","protected":false},"featured_media":74213,"comment_status":"closed","ping_status":"closed","template":"","meta":[],"product_cat":[35],"product_tag":[],"class_list":["post-2644","product","type-product","status-publish","has-post-thumbnail","hentry","product_cat-manteigas-cremes-para-barrar"],"bundle_layout":"","bundled_by":[],"bundled_items":[],"yoast_head":"<!-- This site is optimized with the Yoast SEO plugin v26.3 - https:\/\/yoast.com\/wordpress\/plugins\/seo\/ -->\n<title>MANTEIGA BIO VRAI S\/ SAL 250GRS<\/title>\n<meta name=\"robots\" content=\"index, follow, max-snippet:-1, max-image-preview:large, max-video-preview:-1\" \/>\n<link rel=\"canonical\" href=\"https:\/\/biocabaz.pt\/web\/produto\/manteiga-bio-vrai-csal-250grs\/\" \/>\n<meta property=\"og:locale\" content=\"pt_PT\" \/>\n<meta property=\"og:locale:alternate\" content=\"en_US\" \/>\n<meta property=\"og:type\" content=\"article\" \/>\n<meta property=\"og:title\" content=\"MANTEIGA BIO VRAI S\/ SAL 250GRS\" \/>\n<meta property=\"og:description\" content=\"Ingredientes: creme de leite pasteurizado, fermentos l\u00e1cticos.Modo de Utiliza\u00e7\u00e3o: Conservar entre 3\u00baC e 9\u00baCDados Nutricionais: Declara\u00e7\u00e3o Nutricional por 100g: Energia: 3109 KJ\/743Kcal; L\u00edpidos: 82g; dos quais saturados: 55g; Hidratos de carbono: 0,6g; dos quais a\u00e7\u00facares: 0,6g; Prote\u00ednas: 0,7g; Sal: 0,04g; S\u00f3dio: 0,016g\" \/>\n<meta property=\"og:url\" content=\"https:\/\/biocabaz.pt\/web\/produto\/manteiga-bio-vrai-csal-250grs\/\" \/>\n<meta property=\"og:site_name\" content=\"BIOCABAZ - CABAZES BIOL\u00d3GICOS\" \/>\n<meta property=\"article:modified_time\" content=\"2022-10-03T11:44:15+00:00\" \/>\n<meta property=\"og:image\" content=\"https:\/\/www.biocabaz.pt\/web\/wp-conteudos\/uploads\/2016\/11\/manteiga-terra-electa.jpg\" \/>\n\t<meta property=\"og:image:width\" content=\"600\" \/>\n\t<meta property=\"og:image:height\" content=\"600\" \/>\n\t<meta property=\"og:image:type\" content=\"image\/jpeg\" \/>\n<meta name=\"twitter:card\" content=\"summary_large_image\" \/>\n<script type=\"application\/ld+json\" class=\"yoast-schema-graph\">{\"@context\":\"https:\/\/schema.org\",\"@graph\":[{\"@type\":\"WebPage\",\"@id\":\"https:\/\/biocabaz.pt\/web\/produto\/manteiga-bio-vrai-csal-250grs\/\",\"url\":\"https:\/\/biocabaz.pt\/web\/produto\/manteiga-bio-vrai-csal-250grs\/\",\"name\":\"MANTEIGA BIO VRAI S\/ SAL 250GRS\",\"isPartOf\":{\"@id\":\"https:\/\/biocabaz.pt\/web\/#website\"},\"primaryImageOfPage\":{\"@id\":\"https:\/\/biocabaz.pt\/web\/produto\/manteiga-bio-vrai-csal-250grs\/#primaryimage\"},\"image\":{\"@id\":\"https:\/\/biocabaz.pt\/web\/produto\/manteiga-bio-vrai-csal-250grs\/#primaryimage\"},\"thumbnailUrl\":\"https:\/\/www.biocabaz.pt\/web\/wp-conteudos\/uploads\/2016\/11\/manteiga-terra-electa.jpg\",\"datePublished\":\"2016-11-27T11:37:27+00:00\",\"dateModified\":\"2022-10-03T11:44:15+00:00\",\"breadcrumb\":{\"@id\":\"https:\/\/biocabaz.pt\/web\/produto\/manteiga-bio-vrai-csal-250grs\/#breadcrumb\"},\"inLanguage\":\"pt-PT\",\"potentialAction\":[{\"@type\":\"ReadAction\",\"target\":[\"https:\/\/biocabaz.pt\/web\/produto\/manteiga-bio-vrai-csal-250grs\/\"]}]},{\"@type\":\"ImageObject\",\"inLanguage\":\"pt-PT\",\"@id\":\"https:\/\/biocabaz.pt\/web\/produto\/manteiga-bio-vrai-csal-250grs\/#primaryimage\",\"url\":\"https:\/\/www.biocabaz.pt\/web\/wp-conteudos\/uploads\/2016\/11\/manteiga-terra-electa.jpg\",\"contentUrl\":\"https:\/\/www.biocabaz.pt\/web\/wp-conteudos\/uploads\/2016\/11\/manteiga-terra-electa.jpg\",\"width\":600,\"height\":600,\"caption\":\"MANTEIGA BIO TERRA ELECTA 125G\"},{\"@type\":\"BreadcrumbList\",\"@id\":\"https:\/\/biocabaz.pt\/web\/produto\/manteiga-bio-vrai-csal-250grs\/#breadcrumb\",\"itemListElement\":[{\"@type\":\"ListItem\",\"position\":1,\"name\":\"Home\",\"item\":\"https:\/\/biocabaz.pt\/web\/\"},{\"@type\":\"ListItem\",\"position\":2,\"name\":\"Loja\",\"item\":\"https:\/\/biocabaz.pt\/web\/shop\/\"},{\"@type\":\"ListItem\",\"position\":3,\"name\":\"MANTEIGA BIO VRAI S\/ SAL 250GRS\"}]},{\"@type\":\"WebSite\",\"@id\":\"https:\/\/biocabaz.pt\/web\/#website\",\"url\":\"https:\/\/biocabaz.pt\/web\/\",\"name\":\"BIOCABAZ - CABAZES BIOL\u00d3GICOS\",\"description\":\"O melhor que a terra d\u00e1 \u00e9 para si\",\"potentialAction\":[{\"@type\":\"SearchAction\",\"target\":{\"@type\":\"EntryPoint\",\"urlTemplate\":\"https:\/\/biocabaz.pt\/web\/?s={search_term_string}\"},\"query-input\":{\"@type\":\"PropertyValueSpecification\",\"valueRequired\":true,\"valueName\":\"search_term_string\"}}],\"inLanguage\":\"pt-PT\"}]}<\/script>\n<!-- \/ Yoast SEO plugin. -->","yoast_head_json":{"title":"MANTEIGA BIO VRAI S\/ SAL 250GRS","robots":{"index":"index","follow":"follow","max-snippet":"max-snippet:-1","max-image-preview":"max-image-preview:large","max-video-preview":"max-video-preview:-1"},"canonical":"https:\/\/biocabaz.pt\/web\/produto\/manteiga-bio-vrai-csal-250grs\/","og_locale":"pt_PT","og_type":"article","og_title":"[:en]VRAI UNSALTED BUTTER 250G[:pt]MANTEIGA BIO VRAI S\/ SAL 250GRS[:] - BIOCABAZ - CABAZES BIOL\u00d3GICOS","og_description":"Ingredientes: creme de leite pasteurizado, fermentos l\u00e1cticos.Modo de Utiliza\u00e7\u00e3o: Conservar entre 3\u00baC e 9\u00baCDados Nutricionais: Declara\u00e7\u00e3o Nutricional por 100g: Energia: 3109 KJ\/743Kcal; L\u00edpidos: 82g; dos quais saturados: 55g; Hidratos de carbono: 0,6g; dos quais a\u00e7\u00facares: 0,6g; Prote\u00ednas: 0,7g; Sal: 0,04g; S\u00f3dio: 0,016g","og_url":"https:\/\/biocabaz.pt\/web\/produto\/manteiga-bio-vrai-csal-250grs\/","og_site_name":"BIOCABAZ - CABAZES BIOL\u00d3GICOS","article_modified_time":"2022-10-03T11:44:15+00:00","og_image":[{"width":600,"height":600,"url":"https:\/\/www.biocabaz.pt\/web\/wp-conteudos\/uploads\/2016\/11\/manteiga-terra-electa.jpg","type":"image\/jpeg"}],"twitter_card":"summary_large_image","schema":{"@context":"https:\/\/schema.org","@graph":[{"@type":"WebPage","@id":"https:\/\/biocabaz.pt\/web\/produto\/manteiga-bio-vrai-csal-250grs\/","url":"https:\/\/biocabaz.pt\/web\/produto\/manteiga-bio-vrai-csal-250grs\/","name":"MANTEIGA BIO VRAI S\/ SAL 250GRS","isPartOf":{"@id":"https:\/\/biocabaz.pt\/web\/#website"},"primaryImageOfPage":{"@id":"https:\/\/biocabaz.pt\/web\/produto\/manteiga-bio-vrai-csal-250grs\/#primaryimage"},"image":{"@id":"https:\/\/biocabaz.pt\/web\/produto\/manteiga-bio-vrai-csal-250grs\/#primaryimage"},"thumbnailUrl":"https:\/\/www.biocabaz.pt\/web\/wp-conteudos\/uploads\/2016\/11\/manteiga-terra-electa.jpg","datePublished":"2016-11-27T11:37:27+00:00","dateModified":"2022-10-03T11:44:15+00:00","breadcrumb":{"@id":"https:\/\/biocabaz.pt\/web\/produto\/manteiga-bio-vrai-csal-250grs\/#breadcrumb"},"inLanguage":"pt-PT","potentialAction":[{"@type":"ReadAction","target":["https:\/\/biocabaz.pt\/web\/produto\/manteiga-bio-vrai-csal-250grs\/"]}]},{"@type":"ImageObject","inLanguage":"pt-PT","@id":"https:\/\/biocabaz.pt\/web\/produto\/manteiga-bio-vrai-csal-250grs\/#primaryimage","url":"https:\/\/www.biocabaz.pt\/web\/wp-conteudos\/uploads\/2016\/11\/manteiga-terra-electa.jpg","contentUrl":"https:\/\/www.biocabaz.pt\/web\/wp-conteudos\/uploads\/2016\/11\/manteiga-terra-electa.jpg","width":600,"height":600,"caption":"MANTEIGA BIO TERRA ELECTA 125G"},{"@type":"BreadcrumbList","@id":"https:\/\/biocabaz.pt\/web\/produto\/manteiga-bio-vrai-csal-250grs\/#breadcrumb","itemListElement":[{"@type":"ListItem","position":1,"name":"Home","item":"https:\/\/biocabaz.pt\/web\/"},{"@type":"ListItem","position":2,"name":"Loja","item":"https:\/\/biocabaz.pt\/web\/shop\/"},{"@type":"ListItem","position":3,"name":"MANTEIGA BIO VRAI S\/ SAL 250GRS"}]},{"@type":"WebSite","@id":"https:\/\/biocabaz.pt\/web\/#website","url":"https:\/\/biocabaz.pt\/web\/","name":"BIOCABAZ - CABAZES BIOL\u00d3GICOS","description":"O melhor que a terra d\u00e1 \u00e9 para si","potentialAction":[{"@type":"SearchAction","target":{"@type":"EntryPoint","urlTemplate":"https:\/\/biocabaz.pt\/web\/?s={search_term_string}"},"query-input":{"@type":"PropertyValueSpecification","valueRequired":true,"valueName":"search_term_string"}}],"inLanguage":"pt-PT"}]}},"_links":{"self":[{"href":"https:\/\/biocabaz.pt\/web\/wp-json\/wp\/v2\/product\/2644","targetHints":{"allow":["GET"]}}],"collection":[{"href":"https:\/\/biocabaz.pt\/web\/wp-json\/wp\/v2\/product"}],"about":[{"href":"https:\/\/biocabaz.pt\/web\/wp-json\/wp\/v2\/types\/product"}],"replies":[{"embeddable":true,"href":"https:\/\/biocabaz.pt\/web\/wp-json\/wp\/v2\/comments?post=2644"}],"wp:featuredmedia":[{"embeddable":true,"href":"https:\/\/biocabaz.pt\/web\/wp-json\/wp\/v2\/media\/74213"}],"wp:attachment":[{"href":"https:\/\/biocabaz.pt\/web\/wp-json\/wp\/v2\/media?parent=2644"}],"wp:term":[{"taxonomy":"product_cat","embeddable":true,"href":"https:\/\/biocabaz.pt\/web\/wp-json\/wp\/v2\/product_cat?post=2644"},{"taxonomy":"product_tag","embeddable":true,"href":"https:\/\/biocabaz.pt\/web\/wp-json\/wp\/v2\/product_tag?post=2644"}],"curies":[{"name":"wp","href":"https:\/\/api.w.org\/{rel}","templated":true}]}}