{"id":26181,"date":"2019-07-15T12:49:00","date_gmt":"2019-07-15T12:49:00","guid":{"rendered":"https:\/\/www.biocabaz.pt\/web\/?post_type=product&#038;p=26181"},"modified":"2023-04-15T14:39:31","modified_gmt":"2023-04-15T14:39:31","slug":"leite-meio-gordo-sem-lactose-bio-berchtesgadener-land-1lt","status":"publish","type":"product","link":"https:\/\/biocabaz.pt\/web\/produto\/leite-meio-gordo-sem-lactose-bio-berchtesgadener-land-1lt\/","title":{"rendered":"LEITE MEIO GORDO SEM LACTOSE BIO BERCHTESGADENER LAND 1LT"},"content":{"rendered":"<p><strong>Descri\u00e7\u00e3o <\/strong><br \/>\nIngredientes: LEITE meio-gordo*, enzima lactase. *de agricultura biol\u00f3gica.<\/p>\n<p><strong>Dados Nutricionais<\/strong><br \/>\nDeclara\u00e7\u00e3o Nutricional por 100ml:<br \/>\nEnergia: 201 kJ \/ 48 kcal;<br \/>\nL\u00edpidos: 1,6g &#8211; dos quais saturados 1g;<br \/>\nHidratos de carbono: 5,1g &#8211; dos quais a\u00e7\u00facares: 5,1g;<br \/>\nProte\u00ednas: 3,4g;<br \/>\nSal: 0,11g;<br \/>\nC\u00e1lcio 124mg**<br \/>\n** Corresponde a 15,5% do Valor de Refer\u00eancia do Nutriente.<\/p>\n<p><strong>Modo Utiliza\u00e7\u00e3o<\/strong><br \/>\nConservar \u00e0 temperatura ambiente. Depois de aberto, conservar no frigor\u00edfico e consumir no prazo de 3 a 4 dias.<\/p>\n","protected":false},"excerpt":{"rendered":"<p>Descri\u00e7\u00e3o Ingredientes: LEITE meio-gordo*, enzima lactase. *de agricultura biol\u00f3gica. Dados Nutricionais Declara\u00e7\u00e3o Nutricional por 100ml: Energia: 201 kJ \/ 48 kcal; L\u00edpidos: 1,6g &#8211; dos quais saturados 1g; Hidratos de carbono: 5,1g &#8211; dos quais a\u00e7\u00facares: 5,1g; Prote\u00ednas: 3,4g; Sal: 0,11g; C\u00e1lcio 124mg** ** Corresponde a 15,5% do Valor de Refer\u00eancia do Nutriente. Modo Utiliza\u00e7\u00e3o [&hellip;]<\/p>\n","protected":false},"featured_media":26169,"comment_status":"closed","ping_status":"closed","template":"","meta":[],"product_cat":[34],"product_tag":[],"class_list":["post-26181","product","type-product","status-publish","has-post-thumbnail","hentry","product_cat-leites-bebidas-vegetais"],"bundle_layout":"","bundled_by":[],"bundled_items":[],"yoast_head":"<!-- This site is optimized with the Yoast SEO plugin v26.3 - https:\/\/yoast.com\/wordpress\/plugins\/seo\/ -->\n<title>LEITE MEIO GORDO SEM LACTOSE BIO BERCHTESGADENER LAND 1LT<\/title>\n<meta name=\"robots\" content=\"index, follow, max-snippet:-1, max-image-preview:large, max-video-preview:-1\" \/>\n<link rel=\"canonical\" href=\"https:\/\/www.biocabaz.pt\/web\/en\/produto\/leite-meio-gordo-sem-lactose-bio-berchtesgadener-land-1lt\/\" \/>\n<meta property=\"og:locale\" content=\"pt_PT\" \/>\n<meta property=\"og:locale:alternate\" content=\"en_US\" \/>\n<meta property=\"og:type\" content=\"article\" \/>\n<meta property=\"og:title\" content=\"LEITE MEIO GORDO SEM LACTOSE BIO BERCHTESGADENER LAND 1LT\" \/>\n<meta property=\"og:description\" content=\"Descri\u00e7\u00e3o Ingredientes: LEITE meio-gordo*, enzima lactase. *de agricultura biol\u00f3gica. Dados Nutricionais Declara\u00e7\u00e3o Nutricional por 100ml: Energia: 201 kJ \/ 48 kcal; L\u00edpidos: 1,6g &#8211; dos quais saturados 1g; Hidratos de carbono: 5,1g &#8211; dos quais a\u00e7\u00facares: 5,1g; Prote\u00ednas: 3,4g; Sal: 0,11g; C\u00e1lcio 124mg** ** Corresponde a 15,5% do Valor de Refer\u00eancia do Nutriente. Modo Utiliza\u00e7\u00e3o [&hellip;]\" \/>\n<meta property=\"og:url\" content=\"https:\/\/biocabaz.pt\/web\/produto\/leite-meio-gordo-sem-lactose-bio-berchtesgadener-land-1lt\/\" \/>\n<meta property=\"og:site_name\" content=\"BIOCABAZ - CABAZES BIOL\u00d3GICOS\" \/>\n<meta property=\"article:modified_time\" content=\"2023-04-15T14:39:31+00:00\" \/>\n<meta property=\"og:image\" content=\"https:\/\/www.biocabaz.pt\/web\/wp-conteudos\/uploads\/2019\/07\/LEITE-MEIO-GORDO-SEM-LACTOSE-BIO-BERCHTESGADENER-LAND-1-LT.png\" \/>\n\t<meta property=\"og:image:width\" content=\"214\" \/>\n\t<meta property=\"og:image:height\" content=\"430\" \/>\n\t<meta property=\"og:image:type\" content=\"image\/png\" \/>\n<meta name=\"twitter:card\" content=\"summary_large_image\" \/>\n<meta name=\"twitter:label1\" content=\"Est. reading time\" \/>\n\t<meta name=\"twitter:data1\" content=\"1 minuto\" \/>\n<script type=\"application\/ld+json\" class=\"yoast-schema-graph\">{\"@context\":\"https:\/\/schema.org\",\"@graph\":[{\"@type\":\"WebPage\",\"@id\":\"https:\/\/www.biocabaz.pt\/web\/en\/produto\/leite-meio-gordo-sem-lactose-bio-berchtesgadener-land-1lt\/\",\"url\":\"https:\/\/www.biocabaz.pt\/web\/en\/produto\/leite-meio-gordo-sem-lactose-bio-berchtesgadener-land-1lt\/\",\"name\":\"LEITE MEIO GORDO SEM LACTOSE BIO BERCHTESGADENER LAND 1LT\",\"isPartOf\":{\"@id\":\"https:\/\/www.biocabaz.pt\/web\/en\/#website\"},\"primaryImageOfPage\":{\"@id\":\"https:\/\/www.biocabaz.pt\/web\/en\/produto\/leite-meio-gordo-sem-lactose-bio-berchtesgadener-land-1lt\/#primaryimage\"},\"image\":{\"@id\":\"https:\/\/www.biocabaz.pt\/web\/en\/produto\/leite-meio-gordo-sem-lactose-bio-berchtesgadener-land-1lt\/#primaryimage\"},\"thumbnailUrl\":\"https:\/\/www.biocabaz.pt\/web\/wp-conteudos\/uploads\/2019\/07\/LEITE-MEIO-GORDO-SEM-LACTOSE-BIO-BERCHTESGADENER-LAND-1-LT.png\",\"datePublished\":\"2019-07-15T12:49:00+00:00\",\"dateModified\":\"2023-04-15T14:39:31+00:00\",\"breadcrumb\":{\"@id\":\"https:\/\/www.biocabaz.pt\/web\/en\/produto\/leite-meio-gordo-sem-lactose-bio-berchtesgadener-land-1lt\/#breadcrumb\"},\"inLanguage\":\"pt-PT\",\"potentialAction\":[{\"@type\":\"ReadAction\",\"target\":[\"https:\/\/www.biocabaz.pt\/web\/en\/produto\/leite-meio-gordo-sem-lactose-bio-berchtesgadener-land-1lt\/\"]}]},{\"@type\":\"ImageObject\",\"inLanguage\":\"pt-PT\",\"@id\":\"https:\/\/www.biocabaz.pt\/web\/en\/produto\/leite-meio-gordo-sem-lactose-bio-berchtesgadener-land-1lt\/#primaryimage\",\"url\":\"https:\/\/www.biocabaz.pt\/web\/wp-conteudos\/uploads\/2019\/07\/LEITE-MEIO-GORDO-SEM-LACTOSE-BIO-BERCHTESGADENER-LAND-1-LT.png\",\"contentUrl\":\"https:\/\/www.biocabaz.pt\/web\/wp-conteudos\/uploads\/2019\/07\/LEITE-MEIO-GORDO-SEM-LACTOSE-BIO-BERCHTESGADENER-LAND-1-LT.png\",\"width\":214,\"height\":430,\"caption\":\"LEITE MEIO GORDO SEM LACTOSE BIO BERCHTESGADENER LAND 1LT\"},{\"@type\":\"BreadcrumbList\",\"@id\":\"https:\/\/www.biocabaz.pt\/web\/en\/produto\/leite-meio-gordo-sem-lactose-bio-berchtesgadener-land-1lt\/#breadcrumb\",\"itemListElement\":[{\"@type\":\"ListItem\",\"position\":1,\"name\":\"Home\",\"item\":\"https:\/\/www.biocabaz.pt\/web\/en\/\"},{\"@type\":\"ListItem\",\"position\":2,\"name\":\"Shop\",\"item\":\"https:\/\/www.biocabaz.pt\/web\/en\/shop\/\"},{\"@type\":\"ListItem\",\"position\":3,\"name\":\"BERCHTESGADENER LAND UHT ORGANIC ALPINE MILK LACTOSE-FREE 1.5% FAT\"}]},{\"@type\":\"WebSite\",\"@id\":\"https:\/\/www.biocabaz.pt\/web\/en\/#website\",\"url\":\"https:\/\/www.biocabaz.pt\/web\/en\/\",\"name\":\"BIOCABAZ - CABAZES BIOL\u00d3GICOS\",\"description\":\"O melhor que a terra d\u00e1 \u00e9 para si\",\"potentialAction\":[{\"@type\":\"SearchAction\",\"target\":{\"@type\":\"EntryPoint\",\"urlTemplate\":\"https:\/\/www.biocabaz.pt\/web\/en\/?s={search_term_string}\"},\"query-input\":{\"@type\":\"PropertyValueSpecification\",\"valueRequired\":true,\"valueName\":\"search_term_string\"}}],\"inLanguage\":\"pt-PT\"}]}<\/script>\n<!-- \/ Yoast SEO plugin. -->","yoast_head_json":{"title":"LEITE MEIO GORDO SEM LACTOSE BIO BERCHTESGADENER LAND 1LT","robots":{"index":"index","follow":"follow","max-snippet":"max-snippet:-1","max-image-preview":"max-image-preview:large","max-video-preview":"max-video-preview:-1"},"canonical":"https:\/\/www.biocabaz.pt\/web\/en\/produto\/leite-meio-gordo-sem-lactose-bio-berchtesgadener-land-1lt\/","og_locale":"pt_PT","og_type":"article","og_title":"[:en]BERCHTESGADENER LAND UHT ORGANIC ALPINE MILK LACTOSE-FREE 1.5% FAT[:pt]LEITE MEIO GORDO SEM LACTOSE BIO BERCHTESGADENER LAND 1LT[:] - BIOCABAZ - CABAZES BIOL\u00d3GICOS","og_description":"Descri\u00e7\u00e3o Ingredientes: LEITE meio-gordo*, enzima lactase. *de agricultura biol\u00f3gica. Dados Nutricionais Declara\u00e7\u00e3o Nutricional por 100ml: Energia: 201 kJ \/ 48 kcal; L\u00edpidos: 1,6g &#8211; dos quais saturados 1g; Hidratos de carbono: 5,1g &#8211; dos quais a\u00e7\u00facares: 5,1g; Prote\u00ednas: 3,4g; Sal: 0,11g; C\u00e1lcio 124mg** ** Corresponde a 15,5% do Valor de Refer\u00eancia do Nutriente. Modo Utiliza\u00e7\u00e3o [&hellip;]","og_url":"https:\/\/biocabaz.pt\/web\/produto\/leite-meio-gordo-sem-lactose-bio-berchtesgadener-land-1lt\/","og_site_name":"BIOCABAZ - CABAZES BIOL\u00d3GICOS","article_modified_time":"2023-04-15T14:39:31+00:00","og_image":[{"width":214,"height":430,"url":"https:\/\/www.biocabaz.pt\/web\/wp-conteudos\/uploads\/2019\/07\/LEITE-MEIO-GORDO-SEM-LACTOSE-BIO-BERCHTESGADENER-LAND-1-LT.png","type":"image\/png"}],"twitter_card":"summary_large_image","twitter_misc":{"Est. reading time":"1 minuto"},"schema":{"@context":"https:\/\/schema.org","@graph":[{"@type":"WebPage","@id":"https:\/\/www.biocabaz.pt\/web\/en\/produto\/leite-meio-gordo-sem-lactose-bio-berchtesgadener-land-1lt\/","url":"https:\/\/www.biocabaz.pt\/web\/en\/produto\/leite-meio-gordo-sem-lactose-bio-berchtesgadener-land-1lt\/","name":"LEITE MEIO GORDO SEM LACTOSE BIO BERCHTESGADENER LAND 1LT","isPartOf":{"@id":"https:\/\/www.biocabaz.pt\/web\/en\/#website"},"primaryImageOfPage":{"@id":"https:\/\/www.biocabaz.pt\/web\/en\/produto\/leite-meio-gordo-sem-lactose-bio-berchtesgadener-land-1lt\/#primaryimage"},"image":{"@id":"https:\/\/www.biocabaz.pt\/web\/en\/produto\/leite-meio-gordo-sem-lactose-bio-berchtesgadener-land-1lt\/#primaryimage"},"thumbnailUrl":"https:\/\/www.biocabaz.pt\/web\/wp-conteudos\/uploads\/2019\/07\/LEITE-MEIO-GORDO-SEM-LACTOSE-BIO-BERCHTESGADENER-LAND-1-LT.png","datePublished":"2019-07-15T12:49:00+00:00","dateModified":"2023-04-15T14:39:31+00:00","breadcrumb":{"@id":"https:\/\/www.biocabaz.pt\/web\/en\/produto\/leite-meio-gordo-sem-lactose-bio-berchtesgadener-land-1lt\/#breadcrumb"},"inLanguage":"pt-PT","potentialAction":[{"@type":"ReadAction","target":["https:\/\/www.biocabaz.pt\/web\/en\/produto\/leite-meio-gordo-sem-lactose-bio-berchtesgadener-land-1lt\/"]}]},{"@type":"ImageObject","inLanguage":"pt-PT","@id":"https:\/\/www.biocabaz.pt\/web\/en\/produto\/leite-meio-gordo-sem-lactose-bio-berchtesgadener-land-1lt\/#primaryimage","url":"https:\/\/www.biocabaz.pt\/web\/wp-conteudos\/uploads\/2019\/07\/LEITE-MEIO-GORDO-SEM-LACTOSE-BIO-BERCHTESGADENER-LAND-1-LT.png","contentUrl":"https:\/\/www.biocabaz.pt\/web\/wp-conteudos\/uploads\/2019\/07\/LEITE-MEIO-GORDO-SEM-LACTOSE-BIO-BERCHTESGADENER-LAND-1-LT.png","width":214,"height":430,"caption":"LEITE MEIO GORDO SEM LACTOSE BIO BERCHTESGADENER LAND 1LT"},{"@type":"BreadcrumbList","@id":"https:\/\/www.biocabaz.pt\/web\/en\/produto\/leite-meio-gordo-sem-lactose-bio-berchtesgadener-land-1lt\/#breadcrumb","itemListElement":[{"@type":"ListItem","position":1,"name":"Home","item":"https:\/\/www.biocabaz.pt\/web\/en\/"},{"@type":"ListItem","position":2,"name":"Shop","item":"https:\/\/www.biocabaz.pt\/web\/en\/shop\/"},{"@type":"ListItem","position":3,"name":"BERCHTESGADENER LAND UHT ORGANIC ALPINE MILK LACTOSE-FREE 1.5% FAT"}]},{"@type":"WebSite","@id":"https:\/\/www.biocabaz.pt\/web\/en\/#website","url":"https:\/\/www.biocabaz.pt\/web\/en\/","name":"BIOCABAZ - CABAZES BIOL\u00d3GICOS","description":"O melhor que a terra d\u00e1 \u00e9 para si","potentialAction":[{"@type":"SearchAction","target":{"@type":"EntryPoint","urlTemplate":"https:\/\/www.biocabaz.pt\/web\/en\/?s={search_term_string}"},"query-input":{"@type":"PropertyValueSpecification","valueRequired":true,"valueName":"search_term_string"}}],"inLanguage":"pt-PT"}]}},"_links":{"self":[{"href":"https:\/\/biocabaz.pt\/web\/wp-json\/wp\/v2\/product\/26181","targetHints":{"allow":["GET"]}}],"collection":[{"href":"https:\/\/biocabaz.pt\/web\/wp-json\/wp\/v2\/product"}],"about":[{"href":"https:\/\/biocabaz.pt\/web\/wp-json\/wp\/v2\/types\/product"}],"replies":[{"embeddable":true,"href":"https:\/\/biocabaz.pt\/web\/wp-json\/wp\/v2\/comments?post=26181"}],"wp:featuredmedia":[{"embeddable":true,"href":"https:\/\/biocabaz.pt\/web\/wp-json\/wp\/v2\/media\/26169"}],"wp:attachment":[{"href":"https:\/\/biocabaz.pt\/web\/wp-json\/wp\/v2\/media?parent=26181"}],"wp:term":[{"taxonomy":"product_cat","embeddable":true,"href":"https:\/\/biocabaz.pt\/web\/wp-json\/wp\/v2\/product_cat?post=26181"},{"taxonomy":"product_tag","embeddable":true,"href":"https:\/\/biocabaz.pt\/web\/wp-json\/wp\/v2\/product_tag?post=26181"}],"curies":[{"name":"wp","href":"https:\/\/api.w.org\/{rel}","templated":true}]}}