{"id":26180,"date":"2019-07-15T12:46:52","date_gmt":"2019-07-15T12:46:52","guid":{"rendered":"https:\/\/www.biocabaz.pt\/web\/?post_type=product&#038;p=26180"},"modified":"2023-04-15T14:39:47","modified_gmt":"2023-04-15T14:39:47","slug":"leite-gordo-sem-lactose-bio-berchtesgadener-land-1lt","status":"publish","type":"product","link":"https:\/\/biocabaz.pt\/web\/produto\/leite-gordo-sem-lactose-bio-berchtesgadener-land-1lt\/","title":{"rendered":"LEITE GORDO SEM LACTOSE BIO BERCHTESGADENER LAND 1LT"},"content":{"rendered":"","protected":false},"excerpt":{"rendered":"<p>Ingredientes: leite biol\u00f3gico com 3,5% de gordura, enzima lactase (sem lactose). Produzido com 100% de leite de vaca sem lactose de pastagens biol\u00f3gicas da Baviera. <br \/><b>Modo de Utiliza\u00e7\u00e3o:<\/b> Conservar a temperatura ambiente. Depois de aberto, manter no frigor\u00edfico e consumir dentro de 3-4 dias.<br \/><b>Dados Nutricionais:<\/b> Declara\u00e7\u00e3o Nutricional por 100g: Energia: 274KJ\/64Kcal; L\u00edpidos: 3,6g; dos quais saturados: 2,4g; Hidratos de carbono: 5,0g; dos quais a\u00e7\u00facares: 5,0g dos quais lactose: <0,1g; Prote\u00ednas: 3,3g; Sal: 0,11g; C\u00e1lcio: 124mg* (*15,5% do valor de refer\u00eancia do nutriente)\n<\/p>\n","protected":false},"featured_media":26167,"comment_status":"closed","ping_status":"closed","template":"","meta":[],"product_cat":[34],"product_tag":[],"class_list":["post-26180","product","type-product","status-publish","has-post-thumbnail","hentry","product_cat-leites-bebidas-vegetais"],"bundle_layout":"","bundled_by":[],"bundled_items":[],"yoast_head":"<!-- This site is optimized with the Yoast SEO plugin v26.3 - https:\/\/yoast.com\/wordpress\/plugins\/seo\/ -->\n<title>LEITE GORDO SEM LACTOSE BIO BERCHTESGADENER LAND 1LT<\/title>\n<meta name=\"robots\" content=\"index, follow, max-snippet:-1, max-image-preview:large, max-video-preview:-1\" \/>\n<link rel=\"canonical\" href=\"https:\/\/biocabaz.pt\/web\/produto\/leite-gordo-sem-lactose-bio-berchtesgadener-land-1lt\/\" \/>\n<meta property=\"og:locale\" content=\"pt_PT\" \/>\n<meta property=\"og:locale:alternate\" content=\"en_US\" \/>\n<meta property=\"og:type\" content=\"article\" \/>\n<meta property=\"og:title\" content=\"LEITE GORDO SEM LACTOSE BIO BERCHTESGADENER LAND 1LT\" \/>\n<meta property=\"og:description\" content=\"Ingredientes: leite biol\u00f3gico com 3,5% de gordura, enzima lactase (sem lactose). Produzido com 100% de leite de vaca sem lactose de pastagens biol\u00f3gicas da Baviera. Modo de Utiliza\u00e7\u00e3o: Conservar a temperatura ambiente. Depois de aberto, manter no frigor\u00edfico e consumir dentro de 3-4 dias.Dados Nutricionais: Declara\u00e7\u00e3o Nutricional por 100g: Energia: 274KJ\/64Kcal; L\u00edpidos: 3,6g; dos quais saturados: 2,4g; Hidratos de carbono: 5,0g; dos quais a\u00e7\u00facares: 5,0g dos quais lactose:\" \/>\n<meta property=\"og:url\" content=\"https:\/\/biocabaz.pt\/web\/produto\/leite-gordo-sem-lactose-bio-berchtesgadener-land-1lt\/\" \/>\n<meta property=\"og:site_name\" content=\"BIOCABAZ - CABAZES BIOL\u00d3GICOS\" \/>\n<meta property=\"article:modified_time\" content=\"2023-04-15T14:39:47+00:00\" \/>\n<meta property=\"og:image\" content=\"https:\/\/www.biocabaz.pt\/web\/wp-conteudos\/uploads\/2019\/07\/LEITE-GORDO-SEM-LACTOSE-BIO-BERCHTESGADENER-LAND-1-LT.jpg\" \/>\n\t<meta property=\"og:image:width\" content=\"290\" \/>\n\t<meta property=\"og:image:height\" content=\"550\" \/>\n\t<meta property=\"og:image:type\" content=\"image\/jpeg\" \/>\n<meta name=\"twitter:card\" content=\"summary_large_image\" \/>\n<script type=\"application\/ld+json\" class=\"yoast-schema-graph\">{\"@context\":\"https:\/\/schema.org\",\"@graph\":[{\"@type\":\"WebPage\",\"@id\":\"https:\/\/biocabaz.pt\/web\/produto\/leite-gordo-sem-lactose-bio-berchtesgadener-land-1lt\/\",\"url\":\"https:\/\/biocabaz.pt\/web\/produto\/leite-gordo-sem-lactose-bio-berchtesgadener-land-1lt\/\",\"name\":\"LEITE GORDO SEM LACTOSE BIO BERCHTESGADENER LAND 1LT\",\"isPartOf\":{\"@id\":\"https:\/\/biocabaz.pt\/web\/#website\"},\"primaryImageOfPage\":{\"@id\":\"https:\/\/biocabaz.pt\/web\/produto\/leite-gordo-sem-lactose-bio-berchtesgadener-land-1lt\/#primaryimage\"},\"image\":{\"@id\":\"https:\/\/biocabaz.pt\/web\/produto\/leite-gordo-sem-lactose-bio-berchtesgadener-land-1lt\/#primaryimage\"},\"thumbnailUrl\":\"https:\/\/www.biocabaz.pt\/web\/wp-conteudos\/uploads\/2019\/07\/LEITE-GORDO-SEM-LACTOSE-BIO-BERCHTESGADENER-LAND-1-LT.jpg\",\"datePublished\":\"2019-07-15T12:46:52+00:00\",\"dateModified\":\"2023-04-15T14:39:47+00:00\",\"breadcrumb\":{\"@id\":\"https:\/\/biocabaz.pt\/web\/produto\/leite-gordo-sem-lactose-bio-berchtesgadener-land-1lt\/#breadcrumb\"},\"inLanguage\":\"pt-PT\",\"potentialAction\":[{\"@type\":\"ReadAction\",\"target\":[\"https:\/\/biocabaz.pt\/web\/produto\/leite-gordo-sem-lactose-bio-berchtesgadener-land-1lt\/\"]}]},{\"@type\":\"ImageObject\",\"inLanguage\":\"pt-PT\",\"@id\":\"https:\/\/biocabaz.pt\/web\/produto\/leite-gordo-sem-lactose-bio-berchtesgadener-land-1lt\/#primaryimage\",\"url\":\"https:\/\/www.biocabaz.pt\/web\/wp-conteudos\/uploads\/2019\/07\/LEITE-GORDO-SEM-LACTOSE-BIO-BERCHTESGADENER-LAND-1-LT.jpg\",\"contentUrl\":\"https:\/\/www.biocabaz.pt\/web\/wp-conteudos\/uploads\/2019\/07\/LEITE-GORDO-SEM-LACTOSE-BIO-BERCHTESGADENER-LAND-1-LT.jpg\",\"width\":290,\"height\":550,\"caption\":\"LEITE GORDO SEM LACTOSE BIO BERCHTESGADENER LAND 1LT\"},{\"@type\":\"BreadcrumbList\",\"@id\":\"https:\/\/biocabaz.pt\/web\/produto\/leite-gordo-sem-lactose-bio-berchtesgadener-land-1lt\/#breadcrumb\",\"itemListElement\":[{\"@type\":\"ListItem\",\"position\":1,\"name\":\"Home\",\"item\":\"https:\/\/biocabaz.pt\/web\/\"},{\"@type\":\"ListItem\",\"position\":2,\"name\":\"Shop\",\"item\":\"https:\/\/www.biocabaz.pt\/web\/en\/shop\/\"},{\"@type\":\"ListItem\",\"position\":3,\"name\":\"LEITE GORDO SEM LACTOSE BIO BERCHTESGADENER LAND 1LT\"}]},{\"@type\":\"WebSite\",\"@id\":\"https:\/\/biocabaz.pt\/web\/#website\",\"url\":\"https:\/\/biocabaz.pt\/web\/\",\"name\":\"BIOCABAZ - CABAZES BIOL\u00d3GICOS\",\"description\":\"O melhor que a terra d\u00e1 \u00e9 para si\",\"potentialAction\":[{\"@type\":\"SearchAction\",\"target\":{\"@type\":\"EntryPoint\",\"urlTemplate\":\"https:\/\/biocabaz.pt\/web\/?s={search_term_string}\"},\"query-input\":{\"@type\":\"PropertyValueSpecification\",\"valueRequired\":true,\"valueName\":\"search_term_string\"}}],\"inLanguage\":\"pt-PT\"}]}<\/script>\n<!-- \/ Yoast SEO plugin. -->","yoast_head_json":{"title":"LEITE GORDO SEM LACTOSE BIO BERCHTESGADENER LAND 1LT","robots":{"index":"index","follow":"follow","max-snippet":"max-snippet:-1","max-image-preview":"max-image-preview:large","max-video-preview":"max-video-preview:-1"},"canonical":"https:\/\/biocabaz.pt\/web\/produto\/leite-gordo-sem-lactose-bio-berchtesgadener-land-1lt\/","og_locale":"pt_PT","og_type":"article","og_title":"[:en]BERCHTESGADENER LAND FULL FAT MILK LACTOSE FREE 1L[:pt]LEITE GORDO SEM LACTOSE BIO BERCHTESGADENER LAND 1LT[:] - BIOCABAZ - CABAZES BIOL\u00d3GICOS","og_description":"Ingredientes: leite biol\u00f3gico com 3,5% de gordura, enzima lactase (sem lactose). Produzido com 100% de leite de vaca sem lactose de pastagens biol\u00f3gicas da Baviera. Modo de Utiliza\u00e7\u00e3o: Conservar a temperatura ambiente. Depois de aberto, manter no frigor\u00edfico e consumir dentro de 3-4 dias.Dados Nutricionais: Declara\u00e7\u00e3o Nutricional por 100g: Energia: 274KJ\/64Kcal; L\u00edpidos: 3,6g; dos quais saturados: 2,4g; Hidratos de carbono: 5,0g; dos quais a\u00e7\u00facares: 5,0g dos quais lactose:","og_url":"https:\/\/biocabaz.pt\/web\/produto\/leite-gordo-sem-lactose-bio-berchtesgadener-land-1lt\/","og_site_name":"BIOCABAZ - CABAZES BIOL\u00d3GICOS","article_modified_time":"2023-04-15T14:39:47+00:00","og_image":[{"width":290,"height":550,"url":"https:\/\/www.biocabaz.pt\/web\/wp-conteudos\/uploads\/2019\/07\/LEITE-GORDO-SEM-LACTOSE-BIO-BERCHTESGADENER-LAND-1-LT.jpg","type":"image\/jpeg"}],"twitter_card":"summary_large_image","schema":{"@context":"https:\/\/schema.org","@graph":[{"@type":"WebPage","@id":"https:\/\/biocabaz.pt\/web\/produto\/leite-gordo-sem-lactose-bio-berchtesgadener-land-1lt\/","url":"https:\/\/biocabaz.pt\/web\/produto\/leite-gordo-sem-lactose-bio-berchtesgadener-land-1lt\/","name":"LEITE GORDO SEM LACTOSE BIO BERCHTESGADENER LAND 1LT","isPartOf":{"@id":"https:\/\/biocabaz.pt\/web\/#website"},"primaryImageOfPage":{"@id":"https:\/\/biocabaz.pt\/web\/produto\/leite-gordo-sem-lactose-bio-berchtesgadener-land-1lt\/#primaryimage"},"image":{"@id":"https:\/\/biocabaz.pt\/web\/produto\/leite-gordo-sem-lactose-bio-berchtesgadener-land-1lt\/#primaryimage"},"thumbnailUrl":"https:\/\/www.biocabaz.pt\/web\/wp-conteudos\/uploads\/2019\/07\/LEITE-GORDO-SEM-LACTOSE-BIO-BERCHTESGADENER-LAND-1-LT.jpg","datePublished":"2019-07-15T12:46:52+00:00","dateModified":"2023-04-15T14:39:47+00:00","breadcrumb":{"@id":"https:\/\/biocabaz.pt\/web\/produto\/leite-gordo-sem-lactose-bio-berchtesgadener-land-1lt\/#breadcrumb"},"inLanguage":"pt-PT","potentialAction":[{"@type":"ReadAction","target":["https:\/\/biocabaz.pt\/web\/produto\/leite-gordo-sem-lactose-bio-berchtesgadener-land-1lt\/"]}]},{"@type":"ImageObject","inLanguage":"pt-PT","@id":"https:\/\/biocabaz.pt\/web\/produto\/leite-gordo-sem-lactose-bio-berchtesgadener-land-1lt\/#primaryimage","url":"https:\/\/www.biocabaz.pt\/web\/wp-conteudos\/uploads\/2019\/07\/LEITE-GORDO-SEM-LACTOSE-BIO-BERCHTESGADENER-LAND-1-LT.jpg","contentUrl":"https:\/\/www.biocabaz.pt\/web\/wp-conteudos\/uploads\/2019\/07\/LEITE-GORDO-SEM-LACTOSE-BIO-BERCHTESGADENER-LAND-1-LT.jpg","width":290,"height":550,"caption":"LEITE GORDO SEM LACTOSE BIO BERCHTESGADENER LAND 1LT"},{"@type":"BreadcrumbList","@id":"https:\/\/biocabaz.pt\/web\/produto\/leite-gordo-sem-lactose-bio-berchtesgadener-land-1lt\/#breadcrumb","itemListElement":[{"@type":"ListItem","position":1,"name":"Home","item":"https:\/\/biocabaz.pt\/web\/"},{"@type":"ListItem","position":2,"name":"Shop","item":"https:\/\/www.biocabaz.pt\/web\/en\/shop\/"},{"@type":"ListItem","position":3,"name":"LEITE GORDO SEM LACTOSE BIO BERCHTESGADENER LAND 1LT"}]},{"@type":"WebSite","@id":"https:\/\/biocabaz.pt\/web\/#website","url":"https:\/\/biocabaz.pt\/web\/","name":"BIOCABAZ - CABAZES BIOL\u00d3GICOS","description":"O melhor que a terra d\u00e1 \u00e9 para si","potentialAction":[{"@type":"SearchAction","target":{"@type":"EntryPoint","urlTemplate":"https:\/\/biocabaz.pt\/web\/?s={search_term_string}"},"query-input":{"@type":"PropertyValueSpecification","valueRequired":true,"valueName":"search_term_string"}}],"inLanguage":"pt-PT"}]}},"_links":{"self":[{"href":"https:\/\/biocabaz.pt\/web\/wp-json\/wp\/v2\/product\/26180","targetHints":{"allow":["GET"]}}],"collection":[{"href":"https:\/\/biocabaz.pt\/web\/wp-json\/wp\/v2\/product"}],"about":[{"href":"https:\/\/biocabaz.pt\/web\/wp-json\/wp\/v2\/types\/product"}],"replies":[{"embeddable":true,"href":"https:\/\/biocabaz.pt\/web\/wp-json\/wp\/v2\/comments?post=26180"}],"wp:featuredmedia":[{"embeddable":true,"href":"https:\/\/biocabaz.pt\/web\/wp-json\/wp\/v2\/media\/26167"}],"wp:attachment":[{"href":"https:\/\/biocabaz.pt\/web\/wp-json\/wp\/v2\/media?parent=26180"}],"wp:term":[{"taxonomy":"product_cat","embeddable":true,"href":"https:\/\/biocabaz.pt\/web\/wp-json\/wp\/v2\/product_cat?post=26180"},{"taxonomy":"product_tag","embeddable":true,"href":"https:\/\/biocabaz.pt\/web\/wp-json\/wp\/v2\/product_tag?post=26180"}],"curies":[{"name":"wp","href":"https:\/\/api.w.org\/{rel}","templated":true}]}}