{"id":26178,"date":"2019-07-15T12:43:39","date_gmt":"2019-07-15T12:43:39","guid":{"rendered":"https:\/\/www.biocabaz.pt\/web\/?post_type=product&#038;p=26178"},"modified":"2023-04-15T14:40:07","modified_gmt":"2023-04-15T14:40:07","slug":"leite-meio-gordo-bio-berchtesgadener-land-1lt","status":"publish","type":"product","link":"https:\/\/biocabaz.pt\/web\/produto\/leite-meio-gordo-bio-berchtesgadener-land-1lt\/","title":{"rendered":"LEITE MEIO GORDO BIO BERCHTESGADENER LAND 1LT"},"content":{"rendered":"<p><strong>Descri\u00e7\u00e3o <\/strong><br \/>\nIngredientes: Leite de vaca meio-gordo (com 1,5% de mat\u00e9ria gorda de agricultura biol\u00f3gica.<\/p>\n<p><strong>Dados Nutricionais<\/strong><br \/>\nDeclara\u00e7\u00e3o Nutricional por 100ml:<br \/>\nEnergia: 201 kJ \/ 48 kcal;<br \/>\nL\u00edpidos: 1,6g &#8211; dos quais saturados: 1g;<br \/>\nHidratos de carbono: 5,1g &#8211; dos quais a\u00e7\u00facares: 5,1g;<br \/>\nProte\u00ednas: 3,4g;<br \/>\nSal: 0,11g;<br \/>\nC\u00e1lcio: 124mg (15,5% do Valor de Refer\u00eancia do Nutriente).<\/p>\n<p><strong>Modo Utiliza\u00e7\u00e3o<\/strong><br \/>\nConservar \u00e0 temperatura ambiente. Depois de aberto, conservar no frigor\u00edfico e consumir no prazo de 3 a 4 dias.<\/p>\n","protected":false},"excerpt":{"rendered":"<p>Descri\u00e7\u00e3o Ingredientes: Leite de vaca meio-gordo (com 1,5% de mat\u00e9ria gorda de agricultura biol\u00f3gica. Dados Nutricionais Declara\u00e7\u00e3o Nutricional por 100ml: Energia: 201 kJ \/ 48 kcal; L\u00edpidos: 1,6g &#8211; dos quais saturados: 1g; Hidratos de carbono: 5,1g &#8211; dos quais a\u00e7\u00facares: 5,1g; Prote\u00ednas: 3,4g; Sal: 0,11g; C\u00e1lcio: 124mg (15,5% do Valor de Refer\u00eancia do Nutriente). [&hellip;]<\/p>\n","protected":false},"featured_media":26179,"comment_status":"closed","ping_status":"closed","template":"","meta":[],"product_cat":[34],"product_tag":[],"class_list":["post-26178","product","type-product","status-publish","has-post-thumbnail","hentry","product_cat-leites-bebidas-vegetais"],"bundle_layout":"","bundled_by":[],"bundled_items":[],"yoast_head":"<!-- This site is optimized with the Yoast SEO plugin v26.3 - https:\/\/yoast.com\/wordpress\/plugins\/seo\/ -->\n<title>LEITE MEIO GORDO BIO BERCHTESGADENER LAND 1LT<\/title>\n<meta name=\"robots\" content=\"index, follow, max-snippet:-1, max-image-preview:large, max-video-preview:-1\" \/>\n<link rel=\"canonical\" href=\"https:\/\/www.biocabaz.pt\/web\/produto\/leite-meio-gordo-bio-berchtesgadener-land-1lt\/\" \/>\n<meta property=\"og:locale\" content=\"pt_PT\" \/>\n<meta property=\"og:locale:alternate\" content=\"en_US\" \/>\n<meta property=\"og:type\" content=\"article\" \/>\n<meta property=\"og:title\" content=\"LEITE MEIO GORDO BIO BERCHTESGADENER LAND 1LT\" \/>\n<meta property=\"og:description\" content=\"Descri\u00e7\u00e3o Ingredientes: Leite de vaca meio-gordo (com 1,5% de mat\u00e9ria gorda de agricultura biol\u00f3gica. Dados Nutricionais Declara\u00e7\u00e3o Nutricional por 100ml: Energia: 201 kJ \/ 48 kcal; L\u00edpidos: 1,6g &#8211; dos quais saturados: 1g; Hidratos de carbono: 5,1g &#8211; dos quais a\u00e7\u00facares: 5,1g; Prote\u00ednas: 3,4g; Sal: 0,11g; C\u00e1lcio: 124mg (15,5% do Valor de Refer\u00eancia do Nutriente). [&hellip;]\" \/>\n<meta property=\"og:url\" content=\"https:\/\/biocabaz.pt\/web\/produto\/leite-meio-gordo-bio-berchtesgadener-land-1lt\/\" \/>\n<meta property=\"og:site_name\" content=\"BIOCABAZ - CABAZES BIOL\u00d3GICOS\" \/>\n<meta property=\"article:modified_time\" content=\"2023-04-15T14:40:07+00:00\" \/>\n<meta property=\"og:image\" content=\"https:\/\/www.biocabaz.pt\/web\/wp-conteudos\/uploads\/2019\/07\/LEITE-MEIO-GORDO-BIO-BERCHTESGADENER-LAND-1-LT.jpg\" \/>\n\t<meta property=\"og:image:width\" content=\"257\" \/>\n\t<meta property=\"og:image:height\" content=\"500\" \/>\n\t<meta property=\"og:image:type\" content=\"image\/jpeg\" \/>\n<meta name=\"twitter:card\" content=\"summary_large_image\" \/>\n<meta name=\"twitter:label1\" content=\"Est. reading time\" \/>\n\t<meta name=\"twitter:data1\" content=\"1 minuto\" \/>\n<script type=\"application\/ld+json\" class=\"yoast-schema-graph\">{\"@context\":\"https:\/\/schema.org\",\"@graph\":[{\"@type\":\"WebPage\",\"@id\":\"https:\/\/www.biocabaz.pt\/web\/produto\/leite-meio-gordo-bio-berchtesgadener-land-1lt\/\",\"url\":\"https:\/\/www.biocabaz.pt\/web\/produto\/leite-meio-gordo-bio-berchtesgadener-land-1lt\/\",\"name\":\"LEITE MEIO GORDO BIO BERCHTESGADENER LAND 1LT\",\"isPartOf\":{\"@id\":\"https:\/\/biocabaz.pt\/web\/#website\"},\"primaryImageOfPage\":{\"@id\":\"https:\/\/www.biocabaz.pt\/web\/produto\/leite-meio-gordo-bio-berchtesgadener-land-1lt\/#primaryimage\"},\"image\":{\"@id\":\"https:\/\/www.biocabaz.pt\/web\/produto\/leite-meio-gordo-bio-berchtesgadener-land-1lt\/#primaryimage\"},\"thumbnailUrl\":\"https:\/\/www.biocabaz.pt\/web\/wp-conteudos\/uploads\/2019\/07\/LEITE-MEIO-GORDO-BIO-BERCHTESGADENER-LAND-1-LT.jpg\",\"datePublished\":\"2019-07-15T12:43:39+00:00\",\"dateModified\":\"2023-04-15T14:40:07+00:00\",\"breadcrumb\":{\"@id\":\"https:\/\/www.biocabaz.pt\/web\/produto\/leite-meio-gordo-bio-berchtesgadener-land-1lt\/#breadcrumb\"},\"inLanguage\":\"pt-PT\",\"potentialAction\":[{\"@type\":\"ReadAction\",\"target\":[\"https:\/\/www.biocabaz.pt\/web\/produto\/leite-meio-gordo-bio-berchtesgadener-land-1lt\/\"]}]},{\"@type\":\"ImageObject\",\"inLanguage\":\"pt-PT\",\"@id\":\"https:\/\/www.biocabaz.pt\/web\/produto\/leite-meio-gordo-bio-berchtesgadener-land-1lt\/#primaryimage\",\"url\":\"https:\/\/www.biocabaz.pt\/web\/wp-conteudos\/uploads\/2019\/07\/LEITE-MEIO-GORDO-BIO-BERCHTESGADENER-LAND-1-LT.jpg\",\"contentUrl\":\"https:\/\/www.biocabaz.pt\/web\/wp-conteudos\/uploads\/2019\/07\/LEITE-MEIO-GORDO-BIO-BERCHTESGADENER-LAND-1-LT.jpg\",\"width\":257,\"height\":500,\"caption\":\"LEITE MEIO GORDO BIO BERCHTESGADENER LAND 1LT\"},{\"@type\":\"BreadcrumbList\",\"@id\":\"https:\/\/www.biocabaz.pt\/web\/produto\/leite-meio-gordo-bio-berchtesgadener-land-1lt\/#breadcrumb\",\"itemListElement\":[{\"@type\":\"ListItem\",\"position\":1,\"name\":\"Home\",\"item\":\"https:\/\/biocabaz.pt\/web\/\"},{\"@type\":\"ListItem\",\"position\":2,\"name\":\"Loja\",\"item\":\"https:\/\/biocabaz.pt\/web\/shop\/\"},{\"@type\":\"ListItem\",\"position\":3,\"name\":\"LEITE MEIO GORDO BIO BERCHTESGADENER LAND 1LT\"}]},{\"@type\":\"WebSite\",\"@id\":\"https:\/\/biocabaz.pt\/web\/#website\",\"url\":\"https:\/\/biocabaz.pt\/web\/\",\"name\":\"BIOCABAZ - CABAZES BIOL\u00d3GICOS\",\"description\":\"O melhor que a terra d\u00e1 \u00e9 para si\",\"potentialAction\":[{\"@type\":\"SearchAction\",\"target\":{\"@type\":\"EntryPoint\",\"urlTemplate\":\"https:\/\/biocabaz.pt\/web\/?s={search_term_string}\"},\"query-input\":{\"@type\":\"PropertyValueSpecification\",\"valueRequired\":true,\"valueName\":\"search_term_string\"}}],\"inLanguage\":\"pt-PT\"}]}<\/script>\n<!-- \/ Yoast SEO plugin. -->","yoast_head_json":{"title":"LEITE MEIO GORDO BIO BERCHTESGADENER LAND 1LT","robots":{"index":"index","follow":"follow","max-snippet":"max-snippet:-1","max-image-preview":"max-image-preview:large","max-video-preview":"max-video-preview:-1"},"canonical":"https:\/\/www.biocabaz.pt\/web\/produto\/leite-meio-gordo-bio-berchtesgadener-land-1lt\/","og_locale":"pt_PT","og_type":"article","og_title":"[:en]BERCHTESGADENER LAND UHT ORGANIC ALPINE MILK 1.5% FAT[:pt]LEITE MEIO GORDO BIO BERCHTESGADENER LAND 1LT[:] - BIOCABAZ - CABAZES BIOL\u00d3GICOS","og_description":"Descri\u00e7\u00e3o Ingredientes: Leite de vaca meio-gordo (com 1,5% de mat\u00e9ria gorda de agricultura biol\u00f3gica. Dados Nutricionais Declara\u00e7\u00e3o Nutricional por 100ml: Energia: 201 kJ \/ 48 kcal; L\u00edpidos: 1,6g &#8211; dos quais saturados: 1g; Hidratos de carbono: 5,1g &#8211; dos quais a\u00e7\u00facares: 5,1g; Prote\u00ednas: 3,4g; Sal: 0,11g; C\u00e1lcio: 124mg (15,5% do Valor de Refer\u00eancia do Nutriente). [&hellip;]","og_url":"https:\/\/biocabaz.pt\/web\/produto\/leite-meio-gordo-bio-berchtesgadener-land-1lt\/","og_site_name":"BIOCABAZ - CABAZES BIOL\u00d3GICOS","article_modified_time":"2023-04-15T14:40:07+00:00","og_image":[{"width":257,"height":500,"url":"https:\/\/www.biocabaz.pt\/web\/wp-conteudos\/uploads\/2019\/07\/LEITE-MEIO-GORDO-BIO-BERCHTESGADENER-LAND-1-LT.jpg","type":"image\/jpeg"}],"twitter_card":"summary_large_image","twitter_misc":{"Est. reading time":"1 minuto"},"schema":{"@context":"https:\/\/schema.org","@graph":[{"@type":"WebPage","@id":"https:\/\/www.biocabaz.pt\/web\/produto\/leite-meio-gordo-bio-berchtesgadener-land-1lt\/","url":"https:\/\/www.biocabaz.pt\/web\/produto\/leite-meio-gordo-bio-berchtesgadener-land-1lt\/","name":"LEITE MEIO GORDO BIO BERCHTESGADENER LAND 1LT","isPartOf":{"@id":"https:\/\/biocabaz.pt\/web\/#website"},"primaryImageOfPage":{"@id":"https:\/\/www.biocabaz.pt\/web\/produto\/leite-meio-gordo-bio-berchtesgadener-land-1lt\/#primaryimage"},"image":{"@id":"https:\/\/www.biocabaz.pt\/web\/produto\/leite-meio-gordo-bio-berchtesgadener-land-1lt\/#primaryimage"},"thumbnailUrl":"https:\/\/www.biocabaz.pt\/web\/wp-conteudos\/uploads\/2019\/07\/LEITE-MEIO-GORDO-BIO-BERCHTESGADENER-LAND-1-LT.jpg","datePublished":"2019-07-15T12:43:39+00:00","dateModified":"2023-04-15T14:40:07+00:00","breadcrumb":{"@id":"https:\/\/www.biocabaz.pt\/web\/produto\/leite-meio-gordo-bio-berchtesgadener-land-1lt\/#breadcrumb"},"inLanguage":"pt-PT","potentialAction":[{"@type":"ReadAction","target":["https:\/\/www.biocabaz.pt\/web\/produto\/leite-meio-gordo-bio-berchtesgadener-land-1lt\/"]}]},{"@type":"ImageObject","inLanguage":"pt-PT","@id":"https:\/\/www.biocabaz.pt\/web\/produto\/leite-meio-gordo-bio-berchtesgadener-land-1lt\/#primaryimage","url":"https:\/\/www.biocabaz.pt\/web\/wp-conteudos\/uploads\/2019\/07\/LEITE-MEIO-GORDO-BIO-BERCHTESGADENER-LAND-1-LT.jpg","contentUrl":"https:\/\/www.biocabaz.pt\/web\/wp-conteudos\/uploads\/2019\/07\/LEITE-MEIO-GORDO-BIO-BERCHTESGADENER-LAND-1-LT.jpg","width":257,"height":500,"caption":"LEITE MEIO GORDO BIO BERCHTESGADENER LAND 1LT"},{"@type":"BreadcrumbList","@id":"https:\/\/www.biocabaz.pt\/web\/produto\/leite-meio-gordo-bio-berchtesgadener-land-1lt\/#breadcrumb","itemListElement":[{"@type":"ListItem","position":1,"name":"Home","item":"https:\/\/biocabaz.pt\/web\/"},{"@type":"ListItem","position":2,"name":"Loja","item":"https:\/\/biocabaz.pt\/web\/shop\/"},{"@type":"ListItem","position":3,"name":"LEITE MEIO GORDO BIO BERCHTESGADENER LAND 1LT"}]},{"@type":"WebSite","@id":"https:\/\/biocabaz.pt\/web\/#website","url":"https:\/\/biocabaz.pt\/web\/","name":"BIOCABAZ - CABAZES BIOL\u00d3GICOS","description":"O melhor que a terra d\u00e1 \u00e9 para si","potentialAction":[{"@type":"SearchAction","target":{"@type":"EntryPoint","urlTemplate":"https:\/\/biocabaz.pt\/web\/?s={search_term_string}"},"query-input":{"@type":"PropertyValueSpecification","valueRequired":true,"valueName":"search_term_string"}}],"inLanguage":"pt-PT"}]}},"_links":{"self":[{"href":"https:\/\/biocabaz.pt\/web\/wp-json\/wp\/v2\/product\/26178","targetHints":{"allow":["GET"]}}],"collection":[{"href":"https:\/\/biocabaz.pt\/web\/wp-json\/wp\/v2\/product"}],"about":[{"href":"https:\/\/biocabaz.pt\/web\/wp-json\/wp\/v2\/types\/product"}],"replies":[{"embeddable":true,"href":"https:\/\/biocabaz.pt\/web\/wp-json\/wp\/v2\/comments?post=26178"}],"wp:featuredmedia":[{"embeddable":true,"href":"https:\/\/biocabaz.pt\/web\/wp-json\/wp\/v2\/media\/26179"}],"wp:attachment":[{"href":"https:\/\/biocabaz.pt\/web\/wp-json\/wp\/v2\/media?parent=26178"}],"wp:term":[{"taxonomy":"product_cat","embeddable":true,"href":"https:\/\/biocabaz.pt\/web\/wp-json\/wp\/v2\/product_cat?post=26178"},{"taxonomy":"product_tag","embeddable":true,"href":"https:\/\/biocabaz.pt\/web\/wp-json\/wp\/v2\/product_tag?post=26178"}],"curies":[{"name":"wp","href":"https:\/\/api.w.org\/{rel}","templated":true}]}}