{"id":25869,"date":"2019-07-08T09:50:20","date_gmt":"2019-07-08T09:50:20","guid":{"rendered":"https:\/\/www.biocabaz.pt\/web\/?post_type=product&#038;p=25869"},"modified":"2021-01-28T10:47:28","modified_gmt":"2021-01-28T10:47:28","slug":"hiposal-bio-100g-soria-natural","status":"publish","type":"product","link":"https:\/\/biocabaz.pt\/web\/produto\/hiposal-bio-100g-soria-natural\/","title":{"rendered":"HIPOSAL BIO 100G SORIA NATURAL"},"content":{"rendered":"<p><strong>Descri\u00e7\u00e3o <\/strong><br \/>\nIngredientes: prepara\u00e7\u00e3o \u00e0 base de cloreto de pot\u00e1ssio a que foram adicionadas ervas arom\u00e1ticas e vegetais desidratados, que proporcionam aroma e sabor. Potenciador de sabor: cloreto de pot\u00e1ssio (78,68%), legumes (13,07%) (cenoura, alho-por\u00f3 verde, aipo, cebola, alho, cebolinha), frutose, antiespumantes: carbonato de magn\u00e9sio e di\u00f3xido de sil\u00edcio, especiarias arom\u00e1ticas ( 0,73%) (salsa, manjerona, tomilho e alecrim). Sem corantes ou conservantes. Pode conter tra\u00e7os de soja.<\/p>\n<p><strong>Dados Nutricionais<\/strong><br \/>\nDeclara\u00e7\u00e3o Nutricional por 100g:<br \/>\nEnergia: 241kJ\/57kcal;<br \/>\nL\u00edpidos: 0g &#8211; dos quais saturados: 0g;<br \/>\nHidratos de Carbono: 11g \u2013 dos quais a\u00e7\u00facares \u2013 8,2g;<br \/>\nFibra: 2,9g;<br \/>\nProte\u00ednas &#8211; 1,8g;<br \/>\nSal: 2g.<\/p>\n<p><strong>Modo Utiliza\u00e7\u00e3o<\/strong><br \/>\nPara aromatizar todos os tipos de alimentos: guisados, assados, carnes, peixes, etc. Conservar em local seco e fresco.<\/p>\n","protected":false},"excerpt":{"rendered":"<p>Descri\u00e7\u00e3o Ingredientes: prepara\u00e7\u00e3o \u00e0 base de cloreto de pot\u00e1ssio a que foram adicionadas ervas arom\u00e1ticas e vegetais desidratados, que proporcionam aroma e sabor. Potenciador de sabor: cloreto de pot\u00e1ssio (78,68%), legumes (13,07%) (cenoura, alho-por\u00f3 verde, aipo, cebola, alho, cebolinha), frutose, antiespumantes: carbonato de magn\u00e9sio e di\u00f3xido de sil\u00edcio, especiarias arom\u00e1ticas ( 0,73%) (salsa, manjerona, tomilho [&hellip;]<\/p>\n","protected":false},"featured_media":25870,"comment_status":"closed","ping_status":"closed","template":"","meta":[],"product_cat":[27],"product_tag":[],"class_list":["post-25869","product","type-product","status-publish","has-post-thumbnail","hentry","product_cat-sal-especiarias-temperos"],"bundle_layout":"","bundled_by":[],"bundled_items":[],"yoast_head":"<!-- This site is optimized with the Yoast SEO plugin v26.3 - https:\/\/yoast.com\/wordpress\/plugins\/seo\/ -->\n<title>HIPOSAL BIO 100G SORIA NATURAL<\/title>\n<meta name=\"robots\" content=\"index, follow, max-snippet:-1, max-image-preview:large, max-video-preview:-1\" \/>\n<link rel=\"canonical\" href=\"https:\/\/biocabaz.pt\/web\/produto\/hiposal-bio-100g-soria-natural\/\" \/>\n<meta property=\"og:locale\" content=\"pt_PT\" \/>\n<meta property=\"og:locale:alternate\" content=\"en_US\" \/>\n<meta property=\"og:type\" content=\"article\" \/>\n<meta property=\"og:title\" content=\"HIPOSAL BIO 100G SORIA NATURAL\" \/>\n<meta property=\"og:description\" content=\"Descri\u00e7\u00e3o Ingredientes: prepara\u00e7\u00e3o \u00e0 base de cloreto de pot\u00e1ssio a que foram adicionadas ervas arom\u00e1ticas e vegetais desidratados, que proporcionam aroma e sabor. Potenciador de sabor: cloreto de pot\u00e1ssio (78,68%), legumes (13,07%) (cenoura, alho-por\u00f3 verde, aipo, cebola, alho, cebolinha), frutose, antiespumantes: carbonato de magn\u00e9sio e di\u00f3xido de sil\u00edcio, especiarias arom\u00e1ticas ( 0,73%) (salsa, manjerona, tomilho [&hellip;]\" \/>\n<meta property=\"og:url\" content=\"https:\/\/biocabaz.pt\/web\/produto\/hiposal-bio-100g-soria-natural\/\" \/>\n<meta property=\"og:site_name\" content=\"BIOCABAZ - CABAZES BIOL\u00d3GICOS\" \/>\n<meta property=\"article:modified_time\" content=\"2021-01-28T10:47:28+00:00\" \/>\n<meta property=\"og:image\" content=\"https:\/\/www.biocabaz.pt\/web\/wp-conteudos\/uploads\/2019\/07\/HIPOSAL-BIO-100G-SORIA-NATURAL-e1562579383938.jpg\" \/>\n\t<meta property=\"og:image:width\" content=\"344\" \/>\n\t<meta property=\"og:image:height\" content=\"754\" \/>\n\t<meta property=\"og:image:type\" content=\"image\/jpeg\" \/>\n<meta name=\"twitter:card\" content=\"summary_large_image\" \/>\n<meta name=\"twitter:label1\" content=\"Est. reading time\" \/>\n\t<meta name=\"twitter:data1\" content=\"1 minuto\" \/>\n<script type=\"application\/ld+json\" class=\"yoast-schema-graph\">{\"@context\":\"https:\/\/schema.org\",\"@graph\":[{\"@type\":\"WebPage\",\"@id\":\"https:\/\/biocabaz.pt\/web\/en\/produto\/hiposal-bio-100g-soria-natural\/\",\"url\":\"https:\/\/biocabaz.pt\/web\/en\/produto\/hiposal-bio-100g-soria-natural\/\",\"name\":\"HIPOSAL BIO 100G SORIA NATURAL\",\"isPartOf\":{\"@id\":\"https:\/\/biocabaz.pt\/web\/en\/#website\"},\"primaryImageOfPage\":{\"@id\":\"https:\/\/biocabaz.pt\/web\/en\/produto\/hiposal-bio-100g-soria-natural\/#primaryimage\"},\"image\":{\"@id\":\"https:\/\/biocabaz.pt\/web\/en\/produto\/hiposal-bio-100g-soria-natural\/#primaryimage\"},\"thumbnailUrl\":\"https:\/\/www.biocabaz.pt\/web\/wp-conteudos\/uploads\/2019\/07\/HIPOSAL-BIO-100G-SORIA-NATURAL-e1562579383938.jpg\",\"datePublished\":\"2019-07-08T09:50:20+00:00\",\"dateModified\":\"2021-01-28T10:47:28+00:00\",\"breadcrumb\":{\"@id\":\"https:\/\/biocabaz.pt\/web\/en\/produto\/hiposal-bio-100g-soria-natural\/#breadcrumb\"},\"inLanguage\":\"pt-PT\",\"potentialAction\":[{\"@type\":\"ReadAction\",\"target\":[\"https:\/\/biocabaz.pt\/web\/en\/produto\/hiposal-bio-100g-soria-natural\/\"]}]},{\"@type\":\"ImageObject\",\"inLanguage\":\"pt-PT\",\"@id\":\"https:\/\/biocabaz.pt\/web\/en\/produto\/hiposal-bio-100g-soria-natural\/#primaryimage\",\"url\":\"https:\/\/www.biocabaz.pt\/web\/wp-conteudos\/uploads\/2019\/07\/HIPOSAL-BIO-100G-SORIA-NATURAL-e1562579383938.jpg\",\"contentUrl\":\"https:\/\/www.biocabaz.pt\/web\/wp-conteudos\/uploads\/2019\/07\/HIPOSAL-BIO-100G-SORIA-NATURAL-e1562579383938.jpg\",\"width\":344,\"height\":754,\"caption\":\"HIPOSAL BIO 100G SORIA NATURAL\"},{\"@type\":\"BreadcrumbList\",\"@id\":\"https:\/\/biocabaz.pt\/web\/en\/produto\/hiposal-bio-100g-soria-natural\/#breadcrumb\",\"itemListElement\":[{\"@type\":\"ListItem\",\"position\":1,\"name\":\"Home\",\"item\":\"https:\/\/biocabaz.pt\/web\/en\/\"},{\"@type\":\"ListItem\",\"position\":2,\"name\":\"Shop\",\"item\":\"https:\/\/biocabaz.pt\/web\/en\/shop\/\"},{\"@type\":\"ListItem\",\"position\":3,\"name\":\"SORIA NATURAL HIPOSAL 100G\"}]},{\"@type\":\"WebSite\",\"@id\":\"https:\/\/biocabaz.pt\/web\/en\/#website\",\"url\":\"https:\/\/biocabaz.pt\/web\/en\/\",\"name\":\"BIOCABAZ - CABAZES BIOL\u00d3GICOS\",\"description\":\"O melhor que a terra d\u00e1 \u00e9 para si\",\"potentialAction\":[{\"@type\":\"SearchAction\",\"target\":{\"@type\":\"EntryPoint\",\"urlTemplate\":\"https:\/\/biocabaz.pt\/web\/en\/?s={search_term_string}\"},\"query-input\":{\"@type\":\"PropertyValueSpecification\",\"valueRequired\":true,\"valueName\":\"search_term_string\"}}],\"inLanguage\":\"pt-PT\"}]}<\/script>\n<!-- \/ Yoast SEO plugin. -->","yoast_head_json":{"title":"HIPOSAL BIO 100G SORIA NATURAL","robots":{"index":"index","follow":"follow","max-snippet":"max-snippet:-1","max-image-preview":"max-image-preview:large","max-video-preview":"max-video-preview:-1"},"canonical":"https:\/\/biocabaz.pt\/web\/produto\/hiposal-bio-100g-soria-natural\/","og_locale":"pt_PT","og_type":"article","og_title":"[:en]SORIA NATURAL HIPOSAL 100G[:pt]HIPOSAL BIO 100G SORIA NATURAL[:] - BIOCABAZ - CABAZES BIOL\u00d3GICOS","og_description":"Descri\u00e7\u00e3o Ingredientes: prepara\u00e7\u00e3o \u00e0 base de cloreto de pot\u00e1ssio a que foram adicionadas ervas arom\u00e1ticas e vegetais desidratados, que proporcionam aroma e sabor. Potenciador de sabor: cloreto de pot\u00e1ssio (78,68%), legumes (13,07%) (cenoura, alho-por\u00f3 verde, aipo, cebola, alho, cebolinha), frutose, antiespumantes: carbonato de magn\u00e9sio e di\u00f3xido de sil\u00edcio, especiarias arom\u00e1ticas ( 0,73%) (salsa, manjerona, tomilho [&hellip;]","og_url":"https:\/\/biocabaz.pt\/web\/produto\/hiposal-bio-100g-soria-natural\/","og_site_name":"BIOCABAZ - CABAZES BIOL\u00d3GICOS","article_modified_time":"2021-01-28T10:47:28+00:00","og_image":[{"width":344,"height":754,"url":"https:\/\/www.biocabaz.pt\/web\/wp-conteudos\/uploads\/2019\/07\/HIPOSAL-BIO-100G-SORIA-NATURAL-e1562579383938.jpg","type":"image\/jpeg"}],"twitter_card":"summary_large_image","twitter_misc":{"Est. reading time":"1 minuto"},"schema":{"@context":"https:\/\/schema.org","@graph":[{"@type":"WebPage","@id":"https:\/\/biocabaz.pt\/web\/en\/produto\/hiposal-bio-100g-soria-natural\/","url":"https:\/\/biocabaz.pt\/web\/en\/produto\/hiposal-bio-100g-soria-natural\/","name":"HIPOSAL BIO 100G SORIA NATURAL","isPartOf":{"@id":"https:\/\/biocabaz.pt\/web\/en\/#website"},"primaryImageOfPage":{"@id":"https:\/\/biocabaz.pt\/web\/en\/produto\/hiposal-bio-100g-soria-natural\/#primaryimage"},"image":{"@id":"https:\/\/biocabaz.pt\/web\/en\/produto\/hiposal-bio-100g-soria-natural\/#primaryimage"},"thumbnailUrl":"https:\/\/www.biocabaz.pt\/web\/wp-conteudos\/uploads\/2019\/07\/HIPOSAL-BIO-100G-SORIA-NATURAL-e1562579383938.jpg","datePublished":"2019-07-08T09:50:20+00:00","dateModified":"2021-01-28T10:47:28+00:00","breadcrumb":{"@id":"https:\/\/biocabaz.pt\/web\/en\/produto\/hiposal-bio-100g-soria-natural\/#breadcrumb"},"inLanguage":"pt-PT","potentialAction":[{"@type":"ReadAction","target":["https:\/\/biocabaz.pt\/web\/en\/produto\/hiposal-bio-100g-soria-natural\/"]}]},{"@type":"ImageObject","inLanguage":"pt-PT","@id":"https:\/\/biocabaz.pt\/web\/en\/produto\/hiposal-bio-100g-soria-natural\/#primaryimage","url":"https:\/\/www.biocabaz.pt\/web\/wp-conteudos\/uploads\/2019\/07\/HIPOSAL-BIO-100G-SORIA-NATURAL-e1562579383938.jpg","contentUrl":"https:\/\/www.biocabaz.pt\/web\/wp-conteudos\/uploads\/2019\/07\/HIPOSAL-BIO-100G-SORIA-NATURAL-e1562579383938.jpg","width":344,"height":754,"caption":"HIPOSAL BIO 100G SORIA NATURAL"},{"@type":"BreadcrumbList","@id":"https:\/\/biocabaz.pt\/web\/en\/produto\/hiposal-bio-100g-soria-natural\/#breadcrumb","itemListElement":[{"@type":"ListItem","position":1,"name":"Home","item":"https:\/\/biocabaz.pt\/web\/en\/"},{"@type":"ListItem","position":2,"name":"Shop","item":"https:\/\/biocabaz.pt\/web\/en\/shop\/"},{"@type":"ListItem","position":3,"name":"SORIA NATURAL HIPOSAL 100G"}]},{"@type":"WebSite","@id":"https:\/\/biocabaz.pt\/web\/en\/#website","url":"https:\/\/biocabaz.pt\/web\/en\/","name":"BIOCABAZ - CABAZES BIOL\u00d3GICOS","description":"O melhor que a terra d\u00e1 \u00e9 para si","potentialAction":[{"@type":"SearchAction","target":{"@type":"EntryPoint","urlTemplate":"https:\/\/biocabaz.pt\/web\/en\/?s={search_term_string}"},"query-input":{"@type":"PropertyValueSpecification","valueRequired":true,"valueName":"search_term_string"}}],"inLanguage":"pt-PT"}]}},"_links":{"self":[{"href":"https:\/\/biocabaz.pt\/web\/wp-json\/wp\/v2\/product\/25869","targetHints":{"allow":["GET"]}}],"collection":[{"href":"https:\/\/biocabaz.pt\/web\/wp-json\/wp\/v2\/product"}],"about":[{"href":"https:\/\/biocabaz.pt\/web\/wp-json\/wp\/v2\/types\/product"}],"replies":[{"embeddable":true,"href":"https:\/\/biocabaz.pt\/web\/wp-json\/wp\/v2\/comments?post=25869"}],"wp:featuredmedia":[{"embeddable":true,"href":"https:\/\/biocabaz.pt\/web\/wp-json\/wp\/v2\/media\/25870"}],"wp:attachment":[{"href":"https:\/\/biocabaz.pt\/web\/wp-json\/wp\/v2\/media?parent=25869"}],"wp:term":[{"taxonomy":"product_cat","embeddable":true,"href":"https:\/\/biocabaz.pt\/web\/wp-json\/wp\/v2\/product_cat?post=25869"},{"taxonomy":"product_tag","embeddable":true,"href":"https:\/\/biocabaz.pt\/web\/wp-json\/wp\/v2\/product_tag?post=25869"}],"curies":[{"name":"wp","href":"https:\/\/api.w.org\/{rel}","templated":true}]}}