{"id":2342,"date":"2016-10-15T20:40:04","date_gmt":"2016-10-15T20:40:04","guid":{"rendered":"http:\/\/www.biocabaz.com\/web\/produto\/mini-crackers-trigo-calecrim-250gr\/"},"modified":"2022-10-03T11:45:07","modified_gmt":"2022-10-03T11:45:07","slug":"mini-crackers-trigo-calecrim-250gr","status":"publish","type":"product","link":"https:\/\/biocabaz.pt\/web\/produto\/mini-crackers-trigo-calecrim-250gr\/","title":{"rendered":"MINI CRACKERS TRIGO C\/ALECRIM 250GR"},"content":{"rendered":"<p><strong>Descri\u00e7\u00e3o <\/strong><br \/>\n\t\t\t\tIngredientes: Farinha de trigo * (79%), \u00f3leo de milho *, xarope de milho *, alecrim * (2,5%), sal, levedura de cerveja. * agricultura biol\u00f3gica.<\/p>\n<p><strong>Dados Nutricionais<\/strong><br \/>\n\t\t\t\tDeclara\u00e7\u00e3o Nutricional por 100g:<br \/> Energia: 421 kcal \/ 1774 kj;<br \/> Carboidratos: 68 gr;<br \/> Prote\u00ednas: 11gr;<br \/> Gordura: 11g;<br \/> Fibra: 3g;<br \/> S\u00f3dio: 2.3g.<\/p>\n<p><strong>Modo Utiliza\u00e7\u00e3o<\/strong><br \/>Conservar em local seco e fresco.<\/p>\n","protected":false},"excerpt":{"rendered":"<p>Descri\u00e7\u00e3o Ingredientes: Farinha de trigo * (79%), \u00f3leo de milho *, xarope de milho *, alecrim * (2,5%), sal, levedura de cerveja. * agricultura biol\u00f3gica. Dados Nutricionais Declara\u00e7\u00e3o Nutricional por 100g: Energia: 421 kcal \/ 1774 kj; Carboidratos: 68 gr; Prote\u00ednas: 11gr; Gordura: 11g; Fibra: 3g; S\u00f3dio: 2.3g. Modo Utiliza\u00e7\u00e3oConservar em local seco e fresco.<\/p>\n","protected":false},"featured_media":2345,"comment_status":"closed","ping_status":"closed","template":"","meta":[],"product_cat":[29],"product_tag":[],"class_list":["post-2342","product","type-product","status-publish","has-post-thumbnail","hentry","product_cat-bolachas_e_snacks"],"bundle_layout":"","bundled_by":[],"bundled_items":[],"yoast_head":"<!-- This site is optimized with the Yoast SEO plugin v26.3 - https:\/\/yoast.com\/wordpress\/plugins\/seo\/ -->\n<title>MINI CRACKERS TRIGO C\/ALECRIM 250GR<\/title>\n<meta name=\"description\" content=\"Mini Crackers Trigo C\/Alecrim 250gr\" \/>\n<meta name=\"robots\" content=\"index, follow, max-snippet:-1, max-image-preview:large, max-video-preview:-1\" \/>\n<link rel=\"canonical\" href=\"https:\/\/www.biocabaz.pt\/web\/en\/produto\/mini-crackers-trigo-calecrim-250gr\/\" \/>\n<meta property=\"og:locale\" content=\"pt_PT\" \/>\n<meta property=\"og:locale:alternate\" content=\"en_US\" \/>\n<meta property=\"og:type\" content=\"article\" \/>\n<meta property=\"og:title\" content=\"MINI CRACKERS TRIGO C\/ALECRIM 250GR\" \/>\n<meta property=\"og:description\" content=\"Mini Crackers Trigo C\/Alecrim 250gr\" \/>\n<meta property=\"og:url\" content=\"https:\/\/biocabaz.pt\/web\/produto\/mini-crackers-trigo-calecrim-250gr\/\" \/>\n<meta property=\"og:site_name\" content=\"BIOCABAZ - CABAZES BIOL\u00d3GICOS\" \/>\n<meta property=\"article:modified_time\" content=\"2022-10-03T11:45:07+00:00\" \/>\n<meta property=\"og:image\" content=\"https:\/\/www.biocabaz.pt\/web\/wp-conteudos\/uploads\/2016\/10\/crackers-trigo-com-alecrim.jpg\" \/>\n\t<meta property=\"og:image:width\" content=\"600\" \/>\n\t<meta property=\"og:image:height\" content=\"800\" \/>\n\t<meta property=\"og:image:type\" content=\"image\/jpeg\" \/>\n<meta name=\"twitter:card\" content=\"summary_large_image\" \/>\n<script type=\"application\/ld+json\" class=\"yoast-schema-graph\">{\"@context\":\"https:\/\/schema.org\",\"@graph\":[{\"@type\":\"WebPage\",\"@id\":\"https:\/\/www.biocabaz.pt\/web\/en\/produto\/mini-crackers-trigo-calecrim-250gr\/\",\"url\":\"https:\/\/www.biocabaz.pt\/web\/en\/produto\/mini-crackers-trigo-calecrim-250gr\/\",\"name\":\"MINI CRACKERS TRIGO C\/ALECRIM 250GR\",\"isPartOf\":{\"@id\":\"https:\/\/www.biocabaz.pt\/web\/#website\"},\"primaryImageOfPage\":{\"@id\":\"https:\/\/www.biocabaz.pt\/web\/en\/produto\/mini-crackers-trigo-calecrim-250gr\/#primaryimage\"},\"image\":{\"@id\":\"https:\/\/www.biocabaz.pt\/web\/en\/produto\/mini-crackers-trigo-calecrim-250gr\/#primaryimage\"},\"thumbnailUrl\":\"https:\/\/www.biocabaz.pt\/web\/wp-conteudos\/uploads\/2016\/10\/crackers-trigo-com-alecrim.jpg\",\"datePublished\":\"2016-10-15T20:40:04+00:00\",\"dateModified\":\"2022-10-03T11:45:07+00:00\",\"description\":\"Mini Crackers Trigo C\/Alecrim 250gr\",\"breadcrumb\":{\"@id\":\"https:\/\/www.biocabaz.pt\/web\/en\/produto\/mini-crackers-trigo-calecrim-250gr\/#breadcrumb\"},\"inLanguage\":\"pt-PT\",\"potentialAction\":[{\"@type\":\"ReadAction\",\"target\":[\"https:\/\/www.biocabaz.pt\/web\/en\/produto\/mini-crackers-trigo-calecrim-250gr\/\"]}]},{\"@type\":\"ImageObject\",\"inLanguage\":\"pt-PT\",\"@id\":\"https:\/\/www.biocabaz.pt\/web\/en\/produto\/mini-crackers-trigo-calecrim-250gr\/#primaryimage\",\"url\":\"https:\/\/www.biocabaz.pt\/web\/wp-conteudos\/uploads\/2016\/10\/crackers-trigo-com-alecrim.jpg\",\"contentUrl\":\"https:\/\/www.biocabaz.pt\/web\/wp-conteudos\/uploads\/2016\/10\/crackers-trigo-com-alecrim.jpg\",\"width\":600,\"height\":800,\"caption\":\"Mini Crackers Trigo C\/Alecrim 250gr\"},{\"@type\":\"BreadcrumbList\",\"@id\":\"https:\/\/www.biocabaz.pt\/web\/en\/produto\/mini-crackers-trigo-calecrim-250gr\/#breadcrumb\",\"itemListElement\":[{\"@type\":\"ListItem\",\"position\":1,\"name\":\"Home\",\"item\":\"https:\/\/www.biocabaz.pt\/web\/\"},{\"@type\":\"ListItem\",\"position\":2,\"name\":\"Loja\",\"item\":\"https:\/\/www.biocabaz.pt\/web\/shop\/\"},{\"@type\":\"ListItem\",\"position\":3,\"name\":\"MINI WHEAT CRACKERS WITH LEAF 250G\"}]},{\"@type\":\"WebSite\",\"@id\":\"https:\/\/www.biocabaz.pt\/web\/#website\",\"url\":\"https:\/\/www.biocabaz.pt\/web\/\",\"name\":\"BIOCABAZ - CABAZES BIOL\u00d3GICOS\",\"description\":\"O melhor que a terra d\u00e1 \u00e9 para si\",\"potentialAction\":[{\"@type\":\"SearchAction\",\"target\":{\"@type\":\"EntryPoint\",\"urlTemplate\":\"https:\/\/www.biocabaz.pt\/web\/?s={search_term_string}\"},\"query-input\":{\"@type\":\"PropertyValueSpecification\",\"valueRequired\":true,\"valueName\":\"search_term_string\"}}],\"inLanguage\":\"pt-PT\"}]}<\/script>\n<!-- \/ Yoast SEO plugin. -->","yoast_head_json":{"title":"MINI CRACKERS TRIGO C\/ALECRIM 250GR","description":"Mini Crackers Trigo C\/Alecrim 250gr","robots":{"index":"index","follow":"follow","max-snippet":"max-snippet:-1","max-image-preview":"max-image-preview:large","max-video-preview":"max-video-preview:-1"},"canonical":"https:\/\/www.biocabaz.pt\/web\/en\/produto\/mini-crackers-trigo-calecrim-250gr\/","og_locale":"pt_PT","og_type":"article","og_title":"[:en]MINI WHEAT CRACKERS WITH LEAF 250G[:pt]MINI CRACKERS TRIGO C\/ALECRIM 250GR[:] - BIOCABAZ - CABAZES BIOL\u00d3GICOS","og_description":"Mini Crackers Trigo C\/Alecrim 250gr","og_url":"https:\/\/biocabaz.pt\/web\/produto\/mini-crackers-trigo-calecrim-250gr\/","og_site_name":"BIOCABAZ - CABAZES BIOL\u00d3GICOS","article_modified_time":"2022-10-03T11:45:07+00:00","og_image":[{"width":600,"height":800,"url":"https:\/\/www.biocabaz.pt\/web\/wp-conteudos\/uploads\/2016\/10\/crackers-trigo-com-alecrim.jpg","type":"image\/jpeg"}],"twitter_card":"summary_large_image","schema":{"@context":"https:\/\/schema.org","@graph":[{"@type":"WebPage","@id":"https:\/\/www.biocabaz.pt\/web\/en\/produto\/mini-crackers-trigo-calecrim-250gr\/","url":"https:\/\/www.biocabaz.pt\/web\/en\/produto\/mini-crackers-trigo-calecrim-250gr\/","name":"MINI CRACKERS TRIGO C\/ALECRIM 250GR","isPartOf":{"@id":"https:\/\/www.biocabaz.pt\/web\/#website"},"primaryImageOfPage":{"@id":"https:\/\/www.biocabaz.pt\/web\/en\/produto\/mini-crackers-trigo-calecrim-250gr\/#primaryimage"},"image":{"@id":"https:\/\/www.biocabaz.pt\/web\/en\/produto\/mini-crackers-trigo-calecrim-250gr\/#primaryimage"},"thumbnailUrl":"https:\/\/www.biocabaz.pt\/web\/wp-conteudos\/uploads\/2016\/10\/crackers-trigo-com-alecrim.jpg","datePublished":"2016-10-15T20:40:04+00:00","dateModified":"2022-10-03T11:45:07+00:00","description":"Mini Crackers Trigo C\/Alecrim 250gr","breadcrumb":{"@id":"https:\/\/www.biocabaz.pt\/web\/en\/produto\/mini-crackers-trigo-calecrim-250gr\/#breadcrumb"},"inLanguage":"pt-PT","potentialAction":[{"@type":"ReadAction","target":["https:\/\/www.biocabaz.pt\/web\/en\/produto\/mini-crackers-trigo-calecrim-250gr\/"]}]},{"@type":"ImageObject","inLanguage":"pt-PT","@id":"https:\/\/www.biocabaz.pt\/web\/en\/produto\/mini-crackers-trigo-calecrim-250gr\/#primaryimage","url":"https:\/\/www.biocabaz.pt\/web\/wp-conteudos\/uploads\/2016\/10\/crackers-trigo-com-alecrim.jpg","contentUrl":"https:\/\/www.biocabaz.pt\/web\/wp-conteudos\/uploads\/2016\/10\/crackers-trigo-com-alecrim.jpg","width":600,"height":800,"caption":"Mini Crackers Trigo C\/Alecrim 250gr"},{"@type":"BreadcrumbList","@id":"https:\/\/www.biocabaz.pt\/web\/en\/produto\/mini-crackers-trigo-calecrim-250gr\/#breadcrumb","itemListElement":[{"@type":"ListItem","position":1,"name":"Home","item":"https:\/\/www.biocabaz.pt\/web\/"},{"@type":"ListItem","position":2,"name":"Loja","item":"https:\/\/www.biocabaz.pt\/web\/shop\/"},{"@type":"ListItem","position":3,"name":"MINI WHEAT CRACKERS WITH LEAF 250G"}]},{"@type":"WebSite","@id":"https:\/\/www.biocabaz.pt\/web\/#website","url":"https:\/\/www.biocabaz.pt\/web\/","name":"BIOCABAZ - CABAZES BIOL\u00d3GICOS","description":"O melhor que a terra d\u00e1 \u00e9 para si","potentialAction":[{"@type":"SearchAction","target":{"@type":"EntryPoint","urlTemplate":"https:\/\/www.biocabaz.pt\/web\/?s={search_term_string}"},"query-input":{"@type":"PropertyValueSpecification","valueRequired":true,"valueName":"search_term_string"}}],"inLanguage":"pt-PT"}]}},"_links":{"self":[{"href":"https:\/\/biocabaz.pt\/web\/wp-json\/wp\/v2\/product\/2342","targetHints":{"allow":["GET"]}}],"collection":[{"href":"https:\/\/biocabaz.pt\/web\/wp-json\/wp\/v2\/product"}],"about":[{"href":"https:\/\/biocabaz.pt\/web\/wp-json\/wp\/v2\/types\/product"}],"replies":[{"embeddable":true,"href":"https:\/\/biocabaz.pt\/web\/wp-json\/wp\/v2\/comments?post=2342"}],"wp:featuredmedia":[{"embeddable":true,"href":"https:\/\/biocabaz.pt\/web\/wp-json\/wp\/v2\/media\/2345"}],"wp:attachment":[{"href":"https:\/\/biocabaz.pt\/web\/wp-json\/wp\/v2\/media?parent=2342"}],"wp:term":[{"taxonomy":"product_cat","embeddable":true,"href":"https:\/\/biocabaz.pt\/web\/wp-json\/wp\/v2\/product_cat?post=2342"},{"taxonomy":"product_tag","embeddable":true,"href":"https:\/\/biocabaz.pt\/web\/wp-json\/wp\/v2\/product_tag?post=2342"}],"curies":[{"name":"wp","href":"https:\/\/api.w.org\/{rel}","templated":true}]}}