{"id":1870,"date":"2016-07-24T22:19:46","date_gmt":"2016-07-24T22:19:46","guid":{"rendered":"http:\/\/www.biocabaz.com\/web\/produto\/sojade-baunilha-2x100grs\/"},"modified":"2022-10-03T11:48:33","modified_gmt":"2022-10-03T11:48:33","slug":"sojade-baunilha-2x100grs","status":"publish","type":"product","link":"https:\/\/biocabaz.pt\/web\/produto\/sojade-baunilha-2x100grs\/","title":{"rendered":"SOJADE BAUNILHA 2X100GRS"},"content":{"rendered":"<p><strong>Descri\u00e7\u00e3o <\/strong><br \/>\nIngredientes: bebida de soja * 78% a\u00e7\u00facar de cana n\u00e3o refinado*, amido de milho*, aroma natural de baunilha*, espessantes: goma de guar, sumo concentrado de lim\u00e3o*, vagens de baunilha*, fermentos seleccionados dos quais bifiduse lactobacillus acidophilus. *de agricultura biol\u00f3gica.<\/p>\n<p><strong>Dados Nutricionais<\/strong><br \/>\nDeclara\u00e7\u00e3o Nutricional por 100g:<br \/>\nEnergia: 351 kj \/ 83kcal;<br \/>\nL\u00edpidos: 2,1 dos quais saturados: 0,3g;<br \/>\nHidratos de carbono: 12,2g &#8211; dos quais a\u00e7\u00facares: 11,6g;<br \/>\nProte\u00edna: 3,8g;<br \/>\nSal: 0,1g.<\/p>\n<p><strong>Modo Utiliza\u00e7\u00e3o<\/strong><br \/>\nConservar em no frio entre 2\u00ba a 8\u00baC.<\/p>\n","protected":false},"excerpt":{"rendered":"<p>Descri\u00e7\u00e3o Ingredientes: bebida de soja * 78% a\u00e7\u00facar de cana n\u00e3o refinado*, amido de milho*, aroma natural de baunilha*, espessantes: goma de guar, sumo concentrado de lim\u00e3o*, vagens de baunilha*, fermentos seleccionados dos quais bifiduse lactobacillus acidophilus. *de agricultura biol\u00f3gica. Dados Nutricionais Declara\u00e7\u00e3o Nutricional por 100g: Energia: 351 kj \/ 83kcal; L\u00edpidos: 2,1 dos quais [&hellip;]<\/p>\n","protected":false},"featured_media":74175,"comment_status":"closed","ping_status":"closed","template":"","meta":[],"product_cat":[19,52],"product_tag":[],"class_list":["post-1870","product","type-product","status-publish","has-post-thumbnail","hentry","product_cat-laticinios-e-substitutos","product_cat-iogurtes"],"bundle_layout":"","bundled_by":[],"bundled_items":[],"yoast_head":"<!-- This site is optimized with the Yoast SEO plugin v26.3 - https:\/\/yoast.com\/wordpress\/plugins\/seo\/ -->\n<title>SOJADE BAUNILHA 2X100GRS<\/title>\n<meta name=\"robots\" content=\"index, follow, max-snippet:-1, max-image-preview:large, max-video-preview:-1\" \/>\n<link rel=\"canonical\" href=\"https:\/\/biocabaz.pt\/web\/produto\/sojade-baunilha-2x100grs\/\" \/>\n<meta property=\"og:locale\" content=\"pt_PT\" \/>\n<meta property=\"og:locale:alternate\" content=\"en_US\" \/>\n<meta property=\"og:type\" content=\"article\" \/>\n<meta property=\"og:title\" content=\"SOJADE BAUNILHA 2X100GRS\" \/>\n<meta property=\"og:description\" content=\"Descri\u00e7\u00e3o Ingredientes: bebida de soja * 78% a\u00e7\u00facar de cana n\u00e3o refinado*, amido de milho*, aroma natural de baunilha*, espessantes: goma de guar, sumo concentrado de lim\u00e3o*, vagens de baunilha*, fermentos seleccionados dos quais bifiduse lactobacillus acidophilus. *de agricultura biol\u00f3gica. Dados Nutricionais Declara\u00e7\u00e3o Nutricional por 100g: Energia: 351 kj \/ 83kcal; L\u00edpidos: 2,1 dos quais [&hellip;]\" \/>\n<meta property=\"og:url\" content=\"https:\/\/biocabaz.pt\/web\/produto\/sojade-baunilha-2x100grs\/\" \/>\n<meta property=\"og:site_name\" content=\"BIOCABAZ - CABAZES BIOL\u00d3GICOS\" \/>\n<meta property=\"article:modified_time\" content=\"2022-10-03T11:48:33+00:00\" \/>\n<meta property=\"og:image\" content=\"https:\/\/www.biocabaz.pt\/web\/wp-conteudos\/uploads\/2016\/07\/sojade-baunilha-2x100gr-1.png\" \/>\n\t<meta property=\"og:image:width\" content=\"550\" \/>\n\t<meta property=\"og:image:height\" content=\"550\" \/>\n\t<meta property=\"og:image:type\" content=\"image\/png\" \/>\n<meta name=\"twitter:card\" content=\"summary_large_image\" \/>\n<meta name=\"twitter:label1\" content=\"Est. reading time\" \/>\n\t<meta name=\"twitter:data1\" content=\"1 minuto\" \/>\n<script type=\"application\/ld+json\" class=\"yoast-schema-graph\">{\"@context\":\"https:\/\/schema.org\",\"@graph\":[{\"@type\":\"WebPage\",\"@id\":\"https:\/\/biocabaz.pt\/web\/en\/produto\/sojade-baunilha-2x100grs\/\",\"url\":\"https:\/\/biocabaz.pt\/web\/en\/produto\/sojade-baunilha-2x100grs\/\",\"name\":\"SOJADE BAUNILHA 2X100GRS\",\"isPartOf\":{\"@id\":\"https:\/\/biocabaz.pt\/web\/#website\"},\"primaryImageOfPage\":{\"@id\":\"https:\/\/biocabaz.pt\/web\/en\/produto\/sojade-baunilha-2x100grs\/#primaryimage\"},\"image\":{\"@id\":\"https:\/\/biocabaz.pt\/web\/en\/produto\/sojade-baunilha-2x100grs\/#primaryimage\"},\"thumbnailUrl\":\"https:\/\/www.biocabaz.pt\/web\/wp-conteudos\/uploads\/2016\/07\/sojade-baunilha-2x100gr-1.png\",\"datePublished\":\"2016-07-24T22:19:46+00:00\",\"dateModified\":\"2022-10-03T11:48:33+00:00\",\"breadcrumb\":{\"@id\":\"https:\/\/biocabaz.pt\/web\/en\/produto\/sojade-baunilha-2x100grs\/#breadcrumb\"},\"inLanguage\":\"pt-PT\",\"potentialAction\":[{\"@type\":\"ReadAction\",\"target\":[\"https:\/\/biocabaz.pt\/web\/en\/produto\/sojade-baunilha-2x100grs\/\"]}]},{\"@type\":\"ImageObject\",\"inLanguage\":\"pt-PT\",\"@id\":\"https:\/\/biocabaz.pt\/web\/en\/produto\/sojade-baunilha-2x100grs\/#primaryimage\",\"url\":\"https:\/\/www.biocabaz.pt\/web\/wp-conteudos\/uploads\/2016\/07\/sojade-baunilha-2x100gr-1.png\",\"contentUrl\":\"https:\/\/www.biocabaz.pt\/web\/wp-conteudos\/uploads\/2016\/07\/sojade-baunilha-2x100gr-1.png\",\"width\":550,\"height\":550,\"caption\":\"sojade-baunilha-2x100gr\"},{\"@type\":\"BreadcrumbList\",\"@id\":\"https:\/\/biocabaz.pt\/web\/en\/produto\/sojade-baunilha-2x100grs\/#breadcrumb\",\"itemListElement\":[{\"@type\":\"ListItem\",\"position\":1,\"name\":\"Home\",\"item\":\"https:\/\/biocabaz.pt\/web\/\"},{\"@type\":\"ListItem\",\"position\":2,\"name\":\"Shop\",\"item\":\"https:\/\/www.biocabaz.pt\/web\/en\/shop\/\"},{\"@type\":\"ListItem\",\"position\":3,\"name\":\"SOJADE VANILLA SOYA DESSERT 2X100GR\"}]},{\"@type\":\"WebSite\",\"@id\":\"https:\/\/biocabaz.pt\/web\/#website\",\"url\":\"https:\/\/biocabaz.pt\/web\/\",\"name\":\"BIOCABAZ - CABAZES BIOL\u00d3GICOS\",\"description\":\"O melhor que a terra d\u00e1 \u00e9 para si\",\"potentialAction\":[{\"@type\":\"SearchAction\",\"target\":{\"@type\":\"EntryPoint\",\"urlTemplate\":\"https:\/\/biocabaz.pt\/web\/?s={search_term_string}\"},\"query-input\":{\"@type\":\"PropertyValueSpecification\",\"valueRequired\":true,\"valueName\":\"search_term_string\"}}],\"inLanguage\":\"pt-PT\"}]}<\/script>\n<!-- \/ Yoast SEO plugin. -->","yoast_head_json":{"title":"SOJADE BAUNILHA 2X100GRS","robots":{"index":"index","follow":"follow","max-snippet":"max-snippet:-1","max-image-preview":"max-image-preview:large","max-video-preview":"max-video-preview:-1"},"canonical":"https:\/\/biocabaz.pt\/web\/produto\/sojade-baunilha-2x100grs\/","og_locale":"pt_PT","og_type":"article","og_title":"[:en]SOJADE VANILLA SOYA DESSERT 2X100GR[:pt]SOJADE BAUNILHA 2X100GRS[:] - BIOCABAZ - CABAZES BIOL\u00d3GICOS","og_description":"Descri\u00e7\u00e3o Ingredientes: bebida de soja * 78% a\u00e7\u00facar de cana n\u00e3o refinado*, amido de milho*, aroma natural de baunilha*, espessantes: goma de guar, sumo concentrado de lim\u00e3o*, vagens de baunilha*, fermentos seleccionados dos quais bifiduse lactobacillus acidophilus. *de agricultura biol\u00f3gica. Dados Nutricionais Declara\u00e7\u00e3o Nutricional por 100g: Energia: 351 kj \/ 83kcal; L\u00edpidos: 2,1 dos quais [&hellip;]","og_url":"https:\/\/biocabaz.pt\/web\/produto\/sojade-baunilha-2x100grs\/","og_site_name":"BIOCABAZ - CABAZES BIOL\u00d3GICOS","article_modified_time":"2022-10-03T11:48:33+00:00","og_image":[{"width":550,"height":550,"url":"https:\/\/www.biocabaz.pt\/web\/wp-conteudos\/uploads\/2016\/07\/sojade-baunilha-2x100gr-1.png","type":"image\/png"}],"twitter_card":"summary_large_image","twitter_misc":{"Est. reading time":"1 minuto"},"schema":{"@context":"https:\/\/schema.org","@graph":[{"@type":"WebPage","@id":"https:\/\/biocabaz.pt\/web\/en\/produto\/sojade-baunilha-2x100grs\/","url":"https:\/\/biocabaz.pt\/web\/en\/produto\/sojade-baunilha-2x100grs\/","name":"SOJADE BAUNILHA 2X100GRS","isPartOf":{"@id":"https:\/\/biocabaz.pt\/web\/#website"},"primaryImageOfPage":{"@id":"https:\/\/biocabaz.pt\/web\/en\/produto\/sojade-baunilha-2x100grs\/#primaryimage"},"image":{"@id":"https:\/\/biocabaz.pt\/web\/en\/produto\/sojade-baunilha-2x100grs\/#primaryimage"},"thumbnailUrl":"https:\/\/www.biocabaz.pt\/web\/wp-conteudos\/uploads\/2016\/07\/sojade-baunilha-2x100gr-1.png","datePublished":"2016-07-24T22:19:46+00:00","dateModified":"2022-10-03T11:48:33+00:00","breadcrumb":{"@id":"https:\/\/biocabaz.pt\/web\/en\/produto\/sojade-baunilha-2x100grs\/#breadcrumb"},"inLanguage":"pt-PT","potentialAction":[{"@type":"ReadAction","target":["https:\/\/biocabaz.pt\/web\/en\/produto\/sojade-baunilha-2x100grs\/"]}]},{"@type":"ImageObject","inLanguage":"pt-PT","@id":"https:\/\/biocabaz.pt\/web\/en\/produto\/sojade-baunilha-2x100grs\/#primaryimage","url":"https:\/\/www.biocabaz.pt\/web\/wp-conteudos\/uploads\/2016\/07\/sojade-baunilha-2x100gr-1.png","contentUrl":"https:\/\/www.biocabaz.pt\/web\/wp-conteudos\/uploads\/2016\/07\/sojade-baunilha-2x100gr-1.png","width":550,"height":550,"caption":"sojade-baunilha-2x100gr"},{"@type":"BreadcrumbList","@id":"https:\/\/biocabaz.pt\/web\/en\/produto\/sojade-baunilha-2x100grs\/#breadcrumb","itemListElement":[{"@type":"ListItem","position":1,"name":"Home","item":"https:\/\/biocabaz.pt\/web\/"},{"@type":"ListItem","position":2,"name":"Shop","item":"https:\/\/www.biocabaz.pt\/web\/en\/shop\/"},{"@type":"ListItem","position":3,"name":"SOJADE VANILLA SOYA DESSERT 2X100GR"}]},{"@type":"WebSite","@id":"https:\/\/biocabaz.pt\/web\/#website","url":"https:\/\/biocabaz.pt\/web\/","name":"BIOCABAZ - CABAZES BIOL\u00d3GICOS","description":"O melhor que a terra d\u00e1 \u00e9 para si","potentialAction":[{"@type":"SearchAction","target":{"@type":"EntryPoint","urlTemplate":"https:\/\/biocabaz.pt\/web\/?s={search_term_string}"},"query-input":{"@type":"PropertyValueSpecification","valueRequired":true,"valueName":"search_term_string"}}],"inLanguage":"pt-PT"}]}},"_links":{"self":[{"href":"https:\/\/biocabaz.pt\/web\/wp-json\/wp\/v2\/product\/1870","targetHints":{"allow":["GET"]}}],"collection":[{"href":"https:\/\/biocabaz.pt\/web\/wp-json\/wp\/v2\/product"}],"about":[{"href":"https:\/\/biocabaz.pt\/web\/wp-json\/wp\/v2\/types\/product"}],"replies":[{"embeddable":true,"href":"https:\/\/biocabaz.pt\/web\/wp-json\/wp\/v2\/comments?post=1870"}],"wp:featuredmedia":[{"embeddable":true,"href":"https:\/\/biocabaz.pt\/web\/wp-json\/wp\/v2\/media\/74175"}],"wp:attachment":[{"href":"https:\/\/biocabaz.pt\/web\/wp-json\/wp\/v2\/media?parent=1870"}],"wp:term":[{"taxonomy":"product_cat","embeddable":true,"href":"https:\/\/biocabaz.pt\/web\/wp-json\/wp\/v2\/product_cat?post=1870"},{"taxonomy":"product_tag","embeddable":true,"href":"https:\/\/biocabaz.pt\/web\/wp-json\/wp\/v2\/product_tag?post=1870"}],"curies":[{"name":"wp","href":"https:\/\/api.w.org\/{rel}","templated":true}]}}