{"id":1756,"date":"2016-06-16T23:39:05","date_gmt":"2016-06-16T23:39:05","guid":{"rendered":"http:\/\/www.biocabaz.com\/web\/produto\/vinho-branco-de-uvas-tintas-bio-outeiros-altos-2014\/"},"modified":"2024-08-06T10:31:07","modified_gmt":"2024-08-06T10:31:07","slug":"vinho-branco-de-uvas-tintas-bio-outeiros-altos-2014","status":"publish","type":"product","link":"https:\/\/biocabaz.pt\/web\/produto\/vinho-branco-de-uvas-tintas-bio-outeiros-altos-2014\/","title":{"rendered":"VINHO BRANCO DE UVAS TINTAS BIO OUTEIROS ALTOS 2020"},"content":{"rendered":"<p><strong>Descri\u00e7\u00e3o <\/strong><br \/>\n\t\t\t\tIngredientes: Vinho branco de Uvas Tintas; Portugal, Alentejo, Sub-Regi\u00e3o de Borba; Casta: Portugal, Alentejo, Sub-Regi\u00e3o de Borba. Alerg\u00e9nios: Cont\u00e9m sulfitos Adequado para vegetarianos\/vegans (elaborado sem adi\u00e7\u00e3o de produtos de origem Animal).<\/p>\n<p><strong>Dados Nutricionais<\/strong><br \/>\n\t\t\t\tTeor alco\u00f3lico: 13%<\/p>\n<p><strong>Modo Utiliza\u00e7\u00e3o<\/strong><br \/>Servir a 10\u00baC a 12\u00baC.<\/p>\n","protected":false},"excerpt":{"rendered":"<p>Descri\u00e7\u00e3o Ingredientes: Vinho branco de Uvas Tintas; Portugal, Alentejo, Sub-Regi\u00e3o de Borba; Casta: Portugal, Alentejo, Sub-Regi\u00e3o de Borba. Alerg\u00e9nios: Cont\u00e9m sulfitos Adequado para vegetarianos\/vegans (elaborado sem adi\u00e7\u00e3o de produtos de origem Animal). Dados Nutricionais Teor alco\u00f3lico: 13% Modo Utiliza\u00e7\u00e3oServir a 10\u00baC a 12\u00baC.<\/p>\n","protected":false},"featured_media":1761,"comment_status":"closed","ping_status":"closed","template":"","meta":[],"product_cat":[39],"product_tag":[],"class_list":["post-1756","product","type-product","status-publish","has-post-thumbnail","hentry","product_cat-vinho"],"bundle_layout":"","bundled_by":[],"bundled_items":[],"yoast_head":"<!-- This site is optimized with the Yoast SEO plugin v26.3 - https:\/\/yoast.com\/wordpress\/plugins\/seo\/ -->\n<title>VINHO BRANCO DE UVAS TINTAS BIO OUTEIROS ALTOS 2020<\/title>\n<meta name=\"robots\" content=\"index, follow, max-snippet:-1, max-image-preview:large, max-video-preview:-1\" \/>\n<link rel=\"canonical\" href=\"https:\/\/biocabaz.pt\/web\/produto\/vinho-branco-de-uvas-tintas-bio-outeiros-altos-2014\/\" \/>\n<meta property=\"og:locale\" content=\"pt_PT\" \/>\n<meta property=\"og:locale:alternate\" content=\"en_US\" \/>\n<meta property=\"og:type\" content=\"article\" \/>\n<meta property=\"og:title\" content=\"VINHO BRANCO DE UVAS TINTAS BIO OUTEIROS ALTOS 2020\" \/>\n<meta property=\"og:description\" content=\"Descri\u00e7\u00e3o Ingredientes: Vinho branco de Uvas Tintas; Portugal, Alentejo, Sub-Regi\u00e3o de Borba; Casta: Portugal, Alentejo, Sub-Regi\u00e3o de Borba. Alerg\u00e9nios: Cont\u00e9m sulfitos Adequado para vegetarianos\/vegans (elaborado sem adi\u00e7\u00e3o de produtos de origem Animal). Dados Nutricionais Teor alco\u00f3lico: 13% Modo Utiliza\u00e7\u00e3oServir a 10\u00baC a 12\u00baC.\" \/>\n<meta property=\"og:url\" content=\"https:\/\/biocabaz.pt\/web\/produto\/vinho-branco-de-uvas-tintas-bio-outeiros-altos-2014\/\" \/>\n<meta property=\"og:site_name\" content=\"BIOCABAZ - CABAZES BIOL\u00d3GICOS\" \/>\n<meta property=\"article:modified_time\" content=\"2024-08-06T10:31:07+00:00\" \/>\n<meta property=\"og:image\" content=\"https:\/\/www.biocabaz.pt\/web\/wp-conteudos\/uploads\/2016\/06\/BDN_1.png\" \/>\n\t<meta property=\"og:image:width\" content=\"339\" \/>\n\t<meta property=\"og:image:height\" content=\"995\" \/>\n\t<meta property=\"og:image:type\" content=\"image\/png\" \/>\n<meta name=\"twitter:card\" content=\"summary_large_image\" \/>\n<script type=\"application\/ld+json\" class=\"yoast-schema-graph\">{\"@context\":\"https:\/\/schema.org\",\"@graph\":[{\"@type\":\"WebPage\",\"@id\":\"https:\/\/biocabaz.pt\/web\/produto\/vinho-branco-de-uvas-tintas-bio-outeiros-altos-2014\/\",\"url\":\"https:\/\/biocabaz.pt\/web\/produto\/vinho-branco-de-uvas-tintas-bio-outeiros-altos-2014\/\",\"name\":\"VINHO BRANCO DE UVAS TINTAS BIO OUTEIROS ALTOS 2020\",\"isPartOf\":{\"@id\":\"https:\/\/biocabaz.pt\/web\/#website\"},\"primaryImageOfPage\":{\"@id\":\"https:\/\/biocabaz.pt\/web\/produto\/vinho-branco-de-uvas-tintas-bio-outeiros-altos-2014\/#primaryimage\"},\"image\":{\"@id\":\"https:\/\/biocabaz.pt\/web\/produto\/vinho-branco-de-uvas-tintas-bio-outeiros-altos-2014\/#primaryimage\"},\"thumbnailUrl\":\"https:\/\/www.biocabaz.pt\/web\/wp-conteudos\/uploads\/2016\/06\/BDN_1.png\",\"datePublished\":\"2016-06-16T23:39:05+00:00\",\"dateModified\":\"2024-08-06T10:31:07+00:00\",\"breadcrumb\":{\"@id\":\"https:\/\/biocabaz.pt\/web\/produto\/vinho-branco-de-uvas-tintas-bio-outeiros-altos-2014\/#breadcrumb\"},\"inLanguage\":\"pt-PT\",\"potentialAction\":[{\"@type\":\"ReadAction\",\"target\":[\"https:\/\/biocabaz.pt\/web\/produto\/vinho-branco-de-uvas-tintas-bio-outeiros-altos-2014\/\"]}]},{\"@type\":\"ImageObject\",\"inLanguage\":\"pt-PT\",\"@id\":\"https:\/\/biocabaz.pt\/web\/produto\/vinho-branco-de-uvas-tintas-bio-outeiros-altos-2014\/#primaryimage\",\"url\":\"https:\/\/www.biocabaz.pt\/web\/wp-conteudos\/uploads\/2016\/06\/BDN_1.png\",\"contentUrl\":\"https:\/\/www.biocabaz.pt\/web\/wp-conteudos\/uploads\/2016\/06\/BDN_1.png\",\"width\":339,\"height\":995},{\"@type\":\"BreadcrumbList\",\"@id\":\"https:\/\/biocabaz.pt\/web\/produto\/vinho-branco-de-uvas-tintas-bio-outeiros-altos-2014\/#breadcrumb\",\"itemListElement\":[{\"@type\":\"ListItem\",\"position\":1,\"name\":\"Home\",\"item\":\"https:\/\/biocabaz.pt\/web\/\"},{\"@type\":\"ListItem\",\"position\":2,\"name\":\"Loja\",\"item\":\"https:\/\/biocabaz.pt\/web\/shop\/\"},{\"@type\":\"ListItem\",\"position\":3,\"name\":\"VINHO BRANCO DE UVAS TINTAS BIO OUTEIROS ALTOS 2020\"}]},{\"@type\":\"WebSite\",\"@id\":\"https:\/\/biocabaz.pt\/web\/#website\",\"url\":\"https:\/\/biocabaz.pt\/web\/\",\"name\":\"BIOCABAZ - CABAZES BIOL\u00d3GICOS\",\"description\":\"O melhor que a terra d\u00e1 \u00e9 para si\",\"potentialAction\":[{\"@type\":\"SearchAction\",\"target\":{\"@type\":\"EntryPoint\",\"urlTemplate\":\"https:\/\/biocabaz.pt\/web\/?s={search_term_string}\"},\"query-input\":{\"@type\":\"PropertyValueSpecification\",\"valueRequired\":true,\"valueName\":\"search_term_string\"}}],\"inLanguage\":\"pt-PT\"}]}<\/script>\n<!-- \/ Yoast SEO plugin. -->","yoast_head_json":{"title":"VINHO BRANCO DE UVAS TINTAS BIO OUTEIROS ALTOS 2020","robots":{"index":"index","follow":"follow","max-snippet":"max-snippet:-1","max-image-preview":"max-image-preview:large","max-video-preview":"max-video-preview:-1"},"canonical":"https:\/\/biocabaz.pt\/web\/produto\/vinho-branco-de-uvas-tintas-bio-outeiros-altos-2014\/","og_locale":"pt_PT","og_type":"article","og_title":"[:en]OUTEIROS ALTOS ORGANIC WHITE WINE FROM RED GRAPES 2018[:pt]VINHO BRANCO DE UVAS TINTAS BIO OUTEIROS ALTOS 2020[:] - BIOCABAZ - CABAZES BIOL\u00d3GICOS","og_description":"Descri\u00e7\u00e3o Ingredientes: Vinho branco de Uvas Tintas; Portugal, Alentejo, Sub-Regi\u00e3o de Borba; Casta: Portugal, Alentejo, Sub-Regi\u00e3o de Borba. Alerg\u00e9nios: Cont\u00e9m sulfitos Adequado para vegetarianos\/vegans (elaborado sem adi\u00e7\u00e3o de produtos de origem Animal). Dados Nutricionais Teor alco\u00f3lico: 13% Modo Utiliza\u00e7\u00e3oServir a 10\u00baC a 12\u00baC.","og_url":"https:\/\/biocabaz.pt\/web\/produto\/vinho-branco-de-uvas-tintas-bio-outeiros-altos-2014\/","og_site_name":"BIOCABAZ - CABAZES BIOL\u00d3GICOS","article_modified_time":"2024-08-06T10:31:07+00:00","og_image":[{"width":339,"height":995,"url":"https:\/\/www.biocabaz.pt\/web\/wp-conteudos\/uploads\/2016\/06\/BDN_1.png","type":"image\/png"}],"twitter_card":"summary_large_image","schema":{"@context":"https:\/\/schema.org","@graph":[{"@type":"WebPage","@id":"https:\/\/biocabaz.pt\/web\/produto\/vinho-branco-de-uvas-tintas-bio-outeiros-altos-2014\/","url":"https:\/\/biocabaz.pt\/web\/produto\/vinho-branco-de-uvas-tintas-bio-outeiros-altos-2014\/","name":"VINHO BRANCO DE UVAS TINTAS BIO OUTEIROS ALTOS 2020","isPartOf":{"@id":"https:\/\/biocabaz.pt\/web\/#website"},"primaryImageOfPage":{"@id":"https:\/\/biocabaz.pt\/web\/produto\/vinho-branco-de-uvas-tintas-bio-outeiros-altos-2014\/#primaryimage"},"image":{"@id":"https:\/\/biocabaz.pt\/web\/produto\/vinho-branco-de-uvas-tintas-bio-outeiros-altos-2014\/#primaryimage"},"thumbnailUrl":"https:\/\/www.biocabaz.pt\/web\/wp-conteudos\/uploads\/2016\/06\/BDN_1.png","datePublished":"2016-06-16T23:39:05+00:00","dateModified":"2024-08-06T10:31:07+00:00","breadcrumb":{"@id":"https:\/\/biocabaz.pt\/web\/produto\/vinho-branco-de-uvas-tintas-bio-outeiros-altos-2014\/#breadcrumb"},"inLanguage":"pt-PT","potentialAction":[{"@type":"ReadAction","target":["https:\/\/biocabaz.pt\/web\/produto\/vinho-branco-de-uvas-tintas-bio-outeiros-altos-2014\/"]}]},{"@type":"ImageObject","inLanguage":"pt-PT","@id":"https:\/\/biocabaz.pt\/web\/produto\/vinho-branco-de-uvas-tintas-bio-outeiros-altos-2014\/#primaryimage","url":"https:\/\/www.biocabaz.pt\/web\/wp-conteudos\/uploads\/2016\/06\/BDN_1.png","contentUrl":"https:\/\/www.biocabaz.pt\/web\/wp-conteudos\/uploads\/2016\/06\/BDN_1.png","width":339,"height":995},{"@type":"BreadcrumbList","@id":"https:\/\/biocabaz.pt\/web\/produto\/vinho-branco-de-uvas-tintas-bio-outeiros-altos-2014\/#breadcrumb","itemListElement":[{"@type":"ListItem","position":1,"name":"Home","item":"https:\/\/biocabaz.pt\/web\/"},{"@type":"ListItem","position":2,"name":"Loja","item":"https:\/\/biocabaz.pt\/web\/shop\/"},{"@type":"ListItem","position":3,"name":"VINHO BRANCO DE UVAS TINTAS BIO OUTEIROS ALTOS 2020"}]},{"@type":"WebSite","@id":"https:\/\/biocabaz.pt\/web\/#website","url":"https:\/\/biocabaz.pt\/web\/","name":"BIOCABAZ - CABAZES BIOL\u00d3GICOS","description":"O melhor que a terra d\u00e1 \u00e9 para si","potentialAction":[{"@type":"SearchAction","target":{"@type":"EntryPoint","urlTemplate":"https:\/\/biocabaz.pt\/web\/?s={search_term_string}"},"query-input":{"@type":"PropertyValueSpecification","valueRequired":true,"valueName":"search_term_string"}}],"inLanguage":"pt-PT"}]}},"_links":{"self":[{"href":"https:\/\/biocabaz.pt\/web\/wp-json\/wp\/v2\/product\/1756","targetHints":{"allow":["GET"]}}],"collection":[{"href":"https:\/\/biocabaz.pt\/web\/wp-json\/wp\/v2\/product"}],"about":[{"href":"https:\/\/biocabaz.pt\/web\/wp-json\/wp\/v2\/types\/product"}],"replies":[{"embeddable":true,"href":"https:\/\/biocabaz.pt\/web\/wp-json\/wp\/v2\/comments?post=1756"}],"wp:featuredmedia":[{"embeddable":true,"href":"https:\/\/biocabaz.pt\/web\/wp-json\/wp\/v2\/media\/1761"}],"wp:attachment":[{"href":"https:\/\/biocabaz.pt\/web\/wp-json\/wp\/v2\/media?parent=1756"}],"wp:term":[{"taxonomy":"product_cat","embeddable":true,"href":"https:\/\/biocabaz.pt\/web\/wp-json\/wp\/v2\/product_cat?post=1756"},{"taxonomy":"product_tag","embeddable":true,"href":"https:\/\/biocabaz.pt\/web\/wp-json\/wp\/v2\/product_tag?post=1756"}],"curies":[{"name":"wp","href":"https:\/\/api.w.org\/{rel}","templated":true}]}}