{"id":1753,"date":"2016-06-16T23:39:04","date_gmt":"2016-06-16T23:39:04","guid":{"rendered":"http:\/\/www.biocabaz.com\/web\/produto\/vinho-tinto-bio-outeiros-altos-2012\/"},"modified":"2024-08-06T10:31:18","modified_gmt":"2024-08-06T10:31:18","slug":"vinho-tinto-bio-outeiros-altos-2012","status":"publish","type":"product","link":"https:\/\/biocabaz.pt\/web\/produto\/vinho-tinto-bio-outeiros-altos-2012\/","title":{"rendered":"VINHO TINTO BIO OUTEIROS ALTOS 2020"},"content":{"rendered":"<p><strong>Descri\u00e7\u00e3o <\/strong><br \/>\n\t\t\t\tIngredientes: Vinho tinto. Vinho de cor ruby com notas viol\u00e1ceas. De aroma vivo, com notas de especiarias e de frutos<br \/>\nvermelhos. Na boca \u00e9 volumoso, apresentando notas de frutos silvestres e tostadas, com um final longo e persistente. Muito elegante e equilibrado, revela taninos bem presentes. Portugal, Alentejo, Sub-Regi\u00e3o de Borba;\n<\/p>\n<p><strong>Dados Nutricionais<\/strong><br \/>\n\t\t\t\tTeor alco\u00f3lico: 13,5%.<\/p>\n<p><strong>Modo Utiliza\u00e7\u00e3o<\/strong><br \/>Servir a 16\u00baC a 18\u00baC.<\/p>\n","protected":false},"excerpt":{"rendered":"<p>Descri\u00e7\u00e3o Ingredientes: Vinho tinto. Vinho de cor ruby com notas viol\u00e1ceas. De aroma vivo, com notas de especiarias e de frutos vermelhos. Na boca \u00e9 volumoso, apresentando notas de frutos silvestres e tostadas, com um final longo e persistente. Muito elegante e equilibrado, revela taninos bem presentes. Portugal, Alentejo, Sub-Regi\u00e3o de Borba; Dados Nutricionais Teor [&hellip;]<\/p>\n","protected":false},"featured_media":1760,"comment_status":"closed","ping_status":"closed","template":"","meta":[],"product_cat":[39],"product_tag":[],"class_list":["post-1753","product","type-product","status-publish","has-post-thumbnail","hentry","product_cat-vinho"],"bundle_layout":"","bundled_by":[],"bundled_items":[],"yoast_head":"<!-- This site is optimized with the Yoast SEO plugin v26.3 - https:\/\/yoast.com\/wordpress\/plugins\/seo\/ -->\n<title>VINHO TINTO BIO OUTEIROS ALTOS 2020<\/title>\n<meta name=\"robots\" content=\"index, follow, max-snippet:-1, max-image-preview:large, max-video-preview:-1\" \/>\n<link rel=\"canonical\" href=\"https:\/\/biocabaz.pt\/web\/produto\/vinho-tinto-bio-outeiros-altos-2012\/\" \/>\n<meta property=\"og:locale\" content=\"pt_PT\" \/>\n<meta property=\"og:locale:alternate\" content=\"en_US\" \/>\n<meta property=\"og:type\" content=\"article\" \/>\n<meta property=\"og:title\" content=\"VINHO TINTO BIO OUTEIROS ALTOS 2020\" \/>\n<meta property=\"og:description\" content=\"Descri\u00e7\u00e3o Ingredientes: Vinho tinto. Vinho de cor ruby com notas viol\u00e1ceas. De aroma vivo, com notas de especiarias e de frutos vermelhos. Na boca \u00e9 volumoso, apresentando notas de frutos silvestres e tostadas, com um final longo e persistente. Muito elegante e equilibrado, revela taninos bem presentes. Portugal, Alentejo, Sub-Regi\u00e3o de Borba; Dados Nutricionais Teor [&hellip;]\" \/>\n<meta property=\"og:url\" content=\"https:\/\/biocabaz.pt\/web\/produto\/vinho-tinto-bio-outeiros-altos-2012\/\" \/>\n<meta property=\"og:site_name\" content=\"BIOCABAZ - CABAZES BIOL\u00d3GICOS\" \/>\n<meta property=\"article:modified_time\" content=\"2024-08-06T10:31:18+00:00\" \/>\n<meta property=\"og:image\" content=\"https:\/\/www.biocabaz.pt\/web\/wp-conteudos\/uploads\/2016\/06\/Tinto_1.png\" \/>\n\t<meta property=\"og:image:width\" content=\"667\" \/>\n\t<meta property=\"og:image:height\" content=\"1000\" \/>\n\t<meta property=\"og:image:type\" content=\"image\/png\" \/>\n<meta name=\"twitter:card\" content=\"summary_large_image\" \/>\n<meta name=\"twitter:label1\" content=\"Est. reading time\" \/>\n\t<meta name=\"twitter:data1\" content=\"1 minuto\" \/>\n<script type=\"application\/ld+json\" class=\"yoast-schema-graph\">{\"@context\":\"https:\/\/schema.org\",\"@graph\":[{\"@type\":\"WebPage\",\"@id\":\"https:\/\/biocabaz.pt\/web\/en\/produto\/vinho-tinto-bio-outeiros-altos-2012\/\",\"url\":\"https:\/\/biocabaz.pt\/web\/en\/produto\/vinho-tinto-bio-outeiros-altos-2012\/\",\"name\":\"VINHO TINTO BIO OUTEIROS ALTOS 2020\",\"isPartOf\":{\"@id\":\"https:\/\/biocabaz.pt\/web\/#website\"},\"primaryImageOfPage\":{\"@id\":\"https:\/\/biocabaz.pt\/web\/en\/produto\/vinho-tinto-bio-outeiros-altos-2012\/#primaryimage\"},\"image\":{\"@id\":\"https:\/\/biocabaz.pt\/web\/en\/produto\/vinho-tinto-bio-outeiros-altos-2012\/#primaryimage\"},\"thumbnailUrl\":\"https:\/\/www.biocabaz.pt\/web\/wp-conteudos\/uploads\/2016\/06\/Tinto_1.png\",\"datePublished\":\"2016-06-16T23:39:04+00:00\",\"dateModified\":\"2024-08-06T10:31:18+00:00\",\"breadcrumb\":{\"@id\":\"https:\/\/biocabaz.pt\/web\/en\/produto\/vinho-tinto-bio-outeiros-altos-2012\/#breadcrumb\"},\"inLanguage\":\"pt-PT\",\"potentialAction\":[{\"@type\":\"ReadAction\",\"target\":[\"https:\/\/biocabaz.pt\/web\/en\/produto\/vinho-tinto-bio-outeiros-altos-2012\/\"]}]},{\"@type\":\"ImageObject\",\"inLanguage\":\"pt-PT\",\"@id\":\"https:\/\/biocabaz.pt\/web\/en\/produto\/vinho-tinto-bio-outeiros-altos-2012\/#primaryimage\",\"url\":\"https:\/\/www.biocabaz.pt\/web\/wp-conteudos\/uploads\/2016\/06\/Tinto_1.png\",\"contentUrl\":\"https:\/\/www.biocabaz.pt\/web\/wp-conteudos\/uploads\/2016\/06\/Tinto_1.png\",\"width\":667,\"height\":1000},{\"@type\":\"BreadcrumbList\",\"@id\":\"https:\/\/biocabaz.pt\/web\/en\/produto\/vinho-tinto-bio-outeiros-altos-2012\/#breadcrumb\",\"itemListElement\":[{\"@type\":\"ListItem\",\"position\":1,\"name\":\"Home\",\"item\":\"https:\/\/biocabaz.pt\/web\/\"},{\"@type\":\"ListItem\",\"position\":2,\"name\":\"Loja\",\"item\":\"https:\/\/biocabaz.pt\/web\/shop\/\"},{\"@type\":\"ListItem\",\"position\":3,\"name\":\"OUTEIROS ALTOS ORGANIC RED WINE 2015\"}]},{\"@type\":\"WebSite\",\"@id\":\"https:\/\/biocabaz.pt\/web\/#website\",\"url\":\"https:\/\/biocabaz.pt\/web\/\",\"name\":\"BIOCABAZ - CABAZES BIOL\u00d3GICOS\",\"description\":\"O melhor que a terra d\u00e1 \u00e9 para si\",\"potentialAction\":[{\"@type\":\"SearchAction\",\"target\":{\"@type\":\"EntryPoint\",\"urlTemplate\":\"https:\/\/biocabaz.pt\/web\/?s={search_term_string}\"},\"query-input\":{\"@type\":\"PropertyValueSpecification\",\"valueRequired\":true,\"valueName\":\"search_term_string\"}}],\"inLanguage\":\"pt-PT\"}]}<\/script>\n<!-- \/ Yoast SEO plugin. -->","yoast_head_json":{"title":"VINHO TINTO BIO OUTEIROS ALTOS 2020","robots":{"index":"index","follow":"follow","max-snippet":"max-snippet:-1","max-image-preview":"max-image-preview:large","max-video-preview":"max-video-preview:-1"},"canonical":"https:\/\/biocabaz.pt\/web\/produto\/vinho-tinto-bio-outeiros-altos-2012\/","og_locale":"pt_PT","og_type":"article","og_title":"[:en]OUTEIROS ALTOS ORGANIC RED WINE 2015[:pt]VINHO TINTO BIO OUTEIROS ALTOS 2020[:] - BIOCABAZ - CABAZES BIOL\u00d3GICOS","og_description":"Descri\u00e7\u00e3o Ingredientes: Vinho tinto. Vinho de cor ruby com notas viol\u00e1ceas. De aroma vivo, com notas de especiarias e de frutos vermelhos. Na boca \u00e9 volumoso, apresentando notas de frutos silvestres e tostadas, com um final longo e persistente. Muito elegante e equilibrado, revela taninos bem presentes. Portugal, Alentejo, Sub-Regi\u00e3o de Borba; Dados Nutricionais Teor [&hellip;]","og_url":"https:\/\/biocabaz.pt\/web\/produto\/vinho-tinto-bio-outeiros-altos-2012\/","og_site_name":"BIOCABAZ - CABAZES BIOL\u00d3GICOS","article_modified_time":"2024-08-06T10:31:18+00:00","og_image":[{"width":667,"height":1000,"url":"https:\/\/www.biocabaz.pt\/web\/wp-conteudos\/uploads\/2016\/06\/Tinto_1.png","type":"image\/png"}],"twitter_card":"summary_large_image","twitter_misc":{"Est. reading time":"1 minuto"},"schema":{"@context":"https:\/\/schema.org","@graph":[{"@type":"WebPage","@id":"https:\/\/biocabaz.pt\/web\/en\/produto\/vinho-tinto-bio-outeiros-altos-2012\/","url":"https:\/\/biocabaz.pt\/web\/en\/produto\/vinho-tinto-bio-outeiros-altos-2012\/","name":"VINHO TINTO BIO OUTEIROS ALTOS 2020","isPartOf":{"@id":"https:\/\/biocabaz.pt\/web\/#website"},"primaryImageOfPage":{"@id":"https:\/\/biocabaz.pt\/web\/en\/produto\/vinho-tinto-bio-outeiros-altos-2012\/#primaryimage"},"image":{"@id":"https:\/\/biocabaz.pt\/web\/en\/produto\/vinho-tinto-bio-outeiros-altos-2012\/#primaryimage"},"thumbnailUrl":"https:\/\/www.biocabaz.pt\/web\/wp-conteudos\/uploads\/2016\/06\/Tinto_1.png","datePublished":"2016-06-16T23:39:04+00:00","dateModified":"2024-08-06T10:31:18+00:00","breadcrumb":{"@id":"https:\/\/biocabaz.pt\/web\/en\/produto\/vinho-tinto-bio-outeiros-altos-2012\/#breadcrumb"},"inLanguage":"pt-PT","potentialAction":[{"@type":"ReadAction","target":["https:\/\/biocabaz.pt\/web\/en\/produto\/vinho-tinto-bio-outeiros-altos-2012\/"]}]},{"@type":"ImageObject","inLanguage":"pt-PT","@id":"https:\/\/biocabaz.pt\/web\/en\/produto\/vinho-tinto-bio-outeiros-altos-2012\/#primaryimage","url":"https:\/\/www.biocabaz.pt\/web\/wp-conteudos\/uploads\/2016\/06\/Tinto_1.png","contentUrl":"https:\/\/www.biocabaz.pt\/web\/wp-conteudos\/uploads\/2016\/06\/Tinto_1.png","width":667,"height":1000},{"@type":"BreadcrumbList","@id":"https:\/\/biocabaz.pt\/web\/en\/produto\/vinho-tinto-bio-outeiros-altos-2012\/#breadcrumb","itemListElement":[{"@type":"ListItem","position":1,"name":"Home","item":"https:\/\/biocabaz.pt\/web\/"},{"@type":"ListItem","position":2,"name":"Loja","item":"https:\/\/biocabaz.pt\/web\/shop\/"},{"@type":"ListItem","position":3,"name":"OUTEIROS ALTOS ORGANIC RED WINE 2015"}]},{"@type":"WebSite","@id":"https:\/\/biocabaz.pt\/web\/#website","url":"https:\/\/biocabaz.pt\/web\/","name":"BIOCABAZ - CABAZES BIOL\u00d3GICOS","description":"O melhor que a terra d\u00e1 \u00e9 para si","potentialAction":[{"@type":"SearchAction","target":{"@type":"EntryPoint","urlTemplate":"https:\/\/biocabaz.pt\/web\/?s={search_term_string}"},"query-input":{"@type":"PropertyValueSpecification","valueRequired":true,"valueName":"search_term_string"}}],"inLanguage":"pt-PT"}]}},"_links":{"self":[{"href":"https:\/\/biocabaz.pt\/web\/wp-json\/wp\/v2\/product\/1753","targetHints":{"allow":["GET"]}}],"collection":[{"href":"https:\/\/biocabaz.pt\/web\/wp-json\/wp\/v2\/product"}],"about":[{"href":"https:\/\/biocabaz.pt\/web\/wp-json\/wp\/v2\/types\/product"}],"replies":[{"embeddable":true,"href":"https:\/\/biocabaz.pt\/web\/wp-json\/wp\/v2\/comments?post=1753"}],"wp:featuredmedia":[{"embeddable":true,"href":"https:\/\/biocabaz.pt\/web\/wp-json\/wp\/v2\/media\/1760"}],"wp:attachment":[{"href":"https:\/\/biocabaz.pt\/web\/wp-json\/wp\/v2\/media?parent=1753"}],"wp:term":[{"taxonomy":"product_cat","embeddable":true,"href":"https:\/\/biocabaz.pt\/web\/wp-json\/wp\/v2\/product_cat?post=1753"},{"taxonomy":"product_tag","embeddable":true,"href":"https:\/\/biocabaz.pt\/web\/wp-json\/wp\/v2\/product_tag?post=1753"}],"curies":[{"name":"wp","href":"https:\/\/api.w.org\/{rel}","templated":true}]}}