{"id":17081,"date":"2019-04-30T13:29:26","date_gmt":"2019-04-30T13:29:26","guid":{"rendered":"https:\/\/www.biocabaz.pt\/web\/?post_type=product&#038;p=17081"},"modified":"2023-04-15T14:20:50","modified_gmt":"2023-04-15T14:20:50","slug":"massa-disney-baby-10m-bio-400g-dalla-costa","status":"publish","type":"product","link":"https:\/\/biocabaz.pt\/web\/produto\/massa-disney-baby-10m-bio-400g-dalla-costa\/","title":{"rendered":"MASSA DISNEY BABY (10M) BIO 400G DALLA COSTA"},"content":{"rendered":"<p><strong>Descri\u00e7\u00e3o <\/strong><br \/>\nIngredientes: S\u00eamola de TRIGO duro*, \u00e1gua e vitamina B1. *de produ\u00e7\u00e3o biol\u00f3gica. Com vitamina B1. Para beb\u00e9s a partir dos 10 meses, salvo indica\u00e7\u00e3o contr\u00e1ria de pediatra. Poder\u00e1 conter vest\u00edgios de peixe.<\/p>\n<p><strong>Dados Nutricionais<\/strong><br \/>\nDeclara\u00e7\u00e3o Nutricional por 100g:<br \/>\nEnergia: 1515kJ\/357kcal;<br \/>\nL\u00edpidos: 1,1g &#8211; dos quais saturados: 0,2g;<br \/>\nHidratos de Carbono: 74,5g &#8211; dos quais a\u00e7\u00facares: 4,3g;<br \/>\nFibra: 2,9g;<br \/>\nProte\u00ednas: 10,8g;<br \/>\nSal: 0,01g; Tiamina ( Vitamina B1): 1,1mg (220% VRN).<br \/>\nVRN: Valor de Refer\u00eancia do Nutriente.<\/p>\n<p><strong>Modo Utiliza\u00e7\u00e3o<\/strong><br \/>\nCozer durante 7 a 9 minutos. Para cozer junto com sopa, 400g de Pastina, 250g de vegetais e 1 colher de azeite. Deixe ferver a sopa (com os vegetais), junte a Pastina e coza durante 7 a 9 minutos, no final junte o azeite, sirva quente. Conservar em local seco e fresco.<\/p>\n","protected":false},"excerpt":{"rendered":"<p>Descri\u00e7\u00e3o Ingredientes: S\u00eamola de TRIGO duro*, \u00e1gua e vitamina B1. *de produ\u00e7\u00e3o biol\u00f3gica. Com vitamina B1. Para beb\u00e9s a partir dos 10 meses, salvo indica\u00e7\u00e3o contr\u00e1ria de pediatra. Poder\u00e1 conter vest\u00edgios de peixe. Dados Nutricionais Declara\u00e7\u00e3o Nutricional por 100g: Energia: 1515kJ\/357kcal; L\u00edpidos: 1,1g &#8211; dos quais saturados: 0,2g; Hidratos de Carbono: 74,5g &#8211; dos quais [&hellip;]<\/p>\n","protected":false},"featured_media":17082,"comment_status":"closed","ping_status":"closed","template":"","meta":[],"product_cat":[57,26],"product_tag":[],"class_list":["post-17081","product","type-product","status-publish","has-post-thumbnail","hentry","product_cat-bebes-e-criancas","product_cat-massas"],"bundle_layout":"","bundled_by":[],"bundled_items":[],"yoast_head":"<!-- This site is optimized with the Yoast SEO plugin v26.3 - https:\/\/yoast.com\/wordpress\/plugins\/seo\/ -->\n<title>MASSA DISNEY BABY (10M) BIO 400G DALLA COSTA<\/title>\n<meta name=\"robots\" content=\"index, follow, max-snippet:-1, max-image-preview:large, max-video-preview:-1\" \/>\n<link rel=\"canonical\" href=\"https:\/\/www.biocabaz.pt\/web\/produto\/massa-disney-baby-10m-bio-400g-dalla-costa\/\" \/>\n<meta property=\"og:locale\" content=\"pt_PT\" \/>\n<meta property=\"og:locale:alternate\" content=\"en_US\" \/>\n<meta property=\"og:type\" content=\"article\" \/>\n<meta property=\"og:title\" content=\"MASSA DISNEY BABY (10M) BIO 400G DALLA COSTA\" \/>\n<meta property=\"og:description\" content=\"Descri\u00e7\u00e3o Ingredientes: S\u00eamola de TRIGO duro*, \u00e1gua e vitamina B1. *de produ\u00e7\u00e3o biol\u00f3gica. Com vitamina B1. Para beb\u00e9s a partir dos 10 meses, salvo indica\u00e7\u00e3o contr\u00e1ria de pediatra. Poder\u00e1 conter vest\u00edgios de peixe. Dados Nutricionais Declara\u00e7\u00e3o Nutricional por 100g: Energia: 1515kJ\/357kcal; L\u00edpidos: 1,1g &#8211; dos quais saturados: 0,2g; Hidratos de Carbono: 74,5g &#8211; dos quais [&hellip;]\" \/>\n<meta property=\"og:url\" content=\"https:\/\/biocabaz.pt\/web\/produto\/massa-disney-baby-10m-bio-400g-dalla-costa\/\" \/>\n<meta property=\"og:site_name\" content=\"BIOCABAZ - CABAZES BIOL\u00d3GICOS\" \/>\n<meta property=\"article:modified_time\" content=\"2023-04-15T14:20:50+00:00\" \/>\n<meta property=\"og:image\" content=\"https:\/\/www.biocabaz.pt\/web\/wp-conteudos\/uploads\/2019\/04\/MASSA-DISNEY-BABY-10M-BIO-400G-DALLA-COSTA.jpg\" \/>\n\t<meta property=\"og:image:width\" content=\"1136\" \/>\n\t<meta property=\"og:image:height\" content=\"1715\" \/>\n\t<meta property=\"og:image:type\" content=\"image\/jpeg\" \/>\n<meta name=\"twitter:card\" content=\"summary_large_image\" \/>\n<meta name=\"twitter:label1\" content=\"Est. reading time\" \/>\n\t<meta name=\"twitter:data1\" content=\"1 minuto\" \/>\n<script type=\"application\/ld+json\" class=\"yoast-schema-graph\">{\"@context\":\"https:\/\/schema.org\",\"@graph\":[{\"@type\":\"WebPage\",\"@id\":\"https:\/\/www.biocabaz.pt\/web\/produto\/massa-disney-baby-10m-bio-400g-dalla-costa\/\",\"url\":\"https:\/\/www.biocabaz.pt\/web\/produto\/massa-disney-baby-10m-bio-400g-dalla-costa\/\",\"name\":\"MASSA DISNEY BABY (10M) BIO 400G DALLA COSTA\",\"isPartOf\":{\"@id\":\"https:\/\/www.biocabaz.pt\/web\/en\/#website\"},\"primaryImageOfPage\":{\"@id\":\"https:\/\/www.biocabaz.pt\/web\/produto\/massa-disney-baby-10m-bio-400g-dalla-costa\/#primaryimage\"},\"image\":{\"@id\":\"https:\/\/www.biocabaz.pt\/web\/produto\/massa-disney-baby-10m-bio-400g-dalla-costa\/#primaryimage\"},\"thumbnailUrl\":\"https:\/\/www.biocabaz.pt\/web\/wp-conteudos\/uploads\/2019\/04\/MASSA-DISNEY-BABY-10M-BIO-400G-DALLA-COSTA.jpg\",\"datePublished\":\"2019-04-30T13:29:26+00:00\",\"dateModified\":\"2023-04-15T14:20:50+00:00\",\"breadcrumb\":{\"@id\":\"https:\/\/www.biocabaz.pt\/web\/produto\/massa-disney-baby-10m-bio-400g-dalla-costa\/#breadcrumb\"},\"inLanguage\":\"pt-PT\",\"potentialAction\":[{\"@type\":\"ReadAction\",\"target\":[\"https:\/\/www.biocabaz.pt\/web\/produto\/massa-disney-baby-10m-bio-400g-dalla-costa\/\"]}]},{\"@type\":\"ImageObject\",\"inLanguage\":\"pt-PT\",\"@id\":\"https:\/\/www.biocabaz.pt\/web\/produto\/massa-disney-baby-10m-bio-400g-dalla-costa\/#primaryimage\",\"url\":\"https:\/\/www.biocabaz.pt\/web\/wp-conteudos\/uploads\/2019\/04\/MASSA-DISNEY-BABY-10M-BIO-400G-DALLA-COSTA.jpg\",\"contentUrl\":\"https:\/\/www.biocabaz.pt\/web\/wp-conteudos\/uploads\/2019\/04\/MASSA-DISNEY-BABY-10M-BIO-400G-DALLA-COSTA.jpg\",\"width\":1136,\"height\":1715,\"caption\":\"MASSA DISNEY BABY (10M) BIO 400G DALLA COSTA\"},{\"@type\":\"BreadcrumbList\",\"@id\":\"https:\/\/www.biocabaz.pt\/web\/produto\/massa-disney-baby-10m-bio-400g-dalla-costa\/#breadcrumb\",\"itemListElement\":[{\"@type\":\"ListItem\",\"position\":1,\"name\":\"Home\",\"item\":\"https:\/\/www.biocabaz.pt\/web\/en\/\"},{\"@type\":\"ListItem\",\"position\":2,\"name\":\"Loja\",\"item\":\"https:\/\/biocabaz.pt\/web\/shop\/\"},{\"@type\":\"ListItem\",\"position\":3,\"name\":\"MASSA DISNEY BABY (10M) BIO 400G DALLA COSTA\"}]},{\"@type\":\"WebSite\",\"@id\":\"https:\/\/www.biocabaz.pt\/web\/en\/#website\",\"url\":\"https:\/\/www.biocabaz.pt\/web\/en\/\",\"name\":\"BIOCABAZ - CABAZES BIOL\u00d3GICOS\",\"description\":\"O melhor que a terra d\u00e1 \u00e9 para si\",\"potentialAction\":[{\"@type\":\"SearchAction\",\"target\":{\"@type\":\"EntryPoint\",\"urlTemplate\":\"https:\/\/www.biocabaz.pt\/web\/en\/?s={search_term_string}\"},\"query-input\":{\"@type\":\"PropertyValueSpecification\",\"valueRequired\":true,\"valueName\":\"search_term_string\"}}],\"inLanguage\":\"pt-PT\"}]}<\/script>\n<!-- \/ Yoast SEO plugin. -->","yoast_head_json":{"title":"MASSA DISNEY BABY (10M) BIO 400G DALLA COSTA","robots":{"index":"index","follow":"follow","max-snippet":"max-snippet:-1","max-image-preview":"max-image-preview:large","max-video-preview":"max-video-preview:-1"},"canonical":"https:\/\/www.biocabaz.pt\/web\/produto\/massa-disney-baby-10m-bio-400g-dalla-costa\/","og_locale":"pt_PT","og_type":"article","og_title":"[:en]DALLA COSTA ORGANIC PASTA DISNEY BABY 400GR[:pt]MASSA DISNEY BABY (10M) BIO 400G DALLA COSTA[:] - BIOCABAZ - CABAZES BIOL\u00d3GICOS","og_description":"Descri\u00e7\u00e3o Ingredientes: S\u00eamola de TRIGO duro*, \u00e1gua e vitamina B1. *de produ\u00e7\u00e3o biol\u00f3gica. Com vitamina B1. Para beb\u00e9s a partir dos 10 meses, salvo indica\u00e7\u00e3o contr\u00e1ria de pediatra. Poder\u00e1 conter vest\u00edgios de peixe. Dados Nutricionais Declara\u00e7\u00e3o Nutricional por 100g: Energia: 1515kJ\/357kcal; L\u00edpidos: 1,1g &#8211; dos quais saturados: 0,2g; Hidratos de Carbono: 74,5g &#8211; dos quais [&hellip;]","og_url":"https:\/\/biocabaz.pt\/web\/produto\/massa-disney-baby-10m-bio-400g-dalla-costa\/","og_site_name":"BIOCABAZ - CABAZES BIOL\u00d3GICOS","article_modified_time":"2023-04-15T14:20:50+00:00","og_image":[{"width":1136,"height":1715,"url":"https:\/\/www.biocabaz.pt\/web\/wp-conteudos\/uploads\/2019\/04\/MASSA-DISNEY-BABY-10M-BIO-400G-DALLA-COSTA.jpg","type":"image\/jpeg"}],"twitter_card":"summary_large_image","twitter_misc":{"Est. reading time":"1 minuto"},"schema":{"@context":"https:\/\/schema.org","@graph":[{"@type":"WebPage","@id":"https:\/\/www.biocabaz.pt\/web\/produto\/massa-disney-baby-10m-bio-400g-dalla-costa\/","url":"https:\/\/www.biocabaz.pt\/web\/produto\/massa-disney-baby-10m-bio-400g-dalla-costa\/","name":"MASSA DISNEY BABY (10M) BIO 400G DALLA COSTA","isPartOf":{"@id":"https:\/\/www.biocabaz.pt\/web\/en\/#website"},"primaryImageOfPage":{"@id":"https:\/\/www.biocabaz.pt\/web\/produto\/massa-disney-baby-10m-bio-400g-dalla-costa\/#primaryimage"},"image":{"@id":"https:\/\/www.biocabaz.pt\/web\/produto\/massa-disney-baby-10m-bio-400g-dalla-costa\/#primaryimage"},"thumbnailUrl":"https:\/\/www.biocabaz.pt\/web\/wp-conteudos\/uploads\/2019\/04\/MASSA-DISNEY-BABY-10M-BIO-400G-DALLA-COSTA.jpg","datePublished":"2019-04-30T13:29:26+00:00","dateModified":"2023-04-15T14:20:50+00:00","breadcrumb":{"@id":"https:\/\/www.biocabaz.pt\/web\/produto\/massa-disney-baby-10m-bio-400g-dalla-costa\/#breadcrumb"},"inLanguage":"pt-PT","potentialAction":[{"@type":"ReadAction","target":["https:\/\/www.biocabaz.pt\/web\/produto\/massa-disney-baby-10m-bio-400g-dalla-costa\/"]}]},{"@type":"ImageObject","inLanguage":"pt-PT","@id":"https:\/\/www.biocabaz.pt\/web\/produto\/massa-disney-baby-10m-bio-400g-dalla-costa\/#primaryimage","url":"https:\/\/www.biocabaz.pt\/web\/wp-conteudos\/uploads\/2019\/04\/MASSA-DISNEY-BABY-10M-BIO-400G-DALLA-COSTA.jpg","contentUrl":"https:\/\/www.biocabaz.pt\/web\/wp-conteudos\/uploads\/2019\/04\/MASSA-DISNEY-BABY-10M-BIO-400G-DALLA-COSTA.jpg","width":1136,"height":1715,"caption":"MASSA DISNEY BABY (10M) BIO 400G DALLA COSTA"},{"@type":"BreadcrumbList","@id":"https:\/\/www.biocabaz.pt\/web\/produto\/massa-disney-baby-10m-bio-400g-dalla-costa\/#breadcrumb","itemListElement":[{"@type":"ListItem","position":1,"name":"Home","item":"https:\/\/www.biocabaz.pt\/web\/en\/"},{"@type":"ListItem","position":2,"name":"Loja","item":"https:\/\/biocabaz.pt\/web\/shop\/"},{"@type":"ListItem","position":3,"name":"MASSA DISNEY BABY (10M) BIO 400G DALLA COSTA"}]},{"@type":"WebSite","@id":"https:\/\/www.biocabaz.pt\/web\/en\/#website","url":"https:\/\/www.biocabaz.pt\/web\/en\/","name":"BIOCABAZ - CABAZES BIOL\u00d3GICOS","description":"O melhor que a terra d\u00e1 \u00e9 para si","potentialAction":[{"@type":"SearchAction","target":{"@type":"EntryPoint","urlTemplate":"https:\/\/www.biocabaz.pt\/web\/en\/?s={search_term_string}"},"query-input":{"@type":"PropertyValueSpecification","valueRequired":true,"valueName":"search_term_string"}}],"inLanguage":"pt-PT"}]}},"_links":{"self":[{"href":"https:\/\/biocabaz.pt\/web\/wp-json\/wp\/v2\/product\/17081","targetHints":{"allow":["GET"]}}],"collection":[{"href":"https:\/\/biocabaz.pt\/web\/wp-json\/wp\/v2\/product"}],"about":[{"href":"https:\/\/biocabaz.pt\/web\/wp-json\/wp\/v2\/types\/product"}],"replies":[{"embeddable":true,"href":"https:\/\/biocabaz.pt\/web\/wp-json\/wp\/v2\/comments?post=17081"}],"wp:featuredmedia":[{"embeddable":true,"href":"https:\/\/biocabaz.pt\/web\/wp-json\/wp\/v2\/media\/17082"}],"wp:attachment":[{"href":"https:\/\/biocabaz.pt\/web\/wp-json\/wp\/v2\/media?parent=17081"}],"wp:term":[{"taxonomy":"product_cat","embeddable":true,"href":"https:\/\/biocabaz.pt\/web\/wp-json\/wp\/v2\/product_cat?post=17081"},{"taxonomy":"product_tag","embeddable":true,"href":"https:\/\/biocabaz.pt\/web\/wp-json\/wp\/v2\/product_tag?post=17081"}],"curies":[{"name":"wp","href":"https:\/\/api.w.org\/{rel}","templated":true}]}}