{"id":17079,"date":"2019-04-30T13:23:24","date_gmt":"2019-04-30T13:23:24","guid":{"rendered":"https:\/\/www.biocabaz.pt\/web\/?post_type=product&#038;p=17079"},"modified":"2023-12-29T08:55:25","modified_gmt":"2023-12-29T08:55:25","slug":"massa-tricolor-disney-mickey-bio-300g-dalla-costa","status":"publish","type":"product","link":"https:\/\/biocabaz.pt\/web\/produto\/massa-tricolor-disney-mickey-bio-300g-dalla-costa\/","title":{"rendered":"MASSA TRICOLOR DISNEY MICKEY BIO 300G DALLA COSTA"},"content":{"rendered":"<p><strong>Descri\u00e7\u00e3o <\/strong><br \/>\nIngredientes: S\u00eamola de TRIGO duro*, \u00e1gua, tomate* desidratado 3%, espinafres* desidratados 1,5%. *de produ\u00e7\u00e3o biol\u00f3gica. Com vegetais desidratados.<\/p>\n<p><strong>Dados Nutricionais<\/strong><br \/>\nDeclara\u00e7\u00e3o Nutricional por 100g:<br \/>\nEnergia: 1485kJ\/350kcal;<br \/>\nL\u00edpidos: 1,3g &#8211; dos quais saturados: 0,3g;<br \/>\nHidratos de Carbono: 72,5g &#8211; dos quais a\u00e7\u00facares: 3,8g;<br \/>\nFibra: 3,2g;<br \/>\nProte\u00ednas: 11g;<br \/>\nSal: 0,01g.<\/p>\n<p><strong>Modo Utiliza\u00e7\u00e3o<\/strong><br \/>\nCozinhar entre 7 a 9 minutos. Conservar em local seco e fresco.<\/p>\n","protected":false},"excerpt":{"rendered":"<p>Descri\u00e7\u00e3o Ingredientes: S\u00eamola de TRIGO duro*, \u00e1gua, tomate* desidratado 3%, espinafres* desidratados 1,5%. *de produ\u00e7\u00e3o biol\u00f3gica. Com vegetais desidratados. Dados Nutricionais Declara\u00e7\u00e3o Nutricional por 100g: Energia: 1485kJ\/350kcal; L\u00edpidos: 1,3g &#8211; dos quais saturados: 0,3g; Hidratos de Carbono: 72,5g &#8211; dos quais a\u00e7\u00facares: 3,8g; Fibra: 3,2g; Prote\u00ednas: 11g; Sal: 0,01g. Modo Utiliza\u00e7\u00e3o Cozinhar entre 7 a [&hellip;]<\/p>\n","protected":false},"featured_media":17080,"comment_status":"closed","ping_status":"closed","template":"","meta":[],"product_cat":[100,26],"product_tag":[],"class_list":["post-17079","product","type-product","status-publish","has-post-thumbnail","hentry","product_cat-caes","product_cat-massas"],"bundle_layout":"","bundled_by":[],"bundled_items":[],"yoast_head":"<!-- This site is optimized with the Yoast SEO plugin v26.3 - https:\/\/yoast.com\/wordpress\/plugins\/seo\/ -->\n<title>MASSA TRICOLOR DISNEY MICKEY BIO 300G DALLA COSTA<\/title>\n<meta name=\"robots\" content=\"index, follow, max-snippet:-1, max-image-preview:large, max-video-preview:-1\" \/>\n<link rel=\"canonical\" href=\"https:\/\/www.biocabaz.pt\/web\/en\/produto\/massa-tricolor-disney-mickey-bio-300g-dalla-costa\/\" \/>\n<meta property=\"og:locale\" content=\"pt_PT\" \/>\n<meta property=\"og:locale:alternate\" content=\"en_US\" \/>\n<meta property=\"og:type\" content=\"article\" \/>\n<meta property=\"og:title\" content=\"MASSA TRICOLOR DISNEY MICKEY BIO 300G DALLA COSTA\" \/>\n<meta property=\"og:description\" content=\"Descri\u00e7\u00e3o Ingredientes: S\u00eamola de TRIGO duro*, \u00e1gua, tomate* desidratado 3%, espinafres* desidratados 1,5%. *de produ\u00e7\u00e3o biol\u00f3gica. Com vegetais desidratados. Dados Nutricionais Declara\u00e7\u00e3o Nutricional por 100g: Energia: 1485kJ\/350kcal; L\u00edpidos: 1,3g &#8211; dos quais saturados: 0,3g; Hidratos de Carbono: 72,5g &#8211; dos quais a\u00e7\u00facares: 3,8g; Fibra: 3,2g; Prote\u00ednas: 11g; Sal: 0,01g. Modo Utiliza\u00e7\u00e3o Cozinhar entre 7 a [&hellip;]\" \/>\n<meta property=\"og:url\" content=\"https:\/\/biocabaz.pt\/web\/produto\/massa-tricolor-disney-mickey-bio-300g-dalla-costa\/\" \/>\n<meta property=\"og:site_name\" content=\"BIOCABAZ - CABAZES BIOL\u00d3GICOS\" \/>\n<meta property=\"article:modified_time\" content=\"2023-12-29T08:55:25+00:00\" \/>\n<meta property=\"og:image\" content=\"https:\/\/www.biocabaz.pt\/web\/wp-conteudos\/uploads\/2019\/04\/MASSA-TRICOLOR-DISNEY-MICKEY-BIO-300GRS-DALLA-COSTA.jpg\" \/>\n\t<meta property=\"og:image:width\" content=\"1136\" \/>\n\t<meta property=\"og:image:height\" content=\"1715\" \/>\n\t<meta property=\"og:image:type\" content=\"image\/jpeg\" \/>\n<meta name=\"twitter:card\" content=\"summary_large_image\" \/>\n<meta name=\"twitter:label1\" content=\"Est. reading time\" \/>\n\t<meta name=\"twitter:data1\" content=\"1 minuto\" \/>\n<script type=\"application\/ld+json\" class=\"yoast-schema-graph\">{\"@context\":\"https:\/\/schema.org\",\"@graph\":[{\"@type\":\"WebPage\",\"@id\":\"https:\/\/www.biocabaz.pt\/web\/en\/produto\/massa-tricolor-disney-mickey-bio-300g-dalla-costa\/\",\"url\":\"https:\/\/www.biocabaz.pt\/web\/en\/produto\/massa-tricolor-disney-mickey-bio-300g-dalla-costa\/\",\"name\":\"MASSA TRICOLOR DISNEY MICKEY BIO 300G DALLA COSTA\",\"isPartOf\":{\"@id\":\"https:\/\/biocabaz.pt\/web\/#website\"},\"primaryImageOfPage\":{\"@id\":\"https:\/\/www.biocabaz.pt\/web\/en\/produto\/massa-tricolor-disney-mickey-bio-300g-dalla-costa\/#primaryimage\"},\"image\":{\"@id\":\"https:\/\/www.biocabaz.pt\/web\/en\/produto\/massa-tricolor-disney-mickey-bio-300g-dalla-costa\/#primaryimage\"},\"thumbnailUrl\":\"https:\/\/www.biocabaz.pt\/web\/wp-conteudos\/uploads\/2019\/04\/MASSA-TRICOLOR-DISNEY-MICKEY-BIO-300GRS-DALLA-COSTA.jpg\",\"datePublished\":\"2019-04-30T13:23:24+00:00\",\"dateModified\":\"2023-12-29T08:55:25+00:00\",\"breadcrumb\":{\"@id\":\"https:\/\/www.biocabaz.pt\/web\/en\/produto\/massa-tricolor-disney-mickey-bio-300g-dalla-costa\/#breadcrumb\"},\"inLanguage\":\"pt-PT\",\"potentialAction\":[{\"@type\":\"ReadAction\",\"target\":[\"https:\/\/www.biocabaz.pt\/web\/en\/produto\/massa-tricolor-disney-mickey-bio-300g-dalla-costa\/\"]}]},{\"@type\":\"ImageObject\",\"inLanguage\":\"pt-PT\",\"@id\":\"https:\/\/www.biocabaz.pt\/web\/en\/produto\/massa-tricolor-disney-mickey-bio-300g-dalla-costa\/#primaryimage\",\"url\":\"https:\/\/www.biocabaz.pt\/web\/wp-conteudos\/uploads\/2019\/04\/MASSA-TRICOLOR-DISNEY-MICKEY-BIO-300GRS-DALLA-COSTA.jpg\",\"contentUrl\":\"https:\/\/www.biocabaz.pt\/web\/wp-conteudos\/uploads\/2019\/04\/MASSA-TRICOLOR-DISNEY-MICKEY-BIO-300GRS-DALLA-COSTA.jpg\",\"width\":1136,\"height\":1715,\"caption\":\"MASSA TRICOLOR DISNEY MICKEY BIO 300G DALLA COSTA\"},{\"@type\":\"BreadcrumbList\",\"@id\":\"https:\/\/www.biocabaz.pt\/web\/en\/produto\/massa-tricolor-disney-mickey-bio-300g-dalla-costa\/#breadcrumb\",\"itemListElement\":[{\"@type\":\"ListItem\",\"position\":1,\"name\":\"Home\",\"item\":\"https:\/\/biocabaz.pt\/web\/\"},{\"@type\":\"ListItem\",\"position\":2,\"name\":\"Shop\",\"item\":\"https:\/\/www.biocabaz.pt\/web\/en\/shop\/\"},{\"@type\":\"ListItem\",\"position\":3,\"name\":\"DALLA COSTA ORGANIC TRICOLOR PASTA DISNEY MICKEY 300GR\"}]},{\"@type\":\"WebSite\",\"@id\":\"https:\/\/biocabaz.pt\/web\/#website\",\"url\":\"https:\/\/biocabaz.pt\/web\/\",\"name\":\"BIOCABAZ - CABAZES BIOL\u00d3GICOS\",\"description\":\"O melhor que a terra d\u00e1 \u00e9 para si\",\"potentialAction\":[{\"@type\":\"SearchAction\",\"target\":{\"@type\":\"EntryPoint\",\"urlTemplate\":\"https:\/\/biocabaz.pt\/web\/?s={search_term_string}\"},\"query-input\":{\"@type\":\"PropertyValueSpecification\",\"valueRequired\":true,\"valueName\":\"search_term_string\"}}],\"inLanguage\":\"pt-PT\"}]}<\/script>\n<!-- \/ Yoast SEO plugin. -->","yoast_head_json":{"title":"MASSA TRICOLOR DISNEY MICKEY BIO 300G DALLA COSTA","robots":{"index":"index","follow":"follow","max-snippet":"max-snippet:-1","max-image-preview":"max-image-preview:large","max-video-preview":"max-video-preview:-1"},"canonical":"https:\/\/www.biocabaz.pt\/web\/en\/produto\/massa-tricolor-disney-mickey-bio-300g-dalla-costa\/","og_locale":"pt_PT","og_type":"article","og_title":"[:en]DALLA COSTA ORGANIC TRICOLOR PASTA DISNEY MICKEY 300GR[:pt]MASSA TRICOLOR DISNEY MICKEY BIO 300G DALLA COSTA[:] - BIOCABAZ - CABAZES BIOL\u00d3GICOS","og_description":"Descri\u00e7\u00e3o Ingredientes: S\u00eamola de TRIGO duro*, \u00e1gua, tomate* desidratado 3%, espinafres* desidratados 1,5%. *de produ\u00e7\u00e3o biol\u00f3gica. Com vegetais desidratados. Dados Nutricionais Declara\u00e7\u00e3o Nutricional por 100g: Energia: 1485kJ\/350kcal; L\u00edpidos: 1,3g &#8211; dos quais saturados: 0,3g; Hidratos de Carbono: 72,5g &#8211; dos quais a\u00e7\u00facares: 3,8g; Fibra: 3,2g; Prote\u00ednas: 11g; Sal: 0,01g. Modo Utiliza\u00e7\u00e3o Cozinhar entre 7 a [&hellip;]","og_url":"https:\/\/biocabaz.pt\/web\/produto\/massa-tricolor-disney-mickey-bio-300g-dalla-costa\/","og_site_name":"BIOCABAZ - CABAZES BIOL\u00d3GICOS","article_modified_time":"2023-12-29T08:55:25+00:00","og_image":[{"width":1136,"height":1715,"url":"https:\/\/www.biocabaz.pt\/web\/wp-conteudos\/uploads\/2019\/04\/MASSA-TRICOLOR-DISNEY-MICKEY-BIO-300GRS-DALLA-COSTA.jpg","type":"image\/jpeg"}],"twitter_card":"summary_large_image","twitter_misc":{"Est. reading time":"1 minuto"},"schema":{"@context":"https:\/\/schema.org","@graph":[{"@type":"WebPage","@id":"https:\/\/www.biocabaz.pt\/web\/en\/produto\/massa-tricolor-disney-mickey-bio-300g-dalla-costa\/","url":"https:\/\/www.biocabaz.pt\/web\/en\/produto\/massa-tricolor-disney-mickey-bio-300g-dalla-costa\/","name":"MASSA TRICOLOR DISNEY MICKEY BIO 300G DALLA COSTA","isPartOf":{"@id":"https:\/\/biocabaz.pt\/web\/#website"},"primaryImageOfPage":{"@id":"https:\/\/www.biocabaz.pt\/web\/en\/produto\/massa-tricolor-disney-mickey-bio-300g-dalla-costa\/#primaryimage"},"image":{"@id":"https:\/\/www.biocabaz.pt\/web\/en\/produto\/massa-tricolor-disney-mickey-bio-300g-dalla-costa\/#primaryimage"},"thumbnailUrl":"https:\/\/www.biocabaz.pt\/web\/wp-conteudos\/uploads\/2019\/04\/MASSA-TRICOLOR-DISNEY-MICKEY-BIO-300GRS-DALLA-COSTA.jpg","datePublished":"2019-04-30T13:23:24+00:00","dateModified":"2023-12-29T08:55:25+00:00","breadcrumb":{"@id":"https:\/\/www.biocabaz.pt\/web\/en\/produto\/massa-tricolor-disney-mickey-bio-300g-dalla-costa\/#breadcrumb"},"inLanguage":"pt-PT","potentialAction":[{"@type":"ReadAction","target":["https:\/\/www.biocabaz.pt\/web\/en\/produto\/massa-tricolor-disney-mickey-bio-300g-dalla-costa\/"]}]},{"@type":"ImageObject","inLanguage":"pt-PT","@id":"https:\/\/www.biocabaz.pt\/web\/en\/produto\/massa-tricolor-disney-mickey-bio-300g-dalla-costa\/#primaryimage","url":"https:\/\/www.biocabaz.pt\/web\/wp-conteudos\/uploads\/2019\/04\/MASSA-TRICOLOR-DISNEY-MICKEY-BIO-300GRS-DALLA-COSTA.jpg","contentUrl":"https:\/\/www.biocabaz.pt\/web\/wp-conteudos\/uploads\/2019\/04\/MASSA-TRICOLOR-DISNEY-MICKEY-BIO-300GRS-DALLA-COSTA.jpg","width":1136,"height":1715,"caption":"MASSA TRICOLOR DISNEY MICKEY BIO 300G DALLA COSTA"},{"@type":"BreadcrumbList","@id":"https:\/\/www.biocabaz.pt\/web\/en\/produto\/massa-tricolor-disney-mickey-bio-300g-dalla-costa\/#breadcrumb","itemListElement":[{"@type":"ListItem","position":1,"name":"Home","item":"https:\/\/biocabaz.pt\/web\/"},{"@type":"ListItem","position":2,"name":"Shop","item":"https:\/\/www.biocabaz.pt\/web\/en\/shop\/"},{"@type":"ListItem","position":3,"name":"DALLA COSTA ORGANIC TRICOLOR PASTA DISNEY MICKEY 300GR"}]},{"@type":"WebSite","@id":"https:\/\/biocabaz.pt\/web\/#website","url":"https:\/\/biocabaz.pt\/web\/","name":"BIOCABAZ - CABAZES BIOL\u00d3GICOS","description":"O melhor que a terra d\u00e1 \u00e9 para si","potentialAction":[{"@type":"SearchAction","target":{"@type":"EntryPoint","urlTemplate":"https:\/\/biocabaz.pt\/web\/?s={search_term_string}"},"query-input":{"@type":"PropertyValueSpecification","valueRequired":true,"valueName":"search_term_string"}}],"inLanguage":"pt-PT"}]}},"_links":{"self":[{"href":"https:\/\/biocabaz.pt\/web\/wp-json\/wp\/v2\/product\/17079","targetHints":{"allow":["GET"]}}],"collection":[{"href":"https:\/\/biocabaz.pt\/web\/wp-json\/wp\/v2\/product"}],"about":[{"href":"https:\/\/biocabaz.pt\/web\/wp-json\/wp\/v2\/types\/product"}],"replies":[{"embeddable":true,"href":"https:\/\/biocabaz.pt\/web\/wp-json\/wp\/v2\/comments?post=17079"}],"wp:featuredmedia":[{"embeddable":true,"href":"https:\/\/biocabaz.pt\/web\/wp-json\/wp\/v2\/media\/17080"}],"wp:attachment":[{"href":"https:\/\/biocabaz.pt\/web\/wp-json\/wp\/v2\/media?parent=17079"}],"wp:term":[{"taxonomy":"product_cat","embeddable":true,"href":"https:\/\/biocabaz.pt\/web\/wp-json\/wp\/v2\/product_cat?post=17079"},{"taxonomy":"product_tag","embeddable":true,"href":"https:\/\/biocabaz.pt\/web\/wp-json\/wp\/v2\/product_tag?post=17079"}],"curies":[{"name":"wp","href":"https:\/\/api.w.org\/{rel}","templated":true}]}}