{"id":17058,"date":"2019-04-30T12:54:53","date_gmt":"2019-04-30T12:54:53","guid":{"rendered":"https:\/\/www.biocabaz.pt\/web\/?post_type=product&#038;p=17058"},"modified":"2023-12-29T08:56:51","modified_gmt":"2023-12-29T08:56:51","slug":"penne-de-ervilhas-s-gluten-bio-250g-dalla-costa","status":"publish","type":"product","link":"https:\/\/biocabaz.pt\/web\/produto\/penne-de-ervilhas-s-gluten-bio-250g-dalla-costa\/","title":{"rendered":"PENNE DE ERVILHAS S\/GL\u00daTEN BIO 250G DALLA COSTA"},"content":{"rendered":"<p><strong>Descri\u00e7\u00e3o <\/strong><br \/>\nIngredientes: Farinha de ervilha de produ\u00e7\u00e3o biol\u00f3gica. Poder\u00e1 conter vest\u00edgios de soja. Fonte de fibra e prote\u00edna. <\/p>\n<p><strong>Dados Nutricionais<\/strong><br \/>\nDeclara\u00e7\u00e3o Nutricional por 100g:<br \/>\nEnergia: 1475kJ\/349kcal;<br \/>\nL\u00edpidos: 2,3g &#8211; dos quais saturados: 0,4g;<br \/>\nHidratos de Carbono: 56,0g &#8211; dos quais a\u00e7\u00facares: 3,0g;<br \/>\nFibra: 7,7g;<br \/>\nProte\u00ednas: 20,8g;<br \/>\nSal: 0,008g.<\/p>\n<p><strong>Modo Utiliza\u00e7\u00e3o<\/strong><br \/>\nUtilize 1 litro de \u00e1gua para 100g de massa com sal q.b., mexa e deixe cozinhar &#8220;al dente&#8221; durante 4a 5 minutos. Drene a \u00e1gua e tempere com o seu molho favorito. Conservar em local seco e fresco.<\/p>\n","protected":false},"excerpt":{"rendered":"<p>Descri\u00e7\u00e3o Ingredientes: Farinha de ervilha de produ\u00e7\u00e3o biol\u00f3gica. Poder\u00e1 conter vest\u00edgios de soja. Fonte de fibra e prote\u00edna. Dados Nutricionais Declara\u00e7\u00e3o Nutricional por 100g: Energia: 1475kJ\/349kcal; L\u00edpidos: 2,3g &#8211; dos quais saturados: 0,4g; Hidratos de Carbono: 56,0g &#8211; dos quais a\u00e7\u00facares: 3,0g; Fibra: 7,7g; Prote\u00ednas: 20,8g; Sal: 0,008g. Modo Utiliza\u00e7\u00e3o Utilize 1 litro de \u00e1gua [&hellip;]<\/p>\n","protected":false},"featured_media":17059,"comment_status":"closed","ping_status":"closed","template":"","meta":[],"product_cat":[54,26],"product_tag":[],"class_list":["post-17058","product","type-product","status-publish","has-post-thumbnail","hentry","product_cat-alimentos-sem-gluten","product_cat-massas"],"bundle_layout":"","bundled_by":[],"bundled_items":[],"yoast_head":"<!-- This site is optimized with the Yoast SEO plugin v26.3 - https:\/\/yoast.com\/wordpress\/plugins\/seo\/ -->\n<title>PENNE DE ERVILHAS S\/GL\u00daTEN BIO 250G DALLA COSTA<\/title>\n<meta name=\"robots\" content=\"index, follow, max-snippet:-1, max-image-preview:large, max-video-preview:-1\" \/>\n<link rel=\"canonical\" href=\"https:\/\/biocabaz.pt\/web\/produto\/penne-de-ervilhas-s-gluten-bio-250g-dalla-costa\/\" \/>\n<meta property=\"og:locale\" content=\"pt_PT\" \/>\n<meta property=\"og:locale:alternate\" content=\"en_US\" \/>\n<meta property=\"og:type\" content=\"article\" \/>\n<meta property=\"og:title\" content=\"PENNE DE ERVILHAS S\/GL\u00daTEN BIO 250G DALLA COSTA\" \/>\n<meta property=\"og:description\" content=\"Descri\u00e7\u00e3o Ingredientes: Farinha de ervilha de produ\u00e7\u00e3o biol\u00f3gica. Poder\u00e1 conter vest\u00edgios de soja. Fonte de fibra e prote\u00edna. Dados Nutricionais Declara\u00e7\u00e3o Nutricional por 100g: Energia: 1475kJ\/349kcal; L\u00edpidos: 2,3g &#8211; dos quais saturados: 0,4g; Hidratos de Carbono: 56,0g &#8211; dos quais a\u00e7\u00facares: 3,0g; Fibra: 7,7g; Prote\u00ednas: 20,8g; Sal: 0,008g. Modo Utiliza\u00e7\u00e3o Utilize 1 litro de \u00e1gua [&hellip;]\" \/>\n<meta property=\"og:url\" content=\"https:\/\/biocabaz.pt\/web\/produto\/penne-de-ervilhas-s-gluten-bio-250g-dalla-costa\/\" \/>\n<meta property=\"og:site_name\" content=\"BIOCABAZ - CABAZES BIOL\u00d3GICOS\" \/>\n<meta property=\"article:modified_time\" content=\"2023-12-29T08:56:51+00:00\" \/>\n<meta property=\"og:image\" content=\"https:\/\/www.biocabaz.pt\/web\/wp-conteudos\/uploads\/2019\/04\/PENNE-DE-ERVILHA-S_GLUTEN-BIO-250G-DALLA-COSTA.jpg\" \/>\n\t<meta property=\"og:image:width\" content=\"300\" \/>\n\t<meta property=\"og:image:height\" content=\"326\" \/>\n\t<meta property=\"og:image:type\" content=\"image\/jpeg\" \/>\n<meta name=\"twitter:card\" content=\"summary_large_image\" \/>\n<meta name=\"twitter:label1\" content=\"Est. reading time\" \/>\n\t<meta name=\"twitter:data1\" content=\"1 minuto\" \/>\n<script type=\"application\/ld+json\" class=\"yoast-schema-graph\">{\"@context\":\"https:\/\/schema.org\",\"@graph\":[{\"@type\":\"WebPage\",\"@id\":\"https:\/\/biocabaz.pt\/web\/produto\/penne-de-ervilhas-s-gluten-bio-250g-dalla-costa\/\",\"url\":\"https:\/\/biocabaz.pt\/web\/produto\/penne-de-ervilhas-s-gluten-bio-250g-dalla-costa\/\",\"name\":\"PENNE DE ERVILHAS S\/GL\u00daTEN BIO 250G DALLA COSTA\",\"isPartOf\":{\"@id\":\"https:\/\/biocabaz.pt\/web\/#website\"},\"primaryImageOfPage\":{\"@id\":\"https:\/\/biocabaz.pt\/web\/produto\/penne-de-ervilhas-s-gluten-bio-250g-dalla-costa\/#primaryimage\"},\"image\":{\"@id\":\"https:\/\/biocabaz.pt\/web\/produto\/penne-de-ervilhas-s-gluten-bio-250g-dalla-costa\/#primaryimage\"},\"thumbnailUrl\":\"https:\/\/www.biocabaz.pt\/web\/wp-conteudos\/uploads\/2019\/04\/PENNE-DE-ERVILHA-S_GLUTEN-BIO-250G-DALLA-COSTA.jpg\",\"datePublished\":\"2019-04-30T12:54:53+00:00\",\"dateModified\":\"2023-12-29T08:56:51+00:00\",\"breadcrumb\":{\"@id\":\"https:\/\/biocabaz.pt\/web\/produto\/penne-de-ervilhas-s-gluten-bio-250g-dalla-costa\/#breadcrumb\"},\"inLanguage\":\"pt-PT\",\"potentialAction\":[{\"@type\":\"ReadAction\",\"target\":[\"https:\/\/biocabaz.pt\/web\/produto\/penne-de-ervilhas-s-gluten-bio-250g-dalla-costa\/\"]}]},{\"@type\":\"ImageObject\",\"inLanguage\":\"pt-PT\",\"@id\":\"https:\/\/biocabaz.pt\/web\/produto\/penne-de-ervilhas-s-gluten-bio-250g-dalla-costa\/#primaryimage\",\"url\":\"https:\/\/www.biocabaz.pt\/web\/wp-conteudos\/uploads\/2019\/04\/PENNE-DE-ERVILHA-S_GLUTEN-BIO-250G-DALLA-COSTA.jpg\",\"contentUrl\":\"https:\/\/www.biocabaz.pt\/web\/wp-conteudos\/uploads\/2019\/04\/PENNE-DE-ERVILHA-S_GLUTEN-BIO-250G-DALLA-COSTA.jpg\",\"width\":300,\"height\":326,\"caption\":\"PENNE DE ARROZ INTEGRAL S\/GL\u00daTEN BIO 250G DALLA COSTA\"},{\"@type\":\"BreadcrumbList\",\"@id\":\"https:\/\/biocabaz.pt\/web\/produto\/penne-de-ervilhas-s-gluten-bio-250g-dalla-costa\/#breadcrumb\",\"itemListElement\":[{\"@type\":\"ListItem\",\"position\":1,\"name\":\"Home\",\"item\":\"https:\/\/biocabaz.pt\/web\/\"},{\"@type\":\"ListItem\",\"position\":2,\"name\":\"Loja\",\"item\":\"https:\/\/biocabaz.pt\/web\/shop\/\"},{\"@type\":\"ListItem\",\"position\":3,\"name\":\"PENNE DE ERVILHAS S\/GL\u00daTEN BIO 250G DALLA COSTA\"}]},{\"@type\":\"WebSite\",\"@id\":\"https:\/\/biocabaz.pt\/web\/#website\",\"url\":\"https:\/\/biocabaz.pt\/web\/\",\"name\":\"BIOCABAZ - CABAZES BIOL\u00d3GICOS\",\"description\":\"O melhor que a terra d\u00e1 \u00e9 para si\",\"potentialAction\":[{\"@type\":\"SearchAction\",\"target\":{\"@type\":\"EntryPoint\",\"urlTemplate\":\"https:\/\/biocabaz.pt\/web\/?s={search_term_string}\"},\"query-input\":{\"@type\":\"PropertyValueSpecification\",\"valueRequired\":true,\"valueName\":\"search_term_string\"}}],\"inLanguage\":\"pt-PT\"}]}<\/script>\n<!-- \/ Yoast SEO plugin. -->","yoast_head_json":{"title":"PENNE DE ERVILHAS S\/GL\u00daTEN BIO 250G DALLA COSTA","robots":{"index":"index","follow":"follow","max-snippet":"max-snippet:-1","max-image-preview":"max-image-preview:large","max-video-preview":"max-video-preview:-1"},"canonical":"https:\/\/biocabaz.pt\/web\/produto\/penne-de-ervilhas-s-gluten-bio-250g-dalla-costa\/","og_locale":"pt_PT","og_type":"article","og_title":"[:en]DALLA COSTA ORGANIC GLUTEN-FREE PEA PENNE 250GR[:pt]PENNE DE ERVILHAS S\/GL\u00daTEN BIO 250G DALLA COSTA[:] - BIOCABAZ - CABAZES BIOL\u00d3GICOS","og_description":"Descri\u00e7\u00e3o Ingredientes: Farinha de ervilha de produ\u00e7\u00e3o biol\u00f3gica. Poder\u00e1 conter vest\u00edgios de soja. Fonte de fibra e prote\u00edna. Dados Nutricionais Declara\u00e7\u00e3o Nutricional por 100g: Energia: 1475kJ\/349kcal; L\u00edpidos: 2,3g &#8211; dos quais saturados: 0,4g; Hidratos de Carbono: 56,0g &#8211; dos quais a\u00e7\u00facares: 3,0g; Fibra: 7,7g; Prote\u00ednas: 20,8g; Sal: 0,008g. Modo Utiliza\u00e7\u00e3o Utilize 1 litro de \u00e1gua [&hellip;]","og_url":"https:\/\/biocabaz.pt\/web\/produto\/penne-de-ervilhas-s-gluten-bio-250g-dalla-costa\/","og_site_name":"BIOCABAZ - CABAZES BIOL\u00d3GICOS","article_modified_time":"2023-12-29T08:56:51+00:00","og_image":[{"width":300,"height":326,"url":"https:\/\/www.biocabaz.pt\/web\/wp-conteudos\/uploads\/2019\/04\/PENNE-DE-ERVILHA-S_GLUTEN-BIO-250G-DALLA-COSTA.jpg","type":"image\/jpeg"}],"twitter_card":"summary_large_image","twitter_misc":{"Est. reading time":"1 minuto"},"schema":{"@context":"https:\/\/schema.org","@graph":[{"@type":"WebPage","@id":"https:\/\/biocabaz.pt\/web\/produto\/penne-de-ervilhas-s-gluten-bio-250g-dalla-costa\/","url":"https:\/\/biocabaz.pt\/web\/produto\/penne-de-ervilhas-s-gluten-bio-250g-dalla-costa\/","name":"PENNE DE ERVILHAS S\/GL\u00daTEN BIO 250G DALLA COSTA","isPartOf":{"@id":"https:\/\/biocabaz.pt\/web\/#website"},"primaryImageOfPage":{"@id":"https:\/\/biocabaz.pt\/web\/produto\/penne-de-ervilhas-s-gluten-bio-250g-dalla-costa\/#primaryimage"},"image":{"@id":"https:\/\/biocabaz.pt\/web\/produto\/penne-de-ervilhas-s-gluten-bio-250g-dalla-costa\/#primaryimage"},"thumbnailUrl":"https:\/\/www.biocabaz.pt\/web\/wp-conteudos\/uploads\/2019\/04\/PENNE-DE-ERVILHA-S_GLUTEN-BIO-250G-DALLA-COSTA.jpg","datePublished":"2019-04-30T12:54:53+00:00","dateModified":"2023-12-29T08:56:51+00:00","breadcrumb":{"@id":"https:\/\/biocabaz.pt\/web\/produto\/penne-de-ervilhas-s-gluten-bio-250g-dalla-costa\/#breadcrumb"},"inLanguage":"pt-PT","potentialAction":[{"@type":"ReadAction","target":["https:\/\/biocabaz.pt\/web\/produto\/penne-de-ervilhas-s-gluten-bio-250g-dalla-costa\/"]}]},{"@type":"ImageObject","inLanguage":"pt-PT","@id":"https:\/\/biocabaz.pt\/web\/produto\/penne-de-ervilhas-s-gluten-bio-250g-dalla-costa\/#primaryimage","url":"https:\/\/www.biocabaz.pt\/web\/wp-conteudos\/uploads\/2019\/04\/PENNE-DE-ERVILHA-S_GLUTEN-BIO-250G-DALLA-COSTA.jpg","contentUrl":"https:\/\/www.biocabaz.pt\/web\/wp-conteudos\/uploads\/2019\/04\/PENNE-DE-ERVILHA-S_GLUTEN-BIO-250G-DALLA-COSTA.jpg","width":300,"height":326,"caption":"PENNE DE ARROZ INTEGRAL S\/GL\u00daTEN BIO 250G DALLA COSTA"},{"@type":"BreadcrumbList","@id":"https:\/\/biocabaz.pt\/web\/produto\/penne-de-ervilhas-s-gluten-bio-250g-dalla-costa\/#breadcrumb","itemListElement":[{"@type":"ListItem","position":1,"name":"Home","item":"https:\/\/biocabaz.pt\/web\/"},{"@type":"ListItem","position":2,"name":"Loja","item":"https:\/\/biocabaz.pt\/web\/shop\/"},{"@type":"ListItem","position":3,"name":"PENNE DE ERVILHAS S\/GL\u00daTEN BIO 250G DALLA COSTA"}]},{"@type":"WebSite","@id":"https:\/\/biocabaz.pt\/web\/#website","url":"https:\/\/biocabaz.pt\/web\/","name":"BIOCABAZ - CABAZES BIOL\u00d3GICOS","description":"O melhor que a terra d\u00e1 \u00e9 para si","potentialAction":[{"@type":"SearchAction","target":{"@type":"EntryPoint","urlTemplate":"https:\/\/biocabaz.pt\/web\/?s={search_term_string}"},"query-input":{"@type":"PropertyValueSpecification","valueRequired":true,"valueName":"search_term_string"}}],"inLanguage":"pt-PT"}]}},"_links":{"self":[{"href":"https:\/\/biocabaz.pt\/web\/wp-json\/wp\/v2\/product\/17058","targetHints":{"allow":["GET"]}}],"collection":[{"href":"https:\/\/biocabaz.pt\/web\/wp-json\/wp\/v2\/product"}],"about":[{"href":"https:\/\/biocabaz.pt\/web\/wp-json\/wp\/v2\/types\/product"}],"replies":[{"embeddable":true,"href":"https:\/\/biocabaz.pt\/web\/wp-json\/wp\/v2\/comments?post=17058"}],"wp:featuredmedia":[{"embeddable":true,"href":"https:\/\/biocabaz.pt\/web\/wp-json\/wp\/v2\/media\/17059"}],"wp:attachment":[{"href":"https:\/\/biocabaz.pt\/web\/wp-json\/wp\/v2\/media?parent=17058"}],"wp:term":[{"taxonomy":"product_cat","embeddable":true,"href":"https:\/\/biocabaz.pt\/web\/wp-json\/wp\/v2\/product_cat?post=17058"},{"taxonomy":"product_tag","embeddable":true,"href":"https:\/\/biocabaz.pt\/web\/wp-json\/wp\/v2\/product_tag?post=17058"}],"curies":[{"name":"wp","href":"https:\/\/api.w.org\/{rel}","templated":true}]}}