{"id":17052,"date":"2019-04-30T12:42:25","date_gmt":"2019-04-30T12:42:25","guid":{"rendered":"https:\/\/www.biocabaz.pt\/web\/?post_type=product&#038;p=17052"},"modified":"2023-12-29T08:57:22","modified_gmt":"2023-12-29T08:57:22","slug":"lasanha-branca-bio-250g-la-bio-idea","status":"publish","type":"product","link":"https:\/\/biocabaz.pt\/web\/produto\/lasanha-branca-bio-250g-la-bio-idea\/","title":{"rendered":"LASANHA BRANCA BIO 250G LA BIO IDEA"},"content":{"rendered":"<p><strong>Descri\u00e7\u00e3o <\/strong><br \/>\nIngredientes: S\u00eamola de TRIGO duro*. *de produ\u00e7\u00e3o Biol\u00f3gica. Poder\u00e1 conter vest\u00edgios de ovo e soja.<\/p>\n<p><strong>Dados Nutricionais<\/strong><br \/>\nDeclara\u00e7\u00e3o Nutricional por 100g:<br \/>\nEnergia: 1502 kJ\/354 kcal;<br \/>\nL\u00edpidos: 1,4g &#8211; dos quais saturados: 0,3g;<br \/>\nHidratos de carbono: 73,0g &#8211; dos quais a\u00e7\u00facares: 3,0g;<br \/>\nFibra: 32,8g;<br \/>\nProte\u00ednas: 11,0g;<br \/>\nSal: <0,1g.\n<\/p>\n<p><strong>Modo Utiliza\u00e7\u00e3o<\/strong><br \/>\nN\u00e3o pr\u00e9-cozinhar. Num tabuleiro untado estenda uma camada de lasanha crua seguida de outra de molho bechamel ou de tomate n\u00e3o muito concentrados. Cubra novamente com lasanha e assim sucessivamente. Termine sempre com uma camada de molho e queijo cobrindo completamente a \u00faltima fatia de lasanha. Leve ao forno pr\u00e9-aquecido a 200\u00baC durante 35 minutos. Conservar em local seco e fresco.<\/p>\n","protected":false},"excerpt":{"rendered":"<p>Descri\u00e7\u00e3o Ingredientes: S\u00eamola de TRIGO duro*. *de produ\u00e7\u00e3o Biol\u00f3gica. Poder\u00e1 conter vest\u00edgios de ovo e soja. Dados Nutricionais Declara\u00e7\u00e3o Nutricional por 100g: Energia: 1502 kJ\/354 kcal; L\u00edpidos: 1,4g &#8211; dos quais saturados: 0,3g; Hidratos de carbono: 73,0g &#8211; dos quais a\u00e7\u00facares: 3,0g; Fibra: 32,8g; Prote\u00ednas: 11,0g; Sal:<\/p>\n","protected":false},"featured_media":17053,"comment_status":"closed","ping_status":"closed","template":"","meta":[],"product_cat":[26],"product_tag":[],"class_list":["post-17052","product","type-product","status-publish","has-post-thumbnail","hentry","product_cat-massas"],"bundle_layout":"","bundled_by":[],"bundled_items":[],"yoast_head":"<!-- This site is optimized with the Yoast SEO plugin v26.3 - https:\/\/yoast.com\/wordpress\/plugins\/seo\/ -->\n<title>LASANHA BRANCA BIO 250G LA BIO IDEA<\/title>\n<meta name=\"robots\" content=\"index, follow, max-snippet:-1, max-image-preview:large, max-video-preview:-1\" \/>\n<link rel=\"canonical\" href=\"https:\/\/www.biocabaz.pt\/web\/en\/produto\/lasanha-branca-bio-250g-la-bio-idea\/\" \/>\n<meta property=\"og:locale\" content=\"pt_PT\" \/>\n<meta property=\"og:locale:alternate\" content=\"en_US\" \/>\n<meta property=\"og:type\" content=\"article\" \/>\n<meta property=\"og:title\" content=\"LASANHA BRANCA BIO 250G LA BIO IDEA\" \/>\n<meta property=\"og:description\" content=\"Descri\u00e7\u00e3o Ingredientes: S\u00eamola de TRIGO duro*. *de produ\u00e7\u00e3o Biol\u00f3gica. Poder\u00e1 conter vest\u00edgios de ovo e soja. Dados Nutricionais Declara\u00e7\u00e3o Nutricional por 100g: Energia: 1502 kJ\/354 kcal; L\u00edpidos: 1,4g &#8211; dos quais saturados: 0,3g; Hidratos de carbono: 73,0g &#8211; dos quais a\u00e7\u00facares: 3,0g; Fibra: 32,8g; Prote\u00ednas: 11,0g; Sal:\" \/>\n<meta property=\"og:url\" content=\"https:\/\/biocabaz.pt\/web\/produto\/lasanha-branca-bio-250g-la-bio-idea\/\" \/>\n<meta property=\"og:site_name\" content=\"BIOCABAZ - CABAZES BIOL\u00d3GICOS\" \/>\n<meta property=\"article:modified_time\" content=\"2023-12-29T08:57:22+00:00\" \/>\n<meta property=\"og:image\" content=\"https:\/\/www.biocabaz.pt\/web\/wp-conteudos\/uploads\/2019\/04\/LASANHA-BRANCA-BIO-250G-LA-BIO-IDEA.jpg\" \/>\n\t<meta property=\"og:image:width\" content=\"300\" \/>\n\t<meta property=\"og:image:height\" content=\"326\" \/>\n\t<meta property=\"og:image:type\" content=\"image\/jpeg\" \/>\n<meta name=\"twitter:card\" content=\"summary_large_image\" \/>\n<script type=\"application\/ld+json\" class=\"yoast-schema-graph\">{\"@context\":\"https:\/\/schema.org\",\"@graph\":[{\"@type\":\"WebPage\",\"@id\":\"https:\/\/www.biocabaz.pt\/web\/en\/produto\/lasanha-branca-bio-250g-la-bio-idea\/\",\"url\":\"https:\/\/www.biocabaz.pt\/web\/en\/produto\/lasanha-branca-bio-250g-la-bio-idea\/\",\"name\":\"LASANHA BRANCA BIO 250G LA BIO IDEA\",\"isPartOf\":{\"@id\":\"https:\/\/www.biocabaz.pt\/web\/en\/#website\"},\"primaryImageOfPage\":{\"@id\":\"https:\/\/www.biocabaz.pt\/web\/en\/produto\/lasanha-branca-bio-250g-la-bio-idea\/#primaryimage\"},\"image\":{\"@id\":\"https:\/\/www.biocabaz.pt\/web\/en\/produto\/lasanha-branca-bio-250g-la-bio-idea\/#primaryimage\"},\"thumbnailUrl\":\"https:\/\/www.biocabaz.pt\/web\/wp-conteudos\/uploads\/2019\/04\/LASANHA-BRANCA-BIO-250G-LA-BIO-IDEA.jpg\",\"datePublished\":\"2019-04-30T12:42:25+00:00\",\"dateModified\":\"2023-12-29T08:57:22+00:00\",\"breadcrumb\":{\"@id\":\"https:\/\/www.biocabaz.pt\/web\/en\/produto\/lasanha-branca-bio-250g-la-bio-idea\/#breadcrumb\"},\"inLanguage\":\"pt-PT\",\"potentialAction\":[{\"@type\":\"ReadAction\",\"target\":[\"https:\/\/www.biocabaz.pt\/web\/en\/produto\/lasanha-branca-bio-250g-la-bio-idea\/\"]}]},{\"@type\":\"ImageObject\",\"inLanguage\":\"pt-PT\",\"@id\":\"https:\/\/www.biocabaz.pt\/web\/en\/produto\/lasanha-branca-bio-250g-la-bio-idea\/#primaryimage\",\"url\":\"https:\/\/www.biocabaz.pt\/web\/wp-conteudos\/uploads\/2019\/04\/LASANHA-BRANCA-BIO-250G-LA-BIO-IDEA.jpg\",\"contentUrl\":\"https:\/\/www.biocabaz.pt\/web\/wp-conteudos\/uploads\/2019\/04\/LASANHA-BRANCA-BIO-250G-LA-BIO-IDEA.jpg\",\"width\":300,\"height\":326,\"caption\":\"LASANHA BRANCA BIO 250G LA BIO IDEA\"},{\"@type\":\"BreadcrumbList\",\"@id\":\"https:\/\/www.biocabaz.pt\/web\/en\/produto\/lasanha-branca-bio-250g-la-bio-idea\/#breadcrumb\",\"itemListElement\":[{\"@type\":\"ListItem\",\"position\":1,\"name\":\"Home\",\"item\":\"https:\/\/www.biocabaz.pt\/web\/en\/\"},{\"@type\":\"ListItem\",\"position\":2,\"name\":\"Shop\",\"item\":\"https:\/\/www.biocabaz.pt\/web\/en\/shop\/\"},{\"@type\":\"ListItem\",\"position\":3,\"name\":\"LA BIO IDEA ORGANIC WHITE LASAGNA 250GR\"}]},{\"@type\":\"WebSite\",\"@id\":\"https:\/\/www.biocabaz.pt\/web\/en\/#website\",\"url\":\"https:\/\/www.biocabaz.pt\/web\/en\/\",\"name\":\"BIOCABAZ - CABAZES BIOL\u00d3GICOS\",\"description\":\"O melhor que a terra d\u00e1 \u00e9 para si\",\"potentialAction\":[{\"@type\":\"SearchAction\",\"target\":{\"@type\":\"EntryPoint\",\"urlTemplate\":\"https:\/\/www.biocabaz.pt\/web\/en\/?s={search_term_string}\"},\"query-input\":{\"@type\":\"PropertyValueSpecification\",\"valueRequired\":true,\"valueName\":\"search_term_string\"}}],\"inLanguage\":\"pt-PT\"}]}<\/script>\n<!-- \/ Yoast SEO plugin. -->","yoast_head_json":{"title":"LASANHA BRANCA BIO 250G LA BIO IDEA","robots":{"index":"index","follow":"follow","max-snippet":"max-snippet:-1","max-image-preview":"max-image-preview:large","max-video-preview":"max-video-preview:-1"},"canonical":"https:\/\/www.biocabaz.pt\/web\/en\/produto\/lasanha-branca-bio-250g-la-bio-idea\/","og_locale":"pt_PT","og_type":"article","og_title":"[:en]LA BIO IDEA ORGANIC WHITE LASAGNA 250GR[:pt]LASANHA BRANCA BIO 250G LA BIO IDEA[:] - BIOCABAZ - CABAZES BIOL\u00d3GICOS","og_description":"Descri\u00e7\u00e3o Ingredientes: S\u00eamola de TRIGO duro*. *de produ\u00e7\u00e3o Biol\u00f3gica. Poder\u00e1 conter vest\u00edgios de ovo e soja. Dados Nutricionais Declara\u00e7\u00e3o Nutricional por 100g: Energia: 1502 kJ\/354 kcal; L\u00edpidos: 1,4g &#8211; dos quais saturados: 0,3g; Hidratos de carbono: 73,0g &#8211; dos quais a\u00e7\u00facares: 3,0g; Fibra: 32,8g; Prote\u00ednas: 11,0g; Sal:","og_url":"https:\/\/biocabaz.pt\/web\/produto\/lasanha-branca-bio-250g-la-bio-idea\/","og_site_name":"BIOCABAZ - CABAZES BIOL\u00d3GICOS","article_modified_time":"2023-12-29T08:57:22+00:00","og_image":[{"width":300,"height":326,"url":"https:\/\/www.biocabaz.pt\/web\/wp-conteudos\/uploads\/2019\/04\/LASANHA-BRANCA-BIO-250G-LA-BIO-IDEA.jpg","type":"image\/jpeg"}],"twitter_card":"summary_large_image","schema":{"@context":"https:\/\/schema.org","@graph":[{"@type":"WebPage","@id":"https:\/\/www.biocabaz.pt\/web\/en\/produto\/lasanha-branca-bio-250g-la-bio-idea\/","url":"https:\/\/www.biocabaz.pt\/web\/en\/produto\/lasanha-branca-bio-250g-la-bio-idea\/","name":"LASANHA BRANCA BIO 250G LA BIO IDEA","isPartOf":{"@id":"https:\/\/www.biocabaz.pt\/web\/en\/#website"},"primaryImageOfPage":{"@id":"https:\/\/www.biocabaz.pt\/web\/en\/produto\/lasanha-branca-bio-250g-la-bio-idea\/#primaryimage"},"image":{"@id":"https:\/\/www.biocabaz.pt\/web\/en\/produto\/lasanha-branca-bio-250g-la-bio-idea\/#primaryimage"},"thumbnailUrl":"https:\/\/www.biocabaz.pt\/web\/wp-conteudos\/uploads\/2019\/04\/LASANHA-BRANCA-BIO-250G-LA-BIO-IDEA.jpg","datePublished":"2019-04-30T12:42:25+00:00","dateModified":"2023-12-29T08:57:22+00:00","breadcrumb":{"@id":"https:\/\/www.biocabaz.pt\/web\/en\/produto\/lasanha-branca-bio-250g-la-bio-idea\/#breadcrumb"},"inLanguage":"pt-PT","potentialAction":[{"@type":"ReadAction","target":["https:\/\/www.biocabaz.pt\/web\/en\/produto\/lasanha-branca-bio-250g-la-bio-idea\/"]}]},{"@type":"ImageObject","inLanguage":"pt-PT","@id":"https:\/\/www.biocabaz.pt\/web\/en\/produto\/lasanha-branca-bio-250g-la-bio-idea\/#primaryimage","url":"https:\/\/www.biocabaz.pt\/web\/wp-conteudos\/uploads\/2019\/04\/LASANHA-BRANCA-BIO-250G-LA-BIO-IDEA.jpg","contentUrl":"https:\/\/www.biocabaz.pt\/web\/wp-conteudos\/uploads\/2019\/04\/LASANHA-BRANCA-BIO-250G-LA-BIO-IDEA.jpg","width":300,"height":326,"caption":"LASANHA BRANCA BIO 250G LA BIO IDEA"},{"@type":"BreadcrumbList","@id":"https:\/\/www.biocabaz.pt\/web\/en\/produto\/lasanha-branca-bio-250g-la-bio-idea\/#breadcrumb","itemListElement":[{"@type":"ListItem","position":1,"name":"Home","item":"https:\/\/www.biocabaz.pt\/web\/en\/"},{"@type":"ListItem","position":2,"name":"Shop","item":"https:\/\/www.biocabaz.pt\/web\/en\/shop\/"},{"@type":"ListItem","position":3,"name":"LA BIO IDEA ORGANIC WHITE LASAGNA 250GR"}]},{"@type":"WebSite","@id":"https:\/\/www.biocabaz.pt\/web\/en\/#website","url":"https:\/\/www.biocabaz.pt\/web\/en\/","name":"BIOCABAZ - CABAZES BIOL\u00d3GICOS","description":"O melhor que a terra d\u00e1 \u00e9 para si","potentialAction":[{"@type":"SearchAction","target":{"@type":"EntryPoint","urlTemplate":"https:\/\/www.biocabaz.pt\/web\/en\/?s={search_term_string}"},"query-input":{"@type":"PropertyValueSpecification","valueRequired":true,"valueName":"search_term_string"}}],"inLanguage":"pt-PT"}]}},"_links":{"self":[{"href":"https:\/\/biocabaz.pt\/web\/wp-json\/wp\/v2\/product\/17052","targetHints":{"allow":["GET"]}}],"collection":[{"href":"https:\/\/biocabaz.pt\/web\/wp-json\/wp\/v2\/product"}],"about":[{"href":"https:\/\/biocabaz.pt\/web\/wp-json\/wp\/v2\/types\/product"}],"replies":[{"embeddable":true,"href":"https:\/\/biocabaz.pt\/web\/wp-json\/wp\/v2\/comments?post=17052"}],"wp:featuredmedia":[{"embeddable":true,"href":"https:\/\/biocabaz.pt\/web\/wp-json\/wp\/v2\/media\/17053"}],"wp:attachment":[{"href":"https:\/\/biocabaz.pt\/web\/wp-json\/wp\/v2\/media?parent=17052"}],"wp:term":[{"taxonomy":"product_cat","embeddable":true,"href":"https:\/\/biocabaz.pt\/web\/wp-json\/wp\/v2\/product_cat?post=17052"},{"taxonomy":"product_tag","embeddable":true,"href":"https:\/\/biocabaz.pt\/web\/wp-json\/wp\/v2\/product_tag?post=17052"}],"curies":[{"name":"wp","href":"https:\/\/api.w.org\/{rel}","templated":true}]}}