{"id":16880,"date":"2019-04-26T13:12:38","date_gmt":"2019-04-26T13:12:38","guid":{"rendered":"https:\/\/www.biocabaz.pt\/web\/?post_type=product&#038;p=16880"},"modified":"2021-08-12T14:53:09","modified_gmt":"2021-08-12T14:53:09","slug":"bagas-de-goji-150g-provida","status":"publish","type":"product","link":"https:\/\/biocabaz.pt\/web\/produto\/bagas-de-goji-150g-provida\/","title":{"rendered":"BAGAS DE GOJI BIO 150G PR\u00d3VIDA"},"content":{"rendered":"<p><strong>Descri\u00e7\u00e3o <\/strong><br \/>\nIngredientes: Bagas de Goji de produ\u00e7\u00e3o Biol\u00f3gica. Obtidas por secagem natural. Rico em fibra, ferro e pot\u00e1ssio. Como parte de um regime alimentar variado, equilibrado e de um modo de vida saud\u00e1vel, o ferro contribui para a redu\u00e7\u00e3o do cansa\u00e7o, fadiga e para o normal funcionamento do sistema imunit\u00e1rio. 25g de bagas de goji fornecem 15% do valor de refer\u00eancia do nutriente ferro.<\/p>\n<p><strong>Dados Nutricionais<\/strong><br \/>\nDeclara\u00e7\u00e3o Nutricional por 100g:<br \/>\nEnergia: 746kJ\/177kcal (9%*);<br \/>\nL\u00edpidos: 3,6g (5,1%*) &#8211; dos quais saturados: 0,92g (4,6%*);<br \/>\nHidratos de Carbono: 22g (8,4%*) &#8211; dos quais a\u00e7\u00facares: 17g (18,8%*);<br \/>\nFibra: 7,4g (29,6%*);<br \/>\nProte\u00ednas: 10,6g (21,6%*);<br \/>\nSal: 0,05g (0,08%*);<br \/>\nFerro: 8,42mg (60% VRN);<br \/>\nPot\u00e1ssio: 1130mg (56% VRN).<br \/>\nVRN: Valor de Refer\u00eancia do Nutriente.<br \/>\n*Dose de refer\u00eancia para um adulto m\u00e9dio (8400kJ\/2000kcal).<\/p>\n<p><strong>Modo Utiliza\u00e7\u00e3o<\/strong><br \/>\nSimples ou adicionadas a mueslis, batidos, iogurtes, saladas, cereais, ch\u00e1s. Conservar em local seco e fresco.<\/p>\n","protected":false},"excerpt":{"rendered":"<p>Descri\u00e7\u00e3o Ingredientes: Bagas de Goji de produ\u00e7\u00e3o Biol\u00f3gica. Obtidas por secagem natural. Rico em fibra, ferro e pot\u00e1ssio. Como parte de um regime alimentar variado, equilibrado e de um modo de vida saud\u00e1vel, o ferro contribui para a redu\u00e7\u00e3o do cansa\u00e7o, fadiga e para o normal funcionamento do sistema imunit\u00e1rio. 25g de bagas de goji [&hellip;]<\/p>\n","protected":false},"featured_media":16881,"comment_status":"closed","ping_status":"closed","template":"","meta":[],"product_cat":[51],"product_tag":[],"class_list":["post-16880","product","type-product","status-publish","has-post-thumbnail","hentry","product_cat-frutos-secos"],"bundle_layout":"","bundled_by":[],"bundled_items":[],"yoast_head":"<!-- This site is optimized with the Yoast SEO plugin v26.3 - https:\/\/yoast.com\/wordpress\/plugins\/seo\/ -->\n<title>BAGAS DE GOJI BIO 150G PR\u00d3VIDA<\/title>\n<meta name=\"robots\" content=\"index, follow, max-snippet:-1, max-image-preview:large, max-video-preview:-1\" \/>\n<link rel=\"canonical\" href=\"https:\/\/biocabaz.pt\/web\/produto\/bagas-de-goji-150g-provida\/\" \/>\n<meta property=\"og:locale\" content=\"pt_PT\" \/>\n<meta property=\"og:locale:alternate\" content=\"en_US\" \/>\n<meta property=\"og:type\" content=\"article\" \/>\n<meta property=\"og:title\" content=\"BAGAS DE GOJI BIO 150G PR\u00d3VIDA\" \/>\n<meta property=\"og:description\" content=\"Descri\u00e7\u00e3o Ingredientes: Bagas de Goji de produ\u00e7\u00e3o Biol\u00f3gica. Obtidas por secagem natural. Rico em fibra, ferro e pot\u00e1ssio. Como parte de um regime alimentar variado, equilibrado e de um modo de vida saud\u00e1vel, o ferro contribui para a redu\u00e7\u00e3o do cansa\u00e7o, fadiga e para o normal funcionamento do sistema imunit\u00e1rio. 25g de bagas de goji [&hellip;]\" \/>\n<meta property=\"og:url\" content=\"https:\/\/biocabaz.pt\/web\/produto\/bagas-de-goji-150g-provida\/\" \/>\n<meta property=\"og:site_name\" content=\"BIOCABAZ - CABAZES BIOL\u00d3GICOS\" \/>\n<meta property=\"article:modified_time\" content=\"2021-08-12T14:53:09+00:00\" \/>\n<meta property=\"og:image\" content=\"https:\/\/www.biocabaz.pt\/web\/wp-conteudos\/uploads\/2019\/04\/BAGAS-DE-GOJI-150G-PR\u00d3VIDA.jpg\" \/>\n\t<meta property=\"og:image:width\" content=\"300\" \/>\n\t<meta property=\"og:image:height\" content=\"326\" \/>\n\t<meta property=\"og:image:type\" content=\"image\/jpeg\" \/>\n<meta name=\"twitter:card\" content=\"summary_large_image\" \/>\n<meta name=\"twitter:label1\" content=\"Est. reading time\" \/>\n\t<meta name=\"twitter:data1\" content=\"1 minuto\" \/>\n<script type=\"application\/ld+json\" class=\"yoast-schema-graph\">{\"@context\":\"https:\/\/schema.org\",\"@graph\":[{\"@type\":\"WebPage\",\"@id\":\"https:\/\/biocabaz.pt\/web\/en\/produto\/bagas-de-goji-150g-provida\/\",\"url\":\"https:\/\/biocabaz.pt\/web\/en\/produto\/bagas-de-goji-150g-provida\/\",\"name\":\"BAGAS DE GOJI BIO 150G PR\u00d3VIDA\",\"isPartOf\":{\"@id\":\"https:\/\/biocabaz.pt\/web\/#website\"},\"primaryImageOfPage\":{\"@id\":\"https:\/\/biocabaz.pt\/web\/en\/produto\/bagas-de-goji-150g-provida\/#primaryimage\"},\"image\":{\"@id\":\"https:\/\/biocabaz.pt\/web\/en\/produto\/bagas-de-goji-150g-provida\/#primaryimage\"},\"thumbnailUrl\":\"https:\/\/www.biocabaz.pt\/web\/wp-conteudos\/uploads\/2019\/04\/BAGAS-DE-GOJI-150G-PR\u00d3VIDA.jpg\",\"datePublished\":\"2019-04-26T13:12:38+00:00\",\"dateModified\":\"2021-08-12T14:53:09+00:00\",\"breadcrumb\":{\"@id\":\"https:\/\/biocabaz.pt\/web\/en\/produto\/bagas-de-goji-150g-provida\/#breadcrumb\"},\"inLanguage\":\"pt-PT\",\"potentialAction\":[{\"@type\":\"ReadAction\",\"target\":[\"https:\/\/biocabaz.pt\/web\/en\/produto\/bagas-de-goji-150g-provida\/\"]}]},{\"@type\":\"ImageObject\",\"inLanguage\":\"pt-PT\",\"@id\":\"https:\/\/biocabaz.pt\/web\/en\/produto\/bagas-de-goji-150g-provida\/#primaryimage\",\"url\":\"https:\/\/www.biocabaz.pt\/web\/wp-conteudos\/uploads\/2019\/04\/BAGAS-DE-GOJI-150G-PR\u00d3VIDA.jpg\",\"contentUrl\":\"https:\/\/www.biocabaz.pt\/web\/wp-conteudos\/uploads\/2019\/04\/BAGAS-DE-GOJI-150G-PR\u00d3VIDA.jpg\",\"width\":300,\"height\":326,\"caption\":\"BAGAS DE GOJI 150G PR\u00d3VIDA\"},{\"@type\":\"BreadcrumbList\",\"@id\":\"https:\/\/biocabaz.pt\/web\/en\/produto\/bagas-de-goji-150g-provida\/#breadcrumb\",\"itemListElement\":[{\"@type\":\"ListItem\",\"position\":1,\"name\":\"Home\",\"item\":\"https:\/\/biocabaz.pt\/web\/\"},{\"@type\":\"ListItem\",\"position\":2,\"name\":\"Loja\",\"item\":\"https:\/\/biocabaz.pt\/web\/shop\/\"},{\"@type\":\"ListItem\",\"position\":3,\"name\":\"PR\u00d3VIDA ORGANIC GOJI BERRIES 150GR\"}]},{\"@type\":\"WebSite\",\"@id\":\"https:\/\/biocabaz.pt\/web\/#website\",\"url\":\"https:\/\/biocabaz.pt\/web\/\",\"name\":\"BIOCABAZ - CABAZES BIOL\u00d3GICOS\",\"description\":\"O melhor que a terra d\u00e1 \u00e9 para si\",\"potentialAction\":[{\"@type\":\"SearchAction\",\"target\":{\"@type\":\"EntryPoint\",\"urlTemplate\":\"https:\/\/biocabaz.pt\/web\/?s={search_term_string}\"},\"query-input\":{\"@type\":\"PropertyValueSpecification\",\"valueRequired\":true,\"valueName\":\"search_term_string\"}}],\"inLanguage\":\"pt-PT\"}]}<\/script>\n<!-- \/ Yoast SEO plugin. -->","yoast_head_json":{"title":"BAGAS DE GOJI BIO 150G PR\u00d3VIDA","robots":{"index":"index","follow":"follow","max-snippet":"max-snippet:-1","max-image-preview":"max-image-preview:large","max-video-preview":"max-video-preview:-1"},"canonical":"https:\/\/biocabaz.pt\/web\/produto\/bagas-de-goji-150g-provida\/","og_locale":"pt_PT","og_type":"article","og_title":"[:en]PR\u00d3VIDA ORGANIC GOJI BERRIES 150GR[:pt]BAGAS DE GOJI BIO 150G PR\u00d3VIDA[:] - BIOCABAZ - CABAZES BIOL\u00d3GICOS","og_description":"Descri\u00e7\u00e3o Ingredientes: Bagas de Goji de produ\u00e7\u00e3o Biol\u00f3gica. Obtidas por secagem natural. Rico em fibra, ferro e pot\u00e1ssio. Como parte de um regime alimentar variado, equilibrado e de um modo de vida saud\u00e1vel, o ferro contribui para a redu\u00e7\u00e3o do cansa\u00e7o, fadiga e para o normal funcionamento do sistema imunit\u00e1rio. 25g de bagas de goji [&hellip;]","og_url":"https:\/\/biocabaz.pt\/web\/produto\/bagas-de-goji-150g-provida\/","og_site_name":"BIOCABAZ - CABAZES BIOL\u00d3GICOS","article_modified_time":"2021-08-12T14:53:09+00:00","og_image":[{"width":300,"height":326,"url":"https:\/\/www.biocabaz.pt\/web\/wp-conteudos\/uploads\/2019\/04\/BAGAS-DE-GOJI-150G-PR\u00d3VIDA.jpg","type":"image\/jpeg"}],"twitter_card":"summary_large_image","twitter_misc":{"Est. reading time":"1 minuto"},"schema":{"@context":"https:\/\/schema.org","@graph":[{"@type":"WebPage","@id":"https:\/\/biocabaz.pt\/web\/en\/produto\/bagas-de-goji-150g-provida\/","url":"https:\/\/biocabaz.pt\/web\/en\/produto\/bagas-de-goji-150g-provida\/","name":"BAGAS DE GOJI BIO 150G PR\u00d3VIDA","isPartOf":{"@id":"https:\/\/biocabaz.pt\/web\/#website"},"primaryImageOfPage":{"@id":"https:\/\/biocabaz.pt\/web\/en\/produto\/bagas-de-goji-150g-provida\/#primaryimage"},"image":{"@id":"https:\/\/biocabaz.pt\/web\/en\/produto\/bagas-de-goji-150g-provida\/#primaryimage"},"thumbnailUrl":"https:\/\/www.biocabaz.pt\/web\/wp-conteudos\/uploads\/2019\/04\/BAGAS-DE-GOJI-150G-PR\u00d3VIDA.jpg","datePublished":"2019-04-26T13:12:38+00:00","dateModified":"2021-08-12T14:53:09+00:00","breadcrumb":{"@id":"https:\/\/biocabaz.pt\/web\/en\/produto\/bagas-de-goji-150g-provida\/#breadcrumb"},"inLanguage":"pt-PT","potentialAction":[{"@type":"ReadAction","target":["https:\/\/biocabaz.pt\/web\/en\/produto\/bagas-de-goji-150g-provida\/"]}]},{"@type":"ImageObject","inLanguage":"pt-PT","@id":"https:\/\/biocabaz.pt\/web\/en\/produto\/bagas-de-goji-150g-provida\/#primaryimage","url":"https:\/\/www.biocabaz.pt\/web\/wp-conteudos\/uploads\/2019\/04\/BAGAS-DE-GOJI-150G-PR\u00d3VIDA.jpg","contentUrl":"https:\/\/www.biocabaz.pt\/web\/wp-conteudos\/uploads\/2019\/04\/BAGAS-DE-GOJI-150G-PR\u00d3VIDA.jpg","width":300,"height":326,"caption":"BAGAS DE GOJI 150G PR\u00d3VIDA"},{"@type":"BreadcrumbList","@id":"https:\/\/biocabaz.pt\/web\/en\/produto\/bagas-de-goji-150g-provida\/#breadcrumb","itemListElement":[{"@type":"ListItem","position":1,"name":"Home","item":"https:\/\/biocabaz.pt\/web\/"},{"@type":"ListItem","position":2,"name":"Loja","item":"https:\/\/biocabaz.pt\/web\/shop\/"},{"@type":"ListItem","position":3,"name":"PR\u00d3VIDA ORGANIC GOJI BERRIES 150GR"}]},{"@type":"WebSite","@id":"https:\/\/biocabaz.pt\/web\/#website","url":"https:\/\/biocabaz.pt\/web\/","name":"BIOCABAZ - CABAZES BIOL\u00d3GICOS","description":"O melhor que a terra d\u00e1 \u00e9 para si","potentialAction":[{"@type":"SearchAction","target":{"@type":"EntryPoint","urlTemplate":"https:\/\/biocabaz.pt\/web\/?s={search_term_string}"},"query-input":{"@type":"PropertyValueSpecification","valueRequired":true,"valueName":"search_term_string"}}],"inLanguage":"pt-PT"}]}},"_links":{"self":[{"href":"https:\/\/biocabaz.pt\/web\/wp-json\/wp\/v2\/product\/16880","targetHints":{"allow":["GET"]}}],"collection":[{"href":"https:\/\/biocabaz.pt\/web\/wp-json\/wp\/v2\/product"}],"about":[{"href":"https:\/\/biocabaz.pt\/web\/wp-json\/wp\/v2\/types\/product"}],"replies":[{"embeddable":true,"href":"https:\/\/biocabaz.pt\/web\/wp-json\/wp\/v2\/comments?post=16880"}],"wp:featuredmedia":[{"embeddable":true,"href":"https:\/\/biocabaz.pt\/web\/wp-json\/wp\/v2\/media\/16881"}],"wp:attachment":[{"href":"https:\/\/biocabaz.pt\/web\/wp-json\/wp\/v2\/media?parent=16880"}],"wp:term":[{"taxonomy":"product_cat","embeddable":true,"href":"https:\/\/biocabaz.pt\/web\/wp-json\/wp\/v2\/product_cat?post=16880"},{"taxonomy":"product_tag","embeddable":true,"href":"https:\/\/biocabaz.pt\/web\/wp-json\/wp\/v2\/product_tag?post=16880"}],"curies":[{"name":"wp","href":"https:\/\/api.w.org\/{rel}","templated":true}]}}