{"id":16865,"date":"2019-04-26T12:40:06","date_gmt":"2019-04-26T12:40:06","guid":{"rendered":"https:\/\/www.biocabaz.pt\/web\/?post_type=product&#038;p=16865"},"modified":"2022-03-11T11:47:33","modified_gmt":"2022-03-11T11:47:33","slug":"quinoa-vermelha-bio-500g-provida","status":"publish","type":"product","link":"https:\/\/biocabaz.pt\/web\/produto\/quinoa-vermelha-bio-500g-provida\/","title":{"rendered":"QUINOA VERMELHA BIO 500G PR\u00d3VIDA"},"content":{"rendered":"<p><strong>Descri\u00e7\u00e3o <\/strong><br \/>\nIngredientes: Quinoa vermelha de produ\u00e7\u00e3o biol\u00f3gica. Produto milenar, cultivado nos Andes, possui alto valor nutritivo. O gr\u00e3o vermelho permite diversificar a apar\u00eancia dos pratos, imprimindo um novo colorido \u00e0s receitas e mantendo a textura e sabor j\u00e1 conhecidos.<\/p>\n<p><strong>Dados Nutricionais<\/strong><br \/>\nDeclara\u00e7\u00e3o Nutricional por 100g:<br \/>\nEnergia: 377Kcal\/1593Kj;<br \/>\nProte\u00ednas: 14g;<br \/>\nHidratos de Carbono: 66g;<br \/>\nL\u00edpidos: 6,3g;<br \/>\nFibras Alimentares: 6g;<br \/>\nFerro: 28mg (77,8% D.D.R.*);<br \/>\nZinco: 21mg (50% D.D.R.*);<br \/>\nMagn\u00e9sio: 189mg (68% D.D.R.*);<br \/>\nTiamina (B1): 0,43mg (42,8% D.D.R.*);<br \/>\nC\u00e1lcio: 440mg (55% D.D.R.*).<\/p>\n<p><strong>Modo Utiliza\u00e7\u00e3o<\/strong><br \/>\nCozinhar com o dobro da \u00e1gua durante 20 minutos, em lume brando, depois de ferver, temperar a gosto. Pode adicionar um refogado com ervilhas, cenouras ou outro tipo de legumes. Depois de fria tamb\u00e9m serve de base para \u00f3ptimas saladas. Conservar em local seco e fresco.<\/p>\n","protected":false},"excerpt":{"rendered":"<p>Descri\u00e7\u00e3o Ingredientes: Quinoa vermelha de produ\u00e7\u00e3o biol\u00f3gica. Produto milenar, cultivado nos Andes, possui alto valor nutritivo. O gr\u00e3o vermelho permite diversificar a apar\u00eancia dos pratos, imprimindo um novo colorido \u00e0s receitas e mantendo a textura e sabor j\u00e1 conhecidos. Dados Nutricionais Declara\u00e7\u00e3o Nutricional por 100g: Energia: 377Kcal\/1593Kj; Prote\u00ednas: 14g; Hidratos de Carbono: 66g; L\u00edpidos: 6,3g; [&hellip;]<\/p>\n","protected":false},"featured_media":16866,"comment_status":"closed","ping_status":"closed","template":"","meta":[],"product_cat":[25],"product_tag":[],"class_list":["post-16865","product","type-product","status-publish","has-post-thumbnail","hentry","product_cat-leguminosas"],"bundle_layout":"","bundled_by":[],"bundled_items":[],"yoast_head":"<!-- This site is optimized with the Yoast SEO plugin v26.3 - https:\/\/yoast.com\/wordpress\/plugins\/seo\/ -->\n<title>QUINOA VERMELHA BIO 500G PR\u00d3VIDA<\/title>\n<meta name=\"robots\" content=\"index, follow, max-snippet:-1, max-image-preview:large, max-video-preview:-1\" \/>\n<link rel=\"canonical\" href=\"https:\/\/biocabaz.pt\/web\/produto\/quinoa-vermelha-bio-500g-provida\/\" \/>\n<meta property=\"og:locale\" content=\"pt_PT\" \/>\n<meta property=\"og:locale:alternate\" content=\"en_US\" \/>\n<meta property=\"og:type\" content=\"article\" \/>\n<meta property=\"og:title\" content=\"QUINOA VERMELHA BIO 500G PR\u00d3VIDA\" \/>\n<meta property=\"og:description\" content=\"Descri\u00e7\u00e3o Ingredientes: Quinoa vermelha de produ\u00e7\u00e3o biol\u00f3gica. Produto milenar, cultivado nos Andes, possui alto valor nutritivo. O gr\u00e3o vermelho permite diversificar a apar\u00eancia dos pratos, imprimindo um novo colorido \u00e0s receitas e mantendo a textura e sabor j\u00e1 conhecidos. Dados Nutricionais Declara\u00e7\u00e3o Nutricional por 100g: Energia: 377Kcal\/1593Kj; Prote\u00ednas: 14g; Hidratos de Carbono: 66g; L\u00edpidos: 6,3g; [&hellip;]\" \/>\n<meta property=\"og:url\" content=\"https:\/\/biocabaz.pt\/web\/produto\/quinoa-vermelha-bio-500g-provida\/\" \/>\n<meta property=\"og:site_name\" content=\"BIOCABAZ - CABAZES BIOL\u00d3GICOS\" \/>\n<meta property=\"article:modified_time\" content=\"2022-03-11T11:47:33+00:00\" \/>\n<meta property=\"og:image\" content=\"https:\/\/www.biocabaz.pt\/web\/wp-conteudos\/uploads\/2019\/04\/QUINOA-VERMELHA-BIO-500G-PR\u00d3VIDA.jpg\" \/>\n\t<meta property=\"og:image:width\" content=\"300\" \/>\n\t<meta property=\"og:image:height\" content=\"326\" \/>\n\t<meta property=\"og:image:type\" content=\"image\/jpeg\" \/>\n<meta name=\"twitter:card\" content=\"summary_large_image\" \/>\n<meta name=\"twitter:label1\" content=\"Est. reading time\" \/>\n\t<meta name=\"twitter:data1\" content=\"1 minuto\" \/>\n<script type=\"application\/ld+json\" class=\"yoast-schema-graph\">{\"@context\":\"https:\/\/schema.org\",\"@graph\":[{\"@type\":\"WebPage\",\"@id\":\"https:\/\/biocabaz.pt\/web\/produto\/quinoa-vermelha-bio-500g-provida\/\",\"url\":\"https:\/\/biocabaz.pt\/web\/produto\/quinoa-vermelha-bio-500g-provida\/\",\"name\":\"QUINOA VERMELHA BIO 500G PR\u00d3VIDA\",\"isPartOf\":{\"@id\":\"https:\/\/www.biocabaz.pt\/web\/#website\"},\"primaryImageOfPage\":{\"@id\":\"https:\/\/biocabaz.pt\/web\/produto\/quinoa-vermelha-bio-500g-provida\/#primaryimage\"},\"image\":{\"@id\":\"https:\/\/biocabaz.pt\/web\/produto\/quinoa-vermelha-bio-500g-provida\/#primaryimage\"},\"thumbnailUrl\":\"https:\/\/www.biocabaz.pt\/web\/wp-conteudos\/uploads\/2019\/04\/QUINOA-VERMELHA-BIO-500G-PR\u00d3VIDA.jpg\",\"datePublished\":\"2019-04-26T12:40:06+00:00\",\"dateModified\":\"2022-03-11T11:47:33+00:00\",\"breadcrumb\":{\"@id\":\"https:\/\/biocabaz.pt\/web\/produto\/quinoa-vermelha-bio-500g-provida\/#breadcrumb\"},\"inLanguage\":\"pt-PT\",\"potentialAction\":[{\"@type\":\"ReadAction\",\"target\":[\"https:\/\/biocabaz.pt\/web\/produto\/quinoa-vermelha-bio-500g-provida\/\"]}]},{\"@type\":\"ImageObject\",\"inLanguage\":\"pt-PT\",\"@id\":\"https:\/\/biocabaz.pt\/web\/produto\/quinoa-vermelha-bio-500g-provida\/#primaryimage\",\"url\":\"https:\/\/www.biocabaz.pt\/web\/wp-conteudos\/uploads\/2019\/04\/QUINOA-VERMELHA-BIO-500G-PR\u00d3VIDA.jpg\",\"contentUrl\":\"https:\/\/www.biocabaz.pt\/web\/wp-conteudos\/uploads\/2019\/04\/QUINOA-VERMELHA-BIO-500G-PR\u00d3VIDA.jpg\",\"width\":300,\"height\":326,\"caption\":\"QUINOA VERMELHA BIO 500G PR\u00d3VIDA\"},{\"@type\":\"BreadcrumbList\",\"@id\":\"https:\/\/biocabaz.pt\/web\/produto\/quinoa-vermelha-bio-500g-provida\/#breadcrumb\",\"itemListElement\":[{\"@type\":\"ListItem\",\"position\":1,\"name\":\"Home\",\"item\":\"https:\/\/www.biocabaz.pt\/web\/\"},{\"@type\":\"ListItem\",\"position\":2,\"name\":\"Shop\",\"item\":\"https:\/\/www.biocabaz.pt\/web\/en\/shop\/\"},{\"@type\":\"ListItem\",\"position\":3,\"name\":\"QUINOA VERMELHA BIO 500G PR\u00d3VIDA\"}]},{\"@type\":\"WebSite\",\"@id\":\"https:\/\/www.biocabaz.pt\/web\/#website\",\"url\":\"https:\/\/www.biocabaz.pt\/web\/\",\"name\":\"BIOCABAZ - CABAZES BIOL\u00d3GICOS\",\"description\":\"O melhor que a terra d\u00e1 \u00e9 para si\",\"potentialAction\":[{\"@type\":\"SearchAction\",\"target\":{\"@type\":\"EntryPoint\",\"urlTemplate\":\"https:\/\/www.biocabaz.pt\/web\/?s={search_term_string}\"},\"query-input\":{\"@type\":\"PropertyValueSpecification\",\"valueRequired\":true,\"valueName\":\"search_term_string\"}}],\"inLanguage\":\"pt-PT\"}]}<\/script>\n<!-- \/ Yoast SEO plugin. -->","yoast_head_json":{"title":"QUINOA VERMELHA BIO 500G PR\u00d3VIDA","robots":{"index":"index","follow":"follow","max-snippet":"max-snippet:-1","max-image-preview":"max-image-preview:large","max-video-preview":"max-video-preview:-1"},"canonical":"https:\/\/biocabaz.pt\/web\/produto\/quinoa-vermelha-bio-500g-provida\/","og_locale":"pt_PT","og_type":"article","og_title":"[:en]PR\u00d3VIDA ORGANIC RED QUINOA 500GR[:pt]QUINOA VERMELHA BIO 500G PR\u00d3VIDA[:] - BIOCABAZ - CABAZES BIOL\u00d3GICOS","og_description":"Descri\u00e7\u00e3o Ingredientes: Quinoa vermelha de produ\u00e7\u00e3o biol\u00f3gica. Produto milenar, cultivado nos Andes, possui alto valor nutritivo. O gr\u00e3o vermelho permite diversificar a apar\u00eancia dos pratos, imprimindo um novo colorido \u00e0s receitas e mantendo a textura e sabor j\u00e1 conhecidos. Dados Nutricionais Declara\u00e7\u00e3o Nutricional por 100g: Energia: 377Kcal\/1593Kj; Prote\u00ednas: 14g; Hidratos de Carbono: 66g; L\u00edpidos: 6,3g; [&hellip;]","og_url":"https:\/\/biocabaz.pt\/web\/produto\/quinoa-vermelha-bio-500g-provida\/","og_site_name":"BIOCABAZ - CABAZES BIOL\u00d3GICOS","article_modified_time":"2022-03-11T11:47:33+00:00","og_image":[{"width":300,"height":326,"url":"https:\/\/www.biocabaz.pt\/web\/wp-conteudos\/uploads\/2019\/04\/QUINOA-VERMELHA-BIO-500G-PR\u00d3VIDA.jpg","type":"image\/jpeg"}],"twitter_card":"summary_large_image","twitter_misc":{"Est. reading time":"1 minuto"},"schema":{"@context":"https:\/\/schema.org","@graph":[{"@type":"WebPage","@id":"https:\/\/biocabaz.pt\/web\/produto\/quinoa-vermelha-bio-500g-provida\/","url":"https:\/\/biocabaz.pt\/web\/produto\/quinoa-vermelha-bio-500g-provida\/","name":"QUINOA VERMELHA BIO 500G PR\u00d3VIDA","isPartOf":{"@id":"https:\/\/www.biocabaz.pt\/web\/#website"},"primaryImageOfPage":{"@id":"https:\/\/biocabaz.pt\/web\/produto\/quinoa-vermelha-bio-500g-provida\/#primaryimage"},"image":{"@id":"https:\/\/biocabaz.pt\/web\/produto\/quinoa-vermelha-bio-500g-provida\/#primaryimage"},"thumbnailUrl":"https:\/\/www.biocabaz.pt\/web\/wp-conteudos\/uploads\/2019\/04\/QUINOA-VERMELHA-BIO-500G-PR\u00d3VIDA.jpg","datePublished":"2019-04-26T12:40:06+00:00","dateModified":"2022-03-11T11:47:33+00:00","breadcrumb":{"@id":"https:\/\/biocabaz.pt\/web\/produto\/quinoa-vermelha-bio-500g-provida\/#breadcrumb"},"inLanguage":"pt-PT","potentialAction":[{"@type":"ReadAction","target":["https:\/\/biocabaz.pt\/web\/produto\/quinoa-vermelha-bio-500g-provida\/"]}]},{"@type":"ImageObject","inLanguage":"pt-PT","@id":"https:\/\/biocabaz.pt\/web\/produto\/quinoa-vermelha-bio-500g-provida\/#primaryimage","url":"https:\/\/www.biocabaz.pt\/web\/wp-conteudos\/uploads\/2019\/04\/QUINOA-VERMELHA-BIO-500G-PR\u00d3VIDA.jpg","contentUrl":"https:\/\/www.biocabaz.pt\/web\/wp-conteudos\/uploads\/2019\/04\/QUINOA-VERMELHA-BIO-500G-PR\u00d3VIDA.jpg","width":300,"height":326,"caption":"QUINOA VERMELHA BIO 500G PR\u00d3VIDA"},{"@type":"BreadcrumbList","@id":"https:\/\/biocabaz.pt\/web\/produto\/quinoa-vermelha-bio-500g-provida\/#breadcrumb","itemListElement":[{"@type":"ListItem","position":1,"name":"Home","item":"https:\/\/www.biocabaz.pt\/web\/"},{"@type":"ListItem","position":2,"name":"Shop","item":"https:\/\/www.biocabaz.pt\/web\/en\/shop\/"},{"@type":"ListItem","position":3,"name":"QUINOA VERMELHA BIO 500G PR\u00d3VIDA"}]},{"@type":"WebSite","@id":"https:\/\/www.biocabaz.pt\/web\/#website","url":"https:\/\/www.biocabaz.pt\/web\/","name":"BIOCABAZ - CABAZES BIOL\u00d3GICOS","description":"O melhor que a terra d\u00e1 \u00e9 para si","potentialAction":[{"@type":"SearchAction","target":{"@type":"EntryPoint","urlTemplate":"https:\/\/www.biocabaz.pt\/web\/?s={search_term_string}"},"query-input":{"@type":"PropertyValueSpecification","valueRequired":true,"valueName":"search_term_string"}}],"inLanguage":"pt-PT"}]}},"_links":{"self":[{"href":"https:\/\/biocabaz.pt\/web\/wp-json\/wp\/v2\/product\/16865","targetHints":{"allow":["GET"]}}],"collection":[{"href":"https:\/\/biocabaz.pt\/web\/wp-json\/wp\/v2\/product"}],"about":[{"href":"https:\/\/biocabaz.pt\/web\/wp-json\/wp\/v2\/types\/product"}],"replies":[{"embeddable":true,"href":"https:\/\/biocabaz.pt\/web\/wp-json\/wp\/v2\/comments?post=16865"}],"wp:featuredmedia":[{"embeddable":true,"href":"https:\/\/biocabaz.pt\/web\/wp-json\/wp\/v2\/media\/16866"}],"wp:attachment":[{"href":"https:\/\/biocabaz.pt\/web\/wp-json\/wp\/v2\/media?parent=16865"}],"wp:term":[{"taxonomy":"product_cat","embeddable":true,"href":"https:\/\/biocabaz.pt\/web\/wp-json\/wp\/v2\/product_cat?post=16865"},{"taxonomy":"product_tag","embeddable":true,"href":"https:\/\/biocabaz.pt\/web\/wp-json\/wp\/v2\/product_tag?post=16865"}],"curies":[{"name":"wp","href":"https:\/\/api.w.org\/{rel}","templated":true}]}}