{"id":16859,"date":"2019-04-26T12:21:53","date_gmt":"2019-04-26T12:21:53","guid":{"rendered":"https:\/\/www.biocabaz.pt\/web\/?post_type=product&#038;p=16859"},"modified":"2024-08-02T12:52:03","modified_gmt":"2024-08-02T12:52:03","slug":"feijocas-bio-500g-provida","status":"publish","type":"product","link":"https:\/\/biocabaz.pt\/web\/produto\/feijocas-bio-500g-provida\/","title":{"rendered":"FEIJOCAS BIO 500G PR\u00d3VIDA"},"content":{"rendered":"<p><strong>Descri\u00e7\u00e3o <\/strong><br \/>\nIngredientes: Feij\u00e3o branco de produ\u00e7\u00e3o biol\u00f3gica. As feijocas s\u00e3o uma variedade de feij\u00e3o branco muito saborosa e bastante rica nutricionalmente. Baixo teor em gorduras. Alto teor em fibra. Alto teor em prote\u00ednas. Alto teor de ferro, f\u00f3sforo e magn\u00e9sio.<\/p>\n<p><strong>Dados Nutricionais<\/strong><br \/>\nDeclara\u00e7\u00e3o Nutricional M\u00e9dia por 100g:<br \/>\nEnergia: 305kcal \/ 1920kj;<br \/>\nProte\u00ednas: 23g;<br \/>\nHidratos de Carbono: 50g &#8211; dos quais A\u00e7\u00facares: 2g;<br \/>\nL\u00edpidos: 0,8g &#8211; dos quais Saturados: 0,2g;<br \/>\nFibras Alimentares: 15g;<br \/>\nS\u00f3dio: 0,02g;<br \/>\nFerro: 10mg (70% D.D.R.);<br \/>\nF\u00f3sforo: 301mg (40% D.D.R.);<br \/>\nMagn\u00e9sio: 190mg (50% D.D.R.).<\/p>\n<p><strong>Modo Utiliza\u00e7\u00e3o<\/strong><br \/>\nLavar o feij\u00e3o, demolhar com 4 vezes de \u00e1gua durante 8 horas, cozinhar em panela de press\u00e3o durante 1hora. Adicionar legumes a gosto, cenoura, ab\u00f3bora, lombardo. Conservar em local seco e fresco.<\/p>\n","protected":false},"excerpt":{"rendered":"<p>Descri\u00e7\u00e3o Ingredientes: Feij\u00e3o branco de produ\u00e7\u00e3o biol\u00f3gica. As feijocas s\u00e3o uma variedade de feij\u00e3o branco muito saborosa e bastante rica nutricionalmente. Baixo teor em gorduras. Alto teor em fibra. Alto teor em prote\u00ednas. Alto teor de ferro, f\u00f3sforo e magn\u00e9sio. Dados Nutricionais Declara\u00e7\u00e3o Nutricional M\u00e9dia por 100g: Energia: 305kcal \/ 1920kj; Prote\u00ednas: 23g; Hidratos de [&hellip;]<\/p>\n","protected":false},"featured_media":16860,"comment_status":"closed","ping_status":"closed","template":"","meta":[],"product_cat":[25],"product_tag":[],"class_list":["post-16859","product","type-product","status-publish","has-post-thumbnail","hentry","product_cat-leguminosas"],"bundle_layout":"","bundled_by":[],"bundled_items":[],"yoast_head":"<!-- This site is optimized with the Yoast SEO plugin v26.3 - https:\/\/yoast.com\/wordpress\/plugins\/seo\/ -->\n<title>FEIJOCAS BIO 500G PR\u00d3VIDA<\/title>\n<meta name=\"robots\" content=\"index, follow, max-snippet:-1, max-image-preview:large, max-video-preview:-1\" \/>\n<link rel=\"canonical\" href=\"https:\/\/biocabaz.pt\/web\/produto\/feijocas-bio-500g-provida\/\" \/>\n<meta property=\"og:locale\" content=\"pt_PT\" \/>\n<meta property=\"og:locale:alternate\" content=\"en_US\" \/>\n<meta property=\"og:type\" content=\"article\" \/>\n<meta property=\"og:title\" content=\"FEIJOCAS BIO 500G PR\u00d3VIDA\" \/>\n<meta property=\"og:description\" content=\"Descri\u00e7\u00e3o Ingredientes: Feij\u00e3o branco de produ\u00e7\u00e3o biol\u00f3gica. As feijocas s\u00e3o uma variedade de feij\u00e3o branco muito saborosa e bastante rica nutricionalmente. Baixo teor em gorduras. Alto teor em fibra. Alto teor em prote\u00ednas. Alto teor de ferro, f\u00f3sforo e magn\u00e9sio. Dados Nutricionais Declara\u00e7\u00e3o Nutricional M\u00e9dia por 100g: Energia: 305kcal \/ 1920kj; Prote\u00ednas: 23g; Hidratos de [&hellip;]\" \/>\n<meta property=\"og:url\" content=\"https:\/\/biocabaz.pt\/web\/produto\/feijocas-bio-500g-provida\/\" \/>\n<meta property=\"og:site_name\" content=\"BIOCABAZ - CABAZES BIOL\u00d3GICOS\" \/>\n<meta property=\"article:modified_time\" content=\"2024-08-02T12:52:03+00:00\" \/>\n<meta property=\"og:image\" content=\"https:\/\/www.biocabaz.pt\/web\/wp-conteudos\/uploads\/2019\/04\/FEIJOCAS-BIO-500G-PR\u00d3VIDA.jpg\" \/>\n\t<meta property=\"og:image:width\" content=\"300\" \/>\n\t<meta property=\"og:image:height\" content=\"326\" \/>\n\t<meta property=\"og:image:type\" content=\"image\/jpeg\" \/>\n<meta name=\"twitter:card\" content=\"summary_large_image\" \/>\n<meta name=\"twitter:label1\" content=\"Est. reading time\" \/>\n\t<meta name=\"twitter:data1\" content=\"1 minuto\" \/>\n<script type=\"application\/ld+json\" class=\"yoast-schema-graph\">{\"@context\":\"https:\/\/schema.org\",\"@graph\":[{\"@type\":\"WebPage\",\"@id\":\"https:\/\/biocabaz.pt\/web\/produto\/feijocas-bio-500g-provida\/\",\"url\":\"https:\/\/biocabaz.pt\/web\/produto\/feijocas-bio-500g-provida\/\",\"name\":\"FEIJOCAS BIO 500G PR\u00d3VIDA\",\"isPartOf\":{\"@id\":\"https:\/\/biocabaz.pt\/web\/#website\"},\"primaryImageOfPage\":{\"@id\":\"https:\/\/biocabaz.pt\/web\/produto\/feijocas-bio-500g-provida\/#primaryimage\"},\"image\":{\"@id\":\"https:\/\/biocabaz.pt\/web\/produto\/feijocas-bio-500g-provida\/#primaryimage\"},\"thumbnailUrl\":\"https:\/\/www.biocabaz.pt\/web\/wp-conteudos\/uploads\/2019\/04\/FEIJOCAS-BIO-500G-PR\u00d3VIDA.jpg\",\"datePublished\":\"2019-04-26T12:21:53+00:00\",\"dateModified\":\"2024-08-02T12:52:03+00:00\",\"breadcrumb\":{\"@id\":\"https:\/\/biocabaz.pt\/web\/produto\/feijocas-bio-500g-provida\/#breadcrumb\"},\"inLanguage\":\"pt-PT\",\"potentialAction\":[{\"@type\":\"ReadAction\",\"target\":[\"https:\/\/biocabaz.pt\/web\/produto\/feijocas-bio-500g-provida\/\"]}]},{\"@type\":\"ImageObject\",\"inLanguage\":\"pt-PT\",\"@id\":\"https:\/\/biocabaz.pt\/web\/produto\/feijocas-bio-500g-provida\/#primaryimage\",\"url\":\"https:\/\/www.biocabaz.pt\/web\/wp-conteudos\/uploads\/2019\/04\/FEIJOCAS-BIO-500G-PR\u00d3VIDA.jpg\",\"contentUrl\":\"https:\/\/www.biocabaz.pt\/web\/wp-conteudos\/uploads\/2019\/04\/FEIJOCAS-BIO-500G-PR\u00d3VIDA.jpg\",\"width\":300,\"height\":326,\"caption\":\"FEIJOCAS BIO 500G PR\u00d3VIDA\"},{\"@type\":\"BreadcrumbList\",\"@id\":\"https:\/\/biocabaz.pt\/web\/produto\/feijocas-bio-500g-provida\/#breadcrumb\",\"itemListElement\":[{\"@type\":\"ListItem\",\"position\":1,\"name\":\"Home\",\"item\":\"https:\/\/biocabaz.pt\/web\/\"},{\"@type\":\"ListItem\",\"position\":2,\"name\":\"Shop\",\"item\":\"https:\/\/www.biocabaz.pt\/web\/en\/shop\/\"},{\"@type\":\"ListItem\",\"position\":3,\"name\":\"FEIJOCAS BIO 500G PR\u00d3VIDA\"}]},{\"@type\":\"WebSite\",\"@id\":\"https:\/\/biocabaz.pt\/web\/#website\",\"url\":\"https:\/\/biocabaz.pt\/web\/\",\"name\":\"BIOCABAZ - CABAZES BIOL\u00d3GICOS\",\"description\":\"O melhor que a terra d\u00e1 \u00e9 para si\",\"potentialAction\":[{\"@type\":\"SearchAction\",\"target\":{\"@type\":\"EntryPoint\",\"urlTemplate\":\"https:\/\/biocabaz.pt\/web\/?s={search_term_string}\"},\"query-input\":{\"@type\":\"PropertyValueSpecification\",\"valueRequired\":true,\"valueName\":\"search_term_string\"}}],\"inLanguage\":\"pt-PT\"}]}<\/script>\n<!-- \/ Yoast SEO plugin. -->","yoast_head_json":{"title":"FEIJOCAS BIO 500G PR\u00d3VIDA","robots":{"index":"index","follow":"follow","max-snippet":"max-snippet:-1","max-image-preview":"max-image-preview:large","max-video-preview":"max-video-preview:-1"},"canonical":"https:\/\/biocabaz.pt\/web\/produto\/feijocas-bio-500g-provida\/","og_locale":"pt_PT","og_type":"article","og_title":"[:en]PR\u00d3VIDA ORGANIC CANNELLINI BEANS 500GR[:pt]FEIJOCAS BIO 500G PR\u00d3VIDA[:] - BIOCABAZ - CABAZES BIOL\u00d3GICOS","og_description":"Descri\u00e7\u00e3o Ingredientes: Feij\u00e3o branco de produ\u00e7\u00e3o biol\u00f3gica. As feijocas s\u00e3o uma variedade de feij\u00e3o branco muito saborosa e bastante rica nutricionalmente. Baixo teor em gorduras. Alto teor em fibra. Alto teor em prote\u00ednas. Alto teor de ferro, f\u00f3sforo e magn\u00e9sio. Dados Nutricionais Declara\u00e7\u00e3o Nutricional M\u00e9dia por 100g: Energia: 305kcal \/ 1920kj; Prote\u00ednas: 23g; Hidratos de [&hellip;]","og_url":"https:\/\/biocabaz.pt\/web\/produto\/feijocas-bio-500g-provida\/","og_site_name":"BIOCABAZ - CABAZES BIOL\u00d3GICOS","article_modified_time":"2024-08-02T12:52:03+00:00","og_image":[{"width":300,"height":326,"url":"https:\/\/www.biocabaz.pt\/web\/wp-conteudos\/uploads\/2019\/04\/FEIJOCAS-BIO-500G-PR\u00d3VIDA.jpg","type":"image\/jpeg"}],"twitter_card":"summary_large_image","twitter_misc":{"Est. reading time":"1 minuto"},"schema":{"@context":"https:\/\/schema.org","@graph":[{"@type":"WebPage","@id":"https:\/\/biocabaz.pt\/web\/produto\/feijocas-bio-500g-provida\/","url":"https:\/\/biocabaz.pt\/web\/produto\/feijocas-bio-500g-provida\/","name":"FEIJOCAS BIO 500G PR\u00d3VIDA","isPartOf":{"@id":"https:\/\/biocabaz.pt\/web\/#website"},"primaryImageOfPage":{"@id":"https:\/\/biocabaz.pt\/web\/produto\/feijocas-bio-500g-provida\/#primaryimage"},"image":{"@id":"https:\/\/biocabaz.pt\/web\/produto\/feijocas-bio-500g-provida\/#primaryimage"},"thumbnailUrl":"https:\/\/www.biocabaz.pt\/web\/wp-conteudos\/uploads\/2019\/04\/FEIJOCAS-BIO-500G-PR\u00d3VIDA.jpg","datePublished":"2019-04-26T12:21:53+00:00","dateModified":"2024-08-02T12:52:03+00:00","breadcrumb":{"@id":"https:\/\/biocabaz.pt\/web\/produto\/feijocas-bio-500g-provida\/#breadcrumb"},"inLanguage":"pt-PT","potentialAction":[{"@type":"ReadAction","target":["https:\/\/biocabaz.pt\/web\/produto\/feijocas-bio-500g-provida\/"]}]},{"@type":"ImageObject","inLanguage":"pt-PT","@id":"https:\/\/biocabaz.pt\/web\/produto\/feijocas-bio-500g-provida\/#primaryimage","url":"https:\/\/www.biocabaz.pt\/web\/wp-conteudos\/uploads\/2019\/04\/FEIJOCAS-BIO-500G-PR\u00d3VIDA.jpg","contentUrl":"https:\/\/www.biocabaz.pt\/web\/wp-conteudos\/uploads\/2019\/04\/FEIJOCAS-BIO-500G-PR\u00d3VIDA.jpg","width":300,"height":326,"caption":"FEIJOCAS BIO 500G PR\u00d3VIDA"},{"@type":"BreadcrumbList","@id":"https:\/\/biocabaz.pt\/web\/produto\/feijocas-bio-500g-provida\/#breadcrumb","itemListElement":[{"@type":"ListItem","position":1,"name":"Home","item":"https:\/\/biocabaz.pt\/web\/"},{"@type":"ListItem","position":2,"name":"Shop","item":"https:\/\/www.biocabaz.pt\/web\/en\/shop\/"},{"@type":"ListItem","position":3,"name":"FEIJOCAS BIO 500G PR\u00d3VIDA"}]},{"@type":"WebSite","@id":"https:\/\/biocabaz.pt\/web\/#website","url":"https:\/\/biocabaz.pt\/web\/","name":"BIOCABAZ - CABAZES BIOL\u00d3GICOS","description":"O melhor que a terra d\u00e1 \u00e9 para si","potentialAction":[{"@type":"SearchAction","target":{"@type":"EntryPoint","urlTemplate":"https:\/\/biocabaz.pt\/web\/?s={search_term_string}"},"query-input":{"@type":"PropertyValueSpecification","valueRequired":true,"valueName":"search_term_string"}}],"inLanguage":"pt-PT"}]}},"_links":{"self":[{"href":"https:\/\/biocabaz.pt\/web\/wp-json\/wp\/v2\/product\/16859","targetHints":{"allow":["GET"]}}],"collection":[{"href":"https:\/\/biocabaz.pt\/web\/wp-json\/wp\/v2\/product"}],"about":[{"href":"https:\/\/biocabaz.pt\/web\/wp-json\/wp\/v2\/types\/product"}],"replies":[{"embeddable":true,"href":"https:\/\/biocabaz.pt\/web\/wp-json\/wp\/v2\/comments?post=16859"}],"wp:featuredmedia":[{"embeddable":true,"href":"https:\/\/biocabaz.pt\/web\/wp-json\/wp\/v2\/media\/16860"}],"wp:attachment":[{"href":"https:\/\/biocabaz.pt\/web\/wp-json\/wp\/v2\/media?parent=16859"}],"wp:term":[{"taxonomy":"product_cat","embeddable":true,"href":"https:\/\/biocabaz.pt\/web\/wp-json\/wp\/v2\/product_cat?post=16859"},{"taxonomy":"product_tag","embeddable":true,"href":"https:\/\/biocabaz.pt\/web\/wp-json\/wp\/v2\/product_tag?post=16859"}],"curies":[{"name":"wp","href":"https:\/\/api.w.org\/{rel}","templated":true}]}}