{"id":16847,"date":"2019-04-26T11:50:48","date_gmt":"2019-04-26T11:50:48","guid":{"rendered":"https:\/\/www.biocabaz.pt\/web\/?post_type=product&#038;p=16847"},"modified":"2023-04-15T14:17:13","modified_gmt":"2023-04-15T14:17:13","slug":"feijao-azuki-bio-500g-provida","status":"publish","type":"product","link":"https:\/\/biocabaz.pt\/web\/produto\/feijao-azuki-bio-500g-provida\/","title":{"rendered":"FEIJ\u00c3O AZUKI BIO 500G PR\u00d3VIDA"},"content":{"rendered":"<p><strong>Descri\u00e7\u00e3o <\/strong><br \/>\nIngredientes: Feij\u00e3o Azuki de produ\u00e7\u00e3o biol\u00f3gica. O Feij\u00e3o Azuki \u00e9 cultivado h\u00e1 mil\u00e9nios na China e Jap\u00e3o onde \u00e9 considerado o &#8220;Rei dos Feij\u00f5es&#8221;. <\/p>\n<p><strong>Dados Nutricionais<\/strong><br \/>\nDeclara\u00e7\u00e3o Nutricional por 100g:<br \/>\nEnergia: 1313 kJ\/311 kcal;<br \/>\nL\u00edpidos: 0,5g &#8211; dos quais saturados: 0,19g;<br \/>\nHidratos de carbono: 50,2g &#8211; dos quais a\u00e7\u00facares: 2,35g;<br \/>\nFibra: 12,9g;<br \/>\nProte\u00ednas: 19,9g;<br \/>\nSal: 0,01g.<\/p>\n<p><strong>Modo Utiliza\u00e7\u00e3o<\/strong><br \/>\nLavar o feij\u00e3o e uma tira de alga kombu, demolhar os dois em tr\u00eas vezes de \u00e1gua e utilizar a \u00e1gua de demolhar para cozinhar durante 30 minutos em panela de press\u00e3o. Pode adicionar legumes diversos como lombardo, cenoura ou refog\u00e1-lo com cebola. Pode ainda cozinhar com arroz integral (t\u00eam o mesmo tempo de cozedura).<\/p>\n","protected":false},"excerpt":{"rendered":"<p>Descri\u00e7\u00e3o Ingredientes: Feij\u00e3o Azuki de produ\u00e7\u00e3o biol\u00f3gica. O Feij\u00e3o Azuki \u00e9 cultivado h\u00e1 mil\u00e9nios na China e Jap\u00e3o onde \u00e9 considerado o &#8220;Rei dos Feij\u00f5es&#8221;. Dados Nutricionais Declara\u00e7\u00e3o Nutricional por 100g: Energia: 1313 kJ\/311 kcal; L\u00edpidos: 0,5g &#8211; dos quais saturados: 0,19g; Hidratos de carbono: 50,2g &#8211; dos quais a\u00e7\u00facares: 2,35g; Fibra: 12,9g; Prote\u00ednas: 19,9g; [&hellip;]<\/p>\n","protected":false},"featured_media":16848,"comment_status":"closed","ping_status":"closed","template":"","meta":[],"product_cat":[25],"product_tag":[],"class_list":["post-16847","product","type-product","status-publish","has-post-thumbnail","hentry","product_cat-leguminosas"],"bundle_layout":"","bundled_by":[],"bundled_items":[],"yoast_head":"<!-- This site is optimized with the Yoast SEO plugin v26.3 - https:\/\/yoast.com\/wordpress\/plugins\/seo\/ -->\n<title>FEIJ\u00c3O AZUKI BIO 500G PR\u00d3VIDA<\/title>\n<meta name=\"robots\" content=\"index, follow, max-snippet:-1, max-image-preview:large, max-video-preview:-1\" \/>\n<link rel=\"canonical\" href=\"https:\/\/www.biocabaz.pt\/web\/en\/produto\/feijao-azuki-bio-500g-provida\/\" \/>\n<meta property=\"og:locale\" content=\"pt_PT\" \/>\n<meta property=\"og:locale:alternate\" content=\"en_US\" \/>\n<meta property=\"og:type\" content=\"article\" \/>\n<meta property=\"og:title\" content=\"FEIJ\u00c3O AZUKI BIO 500G PR\u00d3VIDA\" \/>\n<meta property=\"og:description\" content=\"Descri\u00e7\u00e3o Ingredientes: Feij\u00e3o Azuki de produ\u00e7\u00e3o biol\u00f3gica. O Feij\u00e3o Azuki \u00e9 cultivado h\u00e1 mil\u00e9nios na China e Jap\u00e3o onde \u00e9 considerado o &#8220;Rei dos Feij\u00f5es&#8221;. Dados Nutricionais Declara\u00e7\u00e3o Nutricional por 100g: Energia: 1313 kJ\/311 kcal; L\u00edpidos: 0,5g &#8211; dos quais saturados: 0,19g; Hidratos de carbono: 50,2g &#8211; dos quais a\u00e7\u00facares: 2,35g; Fibra: 12,9g; Prote\u00ednas: 19,9g; [&hellip;]\" \/>\n<meta property=\"og:url\" content=\"https:\/\/biocabaz.pt\/web\/produto\/feijao-azuki-bio-500g-provida\/\" \/>\n<meta property=\"og:site_name\" content=\"BIOCABAZ - CABAZES BIOL\u00d3GICOS\" \/>\n<meta property=\"article:modified_time\" content=\"2023-04-15T14:17:13+00:00\" \/>\n<meta property=\"og:image\" content=\"https:\/\/www.biocabaz.pt\/web\/wp-conteudos\/uploads\/2019\/04\/FEIJ\u00c3O-AZUKI-BIO-500G-PR\u00d3VIDA-e1556279424143.jpg\" \/>\n\t<meta property=\"og:image:width\" content=\"500\" \/>\n\t<meta property=\"og:image:height\" content=\"500\" \/>\n\t<meta property=\"og:image:type\" content=\"image\/jpeg\" \/>\n<meta name=\"twitter:card\" content=\"summary_large_image\" \/>\n<meta name=\"twitter:label1\" content=\"Est. reading time\" \/>\n\t<meta name=\"twitter:data1\" content=\"1 minuto\" \/>\n<script type=\"application\/ld+json\" class=\"yoast-schema-graph\">{\"@context\":\"https:\/\/schema.org\",\"@graph\":[{\"@type\":\"WebPage\",\"@id\":\"https:\/\/www.biocabaz.pt\/web\/en\/produto\/feijao-azuki-bio-500g-provida\/\",\"url\":\"https:\/\/www.biocabaz.pt\/web\/en\/produto\/feijao-azuki-bio-500g-provida\/\",\"name\":\"FEIJ\u00c3O AZUKI BIO 500G PR\u00d3VIDA\",\"isPartOf\":{\"@id\":\"https:\/\/biocabaz.pt\/web\/#website\"},\"primaryImageOfPage\":{\"@id\":\"https:\/\/www.biocabaz.pt\/web\/en\/produto\/feijao-azuki-bio-500g-provida\/#primaryimage\"},\"image\":{\"@id\":\"https:\/\/www.biocabaz.pt\/web\/en\/produto\/feijao-azuki-bio-500g-provida\/#primaryimage\"},\"thumbnailUrl\":\"https:\/\/www.biocabaz.pt\/web\/wp-conteudos\/uploads\/2019\/04\/FEIJ\u00c3O-AZUKI-BIO-500G-PR\u00d3VIDA-e1556279424143.jpg\",\"datePublished\":\"2019-04-26T11:50:48+00:00\",\"dateModified\":\"2023-04-15T14:17:13+00:00\",\"breadcrumb\":{\"@id\":\"https:\/\/www.biocabaz.pt\/web\/en\/produto\/feijao-azuki-bio-500g-provida\/#breadcrumb\"},\"inLanguage\":\"pt-PT\",\"potentialAction\":[{\"@type\":\"ReadAction\",\"target\":[\"https:\/\/www.biocabaz.pt\/web\/en\/produto\/feijao-azuki-bio-500g-provida\/\"]}]},{\"@type\":\"ImageObject\",\"inLanguage\":\"pt-PT\",\"@id\":\"https:\/\/www.biocabaz.pt\/web\/en\/produto\/feijao-azuki-bio-500g-provida\/#primaryimage\",\"url\":\"https:\/\/www.biocabaz.pt\/web\/wp-conteudos\/uploads\/2019\/04\/FEIJ\u00c3O-AZUKI-BIO-500G-PR\u00d3VIDA-e1556279424143.jpg\",\"contentUrl\":\"https:\/\/www.biocabaz.pt\/web\/wp-conteudos\/uploads\/2019\/04\/FEIJ\u00c3O-AZUKI-BIO-500G-PR\u00d3VIDA-e1556279424143.jpg\",\"width\":500,\"height\":500,\"caption\":\"FEIJ\u00c3O AZUKI BIO 500G PR\u00d3VIDA\"},{\"@type\":\"BreadcrumbList\",\"@id\":\"https:\/\/www.biocabaz.pt\/web\/en\/produto\/feijao-azuki-bio-500g-provida\/#breadcrumb\",\"itemListElement\":[{\"@type\":\"ListItem\",\"position\":1,\"name\":\"Home\",\"item\":\"https:\/\/biocabaz.pt\/web\/\"},{\"@type\":\"ListItem\",\"position\":2,\"name\":\"Loja\",\"item\":\"https:\/\/biocabaz.pt\/web\/shop\/\"},{\"@type\":\"ListItem\",\"position\":3,\"name\":\"PR\u00d3VIDA ORGANIC AZUKI BEANS 500GR\"}]},{\"@type\":\"WebSite\",\"@id\":\"https:\/\/biocabaz.pt\/web\/#website\",\"url\":\"https:\/\/biocabaz.pt\/web\/\",\"name\":\"BIOCABAZ - CABAZES BIOL\u00d3GICOS\",\"description\":\"O melhor que a terra d\u00e1 \u00e9 para si\",\"potentialAction\":[{\"@type\":\"SearchAction\",\"target\":{\"@type\":\"EntryPoint\",\"urlTemplate\":\"https:\/\/biocabaz.pt\/web\/?s={search_term_string}\"},\"query-input\":{\"@type\":\"PropertyValueSpecification\",\"valueRequired\":true,\"valueName\":\"search_term_string\"}}],\"inLanguage\":\"pt-PT\"}]}<\/script>\n<!-- \/ Yoast SEO plugin. -->","yoast_head_json":{"title":"FEIJ\u00c3O AZUKI BIO 500G PR\u00d3VIDA","robots":{"index":"index","follow":"follow","max-snippet":"max-snippet:-1","max-image-preview":"max-image-preview:large","max-video-preview":"max-video-preview:-1"},"canonical":"https:\/\/www.biocabaz.pt\/web\/en\/produto\/feijao-azuki-bio-500g-provida\/","og_locale":"pt_PT","og_type":"article","og_title":"[:en]PR\u00d3VIDA ORGANIC AZUKI BEANS 500GR[:pt]FEIJ\u00c3O AZUKI BIO 500G PR\u00d3VIDA[:] - BIOCABAZ - CABAZES BIOL\u00d3GICOS","og_description":"Descri\u00e7\u00e3o Ingredientes: Feij\u00e3o Azuki de produ\u00e7\u00e3o biol\u00f3gica. O Feij\u00e3o Azuki \u00e9 cultivado h\u00e1 mil\u00e9nios na China e Jap\u00e3o onde \u00e9 considerado o &#8220;Rei dos Feij\u00f5es&#8221;. Dados Nutricionais Declara\u00e7\u00e3o Nutricional por 100g: Energia: 1313 kJ\/311 kcal; L\u00edpidos: 0,5g &#8211; dos quais saturados: 0,19g; Hidratos de carbono: 50,2g &#8211; dos quais a\u00e7\u00facares: 2,35g; Fibra: 12,9g; Prote\u00ednas: 19,9g; [&hellip;]","og_url":"https:\/\/biocabaz.pt\/web\/produto\/feijao-azuki-bio-500g-provida\/","og_site_name":"BIOCABAZ - CABAZES BIOL\u00d3GICOS","article_modified_time":"2023-04-15T14:17:13+00:00","og_image":[{"width":500,"height":500,"url":"https:\/\/www.biocabaz.pt\/web\/wp-conteudos\/uploads\/2019\/04\/FEIJ\u00c3O-AZUKI-BIO-500G-PR\u00d3VIDA-e1556279424143.jpg","type":"image\/jpeg"}],"twitter_card":"summary_large_image","twitter_misc":{"Est. reading time":"1 minuto"},"schema":{"@context":"https:\/\/schema.org","@graph":[{"@type":"WebPage","@id":"https:\/\/www.biocabaz.pt\/web\/en\/produto\/feijao-azuki-bio-500g-provida\/","url":"https:\/\/www.biocabaz.pt\/web\/en\/produto\/feijao-azuki-bio-500g-provida\/","name":"FEIJ\u00c3O AZUKI BIO 500G PR\u00d3VIDA","isPartOf":{"@id":"https:\/\/biocabaz.pt\/web\/#website"},"primaryImageOfPage":{"@id":"https:\/\/www.biocabaz.pt\/web\/en\/produto\/feijao-azuki-bio-500g-provida\/#primaryimage"},"image":{"@id":"https:\/\/www.biocabaz.pt\/web\/en\/produto\/feijao-azuki-bio-500g-provida\/#primaryimage"},"thumbnailUrl":"https:\/\/www.biocabaz.pt\/web\/wp-conteudos\/uploads\/2019\/04\/FEIJ\u00c3O-AZUKI-BIO-500G-PR\u00d3VIDA-e1556279424143.jpg","datePublished":"2019-04-26T11:50:48+00:00","dateModified":"2023-04-15T14:17:13+00:00","breadcrumb":{"@id":"https:\/\/www.biocabaz.pt\/web\/en\/produto\/feijao-azuki-bio-500g-provida\/#breadcrumb"},"inLanguage":"pt-PT","potentialAction":[{"@type":"ReadAction","target":["https:\/\/www.biocabaz.pt\/web\/en\/produto\/feijao-azuki-bio-500g-provida\/"]}]},{"@type":"ImageObject","inLanguage":"pt-PT","@id":"https:\/\/www.biocabaz.pt\/web\/en\/produto\/feijao-azuki-bio-500g-provida\/#primaryimage","url":"https:\/\/www.biocabaz.pt\/web\/wp-conteudos\/uploads\/2019\/04\/FEIJ\u00c3O-AZUKI-BIO-500G-PR\u00d3VIDA-e1556279424143.jpg","contentUrl":"https:\/\/www.biocabaz.pt\/web\/wp-conteudos\/uploads\/2019\/04\/FEIJ\u00c3O-AZUKI-BIO-500G-PR\u00d3VIDA-e1556279424143.jpg","width":500,"height":500,"caption":"FEIJ\u00c3O AZUKI BIO 500G PR\u00d3VIDA"},{"@type":"BreadcrumbList","@id":"https:\/\/www.biocabaz.pt\/web\/en\/produto\/feijao-azuki-bio-500g-provida\/#breadcrumb","itemListElement":[{"@type":"ListItem","position":1,"name":"Home","item":"https:\/\/biocabaz.pt\/web\/"},{"@type":"ListItem","position":2,"name":"Loja","item":"https:\/\/biocabaz.pt\/web\/shop\/"},{"@type":"ListItem","position":3,"name":"PR\u00d3VIDA ORGANIC AZUKI BEANS 500GR"}]},{"@type":"WebSite","@id":"https:\/\/biocabaz.pt\/web\/#website","url":"https:\/\/biocabaz.pt\/web\/","name":"BIOCABAZ - CABAZES BIOL\u00d3GICOS","description":"O melhor que a terra d\u00e1 \u00e9 para si","potentialAction":[{"@type":"SearchAction","target":{"@type":"EntryPoint","urlTemplate":"https:\/\/biocabaz.pt\/web\/?s={search_term_string}"},"query-input":{"@type":"PropertyValueSpecification","valueRequired":true,"valueName":"search_term_string"}}],"inLanguage":"pt-PT"}]}},"_links":{"self":[{"href":"https:\/\/biocabaz.pt\/web\/wp-json\/wp\/v2\/product\/16847","targetHints":{"allow":["GET"]}}],"collection":[{"href":"https:\/\/biocabaz.pt\/web\/wp-json\/wp\/v2\/product"}],"about":[{"href":"https:\/\/biocabaz.pt\/web\/wp-json\/wp\/v2\/types\/product"}],"replies":[{"embeddable":true,"href":"https:\/\/biocabaz.pt\/web\/wp-json\/wp\/v2\/comments?post=16847"}],"wp:featuredmedia":[{"embeddable":true,"href":"https:\/\/biocabaz.pt\/web\/wp-json\/wp\/v2\/media\/16848"}],"wp:attachment":[{"href":"https:\/\/biocabaz.pt\/web\/wp-json\/wp\/v2\/media?parent=16847"}],"wp:term":[{"taxonomy":"product_cat","embeddable":true,"href":"https:\/\/biocabaz.pt\/web\/wp-json\/wp\/v2\/product_cat?post=16847"},{"taxonomy":"product_tag","embeddable":true,"href":"https:\/\/biocabaz.pt\/web\/wp-json\/wp\/v2\/product_tag?post=16847"}],"curies":[{"name":"wp","href":"https:\/\/api.w.org\/{rel}","templated":true}]}}