{"id":1678,"date":"2016-06-13T14:55:50","date_gmt":"2016-06-13T14:55:50","guid":{"rendered":"http:\/\/www.biocabaz.com\/web\/produto\/tostas-trigo-e-espelta-6m-bio-200g-holle\/"},"modified":"2023-04-17T11:52:33","modified_gmt":"2023-04-17T11:52:33","slug":"tostas-trigo-e-espelta-6m-bio-200g-holle","status":"publish","type":"product","link":"https:\/\/biocabaz.pt\/web\/produto\/tostas-trigo-e-espelta-6m-bio-200g-holle\/","title":{"rendered":"TOSTAS TRIGO E ESPELTA 6M BIO 200G HOLLE"},"content":{"rendered":"<div class=\"generated-label\"><strong>Ingredientes<\/strong>: farinha de espelta Demeter bio (83 %), gr\u00e3o integral de espelta Demeter bio (11%), \u00f3leo de girassol bio, fermento bio, vitamina B1<\/div>\n<div class=\"generated-label\"><strong>Origem dos principais ingredientes<\/strong>: Alemanha e \u00c1ustria<\/div>\n<div class=\"generated-label\">\n<div class=\"generated-label\"><strong>Caracter\u00edsticas<\/strong>: as Tostas Biol\u00f3gicas de Espelta da Holle s\u00e3o elaboradas com ingredientes biol\u00f3gicos premiados. As tostas n\u00e3o s\u00e3o ado\u00e7adas e s\u00e3o isentas de ovos, produtos l\u00e1cteos, trigo, sal e \u00f3leo de palma.<\/div>\n<div class=\"generated-label\"><strong>Aviso<\/strong>: por favor, n\u00e3o permita que o seu beb\u00e9 morda as tostas sem supervis\u00e3o de um adulto. N\u00e3o ofere\u00e7a tostas ao seu beb\u00e9 quando ele se encontra deitado &#8211; risco de asfixia. Por favor, tenha cuidado ao seguir as instru\u00e7\u00f5es de prepara\u00e7\u00e3o de papas de cereais para beb\u00e9s: medir as quantidades correctas ir\u00e1 garantir que o seu beb\u00e9 recebe a quantidade certa de nutrientes. Prepare sempre refei\u00e7\u00f5es frescas e deite fora as sobras. As Tostas Biol\u00f3gicas de Espelta da Holle cont\u00eam hidratos de carbono, tal como todos os produtos \u00e0 base de cereais. Um contacto constante com alimentos contendo hidratos de carbono pode provocar c\u00e1rie dent\u00e1ria e, por este motivo, mantenha a higiene dent\u00e1ria regular do seu beb\u00e9.<\/div>\n<\/div>\n","protected":false},"excerpt":{"rendered":"<div class=\"generated-content\">\n<p>Com um paladar suave e de f\u00e1cil digest\u00e3o, as Tostas Biol\u00f3gicas de Espelta da Holle s\u00e3o \u00f3ptimas para o beb\u00e9, quer como um snack para morder e amolecer, ajudando no treino da mand\u00edbula e dos m\u00fasculos de mastiga\u00e7\u00e3o, quer para preparar papas deliciosas.<\/p>\n<\/div>\n","protected":false},"featured_media":1694,"comment_status":"closed","ping_status":"closed","template":"","meta":[],"product_cat":[57,61],"product_tag":[],"class_list":["post-1678","product","type-product","status-publish","has-post-thumbnail","hentry","product_cat-bebes-e-criancas","product_cat-sumos-snacks"],"bundle_layout":"","bundled_by":[],"bundled_items":[],"yoast_head":"<!-- This site is optimized with the Yoast SEO plugin v26.3 - https:\/\/yoast.com\/wordpress\/plugins\/seo\/ -->\n<title>TOSTAS TRIGO E ESPELTA 6M BIO 200G HOLLE<\/title>\n<meta name=\"robots\" content=\"index, follow, max-snippet:-1, max-image-preview:large, max-video-preview:-1\" \/>\n<link rel=\"canonical\" href=\"https:\/\/biocabaz.pt\/web\/produto\/tostas-trigo-e-espelta-6m-bio-200g-holle\/\" \/>\n<meta property=\"og:locale\" content=\"pt_PT\" \/>\n<meta property=\"og:locale:alternate\" content=\"en_US\" \/>\n<meta property=\"og:type\" content=\"article\" \/>\n<meta property=\"og:title\" content=\"TOSTAS TRIGO E ESPELTA 6M BIO 200G HOLLE\" \/>\n<meta property=\"og:description\" content=\"Com um paladar suave e de f\u00e1cil digest\u00e3o, as Tostas Biol\u00f3gicas de Espelta da Holle s\u00e3o \u00f3ptimas para o beb\u00e9, quer como um snack para morder e amolecer, ajudando no treino da mand\u00edbula e dos m\u00fasculos de mastiga\u00e7\u00e3o, quer para preparar papas deliciosas.\" \/>\n<meta property=\"og:url\" content=\"https:\/\/biocabaz.pt\/web\/produto\/tostas-trigo-e-espelta-6m-bio-200g-holle\/\" \/>\n<meta property=\"og:site_name\" content=\"BIOCABAZ - CABAZES BIOL\u00d3GICOS\" \/>\n<meta property=\"article:modified_time\" content=\"2023-04-17T11:52:33+00:00\" \/>\n<meta property=\"og:image\" content=\"https:\/\/www.biocabaz.pt\/web\/wp-conteudos\/uploads\/2016\/06\/PS_Zwieback_D-F_frontal_XXL_D-F_01_040415_3000x3000px_72dpi_RGB.png\" \/>\n\t<meta property=\"og:image:width\" content=\"600\" \/>\n\t<meta property=\"og:image:height\" content=\"600\" \/>\n\t<meta property=\"og:image:type\" content=\"image\/png\" \/>\n<meta name=\"twitter:card\" content=\"summary_large_image\" \/>\n<meta name=\"twitter:label1\" content=\"Est. reading time\" \/>\n\t<meta name=\"twitter:data1\" content=\"1 minuto\" \/>\n<script type=\"application\/ld+json\" class=\"yoast-schema-graph\">{\"@context\":\"https:\/\/schema.org\",\"@graph\":[{\"@type\":\"WebPage\",\"@id\":\"https:\/\/biocabaz.pt\/web\/produto\/tostas-trigo-e-espelta-6m-bio-200g-holle\/\",\"url\":\"https:\/\/biocabaz.pt\/web\/produto\/tostas-trigo-e-espelta-6m-bio-200g-holle\/\",\"name\":\"TOSTAS TRIGO E ESPELTA 6M BIO 200G HOLLE\",\"isPartOf\":{\"@id\":\"https:\/\/biocabaz.pt\/web\/en\/#website\"},\"primaryImageOfPage\":{\"@id\":\"https:\/\/biocabaz.pt\/web\/produto\/tostas-trigo-e-espelta-6m-bio-200g-holle\/#primaryimage\"},\"image\":{\"@id\":\"https:\/\/biocabaz.pt\/web\/produto\/tostas-trigo-e-espelta-6m-bio-200g-holle\/#primaryimage\"},\"thumbnailUrl\":\"https:\/\/www.biocabaz.pt\/web\/wp-conteudos\/uploads\/2016\/06\/PS_Zwieback_D-F_frontal_XXL_D-F_01_040415_3000x3000px_72dpi_RGB.png\",\"datePublished\":\"2016-06-13T14:55:50+00:00\",\"dateModified\":\"2023-04-17T11:52:33+00:00\",\"breadcrumb\":{\"@id\":\"https:\/\/biocabaz.pt\/web\/produto\/tostas-trigo-e-espelta-6m-bio-200g-holle\/#breadcrumb\"},\"inLanguage\":\"pt-PT\",\"potentialAction\":[{\"@type\":\"ReadAction\",\"target\":[\"https:\/\/biocabaz.pt\/web\/produto\/tostas-trigo-e-espelta-6m-bio-200g-holle\/\"]}]},{\"@type\":\"ImageObject\",\"inLanguage\":\"pt-PT\",\"@id\":\"https:\/\/biocabaz.pt\/web\/produto\/tostas-trigo-e-espelta-6m-bio-200g-holle\/#primaryimage\",\"url\":\"https:\/\/www.biocabaz.pt\/web\/wp-conteudos\/uploads\/2016\/06\/PS_Zwieback_D-F_frontal_XXL_D-F_01_040415_3000x3000px_72dpi_RGB.png\",\"contentUrl\":\"https:\/\/www.biocabaz.pt\/web\/wp-conteudos\/uploads\/2016\/06\/PS_Zwieback_D-F_frontal_XXL_D-F_01_040415_3000x3000px_72dpi_RGB.png\",\"width\":600,\"height\":600},{\"@type\":\"BreadcrumbList\",\"@id\":\"https:\/\/biocabaz.pt\/web\/produto\/tostas-trigo-e-espelta-6m-bio-200g-holle\/#breadcrumb\",\"itemListElement\":[{\"@type\":\"ListItem\",\"position\":1,\"name\":\"Home\",\"item\":\"https:\/\/biocabaz.pt\/web\/en\/\"},{\"@type\":\"ListItem\",\"position\":2,\"name\":\"Loja\",\"item\":\"https:\/\/biocabaz.pt\/web\/shop\/\"},{\"@type\":\"ListItem\",\"position\":3,\"name\":\"TOSTAS TRIGO E ESPELTA 6M BIO 200G HOLLE\"}]},{\"@type\":\"WebSite\",\"@id\":\"https:\/\/biocabaz.pt\/web\/en\/#website\",\"url\":\"https:\/\/biocabaz.pt\/web\/en\/\",\"name\":\"BIOCABAZ - CABAZES BIOL\u00d3GICOS\",\"description\":\"O melhor que a terra d\u00e1 \u00e9 para si\",\"potentialAction\":[{\"@type\":\"SearchAction\",\"target\":{\"@type\":\"EntryPoint\",\"urlTemplate\":\"https:\/\/biocabaz.pt\/web\/en\/?s={search_term_string}\"},\"query-input\":{\"@type\":\"PropertyValueSpecification\",\"valueRequired\":true,\"valueName\":\"search_term_string\"}}],\"inLanguage\":\"pt-PT\"}]}<\/script>\n<!-- \/ Yoast SEO plugin. -->","yoast_head_json":{"title":"TOSTAS TRIGO E ESPELTA 6M BIO 200G HOLLE","robots":{"index":"index","follow":"follow","max-snippet":"max-snippet:-1","max-image-preview":"max-image-preview:large","max-video-preview":"max-video-preview:-1"},"canonical":"https:\/\/biocabaz.pt\/web\/produto\/tostas-trigo-e-espelta-6m-bio-200g-holle\/","og_locale":"pt_PT","og_type":"article","og_title":"[:en]HOLLE WHEAT AND SPELT TOAST TOAST 6M[:pt]TOSTAS TRIGO E ESPELTA 6M BIO 200G HOLLE[:] - BIOCABAZ - CABAZES BIOL\u00d3GICOS","og_description":"Com um paladar suave e de f\u00e1cil digest\u00e3o, as Tostas Biol\u00f3gicas de Espelta da Holle s\u00e3o \u00f3ptimas para o beb\u00e9, quer como um snack para morder e amolecer, ajudando no treino da mand\u00edbula e dos m\u00fasculos de mastiga\u00e7\u00e3o, quer para preparar papas deliciosas.","og_url":"https:\/\/biocabaz.pt\/web\/produto\/tostas-trigo-e-espelta-6m-bio-200g-holle\/","og_site_name":"BIOCABAZ - CABAZES BIOL\u00d3GICOS","article_modified_time":"2023-04-17T11:52:33+00:00","og_image":[{"width":600,"height":600,"url":"https:\/\/www.biocabaz.pt\/web\/wp-conteudos\/uploads\/2016\/06\/PS_Zwieback_D-F_frontal_XXL_D-F_01_040415_3000x3000px_72dpi_RGB.png","type":"image\/png"}],"twitter_card":"summary_large_image","twitter_misc":{"Est. reading time":"1 minuto"},"schema":{"@context":"https:\/\/schema.org","@graph":[{"@type":"WebPage","@id":"https:\/\/biocabaz.pt\/web\/produto\/tostas-trigo-e-espelta-6m-bio-200g-holle\/","url":"https:\/\/biocabaz.pt\/web\/produto\/tostas-trigo-e-espelta-6m-bio-200g-holle\/","name":"TOSTAS TRIGO E ESPELTA 6M BIO 200G HOLLE","isPartOf":{"@id":"https:\/\/biocabaz.pt\/web\/en\/#website"},"primaryImageOfPage":{"@id":"https:\/\/biocabaz.pt\/web\/produto\/tostas-trigo-e-espelta-6m-bio-200g-holle\/#primaryimage"},"image":{"@id":"https:\/\/biocabaz.pt\/web\/produto\/tostas-trigo-e-espelta-6m-bio-200g-holle\/#primaryimage"},"thumbnailUrl":"https:\/\/www.biocabaz.pt\/web\/wp-conteudos\/uploads\/2016\/06\/PS_Zwieback_D-F_frontal_XXL_D-F_01_040415_3000x3000px_72dpi_RGB.png","datePublished":"2016-06-13T14:55:50+00:00","dateModified":"2023-04-17T11:52:33+00:00","breadcrumb":{"@id":"https:\/\/biocabaz.pt\/web\/produto\/tostas-trigo-e-espelta-6m-bio-200g-holle\/#breadcrumb"},"inLanguage":"pt-PT","potentialAction":[{"@type":"ReadAction","target":["https:\/\/biocabaz.pt\/web\/produto\/tostas-trigo-e-espelta-6m-bio-200g-holle\/"]}]},{"@type":"ImageObject","inLanguage":"pt-PT","@id":"https:\/\/biocabaz.pt\/web\/produto\/tostas-trigo-e-espelta-6m-bio-200g-holle\/#primaryimage","url":"https:\/\/www.biocabaz.pt\/web\/wp-conteudos\/uploads\/2016\/06\/PS_Zwieback_D-F_frontal_XXL_D-F_01_040415_3000x3000px_72dpi_RGB.png","contentUrl":"https:\/\/www.biocabaz.pt\/web\/wp-conteudos\/uploads\/2016\/06\/PS_Zwieback_D-F_frontal_XXL_D-F_01_040415_3000x3000px_72dpi_RGB.png","width":600,"height":600},{"@type":"BreadcrumbList","@id":"https:\/\/biocabaz.pt\/web\/produto\/tostas-trigo-e-espelta-6m-bio-200g-holle\/#breadcrumb","itemListElement":[{"@type":"ListItem","position":1,"name":"Home","item":"https:\/\/biocabaz.pt\/web\/en\/"},{"@type":"ListItem","position":2,"name":"Loja","item":"https:\/\/biocabaz.pt\/web\/shop\/"},{"@type":"ListItem","position":3,"name":"TOSTAS TRIGO E ESPELTA 6M BIO 200G HOLLE"}]},{"@type":"WebSite","@id":"https:\/\/biocabaz.pt\/web\/en\/#website","url":"https:\/\/biocabaz.pt\/web\/en\/","name":"BIOCABAZ - CABAZES BIOL\u00d3GICOS","description":"O melhor que a terra d\u00e1 \u00e9 para si","potentialAction":[{"@type":"SearchAction","target":{"@type":"EntryPoint","urlTemplate":"https:\/\/biocabaz.pt\/web\/en\/?s={search_term_string}"},"query-input":{"@type":"PropertyValueSpecification","valueRequired":true,"valueName":"search_term_string"}}],"inLanguage":"pt-PT"}]}},"_links":{"self":[{"href":"https:\/\/biocabaz.pt\/web\/wp-json\/wp\/v2\/product\/1678","targetHints":{"allow":["GET"]}}],"collection":[{"href":"https:\/\/biocabaz.pt\/web\/wp-json\/wp\/v2\/product"}],"about":[{"href":"https:\/\/biocabaz.pt\/web\/wp-json\/wp\/v2\/types\/product"}],"replies":[{"embeddable":true,"href":"https:\/\/biocabaz.pt\/web\/wp-json\/wp\/v2\/comments?post=1678"}],"wp:featuredmedia":[{"embeddable":true,"href":"https:\/\/biocabaz.pt\/web\/wp-json\/wp\/v2\/media\/1694"}],"wp:attachment":[{"href":"https:\/\/biocabaz.pt\/web\/wp-json\/wp\/v2\/media?parent=1678"}],"wp:term":[{"taxonomy":"product_cat","embeddable":true,"href":"https:\/\/biocabaz.pt\/web\/wp-json\/wp\/v2\/product_cat?post=1678"},{"taxonomy":"product_tag","embeddable":true,"href":"https:\/\/biocabaz.pt\/web\/wp-json\/wp\/v2\/product_tag?post=1678"}],"curies":[{"name":"wp","href":"https:\/\/api.w.org\/{rel}","templated":true}]}}