{"id":16732,"date":"2019-04-23T13:50:45","date_gmt":"2019-04-23T13:50:45","guid":{"rendered":"https:\/\/www.biocabaz.pt\/web\/?post_type=product&#038;p=16732"},"modified":"2023-03-28T22:59:44","modified_gmt":"2023-03-28T22:59:44","slug":"feijao-branco-bio-400grs","status":"publish","type":"product","link":"https:\/\/biocabaz.pt\/web\/produto\/feijao-branco-bio-400grs\/","title":{"rendered":"FEIJ\u00c3O BRANCO LA BIO IDEA 400GRS"},"content":{"rendered":"<p><strong>Descri\u00e7\u00e3o <\/strong><br \/>\nIngredientes: Feij\u00e3o branco pequeno (60%), \u00e1gua e sal marinho. Produ\u00e7\u00e3o biol\u00f3gica e sem gl\u00faten.<\/p>\n<p><strong>Dados Nutricionais<\/strong><br \/>\nDeclara\u00e7\u00e3o Nutricional por 100g:<br \/>\nEnergia. 392KJ\/93kcal;<br \/>\nL\u00edpidos: 0,4g &#8211; dos quais saturados: 0,0;<br \/>\nHidratos de Carbono: 13g &#8211; dos quais a\u00e7\u00facares: 1,2g;<br \/>\nFibra: 5,9g;<br \/>\nProte\u00ednas: 6,4g;<br \/>\nSal: 0,7g.<\/p>\n<p><strong>Modo Utiliza\u00e7\u00e3o<\/strong><br \/>\nConservar em local seco e fresco.<\/p>\n","protected":false},"excerpt":{"rendered":"<p>Descri\u00e7\u00e3o Ingredientes: Feij\u00e3o branco pequeno (60%), \u00e1gua e sal marinho. Produ\u00e7\u00e3o biol\u00f3gica e sem gl\u00faten. Dados Nutricionais Declara\u00e7\u00e3o Nutricional por 100g: Energia. 392KJ\/93kcal; L\u00edpidos: 0,4g &#8211; dos quais saturados: 0,0; Hidratos de Carbono: 13g &#8211; dos quais a\u00e7\u00facares: 1,2g; Fibra: 5,9g; Prote\u00ednas: 6,4g; Sal: 0,7g. Modo Utiliza\u00e7\u00e3o Conservar em local seco e fresco.<\/p>\n","protected":false},"featured_media":16733,"comment_status":"closed","ping_status":"closed","template":"","meta":[],"product_cat":[24],"product_tag":[],"class_list":["post-16732","product","type-product","status-publish","has-post-thumbnail","hentry","product_cat-conservas"],"bundle_layout":"","bundled_by":[],"bundled_items":[],"yoast_head":"<!-- This site is optimized with the Yoast SEO plugin v26.3 - https:\/\/yoast.com\/wordpress\/plugins\/seo\/ -->\n<title>FEIJ\u00c3O BRANCO LA BIO IDEA 400GRS<\/title>\n<meta name=\"robots\" content=\"index, follow, max-snippet:-1, max-image-preview:large, max-video-preview:-1\" \/>\n<link rel=\"canonical\" href=\"https:\/\/biocabaz.pt\/web\/produto\/feijao-branco-bio-400grs\/\" \/>\n<meta property=\"og:locale\" content=\"pt_PT\" \/>\n<meta property=\"og:locale:alternate\" content=\"en_US\" \/>\n<meta property=\"og:type\" content=\"article\" \/>\n<meta property=\"og:title\" content=\"FEIJ\u00c3O BRANCO LA BIO IDEA 400GRS\" \/>\n<meta property=\"og:description\" content=\"Descri\u00e7\u00e3o Ingredientes: Feij\u00e3o branco pequeno (60%), \u00e1gua e sal marinho. Produ\u00e7\u00e3o biol\u00f3gica e sem gl\u00faten. Dados Nutricionais Declara\u00e7\u00e3o Nutricional por 100g: Energia. 392KJ\/93kcal; L\u00edpidos: 0,4g &#8211; dos quais saturados: 0,0; Hidratos de Carbono: 13g &#8211; dos quais a\u00e7\u00facares: 1,2g; Fibra: 5,9g; Prote\u00ednas: 6,4g; Sal: 0,7g. Modo Utiliza\u00e7\u00e3o Conservar em local seco e fresco.\" \/>\n<meta property=\"og:url\" content=\"https:\/\/biocabaz.pt\/web\/produto\/feijao-branco-bio-400grs\/\" \/>\n<meta property=\"og:site_name\" content=\"BIOCABAZ - CABAZES BIOL\u00d3GICOS\" \/>\n<meta property=\"article:modified_time\" content=\"2023-03-28T22:59:44+00:00\" \/>\n<meta property=\"og:image\" content=\"https:\/\/www.biocabaz.pt\/web\/wp-conteudos\/uploads\/2019\/04\/FEIJ\u00c3O-BRANCO-BIO-400GRS-e1556027422953.png\" \/>\n\t<meta property=\"og:image:width\" content=\"500\" \/>\n\t<meta property=\"og:image:height\" content=\"572\" \/>\n\t<meta property=\"og:image:type\" content=\"image\/png\" \/>\n<meta name=\"twitter:card\" content=\"summary_large_image\" \/>\n<meta name=\"twitter:label1\" content=\"Est. reading time\" \/>\n\t<meta name=\"twitter:data1\" content=\"1 minuto\" \/>\n<script type=\"application\/ld+json\" class=\"yoast-schema-graph\">{\"@context\":\"https:\/\/schema.org\",\"@graph\":[{\"@type\":\"WebPage\",\"@id\":\"https:\/\/biocabaz.pt\/web\/produto\/feijao-branco-bio-400grs\/\",\"url\":\"https:\/\/biocabaz.pt\/web\/produto\/feijao-branco-bio-400grs\/\",\"name\":\"FEIJ\u00c3O BRANCO LA BIO IDEA 400GRS\",\"isPartOf\":{\"@id\":\"https:\/\/biocabaz.pt\/web\/en\/#website\"},\"primaryImageOfPage\":{\"@id\":\"https:\/\/biocabaz.pt\/web\/produto\/feijao-branco-bio-400grs\/#primaryimage\"},\"image\":{\"@id\":\"https:\/\/biocabaz.pt\/web\/produto\/feijao-branco-bio-400grs\/#primaryimage\"},\"thumbnailUrl\":\"https:\/\/www.biocabaz.pt\/web\/wp-conteudos\/uploads\/2019\/04\/FEIJ\u00c3O-BRANCO-BIO-400GRS-e1556027422953.png\",\"datePublished\":\"2019-04-23T13:50:45+00:00\",\"dateModified\":\"2023-03-28T22:59:44+00:00\",\"breadcrumb\":{\"@id\":\"https:\/\/biocabaz.pt\/web\/produto\/feijao-branco-bio-400grs\/#breadcrumb\"},\"inLanguage\":\"pt-PT\",\"potentialAction\":[{\"@type\":\"ReadAction\",\"target\":[\"https:\/\/biocabaz.pt\/web\/produto\/feijao-branco-bio-400grs\/\"]}]},{\"@type\":\"ImageObject\",\"inLanguage\":\"pt-PT\",\"@id\":\"https:\/\/biocabaz.pt\/web\/produto\/feijao-branco-bio-400grs\/#primaryimage\",\"url\":\"https:\/\/www.biocabaz.pt\/web\/wp-conteudos\/uploads\/2019\/04\/FEIJ\u00c3O-BRANCO-BIO-400GRS-e1556027422953.png\",\"contentUrl\":\"https:\/\/www.biocabaz.pt\/web\/wp-conteudos\/uploads\/2019\/04\/FEIJ\u00c3O-BRANCO-BIO-400GRS-e1556027422953.png\",\"width\":500,\"height\":572,\"caption\":\"FEIJ\u00c3O BRANCO BIO 400GRS\"},{\"@type\":\"BreadcrumbList\",\"@id\":\"https:\/\/biocabaz.pt\/web\/produto\/feijao-branco-bio-400grs\/#breadcrumb\",\"itemListElement\":[{\"@type\":\"ListItem\",\"position\":1,\"name\":\"Home\",\"item\":\"https:\/\/biocabaz.pt\/web\/en\/\"},{\"@type\":\"ListItem\",\"position\":2,\"name\":\"Shop\",\"item\":\"https:\/\/biocabaz.pt\/web\/en\/shop\/\"},{\"@type\":\"ListItem\",\"position\":3,\"name\":\"FEIJ\u00c3O BRANCO LA BIO IDEA 400GRS\"}]},{\"@type\":\"WebSite\",\"@id\":\"https:\/\/biocabaz.pt\/web\/en\/#website\",\"url\":\"https:\/\/biocabaz.pt\/web\/en\/\",\"name\":\"BIOCABAZ - CABAZES BIOL\u00d3GICOS\",\"description\":\"O melhor que a terra d\u00e1 \u00e9 para si\",\"potentialAction\":[{\"@type\":\"SearchAction\",\"target\":{\"@type\":\"EntryPoint\",\"urlTemplate\":\"https:\/\/biocabaz.pt\/web\/en\/?s={search_term_string}\"},\"query-input\":{\"@type\":\"PropertyValueSpecification\",\"valueRequired\":true,\"valueName\":\"search_term_string\"}}],\"inLanguage\":\"pt-PT\"}]}<\/script>\n<!-- \/ Yoast SEO plugin. -->","yoast_head_json":{"title":"FEIJ\u00c3O BRANCO LA BIO IDEA 400GRS","robots":{"index":"index","follow":"follow","max-snippet":"max-snippet:-1","max-image-preview":"max-image-preview:large","max-video-preview":"max-video-preview:-1"},"canonical":"https:\/\/biocabaz.pt\/web\/produto\/feijao-branco-bio-400grs\/","og_locale":"pt_PT","og_type":"article","og_title":"[:en]LA BIO IDEA WHITE BEAN 400GR[:pt]FEIJ\u00c3O BRANCO LA BIO IDEA 400GRS[:] - BIOCABAZ - CABAZES BIOL\u00d3GICOS","og_description":"Descri\u00e7\u00e3o Ingredientes: Feij\u00e3o branco pequeno (60%), \u00e1gua e sal marinho. Produ\u00e7\u00e3o biol\u00f3gica e sem gl\u00faten. Dados Nutricionais Declara\u00e7\u00e3o Nutricional por 100g: Energia. 392KJ\/93kcal; L\u00edpidos: 0,4g &#8211; dos quais saturados: 0,0; Hidratos de Carbono: 13g &#8211; dos quais a\u00e7\u00facares: 1,2g; Fibra: 5,9g; Prote\u00ednas: 6,4g; Sal: 0,7g. Modo Utiliza\u00e7\u00e3o Conservar em local seco e fresco.","og_url":"https:\/\/biocabaz.pt\/web\/produto\/feijao-branco-bio-400grs\/","og_site_name":"BIOCABAZ - CABAZES BIOL\u00d3GICOS","article_modified_time":"2023-03-28T22:59:44+00:00","og_image":[{"width":500,"height":572,"url":"https:\/\/www.biocabaz.pt\/web\/wp-conteudos\/uploads\/2019\/04\/FEIJ\u00c3O-BRANCO-BIO-400GRS-e1556027422953.png","type":"image\/png"}],"twitter_card":"summary_large_image","twitter_misc":{"Est. reading time":"1 minuto"},"schema":{"@context":"https:\/\/schema.org","@graph":[{"@type":"WebPage","@id":"https:\/\/biocabaz.pt\/web\/produto\/feijao-branco-bio-400grs\/","url":"https:\/\/biocabaz.pt\/web\/produto\/feijao-branco-bio-400grs\/","name":"FEIJ\u00c3O BRANCO LA BIO IDEA 400GRS","isPartOf":{"@id":"https:\/\/biocabaz.pt\/web\/en\/#website"},"primaryImageOfPage":{"@id":"https:\/\/biocabaz.pt\/web\/produto\/feijao-branco-bio-400grs\/#primaryimage"},"image":{"@id":"https:\/\/biocabaz.pt\/web\/produto\/feijao-branco-bio-400grs\/#primaryimage"},"thumbnailUrl":"https:\/\/www.biocabaz.pt\/web\/wp-conteudos\/uploads\/2019\/04\/FEIJ\u00c3O-BRANCO-BIO-400GRS-e1556027422953.png","datePublished":"2019-04-23T13:50:45+00:00","dateModified":"2023-03-28T22:59:44+00:00","breadcrumb":{"@id":"https:\/\/biocabaz.pt\/web\/produto\/feijao-branco-bio-400grs\/#breadcrumb"},"inLanguage":"pt-PT","potentialAction":[{"@type":"ReadAction","target":["https:\/\/biocabaz.pt\/web\/produto\/feijao-branco-bio-400grs\/"]}]},{"@type":"ImageObject","inLanguage":"pt-PT","@id":"https:\/\/biocabaz.pt\/web\/produto\/feijao-branco-bio-400grs\/#primaryimage","url":"https:\/\/www.biocabaz.pt\/web\/wp-conteudos\/uploads\/2019\/04\/FEIJ\u00c3O-BRANCO-BIO-400GRS-e1556027422953.png","contentUrl":"https:\/\/www.biocabaz.pt\/web\/wp-conteudos\/uploads\/2019\/04\/FEIJ\u00c3O-BRANCO-BIO-400GRS-e1556027422953.png","width":500,"height":572,"caption":"FEIJ\u00c3O BRANCO BIO 400GRS"},{"@type":"BreadcrumbList","@id":"https:\/\/biocabaz.pt\/web\/produto\/feijao-branco-bio-400grs\/#breadcrumb","itemListElement":[{"@type":"ListItem","position":1,"name":"Home","item":"https:\/\/biocabaz.pt\/web\/en\/"},{"@type":"ListItem","position":2,"name":"Shop","item":"https:\/\/biocabaz.pt\/web\/en\/shop\/"},{"@type":"ListItem","position":3,"name":"FEIJ\u00c3O BRANCO LA BIO IDEA 400GRS"}]},{"@type":"WebSite","@id":"https:\/\/biocabaz.pt\/web\/en\/#website","url":"https:\/\/biocabaz.pt\/web\/en\/","name":"BIOCABAZ - CABAZES BIOL\u00d3GICOS","description":"O melhor que a terra d\u00e1 \u00e9 para si","potentialAction":[{"@type":"SearchAction","target":{"@type":"EntryPoint","urlTemplate":"https:\/\/biocabaz.pt\/web\/en\/?s={search_term_string}"},"query-input":{"@type":"PropertyValueSpecification","valueRequired":true,"valueName":"search_term_string"}}],"inLanguage":"pt-PT"}]}},"_links":{"self":[{"href":"https:\/\/biocabaz.pt\/web\/wp-json\/wp\/v2\/product\/16732","targetHints":{"allow":["GET"]}}],"collection":[{"href":"https:\/\/biocabaz.pt\/web\/wp-json\/wp\/v2\/product"}],"about":[{"href":"https:\/\/biocabaz.pt\/web\/wp-json\/wp\/v2\/types\/product"}],"replies":[{"embeddable":true,"href":"https:\/\/biocabaz.pt\/web\/wp-json\/wp\/v2\/comments?post=16732"}],"wp:featuredmedia":[{"embeddable":true,"href":"https:\/\/biocabaz.pt\/web\/wp-json\/wp\/v2\/media\/16733"}],"wp:attachment":[{"href":"https:\/\/biocabaz.pt\/web\/wp-json\/wp\/v2\/media?parent=16732"}],"wp:term":[{"taxonomy":"product_cat","embeddable":true,"href":"https:\/\/biocabaz.pt\/web\/wp-json\/wp\/v2\/product_cat?post=16732"},{"taxonomy":"product_tag","embeddable":true,"href":"https:\/\/biocabaz.pt\/web\/wp-json\/wp\/v2\/product_tag?post=16732"}],"curies":[{"name":"wp","href":"https:\/\/api.w.org\/{rel}","templated":true}]}}