{"id":1666,"date":"2016-06-13T14:55:45","date_gmt":"2016-06-13T14:55:45","guid":{"rendered":"http:\/\/www.biocabaz.com\/web\/produto\/pure-abobora-arroz-4m-bio-boiao-190g-holle\/"},"modified":"2023-04-17T11:49:26","modified_gmt":"2023-04-17T11:49:26","slug":"pure-abobora-arroz-4m-bio-boiao-190g-holle","status":"publish","type":"product","link":"https:\/\/biocabaz.pt\/web\/produto\/pure-abobora-arroz-4m-bio-boiao-190g-holle\/","title":{"rendered":"PUR\u00c9 AB\u00d3BORA ARROZ 4M BIO BOI\u00c3O 190G HOLLE"},"content":{"rendered":"<p><strong>Descri\u00e7\u00e3o <\/strong><br \/>\n\t\t\t\tIngredientes: Ab\u00f3bora* 49%, \u00e1gua, farinha de arroz integral* 6% *agricultura biol\u00f3gica e bio-din\u00e2mica certificada.<\/p>\n<p><strong>Dados Nutricionais<\/strong><br \/>\n\t\t\t\tDeclara\u00e7\u00e3o Nutricional por 100g:<br \/> Energia: 201kJ \/ 48kcal;<br \/> L\u00edpidos: 0,6g &#8211; dos quais \u00e1cidos gordos saturados: 0,1g;<br \/> Hidratos de carbono: 8,4g &#8211; dos quais a\u00e7\u00facares: 1,7g;<br \/> Prote\u00ednas: 1,6: Sal: 0,025g. <\/p>\n<p><strong>Modo Utiliza\u00e7\u00e3o<\/strong><br \/>AP\u00d3S OS 4 MESES, salvo opini\u00e3o contr\u00e1ria de pessoas independentes com qualifica\u00e7\u00f5es em medicina, nutri\u00e7\u00e3o ou farm\u00e1cia, ou outros profissionais respons\u00e1veis por cuidados maternais ou infantis. \u00c9 importante que siga sempre as instru\u00e7\u00f5es de prepara\u00e7\u00e3o. Mexer antes de ingerir. Aquecer o boi\u00e3o inteiro ou a por\u00e7\u00e3o a consumir em banho-maria (cerca de 37\u00baC). Come\u00e7ar por dar 2 a 4 colheres de caf\u00e9. Aumentar a quantidade gradualmente at\u00e9 ao boi\u00e3o inteiro.<br \/>\nSugest\u00e3o: adicionar 2 colheres de caf\u00e9 de azeite virgem extra. Conservar em local seco e fresco. Depois de aberto conserva-se no frigor\u00edfico e deve consumir-se num per\u00edodo de 2 dias.<\/p>\n","protected":false},"excerpt":{"rendered":"<p>A partir dos 4 meses<\/p>\n<div class=\"generated-label\"><\/div>\n<div class=\"generated-content\"><\/div>\n<div class=\"generated-label\"><\/div>\n<div class=\"generated-content\"><\/div>\n<div class=\"generated-label\"><\/div>\n<div class=\"generated-content\"><\/div>\n","protected":false},"featured_media":1713,"comment_status":"closed","ping_status":"closed","template":"","meta":[],"product_cat":[57,60],"product_tag":[],"class_list":["post-1666","product","type-product","status-publish","has-post-thumbnail","hentry","product_cat-bebes-e-criancas","product_cat-refeicoes-prontas"],"bundle_layout":"","bundled_by":[],"bundled_items":[],"yoast_head":"<!-- This site is optimized with the Yoast SEO plugin v26.3 - https:\/\/yoast.com\/wordpress\/plugins\/seo\/ -->\n<title>PUR\u00c9 AB\u00d3BORA ARROZ 4M BIO BOI\u00c3O 190G HOLLE<\/title>\n<meta name=\"robots\" content=\"index, follow, max-snippet:-1, max-image-preview:large, max-video-preview:-1\" \/>\n<link rel=\"canonical\" href=\"https:\/\/www.biocabaz.pt\/web\/en\/produto\/pure-abobora-arroz-4m-bio-boiao-190g-holle\/\" \/>\n<meta property=\"og:locale\" content=\"pt_PT\" \/>\n<meta property=\"og:locale:alternate\" content=\"en_US\" \/>\n<meta property=\"og:type\" content=\"article\" \/>\n<meta property=\"og:title\" content=\"PUR\u00c9 AB\u00d3BORA ARROZ 4M BIO BOI\u00c3O 190G HOLLE\" \/>\n<meta property=\"og:description\" content=\"A partir dos 4 meses\" \/>\n<meta property=\"og:url\" content=\"https:\/\/biocabaz.pt\/web\/produto\/pure-abobora-arroz-4m-bio-boiao-190g-holle\/\" \/>\n<meta property=\"og:site_name\" content=\"BIOCABAZ - CABAZES BIOL\u00d3GICOS\" \/>\n<meta property=\"article:modified_time\" content=\"2023-04-17T11:49:26+00:00\" \/>\n<meta property=\"og:image\" content=\"https:\/\/www.biocabaz.pt\/web\/wp-conteudos\/uploads\/2016\/06\/PS_Glaeschen_D-F_190g_KuerbisReis_frontal_XL_D-F_01_021114_72dpi_RGB_72dpi_RGB.png\" \/>\n\t<meta property=\"og:image:width\" content=\"600\" \/>\n\t<meta property=\"og:image:height\" content=\"600\" \/>\n\t<meta property=\"og:image:type\" content=\"image\/png\" \/>\n<meta name=\"twitter:card\" content=\"summary_large_image\" \/>\n<meta name=\"twitter:label1\" content=\"Est. reading time\" \/>\n\t<meta name=\"twitter:data1\" content=\"1 minuto\" \/>\n<script type=\"application\/ld+json\" class=\"yoast-schema-graph\">{\"@context\":\"https:\/\/schema.org\",\"@graph\":[{\"@type\":\"WebPage\",\"@id\":\"https:\/\/www.biocabaz.pt\/web\/en\/produto\/pure-abobora-arroz-4m-bio-boiao-190g-holle\/\",\"url\":\"https:\/\/www.biocabaz.pt\/web\/en\/produto\/pure-abobora-arroz-4m-bio-boiao-190g-holle\/\",\"name\":\"PUR\u00c9 AB\u00d3BORA ARROZ 4M BIO BOI\u00c3O 190G HOLLE\",\"isPartOf\":{\"@id\":\"https:\/\/biocabaz.pt\/web\/#website\"},\"primaryImageOfPage\":{\"@id\":\"https:\/\/www.biocabaz.pt\/web\/en\/produto\/pure-abobora-arroz-4m-bio-boiao-190g-holle\/#primaryimage\"},\"image\":{\"@id\":\"https:\/\/www.biocabaz.pt\/web\/en\/produto\/pure-abobora-arroz-4m-bio-boiao-190g-holle\/#primaryimage\"},\"thumbnailUrl\":\"https:\/\/www.biocabaz.pt\/web\/wp-conteudos\/uploads\/2016\/06\/PS_Glaeschen_D-F_190g_KuerbisReis_frontal_XL_D-F_01_021114_72dpi_RGB_72dpi_RGB.png\",\"datePublished\":\"2016-06-13T14:55:45+00:00\",\"dateModified\":\"2023-04-17T11:49:26+00:00\",\"breadcrumb\":{\"@id\":\"https:\/\/www.biocabaz.pt\/web\/en\/produto\/pure-abobora-arroz-4m-bio-boiao-190g-holle\/#breadcrumb\"},\"inLanguage\":\"pt-PT\",\"potentialAction\":[{\"@type\":\"ReadAction\",\"target\":[\"https:\/\/www.biocabaz.pt\/web\/en\/produto\/pure-abobora-arroz-4m-bio-boiao-190g-holle\/\"]}]},{\"@type\":\"ImageObject\",\"inLanguage\":\"pt-PT\",\"@id\":\"https:\/\/www.biocabaz.pt\/web\/en\/produto\/pure-abobora-arroz-4m-bio-boiao-190g-holle\/#primaryimage\",\"url\":\"https:\/\/www.biocabaz.pt\/web\/wp-conteudos\/uploads\/2016\/06\/PS_Glaeschen_D-F_190g_KuerbisReis_frontal_XL_D-F_01_021114_72dpi_RGB_72dpi_RGB.png\",\"contentUrl\":\"https:\/\/www.biocabaz.pt\/web\/wp-conteudos\/uploads\/2016\/06\/PS_Glaeschen_D-F_190g_KuerbisReis_frontal_XL_D-F_01_021114_72dpi_RGB_72dpi_RGB.png\",\"width\":600,\"height\":600},{\"@type\":\"BreadcrumbList\",\"@id\":\"https:\/\/www.biocabaz.pt\/web\/en\/produto\/pure-abobora-arroz-4m-bio-boiao-190g-holle\/#breadcrumb\",\"itemListElement\":[{\"@type\":\"ListItem\",\"position\":1,\"name\":\"Home\",\"item\":\"https:\/\/biocabaz.pt\/web\/\"},{\"@type\":\"ListItem\",\"position\":2,\"name\":\"Shop\",\"item\":\"https:\/\/www.biocabaz.pt\/web\/en\/shop\/\"},{\"@type\":\"ListItem\",\"position\":3,\"name\":\"HOLLE ORGANIC PUMPKIN WITH RICE JAR AFTER 4 MONTHS 190GR\"}]},{\"@type\":\"WebSite\",\"@id\":\"https:\/\/biocabaz.pt\/web\/#website\",\"url\":\"https:\/\/biocabaz.pt\/web\/\",\"name\":\"BIOCABAZ - CABAZES BIOL\u00d3GICOS\",\"description\":\"O melhor que a terra d\u00e1 \u00e9 para si\",\"potentialAction\":[{\"@type\":\"SearchAction\",\"target\":{\"@type\":\"EntryPoint\",\"urlTemplate\":\"https:\/\/biocabaz.pt\/web\/?s={search_term_string}\"},\"query-input\":{\"@type\":\"PropertyValueSpecification\",\"valueRequired\":true,\"valueName\":\"search_term_string\"}}],\"inLanguage\":\"pt-PT\"}]}<\/script>\n<!-- \/ Yoast SEO plugin. -->","yoast_head_json":{"title":"PUR\u00c9 AB\u00d3BORA ARROZ 4M BIO BOI\u00c3O 190G HOLLE","robots":{"index":"index","follow":"follow","max-snippet":"max-snippet:-1","max-image-preview":"max-image-preview:large","max-video-preview":"max-video-preview:-1"},"canonical":"https:\/\/www.biocabaz.pt\/web\/en\/produto\/pure-abobora-arroz-4m-bio-boiao-190g-holle\/","og_locale":"pt_PT","og_type":"article","og_title":"[:en]HOLLE ORGANIC PUMPKIN WITH RICE JAR AFTER 4 MONTHS 190GR[:pt]PUR\u00c9 AB\u00d3BORA ARROZ 4M BIO BOI\u00c3O 190G HOLLE[:] - BIOCABAZ - CABAZES BIOL\u00d3GICOS","og_description":"A partir dos 4 meses","og_url":"https:\/\/biocabaz.pt\/web\/produto\/pure-abobora-arroz-4m-bio-boiao-190g-holle\/","og_site_name":"BIOCABAZ - CABAZES BIOL\u00d3GICOS","article_modified_time":"2023-04-17T11:49:26+00:00","og_image":[{"width":600,"height":600,"url":"https:\/\/www.biocabaz.pt\/web\/wp-conteudos\/uploads\/2016\/06\/PS_Glaeschen_D-F_190g_KuerbisReis_frontal_XL_D-F_01_021114_72dpi_RGB_72dpi_RGB.png","type":"image\/png"}],"twitter_card":"summary_large_image","twitter_misc":{"Est. reading time":"1 minuto"},"schema":{"@context":"https:\/\/schema.org","@graph":[{"@type":"WebPage","@id":"https:\/\/www.biocabaz.pt\/web\/en\/produto\/pure-abobora-arroz-4m-bio-boiao-190g-holle\/","url":"https:\/\/www.biocabaz.pt\/web\/en\/produto\/pure-abobora-arroz-4m-bio-boiao-190g-holle\/","name":"PUR\u00c9 AB\u00d3BORA ARROZ 4M BIO BOI\u00c3O 190G HOLLE","isPartOf":{"@id":"https:\/\/biocabaz.pt\/web\/#website"},"primaryImageOfPage":{"@id":"https:\/\/www.biocabaz.pt\/web\/en\/produto\/pure-abobora-arroz-4m-bio-boiao-190g-holle\/#primaryimage"},"image":{"@id":"https:\/\/www.biocabaz.pt\/web\/en\/produto\/pure-abobora-arroz-4m-bio-boiao-190g-holle\/#primaryimage"},"thumbnailUrl":"https:\/\/www.biocabaz.pt\/web\/wp-conteudos\/uploads\/2016\/06\/PS_Glaeschen_D-F_190g_KuerbisReis_frontal_XL_D-F_01_021114_72dpi_RGB_72dpi_RGB.png","datePublished":"2016-06-13T14:55:45+00:00","dateModified":"2023-04-17T11:49:26+00:00","breadcrumb":{"@id":"https:\/\/www.biocabaz.pt\/web\/en\/produto\/pure-abobora-arroz-4m-bio-boiao-190g-holle\/#breadcrumb"},"inLanguage":"pt-PT","potentialAction":[{"@type":"ReadAction","target":["https:\/\/www.biocabaz.pt\/web\/en\/produto\/pure-abobora-arroz-4m-bio-boiao-190g-holle\/"]}]},{"@type":"ImageObject","inLanguage":"pt-PT","@id":"https:\/\/www.biocabaz.pt\/web\/en\/produto\/pure-abobora-arroz-4m-bio-boiao-190g-holle\/#primaryimage","url":"https:\/\/www.biocabaz.pt\/web\/wp-conteudos\/uploads\/2016\/06\/PS_Glaeschen_D-F_190g_KuerbisReis_frontal_XL_D-F_01_021114_72dpi_RGB_72dpi_RGB.png","contentUrl":"https:\/\/www.biocabaz.pt\/web\/wp-conteudos\/uploads\/2016\/06\/PS_Glaeschen_D-F_190g_KuerbisReis_frontal_XL_D-F_01_021114_72dpi_RGB_72dpi_RGB.png","width":600,"height":600},{"@type":"BreadcrumbList","@id":"https:\/\/www.biocabaz.pt\/web\/en\/produto\/pure-abobora-arroz-4m-bio-boiao-190g-holle\/#breadcrumb","itemListElement":[{"@type":"ListItem","position":1,"name":"Home","item":"https:\/\/biocabaz.pt\/web\/"},{"@type":"ListItem","position":2,"name":"Shop","item":"https:\/\/www.biocabaz.pt\/web\/en\/shop\/"},{"@type":"ListItem","position":3,"name":"HOLLE ORGANIC PUMPKIN WITH RICE JAR AFTER 4 MONTHS 190GR"}]},{"@type":"WebSite","@id":"https:\/\/biocabaz.pt\/web\/#website","url":"https:\/\/biocabaz.pt\/web\/","name":"BIOCABAZ - CABAZES BIOL\u00d3GICOS","description":"O melhor que a terra d\u00e1 \u00e9 para si","potentialAction":[{"@type":"SearchAction","target":{"@type":"EntryPoint","urlTemplate":"https:\/\/biocabaz.pt\/web\/?s={search_term_string}"},"query-input":{"@type":"PropertyValueSpecification","valueRequired":true,"valueName":"search_term_string"}}],"inLanguage":"pt-PT"}]}},"_links":{"self":[{"href":"https:\/\/biocabaz.pt\/web\/wp-json\/wp\/v2\/product\/1666","targetHints":{"allow":["GET"]}}],"collection":[{"href":"https:\/\/biocabaz.pt\/web\/wp-json\/wp\/v2\/product"}],"about":[{"href":"https:\/\/biocabaz.pt\/web\/wp-json\/wp\/v2\/types\/product"}],"replies":[{"embeddable":true,"href":"https:\/\/biocabaz.pt\/web\/wp-json\/wp\/v2\/comments?post=1666"}],"wp:featuredmedia":[{"embeddable":true,"href":"https:\/\/biocabaz.pt\/web\/wp-json\/wp\/v2\/media\/1713"}],"wp:attachment":[{"href":"https:\/\/biocabaz.pt\/web\/wp-json\/wp\/v2\/media?parent=1666"}],"wp:term":[{"taxonomy":"product_cat","embeddable":true,"href":"https:\/\/biocabaz.pt\/web\/wp-json\/wp\/v2\/product_cat?post=1666"},{"taxonomy":"product_tag","embeddable":true,"href":"https:\/\/biocabaz.pt\/web\/wp-json\/wp\/v2\/product_tag?post=1666"}],"curies":[{"name":"wp","href":"https:\/\/api.w.org\/{rel}","templated":true}]}}